{"id":1106,"date":"2024-08-06T19:53:43","date_gmt":"2024-08-06T19:53:43","guid":{"rendered":"https:\/\/patinexclusivo.com\/?post_type=product&#038;p=1106"},"modified":"2024-08-06T19:53:43","modified_gmt":"2024-08-06T19:53:43","slug":"patines-quad-roller-derby-candi-carlin-verde-azul","status":"publish","type":"product","link":"https:\/\/patinexclusivo.com\/index.php\/product\/patines-quad-roller-derby-candi-carlin-verde-azul\/","title":{"rendered":"Patines Quad Roller Derby Candi Carlin Verde Azul"},"content":{"rendered":"<p><strong>Bota:\u00a0Quad Roller Derby Carlin Verde Azul<\/strong><br \/>\n<strong>Baseplate:<span class=\"Apple-converted-space\">\u00a0\u00a0<\/span>de Aluminio<\/strong><br \/>\n<strong>Ruedas: RD de 65mm X 38mm\/80a<\/strong><br \/>\n<strong>Baleros: RD ABEC 5<\/strong><br \/>\n<strong>Freno: Delantero reemplazable<\/strong><\/p>\n<p><strong>TALLAS 23, 24, 25, 26, 27cm<\/strong><\/p>\n","protected":false},"excerpt":{"rendered":"<p><span>Los Patines Quad Roller Derby Carlin Verde Azul son unos patines excelente para las chicas amantes de los quads, estos patines ofrecen un ajuste perfecto gracias a su bota r\u00edgida, trae un baseplate de aleaci\u00f3n de aluminio que dar\u00e1 un soporte necesario ya que es un pat\u00edn ideal para patinar en interiores o en el exterior.<\/span><\/p>\n","protected":false},"featured_media":1107,"comment_status":"open","ping_status":"closed","template":"","meta":{"rop_custom_images_group":[],"rop_custom_messages_group":[],"rop_publish_now":"initial","rop_publish_now_accounts":[],"rop_publish_now_history":[],"rop_publish_now_status":"pending"},"product_cat":[61,63,62],"product_tag":[],"class_list":{"0":"post-1106","1":"product","2":"type-product","3":"status-publish","4":"has-post-thumbnail","6":"product_cat-clasicos","7":"product_cat-quad-roller-derby","8":"product_cat-quads","9":"post","11":"first","12":"instock","13":"shipping-taxable","14":"purchasable","15":"product-type-simple"},"yoast_head":"<!-- This site is optimized with the Yoast SEO plugin v21.9.1 - https:\/\/yoast.com\/wordpress\/plugins\/seo\/ -->\n<title>Patines Quad Roller Derby Candi Carlin Verde Azul - Pat\u00edn Exclusivo<\/title>\n<meta name=\"description\" content=\"Los Patines Quad Roller Derby Carlin Verde Azul son unos patines excelente para las chicas amantes de los quads, estos patines ofrecen un ajuste perfecto.\" \/>\n<meta name=\"robots\" content=\"index, follow, max-snippet:-1, max-image-preview:large, max-video-preview:-1\" \/>\n<link rel=\"canonical\" href=\"https:\/\/patinexclusivo.com\/index.php\/product\/patines-quad-roller-derby-candi-carlin-verde-azul\/\" \/>\n<meta property=\"og:locale\" content=\"en_US\" \/>\n<meta property=\"og:type\" content=\"article\" \/>\n<meta property=\"og:title\" content=\"Patines Quad Roller Derby Candi Carlin Verde Azul - Pat\u00edn Exclusivo\" \/>\n<meta property=\"og:description\" content=\"Los Patines Quad Roller Derby Carlin Verde Azul son unos patines excelente para las chicas amantes de los quads, estos patines ofrecen un ajuste perfecto.\" \/>\n<meta property=\"og:url\" content=\"https:\/\/patinexclusivo.com\/index.php\/product\/patines-quad-roller-derby-candi-carlin-verde-azul\/\" \/>\n<meta property=\"og:site_name\" content=\"Pat\u00edn Exclusivo\" \/>\n<meta property=\"og:image\" content=\"https:\/\/patinexclusivo.com\/wp-content\/uploads\/2024\/08\/Patines-Quad-Roller-Derby-Candi-Carlin-Verde-Azul.webp\" \/>\n\t<meta property=\"og:image:width\" content=\"1080\" \/>\n\t<meta property=\"og:image:height\" content=\"1080\" \/>\n\t<meta property=\"og:image:type\" content=\"image\/webp\" \/>\n<meta name=\"twitter:card\" content=\"summary_large_image\" \/>\n<meta name=\"twitter:label1\" content=\"Est. reading time\" \/>\n\t<meta name=\"twitter:data1\" content=\"1 minute\" \/>\n<script type=\"application\/ld+json\" class=\"yoast-schema-graph\">{\"@context\":\"https:\/\/schema.org\",\"@graph\":[{\"@type\":\"WebPage\",\"@id\":\"https:\/\/patinexclusivo.com\/index.php\/product\/patines-quad-roller-derby-candi-carlin-verde-azul\/\",\"url\":\"https:\/\/patinexclusivo.com\/index.php\/product\/patines-quad-roller-derby-candi-carlin-verde-azul\/\",\"name\":\"Patines Quad Roller Derby Candi Carlin Verde Azul - Pat\u00edn Exclusivo\",\"isPartOf\":{\"@id\":\"https:\/\/patinexclusivo.com\/#website\"},\"datePublished\":\"2024-08-06T19:53:43+00:00\",\"dateModified\":\"2024-08-06T19:53:43+00:00\",\"description\":\"Los Patines Quad Roller Derby Carlin Verde Azul son unos patines excelente para las chicas amantes de los quads, estos patines ofrecen un ajuste perfecto.\",\"breadcrumb\":{\"@id\":\"https:\/\/patinexclusivo.com\/index.php\/product\/patines-quad-roller-derby-candi-carlin-verde-azul\/#breadcrumb\"},\"inLanguage\":\"en-US\",\"potentialAction\":[{\"@type\":\"ReadAction\",\"target\":[\"https:\/\/patinexclusivo.com\/index.php\/product\/patines-quad-roller-derby-candi-carlin-verde-azul\/\"]}]},{\"@type\":\"BreadcrumbList\",\"@id\":\"https:\/\/patinexclusivo.com\/index.php\/product\/patines-quad-roller-derby-candi-carlin-verde-azul\/#breadcrumb\",\"itemListElement\":[{\"@type\":\"ListItem\",\"position\":1,\"name\":\"Inicio\",\"item\":\"https:\/\/patinexclusivo.com\/\"},{\"@type\":\"ListItem\",\"position\":2,\"name\":\"Shop\",\"item\":\"https:\/\/patinexclusivo.com\/index.php\/shop\/\"},{\"@type\":\"ListItem\",\"position\":3,\"name\":\"Patines Quad Roller Derby Candi Carlin Verde Azul\"}]},{\"@type\":\"WebSite\",\"@id\":\"https:\/\/patinexclusivo.com\/#website\",\"url\":\"https:\/\/patinexclusivo.com\/\",\"name\":\"Pat\u00edn Exclusivo\",\"description\":\"\ud83d\udefc Rollers SLP: Tu destino #1 para patines en San Luis Potos\u00ed! Encuentra los mejores estilos y marcas \ud83c\udf1f, consejos de expertos \ud83d\udcda y accesorios para patinaje. \u00a1Vis\u00edtanos y rueda con estilo! \ud83c\udf08\u2728\",\"publisher\":{\"@id\":\"https:\/\/patinexclusivo.com\/#organization\"},\"potentialAction\":[{\"@type\":\"SearchAction\",\"target\":{\"@type\":\"EntryPoint\",\"urlTemplate\":\"https:\/\/patinexclusivo.com\/?s={search_term_string}\"},\"query-input\":\"required name=search_term_string\"}],\"inLanguage\":\"en-US\"},{\"@type\":\"Organization\",\"@id\":\"https:\/\/patinexclusivo.com\/#organization\",\"name\":\"Pat\u00edn Exclusivo\",\"url\":\"https:\/\/patinexclusivo.com\/\",\"logo\":{\"@type\":\"ImageObject\",\"inLanguage\":\"en-US\",\"@id\":\"https:\/\/patinexclusivo.com\/#\/schema\/logo\/image\/\",\"url\":\"https:\/\/patinexclusivo.com\/wp-content\/uploads\/2025\/01\/cropped-cropped-WhatsApp-Image-2025-01-29-at-7.00.40-PM.jpeg\",\"contentUrl\":\"https:\/\/patinexclusivo.com\/wp-content\/uploads\/2025\/01\/cropped-cropped-WhatsApp-Image-2025-01-29-at-7.00.40-PM.jpeg\",\"width\":583,\"height\":568,\"caption\":\"Pat\u00edn Exclusivo\"},\"image\":{\"@id\":\"https:\/\/patinexclusivo.com\/#\/schema\/logo\/image\/\"}}]}<\/script>\n<!-- \/ Yoast SEO plugin. -->","yoast_head_json":{"title":"Patines Quad Roller Derby Candi Carlin Verde Azul - Pat\u00edn Exclusivo","description":"Los Patines Quad Roller Derby Carlin Verde Azul son unos patines excelente para las chicas amantes de los quads, estos patines ofrecen un ajuste perfecto.","robots":{"index":"index","follow":"follow","max-snippet":"max-snippet:-1","max-image-preview":"max-image-preview:large","max-video-preview":"max-video-preview:-1"},"canonical":"https:\/\/patinexclusivo.com\/index.php\/product\/patines-quad-roller-derby-candi-carlin-verde-azul\/","og_locale":"en_US","og_type":"article","og_title":"Patines Quad Roller Derby Candi Carlin Verde Azul - Pat\u00edn Exclusivo","og_description":"Los Patines Quad Roller Derby Carlin Verde Azul son unos patines excelente para las chicas amantes de los quads, estos patines ofrecen un ajuste perfecto.","og_url":"https:\/\/patinexclusivo.com\/index.php\/product\/patines-quad-roller-derby-candi-carlin-verde-azul\/","og_site_name":"Pat\u00edn Exclusivo","og_image":[{"width":1080,"height":1080,"url":"https:\/\/patinexclusivo.com\/wp-content\/uploads\/2024\/08\/Patines-Quad-Roller-Derby-Candi-Carlin-Verde-Azul.webp","type":"image\/webp"}],"twitter_card":"summary_large_image","twitter_misc":{"Est. reading time":"1 minute"},"schema":{"@context":"https:\/\/schema.org","@graph":[{"@type":"WebPage","@id":"https:\/\/patinexclusivo.com\/index.php\/product\/patines-quad-roller-derby-candi-carlin-verde-azul\/","url":"https:\/\/patinexclusivo.com\/index.php\/product\/patines-quad-roller-derby-candi-carlin-verde-azul\/","name":"Patines Quad Roller Derby Candi Carlin Verde Azul - Pat\u00edn Exclusivo","isPartOf":{"@id":"https:\/\/patinexclusivo.com\/#website"},"datePublished":"2024-08-06T19:53:43+00:00","dateModified":"2024-08-06T19:53:43+00:00","description":"Los Patines Quad Roller Derby Carlin Verde Azul son unos patines excelente para las chicas amantes de los quads, estos patines ofrecen un ajuste perfecto.","breadcrumb":{"@id":"https:\/\/patinexclusivo.com\/index.php\/product\/patines-quad-roller-derby-candi-carlin-verde-azul\/#breadcrumb"},"inLanguage":"en-US","potentialAction":[{"@type":"ReadAction","target":["https:\/\/patinexclusivo.com\/index.php\/product\/patines-quad-roller-derby-candi-carlin-verde-azul\/"]}]},{"@type":"BreadcrumbList","@id":"https:\/\/patinexclusivo.com\/index.php\/product\/patines-quad-roller-derby-candi-carlin-verde-azul\/#breadcrumb","itemListElement":[{"@type":"ListItem","position":1,"name":"Inicio","item":"https:\/\/patinexclusivo.com\/"},{"@type":"ListItem","position":2,"name":"Shop","item":"https:\/\/patinexclusivo.com\/index.php\/shop\/"},{"@type":"ListItem","position":3,"name":"Patines Quad Roller Derby Candi Carlin Verde Azul"}]},{"@type":"WebSite","@id":"https:\/\/patinexclusivo.com\/#website","url":"https:\/\/patinexclusivo.com\/","name":"Pat\u00edn Exclusivo","description":"\ud83d\udefc Rollers SLP: Tu destino #1 para patines en San Luis Potos\u00ed! Encuentra los mejores estilos y marcas \ud83c\udf1f, consejos de expertos \ud83d\udcda y accesorios para patinaje. \u00a1Vis\u00edtanos y rueda con estilo! \ud83c\udf08\u2728","publisher":{"@id":"https:\/\/patinexclusivo.com\/#organization"},"potentialAction":[{"@type":"SearchAction","target":{"@type":"EntryPoint","urlTemplate":"https:\/\/patinexclusivo.com\/?s={search_term_string}"},"query-input":"required name=search_term_string"}],"inLanguage":"en-US"},{"@type":"Organization","@id":"https:\/\/patinexclusivo.com\/#organization","name":"Pat\u00edn Exclusivo","url":"https:\/\/patinexclusivo.com\/","logo":{"@type":"ImageObject","inLanguage":"en-US","@id":"https:\/\/patinexclusivo.com\/#\/schema\/logo\/image\/","url":"https:\/\/patinexclusivo.com\/wp-content\/uploads\/2025\/01\/cropped-cropped-WhatsApp-Image-2025-01-29-at-7.00.40-PM.jpeg","contentUrl":"https:\/\/patinexclusivo.com\/wp-content\/uploads\/2025\/01\/cropped-cropped-WhatsApp-Image-2025-01-29-at-7.00.40-PM.jpeg","width":583,"height":568,"caption":"Pat\u00edn Exclusivo"},"image":{"@id":"https:\/\/patinexclusivo.com\/#\/schema\/logo\/image\/"}}]}},"_links":{"self":[{"href":"https:\/\/patinexclusivo.com\/index.php\/wp-json\/wp\/v2\/product\/1106"}],"collection":[{"href":"https:\/\/patinexclusivo.com\/index.php\/wp-json\/wp\/v2\/product"}],"about":[{"href":"https:\/\/patinexclusivo.com\/index.php\/wp-json\/wp\/v2\/types\/product"}],"replies":[{"embeddable":true,"href":"https:\/\/patinexclusivo.com\/index.php\/wp-json\/wp\/v2\/comments?post=1106"}],"version-history":[{"count":1,"href":"https:\/\/patinexclusivo.com\/index.php\/wp-json\/wp\/v2\/product\/1106\/revisions"}],"predecessor-version":[{"id":1108,"href":"https:\/\/patinexclusivo.com\/index.php\/wp-json\/wp\/v2\/product\/1106\/revisions\/1108"}],"wp:featuredmedia":[{"embeddable":true,"href":"https:\/\/patinexclusivo.com\/index.php\/wp-json\/wp\/v2\/media\/1107"}],"wp:attachment":[{"href":"https:\/\/patinexclusivo.com\/index.php\/wp-json\/wp\/v2\/media?parent=1106"}],"wp:term":[{"taxonomy":"product_cat","embeddable":true,"href":"https:\/\/patinexclusivo.com\/index.php\/wp-json\/wp\/v2\/product_cat?post=1106"},{"taxonomy":"product_tag","embeddable":true,"href":"https:\/\/patinexclusivo.com\/index.php\/wp-json\/wp\/v2\/product_tag?post=1106"}],"curies":[{"name":"wp","href":"https:\/\/api.w.org\/{rel}","templated":true}]}}