{"id":1181,"date":"2024-08-09T23:32:58","date_gmt":"2024-08-09T23:32:58","guid":{"rendered":"https:\/\/patinexclusivo.com\/?post_type=product&#038;p=1181"},"modified":"2024-08-09T23:32:58","modified_gmt":"2024-08-09T23:32:58","slug":"patines-quad-roller-derby-pixie-pink-cupcake","status":"publish","type":"product","link":"https:\/\/patinexclusivo.com\/index.php\/product\/patines-quad-roller-derby-pixie-pink-cupcake\/","title":{"rendered":"Patines Quad Roller Derby Pixie Pink Cupcake"},"content":{"rendered":"<p><strong>Bota:\u00a0RD\u00a0 ajustable<br \/>\nBase\u00a0Plate:\u00a0de Nylon<br \/>\nRuedas:\u00a0RD de\u00a054mm\/82a<br \/>\nBaleros:\u00a0RD\u00a0abec\u00a05<br \/>\nFreno:\u00a0Delantero\u00a0intercambiable<br \/>\nBroches:\u00a0<span mce-data-marked=\"1\">Agujeta<\/span><\/strong><\/p>\n<p><strong>TALLAS 21 &#8211; 24cm<\/strong><\/p>\n","protected":false},"excerpt":{"rendered":"<p><span>Patines\u00a0<\/span><span>Quad<\/span><span>\u00a02&#215;2 ROLLER DERBY\u00a0<\/span><span>\u00a0es uno de los patines ideales para ni\u00f1<\/span><span>a<\/span><span>s que est\u00e1n aprendiendo a patinar<\/span><span>. Se trata de unos patines infantiles especialmente dise\u00f1ados<\/span><span>\u00a0<\/span><span>para ni\u00f1<\/span><span>a<\/span><span>s<\/span><span>,<\/span><span>\u00a0<\/span><span>siendo<\/span><span>\u00a0suave<\/span><span>s<\/span><span>,<\/span><span>\u00a0<\/span><span>c\u00f3mod<\/span><span>os<\/span><span>\u00a0y liger<\/span><span>os, tienen una bota ajustable que se va a adaptando al crecimiento del pie.\u00a0<\/span><span>Justo lo que necesitan para empezar en el mundo del patinaje.<\/span><span data-ccp-props=\"{&quot;201341983&quot;:0,&quot;335559739&quot;:160,&quot;335559740&quot;:254}\">\u00a0<\/span><\/p>\n","protected":false},"featured_media":1182,"comment_status":"open","ping_status":"closed","template":"","meta":{"rop_custom_images_group":[],"rop_custom_messages_group":[],"rop_publish_now":"initial","rop_publish_now_accounts":[],"rop_publish_now_history":[],"rop_publish_now_status":"pending"},"product_cat":[61,63,62],"product_tag":[],"class_list":{"0":"post-1181","1":"product","2":"type-product","3":"status-publish","4":"has-post-thumbnail","6":"product_cat-clasicos","7":"product_cat-quad-roller-derby","8":"product_cat-quads","9":"post","11":"first","12":"instock","13":"shipping-taxable","14":"purchasable","15":"product-type-simple"},"yoast_head":"<!-- This site is optimized with the Yoast SEO plugin v21.9.1 - https:\/\/yoast.com\/wordpress\/plugins\/seo\/ -->\n<title>Patines Quad Roller Derby Pixie Pink Cupcake - Pat\u00edn Exclusivo<\/title>\n<meta name=\"description\" content=\"Patines Quad 2x2 ROLLER DERBY es uno de los patines ideales para ni\u00f1as que est\u00e1n aprendiendo a patinar. Se trata de unos patines infantiles.\" \/>\n<meta name=\"robots\" content=\"index, follow, max-snippet:-1, max-image-preview:large, max-video-preview:-1\" \/>\n<link rel=\"canonical\" href=\"https:\/\/patinexclusivo.com\/index.php\/product\/patines-quad-roller-derby-pixie-pink-cupcake\/\" \/>\n<meta property=\"og:locale\" content=\"en_US\" \/>\n<meta property=\"og:type\" content=\"article\" \/>\n<meta property=\"og:title\" content=\"Patines Quad Roller Derby Pixie Pink Cupcake - Pat\u00edn Exclusivo\" \/>\n<meta property=\"og:description\" content=\"Patines Quad 2x2 ROLLER DERBY es uno de los patines ideales para ni\u00f1as que est\u00e1n aprendiendo a patinar. Se trata de unos patines infantiles.\" \/>\n<meta property=\"og:url\" content=\"https:\/\/patinexclusivo.com\/index.php\/product\/patines-quad-roller-derby-pixie-pink-cupcake\/\" \/>\n<meta property=\"og:site_name\" content=\"Pat\u00edn Exclusivo\" \/>\n<meta property=\"og:image\" content=\"https:\/\/patinexclusivo.com\/wp-content\/uploads\/2024\/08\/Patines-Quad-Roller-Derby-Pixie-Pink-Cupcake.webp\" \/>\n\t<meta property=\"og:image:width\" content=\"1080\" \/>\n\t<meta property=\"og:image:height\" content=\"1220\" \/>\n\t<meta property=\"og:image:type\" content=\"image\/webp\" \/>\n<meta name=\"twitter:card\" content=\"summary_large_image\" \/>\n<meta name=\"twitter:label1\" content=\"Est. reading time\" \/>\n\t<meta name=\"twitter:data1\" content=\"1 minute\" \/>\n<script type=\"application\/ld+json\" class=\"yoast-schema-graph\">{\"@context\":\"https:\/\/schema.org\",\"@graph\":[{\"@type\":\"WebPage\",\"@id\":\"https:\/\/patinexclusivo.com\/index.php\/product\/patines-quad-roller-derby-pixie-pink-cupcake\/\",\"url\":\"https:\/\/patinexclusivo.com\/index.php\/product\/patines-quad-roller-derby-pixie-pink-cupcake\/\",\"name\":\"Patines Quad Roller Derby Pixie Pink Cupcake - Pat\u00edn Exclusivo\",\"isPartOf\":{\"@id\":\"https:\/\/patinexclusivo.com\/#website\"},\"datePublished\":\"2024-08-09T23:32:58+00:00\",\"dateModified\":\"2024-08-09T23:32:58+00:00\",\"description\":\"Patines Quad 2x2 ROLLER DERBY es uno de los patines ideales para ni\u00f1as que est\u00e1n aprendiendo a patinar. Se trata de unos patines infantiles.\",\"breadcrumb\":{\"@id\":\"https:\/\/patinexclusivo.com\/index.php\/product\/patines-quad-roller-derby-pixie-pink-cupcake\/#breadcrumb\"},\"inLanguage\":\"en-US\",\"potentialAction\":[{\"@type\":\"ReadAction\",\"target\":[\"https:\/\/patinexclusivo.com\/index.php\/product\/patines-quad-roller-derby-pixie-pink-cupcake\/\"]}]},{\"@type\":\"BreadcrumbList\",\"@id\":\"https:\/\/patinexclusivo.com\/index.php\/product\/patines-quad-roller-derby-pixie-pink-cupcake\/#breadcrumb\",\"itemListElement\":[{\"@type\":\"ListItem\",\"position\":1,\"name\":\"Inicio\",\"item\":\"https:\/\/patinexclusivo.com\/\"},{\"@type\":\"ListItem\",\"position\":2,\"name\":\"Shop\",\"item\":\"https:\/\/patinexclusivo.com\/index.php\/shop\/\"},{\"@type\":\"ListItem\",\"position\":3,\"name\":\"Patines Quad Roller Derby Pixie Pink Cupcake\"}]},{\"@type\":\"WebSite\",\"@id\":\"https:\/\/patinexclusivo.com\/#website\",\"url\":\"https:\/\/patinexclusivo.com\/\",\"name\":\"Pat\u00edn Exclusivo\",\"description\":\"\ud83d\udefc Rollers SLP: Tu destino #1 para patines en San Luis Potos\u00ed! Encuentra los mejores estilos y marcas \ud83c\udf1f, consejos de expertos \ud83d\udcda y accesorios para patinaje. \u00a1Vis\u00edtanos y rueda con estilo! \ud83c\udf08\u2728\",\"publisher\":{\"@id\":\"https:\/\/patinexclusivo.com\/#organization\"},\"potentialAction\":[{\"@type\":\"SearchAction\",\"target\":{\"@type\":\"EntryPoint\",\"urlTemplate\":\"https:\/\/patinexclusivo.com\/?s={search_term_string}\"},\"query-input\":\"required name=search_term_string\"}],\"inLanguage\":\"en-US\"},{\"@type\":\"Organization\",\"@id\":\"https:\/\/patinexclusivo.com\/#organization\",\"name\":\"Pat\u00edn Exclusivo\",\"url\":\"https:\/\/patinexclusivo.com\/\",\"logo\":{\"@type\":\"ImageObject\",\"inLanguage\":\"en-US\",\"@id\":\"https:\/\/patinexclusivo.com\/#\/schema\/logo\/image\/\",\"url\":\"https:\/\/patinexclusivo.com\/wp-content\/uploads\/2025\/01\/cropped-cropped-WhatsApp-Image-2025-01-29-at-7.00.40-PM.jpeg\",\"contentUrl\":\"https:\/\/patinexclusivo.com\/wp-content\/uploads\/2025\/01\/cropped-cropped-WhatsApp-Image-2025-01-29-at-7.00.40-PM.jpeg\",\"width\":583,\"height\":568,\"caption\":\"Pat\u00edn Exclusivo\"},\"image\":{\"@id\":\"https:\/\/patinexclusivo.com\/#\/schema\/logo\/image\/\"}}]}<\/script>\n<!-- \/ Yoast SEO plugin. -->","yoast_head_json":{"title":"Patines Quad Roller Derby Pixie Pink Cupcake - Pat\u00edn Exclusivo","description":"Patines Quad 2x2 ROLLER DERBY es uno de los patines ideales para ni\u00f1as que est\u00e1n aprendiendo a patinar. Se trata de unos patines infantiles.","robots":{"index":"index","follow":"follow","max-snippet":"max-snippet:-1","max-image-preview":"max-image-preview:large","max-video-preview":"max-video-preview:-1"},"canonical":"https:\/\/patinexclusivo.com\/index.php\/product\/patines-quad-roller-derby-pixie-pink-cupcake\/","og_locale":"en_US","og_type":"article","og_title":"Patines Quad Roller Derby Pixie Pink Cupcake - Pat\u00edn Exclusivo","og_description":"Patines Quad 2x2 ROLLER DERBY es uno de los patines ideales para ni\u00f1as que est\u00e1n aprendiendo a patinar. Se trata de unos patines infantiles.","og_url":"https:\/\/patinexclusivo.com\/index.php\/product\/patines-quad-roller-derby-pixie-pink-cupcake\/","og_site_name":"Pat\u00edn Exclusivo","og_image":[{"width":1080,"height":1220,"url":"https:\/\/patinexclusivo.com\/wp-content\/uploads\/2024\/08\/Patines-Quad-Roller-Derby-Pixie-Pink-Cupcake.webp","type":"image\/webp"}],"twitter_card":"summary_large_image","twitter_misc":{"Est. reading time":"1 minute"},"schema":{"@context":"https:\/\/schema.org","@graph":[{"@type":"WebPage","@id":"https:\/\/patinexclusivo.com\/index.php\/product\/patines-quad-roller-derby-pixie-pink-cupcake\/","url":"https:\/\/patinexclusivo.com\/index.php\/product\/patines-quad-roller-derby-pixie-pink-cupcake\/","name":"Patines Quad Roller Derby Pixie Pink Cupcake - Pat\u00edn Exclusivo","isPartOf":{"@id":"https:\/\/patinexclusivo.com\/#website"},"datePublished":"2024-08-09T23:32:58+00:00","dateModified":"2024-08-09T23:32:58+00:00","description":"Patines Quad 2x2 ROLLER DERBY es uno de los patines ideales para ni\u00f1as que est\u00e1n aprendiendo a patinar. Se trata de unos patines infantiles.","breadcrumb":{"@id":"https:\/\/patinexclusivo.com\/index.php\/product\/patines-quad-roller-derby-pixie-pink-cupcake\/#breadcrumb"},"inLanguage":"en-US","potentialAction":[{"@type":"ReadAction","target":["https:\/\/patinexclusivo.com\/index.php\/product\/patines-quad-roller-derby-pixie-pink-cupcake\/"]}]},{"@type":"BreadcrumbList","@id":"https:\/\/patinexclusivo.com\/index.php\/product\/patines-quad-roller-derby-pixie-pink-cupcake\/#breadcrumb","itemListElement":[{"@type":"ListItem","position":1,"name":"Inicio","item":"https:\/\/patinexclusivo.com\/"},{"@type":"ListItem","position":2,"name":"Shop","item":"https:\/\/patinexclusivo.com\/index.php\/shop\/"},{"@type":"ListItem","position":3,"name":"Patines Quad Roller Derby Pixie Pink Cupcake"}]},{"@type":"WebSite","@id":"https:\/\/patinexclusivo.com\/#website","url":"https:\/\/patinexclusivo.com\/","name":"Pat\u00edn Exclusivo","description":"\ud83d\udefc Rollers SLP: Tu destino #1 para patines en San Luis Potos\u00ed! Encuentra los mejores estilos y marcas \ud83c\udf1f, consejos de expertos \ud83d\udcda y accesorios para patinaje. \u00a1Vis\u00edtanos y rueda con estilo! \ud83c\udf08\u2728","publisher":{"@id":"https:\/\/patinexclusivo.com\/#organization"},"potentialAction":[{"@type":"SearchAction","target":{"@type":"EntryPoint","urlTemplate":"https:\/\/patinexclusivo.com\/?s={search_term_string}"},"query-input":"required name=search_term_string"}],"inLanguage":"en-US"},{"@type":"Organization","@id":"https:\/\/patinexclusivo.com\/#organization","name":"Pat\u00edn Exclusivo","url":"https:\/\/patinexclusivo.com\/","logo":{"@type":"ImageObject","inLanguage":"en-US","@id":"https:\/\/patinexclusivo.com\/#\/schema\/logo\/image\/","url":"https:\/\/patinexclusivo.com\/wp-content\/uploads\/2025\/01\/cropped-cropped-WhatsApp-Image-2025-01-29-at-7.00.40-PM.jpeg","contentUrl":"https:\/\/patinexclusivo.com\/wp-content\/uploads\/2025\/01\/cropped-cropped-WhatsApp-Image-2025-01-29-at-7.00.40-PM.jpeg","width":583,"height":568,"caption":"Pat\u00edn Exclusivo"},"image":{"@id":"https:\/\/patinexclusivo.com\/#\/schema\/logo\/image\/"}}]}},"_links":{"self":[{"href":"https:\/\/patinexclusivo.com\/index.php\/wp-json\/wp\/v2\/product\/1181"}],"collection":[{"href":"https:\/\/patinexclusivo.com\/index.php\/wp-json\/wp\/v2\/product"}],"about":[{"href":"https:\/\/patinexclusivo.com\/index.php\/wp-json\/wp\/v2\/types\/product"}],"replies":[{"embeddable":true,"href":"https:\/\/patinexclusivo.com\/index.php\/wp-json\/wp\/v2\/comments?post=1181"}],"version-history":[{"count":1,"href":"https:\/\/patinexclusivo.com\/index.php\/wp-json\/wp\/v2\/product\/1181\/revisions"}],"predecessor-version":[{"id":1183,"href":"https:\/\/patinexclusivo.com\/index.php\/wp-json\/wp\/v2\/product\/1181\/revisions\/1183"}],"wp:featuredmedia":[{"embeddable":true,"href":"https:\/\/patinexclusivo.com\/index.php\/wp-json\/wp\/v2\/media\/1182"}],"wp:attachment":[{"href":"https:\/\/patinexclusivo.com\/index.php\/wp-json\/wp\/v2\/media?parent=1181"}],"wp:term":[{"taxonomy":"product_cat","embeddable":true,"href":"https:\/\/patinexclusivo.com\/index.php\/wp-json\/wp\/v2\/product_cat?post=1181"},{"taxonomy":"product_tag","embeddable":true,"href":"https:\/\/patinexclusivo.com\/index.php\/wp-json\/wp\/v2\/product_tag?post=1181"}],"curies":[{"name":"wp","href":"https:\/\/api.w.org\/{rel}","templated":true}]}}