{"id":1552,"date":"2024-09-07T02:42:54","date_gmt":"2024-09-07T02:42:54","guid":{"rendered":"https:\/\/patinexclusivo.com\/?post_type=product&#038;p=1552"},"modified":"2024-09-07T02:42:54","modified_gmt":"2024-09-07T02:42:54","slug":"patines-en-linea-powerslide-zoom-80-2024-rn","status":"publish","type":"product","link":"https:\/\/patinexclusivo.com\/index.php\/product\/patines-en-linea-powerslide-zoom-80-2024-rn\/","title":{"rendered":"Patines en l\u00ednea Powerslide Zoom 80 2024 Rn"},"content":{"rendered":"<table class=\"feature-table\">\n<tbody>\n<tr>\n<td><span>Estilo de patinaje:<\/span><\/td>\n<td class=\"feature-table__value\"><span>Urbano \/ Ciudad, Crucero \/ Ocio<\/span><\/td>\n<\/tr>\n<tr>\n<td><span>Tipo de pat\u00edn:<\/span><\/td>\n<td class=\"feature-table__value\"><span>Patines de 4 ruedas con bota dura<\/span><\/td>\n<\/tr>\n<tr>\n<td><span>Material de la bota:<\/span><\/td>\n<td class=\"feature-table__value\"><span>Pl\u00e1stico<\/span><\/td>\n<\/tr>\n<tr>\n<td><span>Cordones:<\/span><\/td>\n<td class=\"feature-table__value\"><span>Est\u00e1ndar<\/span><\/td>\n<\/tr>\n<tr>\n<td><span>Transatl\u00e1ntico:<\/span><\/td>\n<td class=\"feature-table__value\"><span>Existencias<\/span><\/td>\n<\/tr>\n<tr>\n<td><span>Almohadilla amortiguadora:<\/span><\/td>\n<td class=\"feature-table__value\"><span>S\u00ed<\/span><\/td>\n<\/tr>\n<tr>\n<td><span>Marca del marco:<\/span><\/td>\n<td class=\"feature-table__value\"><span>Deslizamiento de potencia<\/span><\/td>\n<\/tr>\n<tr>\n<td><span>Montaje del marco:<\/span><\/td>\n<td class=\"feature-table__value\"><span>Marcos fijos<\/span><\/td>\n<\/tr>\n<tr>\n<td><span>Material del marco:<\/span><\/td>\n<td class=\"feature-table__value\"><span>Aluminio<\/span><\/td>\n<\/tr>\n<tr>\n<td><span>Longitud del marco:<\/span><\/td>\n<td class=\"feature-table__value\"><span>243 mm<\/span><\/td>\n<\/tr>\n<tr>\n<td><span>Balanc\u00edn de cuadro:<\/span><\/td>\n<td class=\"feature-table__value\"><span>Plano (sin balanc\u00edn)<\/span><\/td>\n<\/tr>\n<tr>\n<td><span>Ejes:<\/span><\/td>\n<td class=\"feature-table__value\"><span>Est\u00e1ndar de 8 mm (macho\/hembra)<\/span><\/td>\n<\/tr>\n<tr>\n<td><span>Marca de la rueda:<\/span><\/td>\n<td class=\"feature-table__value\"><span>Deslizamiento de potencia<\/span><\/td>\n<\/tr>\n<tr>\n<td><span>Tama\u00f1o de la rueda:<\/span><\/td>\n<td class=\"feature-table__value\"><span>80 mm<\/span><\/td>\n<\/tr>\n<tr>\n<td><span>Dureza de la rueda:<\/span><\/td>\n<td class=\"feature-table__value\"><span>85a<\/span><\/td>\n<\/tr>\n<tr>\n<td><span>Perfil de la rueda:<\/span><\/td>\n<td class=\"feature-table__value\"><span>Redondo<\/span><\/td>\n<\/tr>\n<tr>\n<td><span>Marca de rodamientos:<\/span><\/td>\n<td class=\"feature-table__value\"><span>Malvado<\/span><\/td>\n<\/tr>\n<tr>\n<td><span>Clasificaci\u00f3n del rodamiento:<\/span><\/td>\n<td class=\"feature-table__value\"><span>Abec 7<\/span><\/td>\n<\/tr>\n<tr>\n<td><span>Freno incluido :<\/span><\/td>\n<td class=\"feature-table__value\"><span>No<\/span><\/td>\n<\/tr>\n<\/tbody>\n<\/table>\n<p>Tallas 23.6 &#8211; 24.2cm,\u00a0 24.8 &#8211; 25.5cm, 26.1 &#8211; 26.8cm, 27.5 &#8211; 28.2cm, 28.9 &#8211; 30.3cm<\/p>\n","protected":false},"excerpt":{"rendered":"<p>SOLO POR PEDIDO<\/p>\n<p><span data-preserver-spaces=\"true\">El pat\u00edn Powerslide Zoom es un fen\u00f3meno. La bota es s\u00f3lida, sencilla, econ\u00f3mica y c\u00f3moda.<\/span><\/p>\n<p><span data-preserver-spaces=\"true\">\u00a0<\/span><\/p>\n<p><strong><span data-preserver-spaces=\"true\">\u00bfPor qu\u00e9 es tan popular el modelo Powerslide Zoom?<\/span><\/strong><\/p>\n<p><span data-preserver-spaces=\"true\">La belleza de los patines Zoom b\u00e1sicos es que Powerslide puede fabricar el modelo de manera extremadamente rentable gracias al marco remachado. Si eres el tipo de patinador que no quiere cambiar de marco (la mayor\u00eda de la gente), entonces los Zoom son una apuesta segura. Adem\u00e1s, el montaje remachado del marco funciona fant\u00e1sticamente para la estabilidad y la transferencia de energ\u00eda, \u00a1adem\u00e1s de que ya no tendr\u00e1s que preocuparte por los tornillos sueltos!\u00a0<\/span><\/p>\n<p><strong><span data-preserver-spaces=\"true\">Ajuste y comodidad:<\/span><\/strong><\/p>\n<p><span data-preserver-spaces=\"true\">La popularidad del pat\u00edn Zoom tambi\u00e9n depende en gran medida de su ajuste. Powerslide ten\u00eda la intenci\u00f3n de fabricar un revestimiento &#8220;econ\u00f3mico&#8221; para este modelo de bajo precio, pero se las arregl\u00f3 para dar con uno de los mejores revestimientos disponibles actualmente en el mercado. Ha sido notablemente consistente en su comodidad en una variedad de formas de pie.<\/span><\/p>\n<p><strong><span data-preserver-spaces=\"true\">Rodamientos de ruedas y bastidores:<\/span><\/strong><\/p>\n<p><span data-preserver-spaces=\"true\">La rigidez del aluminio proporciona una transferencia de energ\u00eda eficiente y, por lo tanto, una excelente retenci\u00f3n de la velocidad cuando est\u00e1s en plena acci\u00f3n. La distancia entre ejes es corta (243 mm de rueda delantera a trasera) para mejorar los giros y la maniobrabilidad. Ideal para la ciudad y para r\u00e1fagas de aceleraci\u00f3n al patinar en terrenos m\u00e1s abiertos. Las ruedas de 80 mm y los rodamientos Abec 5 proporcionan un equilibrio decente de estabilidad, control y rendimiento.\u00a0<\/span><\/p>\n<p><strong><span data-preserver-spaces=\"true\">Explicaci\u00f3n del dimensionamiento dual:<\/span><\/strong><\/p>\n<p><span data-preserver-spaces=\"true\">Los patines son de &#8220;talla doble&#8221;, lo que significa que en lugar de, por ejemplo, comprar una talla 41 o 42, compras una &#8220;talla doble&#8221;\u00a0\u00a0<\/span><em><span data-preserver-spaces=\"true\">41-42<\/span><\/em><span data-preserver-spaces=\"true\">\u00a0. La fabricaci\u00f3n de la mayor\u00eda de los patines de carcasa dura es as\u00ed (con una carcasa exterior que admite dos tallas). Sin embargo, los Zoom (y muchos otros modelos de Powerslide) los etiquetan de esta manera en lugar de poner revestimientos de tama\u00f1o individual en carcasas de tama\u00f1o compartido y marcarlos como tallas individuales. No solo es una forma m\u00e1s transparente de etiquetar los patines, sino que tambi\u00e9n hace que sea una forma m\u00e1s indulgente de pedirlos en l\u00ednea para evitar comprar la talla incorrecta.<\/span><\/p>\n<p><strong><em><span data-preserver-spaces=\"true\">Consejo sobre la talla:<\/span><\/em><\/strong><em><span data-preserver-spaces=\"true\">\u00a0\u00a0estos patines tienen una talla ligeramente m\u00e1s grande que otros modelos de patines, pero aun as\u00ed recomendamos comprar tu talla habitual. Si te sientes entre dos tallas, normalmente puedes optar por la talla m\u00e1s peque\u00f1a de este modelo.<\/span><\/em><\/p>\n<p>&nbsp;<\/p>\n<p>&nbsp;<\/p>\n","protected":false},"featured_media":1553,"comment_status":"open","ping_status":"closed","template":"","meta":{"rop_custom_images_group":[],"rop_custom_messages_group":[],"rop_publish_now":"initial","rop_publish_now_accounts":[],"rop_publish_now_history":[],"rop_publish_now_status":"pending"},"product_cat":[34],"product_tag":[],"class_list":{"0":"post-1552","1":"product","2":"type-product","3":"status-publish","4":"has-post-thumbnail","6":"product_cat-freeskate","7":"post","9":"first","10":"instock","11":"shipping-taxable","12":"purchasable","13":"product-type-simple"},"yoast_head":"<!-- This site is optimized with the Yoast SEO plugin v21.9.1 - https:\/\/yoast.com\/wordpress\/plugins\/seo\/ -->\n<title>Patines en l\u00ednea Powerslide Zoom 80 2024 Rn - Pat\u00edn Exclusivo<\/title>\n<meta name=\"robots\" content=\"index, follow, max-snippet:-1, max-image-preview:large, max-video-preview:-1\" \/>\n<link rel=\"canonical\" href=\"https:\/\/patinexclusivo.com\/index.php\/product\/patines-en-linea-powerslide-zoom-80-2024-rn\/\" \/>\n<meta property=\"og:locale\" content=\"en_US\" \/>\n<meta property=\"og:type\" content=\"article\" \/>\n<meta property=\"og:title\" content=\"Patines en l\u00ednea Powerslide Zoom 80 2024 Rn - Pat\u00edn Exclusivo\" \/>\n<meta property=\"og:description\" content=\"SOLO POR PEDIDO  El pat\u00edn Powerslide Zoom es un fen\u00f3meno. La bota es s\u00f3lida, sencilla, econ\u00f3mica y c\u00f3moda.  \u00a0  \u00bfPor qu\u00e9 es tan popular el modelo Powerslide Zoom?  La belleza de los patines Zoom b\u00e1sicos es que Powerslide puede fabricar el modelo de manera extremadamente rentable gracias al marco remachado. Si eres el tipo de patinador que no quiere cambiar de marco (la mayor\u00eda de la gente), entonces los Zoom son una apuesta segura. Adem\u00e1s, el montaje remachado del marco funciona fant\u00e1sticamente para la estabilidad y la transferencia de energ\u00eda, \u00a1adem\u00e1s de que ya no tendr\u00e1s que preocuparte por los tornillos sueltos!\u00a0  Ajuste y comodidad:  La popularidad del pat\u00edn Zoom tambi\u00e9n depende en gran medida de su ajuste. Powerslide ten\u00eda la intenci\u00f3n de fabricar un revestimiento &quot;econ\u00f3mico&quot; para este modelo de bajo precio, pero se las arregl\u00f3 para dar con uno de los mejores revestimientos disponibles actualmente en el mercado. Ha sido notablemente consistente en su comodidad en una variedad de formas de pie.  Rodamientos de ruedas y bastidores:  La rigidez del aluminio proporciona una transferencia de energ\u00eda eficiente y, por lo tanto, una excelente retenci\u00f3n de la velocidad cuando est\u00e1s en plena acci\u00f3n. La distancia entre ejes es corta (243 mm de rueda delantera a trasera) para mejorar los giros y la maniobrabilidad. Ideal para la ciudad y para r\u00e1fagas de aceleraci\u00f3n al patinar en terrenos m\u00e1s abiertos. Las ruedas de 80 mm y los rodamientos Abec 5 proporcionan un equilibrio decente de estabilidad, control y rendimiento.\u00a0  Explicaci\u00f3n del dimensionamiento dual:  Los patines son de &quot;talla doble&quot;, lo que significa que en lugar de, por ejemplo, comprar una talla 41 o 42, compras una &quot;talla doble&quot;\u00a0\u00a041-42\u00a0. La fabricaci\u00f3n de la mayor\u00eda de los patines de carcasa dura es as\u00ed (con una carcasa exterior que admite dos tallas). Sin embargo, los Zoom (y muchos otros modelos de Powerslide) los etiquetan de esta manera en lugar de poner revestimientos de tama\u00f1o individual en carcasas de tama\u00f1o compartido y marcarlos como tallas individuales. No solo es una forma m\u00e1s transparente de etiquetar los patines, sino que tambi\u00e9n hace que sea una forma m\u00e1s indulgente de pedirlos en l\u00ednea para evitar comprar la talla incorrecta.  Consejo sobre la talla:\u00a0\u00a0estos patines tienen una talla ligeramente m\u00e1s grande que otros modelos de patines, pero aun as\u00ed recomendamos comprar tu talla habitual. Si te sientes entre dos tallas, normalmente puedes optar por la talla m\u00e1s peque\u00f1a de este modelo.  &nbsp;  &nbsp;\" \/>\n<meta property=\"og:url\" content=\"https:\/\/patinexclusivo.com\/index.php\/product\/patines-en-linea-powerslide-zoom-80-2024-rn\/\" \/>\n<meta property=\"og:site_name\" content=\"Pat\u00edn Exclusivo\" \/>\n<meta property=\"og:image\" content=\"https:\/\/patinexclusivo.com\/wp-content\/uploads\/2024\/09\/Powerslide-Zoom-Black-.webp\" \/>\n\t<meta property=\"og:image:width\" content=\"823\" \/>\n\t<meta property=\"og:image:height\" content=\"823\" \/>\n\t<meta property=\"og:image:type\" content=\"image\/webp\" \/>\n<meta name=\"twitter:card\" content=\"summary_large_image\" \/>\n<meta name=\"twitter:label1\" content=\"Est. reading time\" \/>\n\t<meta name=\"twitter:data1\" content=\"1 minute\" \/>\n<script type=\"application\/ld+json\" class=\"yoast-schema-graph\">{\"@context\":\"https:\/\/schema.org\",\"@graph\":[{\"@type\":\"WebPage\",\"@id\":\"https:\/\/patinexclusivo.com\/index.php\/product\/patines-en-linea-powerslide-zoom-80-2024-rn\/\",\"url\":\"https:\/\/patinexclusivo.com\/index.php\/product\/patines-en-linea-powerslide-zoom-80-2024-rn\/\",\"name\":\"Patines en l\u00ednea Powerslide Zoom 80 2024 Rn - Pat\u00edn Exclusivo\",\"isPartOf\":{\"@id\":\"https:\/\/patinexclusivo.com\/#website\"},\"datePublished\":\"2024-09-07T02:42:54+00:00\",\"dateModified\":\"2024-09-07T02:42:54+00:00\",\"breadcrumb\":{\"@id\":\"https:\/\/patinexclusivo.com\/index.php\/product\/patines-en-linea-powerslide-zoom-80-2024-rn\/#breadcrumb\"},\"inLanguage\":\"en-US\",\"potentialAction\":[{\"@type\":\"ReadAction\",\"target\":[\"https:\/\/patinexclusivo.com\/index.php\/product\/patines-en-linea-powerslide-zoom-80-2024-rn\/\"]}]},{\"@type\":\"BreadcrumbList\",\"@id\":\"https:\/\/patinexclusivo.com\/index.php\/product\/patines-en-linea-powerslide-zoom-80-2024-rn\/#breadcrumb\",\"itemListElement\":[{\"@type\":\"ListItem\",\"position\":1,\"name\":\"Inicio\",\"item\":\"https:\/\/patinexclusivo.com\/\"},{\"@type\":\"ListItem\",\"position\":2,\"name\":\"Shop\",\"item\":\"https:\/\/patinexclusivo.com\/index.php\/shop\/\"},{\"@type\":\"ListItem\",\"position\":3,\"name\":\"Patines en l\u00ednea Powerslide Zoom 80 2024 Rn\"}]},{\"@type\":\"WebSite\",\"@id\":\"https:\/\/patinexclusivo.com\/#website\",\"url\":\"https:\/\/patinexclusivo.com\/\",\"name\":\"Pat\u00edn Exclusivo\",\"description\":\"\ud83d\udefc Rollers SLP: Tu destino #1 para patines en San Luis Potos\u00ed! Encuentra los mejores estilos y marcas \ud83c\udf1f, consejos de expertos \ud83d\udcda y accesorios para patinaje. \u00a1Vis\u00edtanos y rueda con estilo! \ud83c\udf08\u2728\",\"publisher\":{\"@id\":\"https:\/\/patinexclusivo.com\/#organization\"},\"potentialAction\":[{\"@type\":\"SearchAction\",\"target\":{\"@type\":\"EntryPoint\",\"urlTemplate\":\"https:\/\/patinexclusivo.com\/?s={search_term_string}\"},\"query-input\":\"required name=search_term_string\"}],\"inLanguage\":\"en-US\"},{\"@type\":\"Organization\",\"@id\":\"https:\/\/patinexclusivo.com\/#organization\",\"name\":\"Pat\u00edn Exclusivo\",\"url\":\"https:\/\/patinexclusivo.com\/\",\"logo\":{\"@type\":\"ImageObject\",\"inLanguage\":\"en-US\",\"@id\":\"https:\/\/patinexclusivo.com\/#\/schema\/logo\/image\/\",\"url\":\"https:\/\/patinexclusivo.com\/wp-content\/uploads\/2025\/01\/cropped-cropped-WhatsApp-Image-2025-01-29-at-7.00.40-PM.jpeg\",\"contentUrl\":\"https:\/\/patinexclusivo.com\/wp-content\/uploads\/2025\/01\/cropped-cropped-WhatsApp-Image-2025-01-29-at-7.00.40-PM.jpeg\",\"width\":583,\"height\":568,\"caption\":\"Pat\u00edn Exclusivo\"},\"image\":{\"@id\":\"https:\/\/patinexclusivo.com\/#\/schema\/logo\/image\/\"}}]}<\/script>\n<!-- \/ Yoast SEO plugin. -->","yoast_head_json":{"title":"Patines en l\u00ednea Powerslide Zoom 80 2024 Rn - Pat\u00edn Exclusivo","robots":{"index":"index","follow":"follow","max-snippet":"max-snippet:-1","max-image-preview":"max-image-preview:large","max-video-preview":"max-video-preview:-1"},"canonical":"https:\/\/patinexclusivo.com\/index.php\/product\/patines-en-linea-powerslide-zoom-80-2024-rn\/","og_locale":"en_US","og_type":"article","og_title":"Patines en l\u00ednea Powerslide Zoom 80 2024 Rn - Pat\u00edn Exclusivo","og_description":"SOLO POR PEDIDO  El pat\u00edn Powerslide Zoom es un fen\u00f3meno. La bota es s\u00f3lida, sencilla, econ\u00f3mica y c\u00f3moda.  \u00a0  \u00bfPor qu\u00e9 es tan popular el modelo Powerslide Zoom?  La belleza de los patines Zoom b\u00e1sicos es que Powerslide puede fabricar el modelo de manera extremadamente rentable gracias al marco remachado. Si eres el tipo de patinador que no quiere cambiar de marco (la mayor\u00eda de la gente), entonces los Zoom son una apuesta segura. Adem\u00e1s, el montaje remachado del marco funciona fant\u00e1sticamente para la estabilidad y la transferencia de energ\u00eda, \u00a1adem\u00e1s de que ya no tendr\u00e1s que preocuparte por los tornillos sueltos!\u00a0  Ajuste y comodidad:  La popularidad del pat\u00edn Zoom tambi\u00e9n depende en gran medida de su ajuste. Powerslide ten\u00eda la intenci\u00f3n de fabricar un revestimiento \"econ\u00f3mico\" para este modelo de bajo precio, pero se las arregl\u00f3 para dar con uno de los mejores revestimientos disponibles actualmente en el mercado. Ha sido notablemente consistente en su comodidad en una variedad de formas de pie.  Rodamientos de ruedas y bastidores:  La rigidez del aluminio proporciona una transferencia de energ\u00eda eficiente y, por lo tanto, una excelente retenci\u00f3n de la velocidad cuando est\u00e1s en plena acci\u00f3n. La distancia entre ejes es corta (243 mm de rueda delantera a trasera) para mejorar los giros y la maniobrabilidad. Ideal para la ciudad y para r\u00e1fagas de aceleraci\u00f3n al patinar en terrenos m\u00e1s abiertos. Las ruedas de 80 mm y los rodamientos Abec 5 proporcionan un equilibrio decente de estabilidad, control y rendimiento.\u00a0  Explicaci\u00f3n del dimensionamiento dual:  Los patines son de \"talla doble\", lo que significa que en lugar de, por ejemplo, comprar una talla 41 o 42, compras una \"talla doble\"\u00a0\u00a041-42\u00a0. La fabricaci\u00f3n de la mayor\u00eda de los patines de carcasa dura es as\u00ed (con una carcasa exterior que admite dos tallas). Sin embargo, los Zoom (y muchos otros modelos de Powerslide) los etiquetan de esta manera en lugar de poner revestimientos de tama\u00f1o individual en carcasas de tama\u00f1o compartido y marcarlos como tallas individuales. No solo es una forma m\u00e1s transparente de etiquetar los patines, sino que tambi\u00e9n hace que sea una forma m\u00e1s indulgente de pedirlos en l\u00ednea para evitar comprar la talla incorrecta.  Consejo sobre la talla:\u00a0\u00a0estos patines tienen una talla ligeramente m\u00e1s grande que otros modelos de patines, pero aun as\u00ed recomendamos comprar tu talla habitual. Si te sientes entre dos tallas, normalmente puedes optar por la talla m\u00e1s peque\u00f1a de este modelo.  &nbsp;  &nbsp;","og_url":"https:\/\/patinexclusivo.com\/index.php\/product\/patines-en-linea-powerslide-zoom-80-2024-rn\/","og_site_name":"Pat\u00edn Exclusivo","og_image":[{"width":823,"height":823,"url":"https:\/\/patinexclusivo.com\/wp-content\/uploads\/2024\/09\/Powerslide-Zoom-Black-.webp","type":"image\/webp"}],"twitter_card":"summary_large_image","twitter_misc":{"Est. reading time":"1 minute"},"schema":{"@context":"https:\/\/schema.org","@graph":[{"@type":"WebPage","@id":"https:\/\/patinexclusivo.com\/index.php\/product\/patines-en-linea-powerslide-zoom-80-2024-rn\/","url":"https:\/\/patinexclusivo.com\/index.php\/product\/patines-en-linea-powerslide-zoom-80-2024-rn\/","name":"Patines en l\u00ednea Powerslide Zoom 80 2024 Rn - Pat\u00edn Exclusivo","isPartOf":{"@id":"https:\/\/patinexclusivo.com\/#website"},"datePublished":"2024-09-07T02:42:54+00:00","dateModified":"2024-09-07T02:42:54+00:00","breadcrumb":{"@id":"https:\/\/patinexclusivo.com\/index.php\/product\/patines-en-linea-powerslide-zoom-80-2024-rn\/#breadcrumb"},"inLanguage":"en-US","potentialAction":[{"@type":"ReadAction","target":["https:\/\/patinexclusivo.com\/index.php\/product\/patines-en-linea-powerslide-zoom-80-2024-rn\/"]}]},{"@type":"BreadcrumbList","@id":"https:\/\/patinexclusivo.com\/index.php\/product\/patines-en-linea-powerslide-zoom-80-2024-rn\/#breadcrumb","itemListElement":[{"@type":"ListItem","position":1,"name":"Inicio","item":"https:\/\/patinexclusivo.com\/"},{"@type":"ListItem","position":2,"name":"Shop","item":"https:\/\/patinexclusivo.com\/index.php\/shop\/"},{"@type":"ListItem","position":3,"name":"Patines en l\u00ednea Powerslide Zoom 80 2024 Rn"}]},{"@type":"WebSite","@id":"https:\/\/patinexclusivo.com\/#website","url":"https:\/\/patinexclusivo.com\/","name":"Pat\u00edn Exclusivo","description":"\ud83d\udefc Rollers SLP: Tu destino #1 para patines en San Luis Potos\u00ed! Encuentra los mejores estilos y marcas \ud83c\udf1f, consejos de expertos \ud83d\udcda y accesorios para patinaje. \u00a1Vis\u00edtanos y rueda con estilo! \ud83c\udf08\u2728","publisher":{"@id":"https:\/\/patinexclusivo.com\/#organization"},"potentialAction":[{"@type":"SearchAction","target":{"@type":"EntryPoint","urlTemplate":"https:\/\/patinexclusivo.com\/?s={search_term_string}"},"query-input":"required name=search_term_string"}],"inLanguage":"en-US"},{"@type":"Organization","@id":"https:\/\/patinexclusivo.com\/#organization","name":"Pat\u00edn Exclusivo","url":"https:\/\/patinexclusivo.com\/","logo":{"@type":"ImageObject","inLanguage":"en-US","@id":"https:\/\/patinexclusivo.com\/#\/schema\/logo\/image\/","url":"https:\/\/patinexclusivo.com\/wp-content\/uploads\/2025\/01\/cropped-cropped-WhatsApp-Image-2025-01-29-at-7.00.40-PM.jpeg","contentUrl":"https:\/\/patinexclusivo.com\/wp-content\/uploads\/2025\/01\/cropped-cropped-WhatsApp-Image-2025-01-29-at-7.00.40-PM.jpeg","width":583,"height":568,"caption":"Pat\u00edn Exclusivo"},"image":{"@id":"https:\/\/patinexclusivo.com\/#\/schema\/logo\/image\/"}}]}},"_links":{"self":[{"href":"https:\/\/patinexclusivo.com\/index.php\/wp-json\/wp\/v2\/product\/1552"}],"collection":[{"href":"https:\/\/patinexclusivo.com\/index.php\/wp-json\/wp\/v2\/product"}],"about":[{"href":"https:\/\/patinexclusivo.com\/index.php\/wp-json\/wp\/v2\/types\/product"}],"replies":[{"embeddable":true,"href":"https:\/\/patinexclusivo.com\/index.php\/wp-json\/wp\/v2\/comments?post=1552"}],"version-history":[{"count":1,"href":"https:\/\/patinexclusivo.com\/index.php\/wp-json\/wp\/v2\/product\/1552\/revisions"}],"predecessor-version":[{"id":1554,"href":"https:\/\/patinexclusivo.com\/index.php\/wp-json\/wp\/v2\/product\/1552\/revisions\/1554"}],"wp:featuredmedia":[{"embeddable":true,"href":"https:\/\/patinexclusivo.com\/index.php\/wp-json\/wp\/v2\/media\/1553"}],"wp:attachment":[{"href":"https:\/\/patinexclusivo.com\/index.php\/wp-json\/wp\/v2\/media?parent=1552"}],"wp:term":[{"taxonomy":"product_cat","embeddable":true,"href":"https:\/\/patinexclusivo.com\/index.php\/wp-json\/wp\/v2\/product_cat?post=1552"},{"taxonomy":"product_tag","embeddable":true,"href":"https:\/\/patinexclusivo.com\/index.php\/wp-json\/wp\/v2\/product_tag?post=1552"}],"curies":[{"name":"wp","href":"https:\/\/api.w.org\/{rel}","templated":true}]}}