{"id":1562,"date":"2024-09-07T05:46:22","date_gmt":"2024-09-07T05:46:22","guid":{"rendered":"https:\/\/patinexclusivo.com\/?post_type=product&#038;p=1562"},"modified":"2024-09-07T07:25:56","modified_gmt":"2024-09-07T07:25:56","slug":"patines-en-linea-rollerblade-lightning-80-unisex","status":"publish","type":"product","link":"https:\/\/patinexclusivo.com\/index.php\/product\/patines-en-linea-rollerblade-lightning-80-unisex\/","title":{"rendered":"Patines en l\u00ednea Rollerblade Lightning 80 &#8211; Unisex Rn"},"content":{"rendered":"<table class=\"feature-table\">\n<tbody>\n<tr>\n<td><span><span style=\"vertical-align: inherit;\"><span style=\"vertical-align: inherit;\">Estilo de patinaje:<\/span><\/span><\/span><\/td>\n<td class=\"feature-table__value\"><span><span style=\"vertical-align: inherit;\"><span style=\"vertical-align: inherit;\">Crucero \/ Ocio, Urbano \/ Ciudad<\/span><\/span><\/span><\/td>\n<\/tr>\n<tr>\n<td><span><span style=\"vertical-align: inherit;\"><span style=\"vertical-align: inherit;\">Tipo de pat\u00edn:<\/span><\/span><\/span><\/td>\n<td class=\"feature-table__value\"><span><span style=\"vertical-align: inherit;\"><span style=\"vertical-align: inherit;\">Patines de 4 ruedas con bota dura<\/span><\/span><\/span><\/td>\n<\/tr>\n<tr>\n<td><span><span style=\"vertical-align: inherit;\"><span style=\"vertical-align: inherit;\">Material de la bota:<\/span><\/span><\/span><\/td>\n<td class=\"feature-table__value\"><span><span style=\"vertical-align: inherit;\"><span style=\"vertical-align: inherit;\">Plastico<\/span><\/span><\/span><\/td>\n<\/tr>\n<tr>\n<td><span><span style=\"vertical-align: inherit;\"><span style=\"vertical-align: inherit;\">Cordones:<\/span><\/span><\/span><\/td>\n<td class=\"feature-table__value\"><span><span style=\"vertical-align: inherit;\"><span style=\"vertical-align: inherit;\">Est\u00e1ndar<\/span><\/span><\/span><\/td>\n<\/tr>\n<tr>\n<td><span><span style=\"vertical-align: inherit;\"><span style=\"vertical-align: inherit;\">Transatl\u00e1ntico:<\/span><\/span><\/span><\/td>\n<td class=\"feature-table__value\"><span><span style=\"vertical-align: inherit;\"><span style=\"vertical-align: inherit;\">Existencia<\/span><\/span><\/span><\/td>\n<\/tr>\n<tr>\n<td><span><span style=\"vertical-align: inherit;\"><span style=\"vertical-align: inherit;\">Almohadilla amortiguadora:<\/span><\/span><\/span><\/td>\n<td class=\"feature-table__value\"><span><span style=\"vertical-align: inherit;\"><span style=\"vertical-align: inherit;\">Si<\/span><\/span><\/span><\/td>\n<\/tr>\n<tr>\n<td><span><span style=\"vertical-align: inherit;\"><span style=\"vertical-align: inherit;\">Marca del marco:<\/span><\/span><\/span><\/td>\n<td class=\"feature-table__value\"><span><span style=\"vertical-align: inherit;\"><span style=\"vertical-align: inherit;\">Patinaje sobre ruedas<\/span><\/span><\/span><\/td>\n<\/tr>\n<tr>\n<td><span><span style=\"vertical-align: inherit;\"><span style=\"vertical-align: inherit;\">Montaje del marco:<\/span><\/span><\/span><\/td>\n<td class=\"feature-table__value\"><span><span style=\"vertical-align: inherit;\"><span style=\"vertical-align: inherit;\">Cl\u00e1sico (montaje 165)<\/span><\/span><\/span><\/td>\n<\/tr>\n<tr>\n<td><span><span style=\"vertical-align: inherit;\"><span style=\"vertical-align: inherit;\">Material del marco:<\/span><\/span><\/span><\/td>\n<td class=\"feature-table__value\"><span><span style=\"vertical-align: inherit;\"><span style=\"vertical-align: inherit;\">Aluminio<\/span><\/span><\/span><\/td>\n<\/tr>\n<tr>\n<td><span><span style=\"vertical-align: inherit;\"><span style=\"vertical-align: inherit;\">Longitud del marco:<\/span><\/span><\/span><\/td>\n<td class=\"feature-table__value\"><span><span style=\"vertical-align: inherit;\"><span style=\"vertical-align: inherit;\">243 mil\u00edmetros, 255 mil\u00edmetros<\/span><\/span><\/span><\/td>\n<\/tr>\n<tr>\n<td><span><span style=\"vertical-align: inherit;\"><span style=\"vertical-align: inherit;\">Balanc\u00edn de cuadro:<\/span><\/span><\/span><\/td>\n<td class=\"feature-table__value\"><span><span style=\"vertical-align: inherit;\"><span style=\"vertical-align: inherit;\">Plano (sin balanc\u00edn)<\/span><\/span><\/span><\/td>\n<\/tr>\n<tr>\n<td><span><span style=\"vertical-align: inherit;\"><span style=\"vertical-align: inherit;\">Ejes:<\/span><\/span><\/span><\/td>\n<td class=\"feature-table__value\"><span><span style=\"vertical-align: inherit;\"><span style=\"vertical-align: inherit;\">Velocidad de 8 mm (un eje que se atornilla a la pared del marco)<\/span><\/span><\/span><\/td>\n<\/tr>\n<tr>\n<td><span><span style=\"vertical-align: inherit;\"><span style=\"vertical-align: inherit;\">Marca de la rueda:<\/span><\/span><\/span><\/td>\n<td class=\"feature-table__value\"><span><span style=\"vertical-align: inherit;\"><span style=\"vertical-align: inherit;\">Patinaje sobre ruedas<\/span><\/span><\/span><\/td>\n<\/tr>\n<tr>\n<td><span><span style=\"vertical-align: inherit;\"><span style=\"vertical-align: inherit;\">Tama\u00f1o de la rueda:<\/span><\/span><\/span><\/td>\n<td class=\"feature-table__value\"><span><span style=\"vertical-align: inherit;\"><span style=\"vertical-align: inherit;\">80 mil\u00edmetros<\/span><\/span><\/span><\/td>\n<\/tr>\n<tr>\n<td><span><span style=\"vertical-align: inherit;\"><span style=\"vertical-align: inherit;\">Dureza de la rueda:<\/span><\/span><\/span><\/td>\n<td class=\"feature-table__value\"><span><span style=\"vertical-align: inherit;\"><span style=\"vertical-align: inherit;\">85a<\/span><\/span><\/span><\/td>\n<\/tr>\n<tr>\n<td><span><span style=\"vertical-align: inherit;\"><span style=\"vertical-align: inherit;\">Perfil de la rueda:<\/span><\/span><\/span><\/td>\n<td class=\"feature-table__value\"><span><span style=\"vertical-align: inherit;\"><span style=\"vertical-align: inherit;\">Redondo<\/span><\/span><\/span><\/td>\n<\/tr>\n<tr>\n<td><span><span style=\"vertical-align: inherit;\"><span style=\"vertical-align: inherit;\">Marca de rodamientos:<\/span><\/span><\/span><\/td>\n<td class=\"feature-table__value\"><span><span style=\"vertical-align: inherit;\"><span style=\"vertical-align: inherit;\">Patinaje sobre ruedas<\/span><\/span><\/span><\/td>\n<\/tr>\n<tr>\n<td><span><span style=\"vertical-align: inherit;\"><span style=\"vertical-align: inherit;\">Clasificaci\u00f3n del refrigerador:<\/span><\/span><\/span><\/td>\n<td class=\"feature-table__value\"><span><span style=\"vertical-align: inherit;\"><span style=\"vertical-align: inherit;\">SG7<\/span><\/span><\/span><\/td>\n<\/tr>\n<tr>\n<td><span><span style=\"vertical-align: inherit;\"><span style=\"vertical-align: inherit;\">Freno incluido:<\/span><\/span><\/span><\/td>\n<td class=\"feature-table__value\"><span><span style=\"vertical-align: inherit;\"><span style=\"vertical-align: inherit;\">Si<\/span><\/span><\/span><\/td>\n<\/tr>\n<\/tbody>\n<\/table>\n<p><span style=\"vertical-align: inherit;\"><span style=\"vertical-align: inherit;\">Tallas: 24 &#8211; 24,5 cm, 24,8 &#8211; 25,5 cm, 26 &#8211; 26,5 cm, 27 &#8211; 27,5 cm, 27,5 &#8211; 28,2 cm, 29 &#8211; 29,5 cm, 29,6 &#8211; 30,3 cm, 30,9 &#8211; 31,5 cm.<\/span><\/span><\/p>\n","protected":false},"excerpt":{"rendered":"<p><span style=\"vertical-align: inherit;\">SOLO POR PEDIDO<\/span><\/p>\n<p><span><span style=\"vertical-align: inherit;\"><span style=\"vertical-align: inherit;\">El pat\u00edn en l\u00ednea Lightning ofrece un dise\u00f1o moldeado c\u00f3modo adecuado para diversas actividades de patinaje, como recorridos por la ciudad, vueltas en el parque o patinaje recreativo.<\/span><\/span><\/span><\/p>\n<p><span><span style=\"vertical-align: inherit;\"><span style=\"vertical-align: inherit;\">Cuenta con cierres nuevos y sencillos y hebillas con memoria que brindan la m\u00e1xima facilidad de uso.<\/span><\/span><\/span><\/p>\n<p><span><span style=\"vertical-align: inherit;\"><span style=\"vertical-align: inherit;\">La inclusi\u00f3n de un Footboard Sizer permite el ajuste entre dos tama\u00f1os dentro de un solo pat\u00edn, ofreciendo un ajuste ce\u00f1ido de rendimiento o espacio adicional seg\u00fan sea necesario.<\/span><\/span><\/span><\/p>\n<p><span><span style=\"vertical-align: inherit;\"><span style=\"vertical-align: inherit;\">Construido con una carcasa moldeada y equipada con un marco de aluminio de 243 mm, ruedas de 80 mm y rodamientos SG7, el Lightning ofrece una experiencia de patinaje vers\u00e1til para todos los d\u00edas que prioriza el soporte, la comodidad y la adaptabilidad.<\/span><\/span><\/span><\/p>\n<p><span style=\"vertical-align: inherit;\"><span style=\"vertical-align: inherit;\">Recomendaci\u00f3n de talla: suele ser fiel al tama\u00f1o (se ajusta al tama\u00f1o real).<\/span><\/span><\/p>\n","protected":false},"featured_media":1563,"comment_status":"open","ping_status":"closed","template":"","meta":{"rop_custom_images_group":[],"rop_custom_messages_group":[],"rop_publish_now":"initial","rop_publish_now_accounts":[],"rop_publish_now_history":[],"rop_publish_now_status":"pending"},"product_cat":[34],"product_tag":[],"class_list":{"0":"post-1562","1":"product","2":"type-product","3":"status-publish","4":"has-post-thumbnail","6":"product_cat-freeskate","7":"post","9":"first","10":"instock","11":"shipping-taxable","12":"purchasable","13":"product-type-simple"},"yoast_head":"<!-- This site is optimized with the Yoast SEO plugin v21.9.1 - https:\/\/yoast.com\/wordpress\/plugins\/seo\/ -->\n<title>Patines en l\u00ednea Rollerblade Lightning 80 - Unisex Rn - Pat\u00edn Exclusivo<\/title>\n<meta name=\"robots\" content=\"index, follow, max-snippet:-1, max-image-preview:large, max-video-preview:-1\" \/>\n<link rel=\"canonical\" href=\"https:\/\/patinexclusivo.com\/index.php\/product\/patines-en-linea-rollerblade-lightning-80-unisex\/\" \/>\n<meta property=\"og:locale\" content=\"en_US\" \/>\n<meta property=\"og:type\" content=\"article\" \/>\n<meta property=\"og:title\" content=\"Patines en l\u00ednea Rollerblade Lightning 80 - Unisex Rn - Pat\u00edn Exclusivo\" \/>\n<meta property=\"og:description\" content=\"SOLO POR PEDIDO  El pat\u00edn en l\u00ednea Lightning ofrece un dise\u00f1o moldeado c\u00f3modo adecuado para diversas actividades de patinaje, como recorridos por la ciudad, vueltas en el parque o patinaje recreativo.  Cuenta con cierres nuevos y sencillos y hebillas con memoria que brindan la m\u00e1xima facilidad de uso.  La inclusi\u00f3n de un Footboard Sizer permite el ajuste entre dos tama\u00f1os dentro de un solo pat\u00edn, ofreciendo un ajuste ce\u00f1ido de rendimiento o espacio adicional seg\u00fan sea necesario.  Construido con una carcasa moldeada y equipada con un marco de aluminio de 243 mm, ruedas de 80 mm y rodamientos SG7, el Lightning ofrece una experiencia de patinaje vers\u00e1til para todos los d\u00edas que prioriza el soporte, la comodidad y la adaptabilidad.  Recomendaci\u00f3n de talla: suele ser fiel al tama\u00f1o (se ajusta al tama\u00f1o real).\" \/>\n<meta property=\"og:url\" content=\"https:\/\/patinexclusivo.com\/index.php\/product\/patines-en-linea-rollerblade-lightning-80-unisex\/\" \/>\n<meta property=\"og:site_name\" content=\"Pat\u00edn Exclusivo\" \/>\n<meta property=\"article:modified_time\" content=\"2024-09-07T07:25:56+00:00\" \/>\n<meta property=\"og:image\" content=\"https:\/\/patinexclusivo.com\/wp-content\/uploads\/2024\/09\/Rollerblade-Lightning-M3651_1.webp\" \/>\n\t<meta property=\"og:image:width\" content=\"1100\" \/>\n\t<meta property=\"og:image:height\" content=\"1100\" \/>\n\t<meta property=\"og:image:type\" content=\"image\/webp\" \/>\n<meta name=\"twitter:card\" content=\"summary_large_image\" \/>\n<meta name=\"twitter:label1\" content=\"Est. reading time\" \/>\n\t<meta name=\"twitter:data1\" content=\"1 minute\" \/>\n<script type=\"application\/ld+json\" class=\"yoast-schema-graph\">{\"@context\":\"https:\/\/schema.org\",\"@graph\":[{\"@type\":\"WebPage\",\"@id\":\"https:\/\/patinexclusivo.com\/index.php\/product\/patines-en-linea-rollerblade-lightning-80-unisex\/\",\"url\":\"https:\/\/patinexclusivo.com\/index.php\/product\/patines-en-linea-rollerblade-lightning-80-unisex\/\",\"name\":\"Patines en l\u00ednea Rollerblade Lightning 80 - Unisex Rn - Pat\u00edn Exclusivo\",\"isPartOf\":{\"@id\":\"https:\/\/patinexclusivo.com\/#website\"},\"datePublished\":\"2024-09-07T05:46:22+00:00\",\"dateModified\":\"2024-09-07T07:25:56+00:00\",\"breadcrumb\":{\"@id\":\"https:\/\/patinexclusivo.com\/index.php\/product\/patines-en-linea-rollerblade-lightning-80-unisex\/#breadcrumb\"},\"inLanguage\":\"en-US\",\"potentialAction\":[{\"@type\":\"ReadAction\",\"target\":[\"https:\/\/patinexclusivo.com\/index.php\/product\/patines-en-linea-rollerblade-lightning-80-unisex\/\"]}]},{\"@type\":\"BreadcrumbList\",\"@id\":\"https:\/\/patinexclusivo.com\/index.php\/product\/patines-en-linea-rollerblade-lightning-80-unisex\/#breadcrumb\",\"itemListElement\":[{\"@type\":\"ListItem\",\"position\":1,\"name\":\"Inicio\",\"item\":\"https:\/\/patinexclusivo.com\/\"},{\"@type\":\"ListItem\",\"position\":2,\"name\":\"Shop\",\"item\":\"https:\/\/patinexclusivo.com\/index.php\/shop\/\"},{\"@type\":\"ListItem\",\"position\":3,\"name\":\"Patines en l\u00ednea Rollerblade Lightning 80 &#8211; Unisex Rn\"}]},{\"@type\":\"WebSite\",\"@id\":\"https:\/\/patinexclusivo.com\/#website\",\"url\":\"https:\/\/patinexclusivo.com\/\",\"name\":\"Pat\u00edn Exclusivo\",\"description\":\"\ud83d\udefc Rollers SLP: Tu destino #1 para patines en San Luis Potos\u00ed! Encuentra los mejores estilos y marcas \ud83c\udf1f, consejos de expertos \ud83d\udcda y accesorios para patinaje. \u00a1Vis\u00edtanos y rueda con estilo! \ud83c\udf08\u2728\",\"publisher\":{\"@id\":\"https:\/\/patinexclusivo.com\/#organization\"},\"potentialAction\":[{\"@type\":\"SearchAction\",\"target\":{\"@type\":\"EntryPoint\",\"urlTemplate\":\"https:\/\/patinexclusivo.com\/?s={search_term_string}\"},\"query-input\":\"required name=search_term_string\"}],\"inLanguage\":\"en-US\"},{\"@type\":\"Organization\",\"@id\":\"https:\/\/patinexclusivo.com\/#organization\",\"name\":\"Pat\u00edn Exclusivo\",\"url\":\"https:\/\/patinexclusivo.com\/\",\"logo\":{\"@type\":\"ImageObject\",\"inLanguage\":\"en-US\",\"@id\":\"https:\/\/patinexclusivo.com\/#\/schema\/logo\/image\/\",\"url\":\"https:\/\/patinexclusivo.com\/wp-content\/uploads\/2025\/01\/cropped-cropped-WhatsApp-Image-2025-01-29-at-7.00.40-PM.jpeg\",\"contentUrl\":\"https:\/\/patinexclusivo.com\/wp-content\/uploads\/2025\/01\/cropped-cropped-WhatsApp-Image-2025-01-29-at-7.00.40-PM.jpeg\",\"width\":583,\"height\":568,\"caption\":\"Pat\u00edn Exclusivo\"},\"image\":{\"@id\":\"https:\/\/patinexclusivo.com\/#\/schema\/logo\/image\/\"}}]}<\/script>\n<!-- \/ Yoast SEO plugin. -->","yoast_head_json":{"title":"Patines en l\u00ednea Rollerblade Lightning 80 - Unisex Rn - Pat\u00edn Exclusivo","robots":{"index":"index","follow":"follow","max-snippet":"max-snippet:-1","max-image-preview":"max-image-preview:large","max-video-preview":"max-video-preview:-1"},"canonical":"https:\/\/patinexclusivo.com\/index.php\/product\/patines-en-linea-rollerblade-lightning-80-unisex\/","og_locale":"en_US","og_type":"article","og_title":"Patines en l\u00ednea Rollerblade Lightning 80 - Unisex Rn - Pat\u00edn Exclusivo","og_description":"SOLO POR PEDIDO  El pat\u00edn en l\u00ednea Lightning ofrece un dise\u00f1o moldeado c\u00f3modo adecuado para diversas actividades de patinaje, como recorridos por la ciudad, vueltas en el parque o patinaje recreativo.  Cuenta con cierres nuevos y sencillos y hebillas con memoria que brindan la m\u00e1xima facilidad de uso.  La inclusi\u00f3n de un Footboard Sizer permite el ajuste entre dos tama\u00f1os dentro de un solo pat\u00edn, ofreciendo un ajuste ce\u00f1ido de rendimiento o espacio adicional seg\u00fan sea necesario.  Construido con una carcasa moldeada y equipada con un marco de aluminio de 243 mm, ruedas de 80 mm y rodamientos SG7, el Lightning ofrece una experiencia de patinaje vers\u00e1til para todos los d\u00edas que prioriza el soporte, la comodidad y la adaptabilidad.  Recomendaci\u00f3n de talla: suele ser fiel al tama\u00f1o (se ajusta al tama\u00f1o real).","og_url":"https:\/\/patinexclusivo.com\/index.php\/product\/patines-en-linea-rollerblade-lightning-80-unisex\/","og_site_name":"Pat\u00edn Exclusivo","article_modified_time":"2024-09-07T07:25:56+00:00","og_image":[{"width":1100,"height":1100,"url":"https:\/\/patinexclusivo.com\/wp-content\/uploads\/2024\/09\/Rollerblade-Lightning-M3651_1.webp","type":"image\/webp"}],"twitter_card":"summary_large_image","twitter_misc":{"Est. reading time":"1 minute"},"schema":{"@context":"https:\/\/schema.org","@graph":[{"@type":"WebPage","@id":"https:\/\/patinexclusivo.com\/index.php\/product\/patines-en-linea-rollerblade-lightning-80-unisex\/","url":"https:\/\/patinexclusivo.com\/index.php\/product\/patines-en-linea-rollerblade-lightning-80-unisex\/","name":"Patines en l\u00ednea Rollerblade Lightning 80 - Unisex Rn - Pat\u00edn Exclusivo","isPartOf":{"@id":"https:\/\/patinexclusivo.com\/#website"},"datePublished":"2024-09-07T05:46:22+00:00","dateModified":"2024-09-07T07:25:56+00:00","breadcrumb":{"@id":"https:\/\/patinexclusivo.com\/index.php\/product\/patines-en-linea-rollerblade-lightning-80-unisex\/#breadcrumb"},"inLanguage":"en-US","potentialAction":[{"@type":"ReadAction","target":["https:\/\/patinexclusivo.com\/index.php\/product\/patines-en-linea-rollerblade-lightning-80-unisex\/"]}]},{"@type":"BreadcrumbList","@id":"https:\/\/patinexclusivo.com\/index.php\/product\/patines-en-linea-rollerblade-lightning-80-unisex\/#breadcrumb","itemListElement":[{"@type":"ListItem","position":1,"name":"Inicio","item":"https:\/\/patinexclusivo.com\/"},{"@type":"ListItem","position":2,"name":"Shop","item":"https:\/\/patinexclusivo.com\/index.php\/shop\/"},{"@type":"ListItem","position":3,"name":"Patines en l\u00ednea Rollerblade Lightning 80 &#8211; Unisex Rn"}]},{"@type":"WebSite","@id":"https:\/\/patinexclusivo.com\/#website","url":"https:\/\/patinexclusivo.com\/","name":"Pat\u00edn Exclusivo","description":"\ud83d\udefc Rollers SLP: Tu destino #1 para patines en San Luis Potos\u00ed! Encuentra los mejores estilos y marcas \ud83c\udf1f, consejos de expertos \ud83d\udcda y accesorios para patinaje. \u00a1Vis\u00edtanos y rueda con estilo! \ud83c\udf08\u2728","publisher":{"@id":"https:\/\/patinexclusivo.com\/#organization"},"potentialAction":[{"@type":"SearchAction","target":{"@type":"EntryPoint","urlTemplate":"https:\/\/patinexclusivo.com\/?s={search_term_string}"},"query-input":"required name=search_term_string"}],"inLanguage":"en-US"},{"@type":"Organization","@id":"https:\/\/patinexclusivo.com\/#organization","name":"Pat\u00edn Exclusivo","url":"https:\/\/patinexclusivo.com\/","logo":{"@type":"ImageObject","inLanguage":"en-US","@id":"https:\/\/patinexclusivo.com\/#\/schema\/logo\/image\/","url":"https:\/\/patinexclusivo.com\/wp-content\/uploads\/2025\/01\/cropped-cropped-WhatsApp-Image-2025-01-29-at-7.00.40-PM.jpeg","contentUrl":"https:\/\/patinexclusivo.com\/wp-content\/uploads\/2025\/01\/cropped-cropped-WhatsApp-Image-2025-01-29-at-7.00.40-PM.jpeg","width":583,"height":568,"caption":"Pat\u00edn Exclusivo"},"image":{"@id":"https:\/\/patinexclusivo.com\/#\/schema\/logo\/image\/"}}]}},"_links":{"self":[{"href":"https:\/\/patinexclusivo.com\/index.php\/wp-json\/wp\/v2\/product\/1562"}],"collection":[{"href":"https:\/\/patinexclusivo.com\/index.php\/wp-json\/wp\/v2\/product"}],"about":[{"href":"https:\/\/patinexclusivo.com\/index.php\/wp-json\/wp\/v2\/types\/product"}],"replies":[{"embeddable":true,"href":"https:\/\/patinexclusivo.com\/index.php\/wp-json\/wp\/v2\/comments?post=1562"}],"version-history":[{"count":3,"href":"https:\/\/patinexclusivo.com\/index.php\/wp-json\/wp\/v2\/product\/1562\/revisions"}],"predecessor-version":[{"id":1581,"href":"https:\/\/patinexclusivo.com\/index.php\/wp-json\/wp\/v2\/product\/1562\/revisions\/1581"}],"wp:featuredmedia":[{"embeddable":true,"href":"https:\/\/patinexclusivo.com\/index.php\/wp-json\/wp\/v2\/media\/1563"}],"wp:attachment":[{"href":"https:\/\/patinexclusivo.com\/index.php\/wp-json\/wp\/v2\/media?parent=1562"}],"wp:term":[{"taxonomy":"product_cat","embeddable":true,"href":"https:\/\/patinexclusivo.com\/index.php\/wp-json\/wp\/v2\/product_cat?post=1562"},{"taxonomy":"product_tag","embeddable":true,"href":"https:\/\/patinexclusivo.com\/index.php\/wp-json\/wp\/v2\/product_tag?post=1562"}],"curies":[{"name":"wp","href":"https:\/\/api.w.org\/{rel}","templated":true}]}}