{"id":1574,"date":"2024-09-07T07:10:55","date_gmt":"2024-09-07T07:10:55","guid":{"rendered":"https:\/\/patinexclusivo.com\/?post_type=product&#038;p=1574"},"modified":"2024-09-07T07:26:27","modified_gmt":"2024-09-07T07:26:27","slug":"patines-fr1-80-unisex-negro","status":"publish","type":"product","link":"https:\/\/patinexclusivo.com\/index.php\/product\/patines-fr1-80-unisex-negro\/","title":{"rendered":"Patines FR1 80 &#8211; Unisex &#8211; Negro Rn"},"content":{"rendered":"<table class=\"feature-table\">\n<tbody>\n<tr>\n<td><span>Estilo de patinaje:<\/span><\/td>\n<td class=\"feature-table__value\"><span>Urbano \/ Ciudad, Crucero \/ Ocio<\/span><\/td>\n<\/tr>\n<tr>\n<td><span>Tipo de pat\u00edn:<\/span><\/td>\n<td class=\"feature-table__value\"><span>Patines de 4 ruedas con bota dura<\/span><\/td>\n<\/tr>\n<tr>\n<td><span>Material de la bota:<\/span><\/td>\n<td class=\"feature-table__value\"><span>Pl\u00e1stico<\/span><\/td>\n<\/tr>\n<tr>\n<td><span>Cordones:<\/span><\/td>\n<td class=\"feature-table__value\"><span>Est\u00e1ndar<\/span><\/td>\n<\/tr>\n<tr>\n<td><span>Transatl\u00e1ntico:<\/span><\/td>\n<td class=\"feature-table__value\"><span>Existencias<\/span><\/td>\n<\/tr>\n<tr>\n<td><span>Almohadilla amortiguadora:<\/span><\/td>\n<td class=\"feature-table__value\"><span>S\u00ed<\/span><\/td>\n<\/tr>\n<tr>\n<td><span>Marca del marco:<\/span><\/td>\n<td class=\"feature-table__value\"><span>Patines FR<\/span><\/td>\n<\/tr>\n<tr>\n<td><span>Montaje del marco:<\/span><\/td>\n<td class=\"feature-table__value\"><span>Cl\u00e1sico (montura 165)<\/span><\/td>\n<\/tr>\n<tr>\n<td><span>Material del marco:<\/span><\/td>\n<td class=\"feature-table__value\"><span>Aluminio<\/span><\/td>\n<\/tr>\n<tr>\n<td><span>Longitud del marco:<\/span><\/td>\n<td class=\"feature-table__value\"><span>243 mm<\/span><\/td>\n<\/tr>\n<tr>\n<td><span>Balanc\u00edn de cuadro:<\/span><\/td>\n<td class=\"feature-table__value\"><span>Plano (sin balanc\u00edn)<\/span><\/td>\n<\/tr>\n<tr>\n<td><span>Ejes:<\/span><\/td>\n<td class=\"feature-table__value\"><span>Velocidad de 8 mm (un eje que se atornilla a la pared del marco)<\/span><\/td>\n<\/tr>\n<tr>\n<td><span>Marca de la rueda:<\/span><\/td>\n<td class=\"feature-table__value\"><span>Invasor de la calle II<\/span><\/td>\n<\/tr>\n<tr>\n<td><span>Tama\u00f1o de la rueda:<\/span><\/td>\n<td class=\"feature-table__value\"><span>80 mm<\/span><\/td>\n<\/tr>\n<tr>\n<td><span>Dureza de la rueda:<\/span><\/td>\n<td class=\"feature-table__value\"><span>84a<\/span><\/td>\n<\/tr>\n<tr>\n<td><span>Perfil de la rueda:<\/span><\/td>\n<td class=\"feature-table__value\"><span>Redondo<\/span><\/td>\n<\/tr>\n<tr>\n<td><span>Marca de rodamientos:<\/span><\/td>\n<td class=\"feature-table__value\"><span>C\u00e1mara doble<\/span><\/td>\n<\/tr>\n<tr>\n<td><span>Clasificaci\u00f3n del rodamiento:<\/span><\/td>\n<td class=\"feature-table__value\"><span>MW7<\/span><\/td>\n<\/tr>\n<\/tbody>\n<\/table>\n<p>Talla 24.2cm, 24.8cm, 25.5cm, 26cm, 27cm, 27.5cm, 28.2cm, 29cm, 29.6cm, 30.9cm.<\/p>\n","protected":false},"excerpt":{"rendered":"<p>SOLO POR PEDIDO<\/p>\n<p><span data-preserver-spaces=\"true\">El FR Skates FR1 80 es\u00a0<strong>EL<\/strong>\u00a0pat\u00edn est\u00e1ndar de la industria (solo nuestra opini\u00f3n), respaldado por los comentarios de los clientes y las ventas impresionantes durante la \u00faltima d\u00e9cada. Deber\u00eda ser parte del arsenal de cualquier patinador, ya que es realmente incre\u00edble.<\/p>\n<p>La bota de carcasa dura ha sido sometida a pruebas de atletas de \u00e9lite para garantizar tanto el m\u00e1ximo rendimiento como la absorci\u00f3n de impactos. La carcasa responde al mismo tiempo que reduce las vibraciones de la carretera para una sensaci\u00f3n m\u00e1s suave. La amplia abertura de los cordones permite un ajuste f\u00e1cil, mientras que el pu\u00f1o multiposicional proporciona un soporte de tobillo personalizado (que tambi\u00e9n cambia la dorsiflexi\u00f3n). El bot\u00edn es el M\u00c1S c\u00f3modo que hemos tenido en nuestros pies, amortiguando el pie para un mayor control de la fatiga.<\/p>\n<p>La placa base de 7 puntos es una caracter\u00edstica oculta que hace gran parte del trabajo preliminar. Permite a los usuarios ajustar el marco para que se adapte a su estilo de conducci\u00f3n, adem\u00e1s de ofrecer una capacidad de respuesta excepcional sin comprometer la comodidad general.<\/p>\n<p><\/span><span>El marco 4D es liviano, robusto y est\u00e1 dise\u00f1ado ergon\u00f3micamente para un rendimiento superior. Junto con las ruedas Street Invader II y los rodamientos MW9, la configuraci\u00f3n es de \u00e9lite.<\/span><\/p>\n<p><span>Probablemente el pat\u00edn con mejor rendimiento para facilidad de uso general, ciudad, costa, ir r\u00e1pido, ir lento, paseos, parques y recreaci\u00f3n.<\/span><\/p>\n<p><strong>Recomendaci\u00f3n de talla: \u00a0este pat\u00edn calza en una talla peque\u00f1a, por lo que es mejor comprar una talla M\u00c1S GRANDE que tu talla de calzado habitual.<\/strong><\/p>\n","protected":false},"featured_media":1575,"comment_status":"open","ping_status":"closed","template":"","meta":{"rop_custom_images_group":[],"rop_custom_messages_group":[],"rop_publish_now":"initial","rop_publish_now_accounts":[],"rop_publish_now_history":[],"rop_publish_now_status":"pending"},"product_cat":[34],"product_tag":[],"class_list":{"0":"post-1574","1":"product","2":"type-product","3":"status-publish","4":"has-post-thumbnail","6":"product_cat-freeskate","7":"post","9":"first","10":"instock","11":"sale","12":"shipping-taxable","13":"purchasable","14":"product-type-simple"},"yoast_head":"<!-- This site is optimized with the Yoast SEO plugin v21.9.1 - https:\/\/yoast.com\/wordpress\/plugins\/seo\/ -->\n<title>Patines FR1 80 - Unisex - Negro Rn - Pat\u00edn Exclusivo<\/title>\n<meta name=\"robots\" content=\"index, follow, max-snippet:-1, max-image-preview:large, max-video-preview:-1\" \/>\n<link rel=\"canonical\" href=\"https:\/\/patinexclusivo.com\/index.php\/product\/patines-fr1-80-unisex-negro\/\" \/>\n<meta property=\"og:locale\" content=\"en_US\" \/>\n<meta property=\"og:type\" content=\"article\" \/>\n<meta property=\"og:title\" content=\"Patines FR1 80 - Unisex - Negro Rn - Pat\u00edn Exclusivo\" \/>\n<meta property=\"og:description\" content=\"SOLO POR PEDIDO  El FR Skates FR1 80 es\u00a0EL\u00a0pat\u00edn est\u00e1ndar de la industria (solo nuestra opini\u00f3n), respaldado por los comentarios de los clientes y las ventas impresionantes durante la \u00faltima d\u00e9cada. Deber\u00eda ser parte del arsenal de cualquier patinador, ya que es realmente incre\u00edble.  La bota de carcasa dura ha sido sometida a pruebas de atletas de \u00e9lite para garantizar tanto el m\u00e1ximo rendimiento como la absorci\u00f3n de impactos. La carcasa responde al mismo tiempo que reduce las vibraciones de la carretera para una sensaci\u00f3n m\u00e1s suave. La amplia abertura de los cordones permite un ajuste f\u00e1cil, mientras que el pu\u00f1o multiposicional proporciona un soporte de tobillo personalizado (que tambi\u00e9n cambia la dorsiflexi\u00f3n). El bot\u00edn es el M\u00c1S c\u00f3modo que hemos tenido en nuestros pies, amortiguando el pie para un mayor control de la fatiga.  La placa base de 7 puntos es una caracter\u00edstica oculta que hace gran parte del trabajo preliminar. Permite a los usuarios ajustar el marco para que se adapte a su estilo de conducci\u00f3n, adem\u00e1s de ofrecer una capacidad de respuesta excepcional sin comprometer la comodidad general.  El marco 4D es liviano, robusto y est\u00e1 dise\u00f1ado ergon\u00f3micamente para un rendimiento superior. Junto con las ruedas Street Invader II y los rodamientos MW9, la configuraci\u00f3n es de \u00e9lite.  Probablemente el pat\u00edn con mejor rendimiento para facilidad de uso general, ciudad, costa, ir r\u00e1pido, ir lento, paseos, parques y recreaci\u00f3n.  Recomendaci\u00f3n de talla: \u00a0este pat\u00edn calza en una talla peque\u00f1a, por lo que es mejor comprar una talla M\u00c1S GRANDE que tu talla de calzado habitual.\" \/>\n<meta property=\"og:url\" content=\"https:\/\/patinexclusivo.com\/index.php\/product\/patines-fr1-80-unisex-negro\/\" \/>\n<meta property=\"og:site_name\" content=\"Pat\u00edn Exclusivo\" \/>\n<meta property=\"article:modified_time\" content=\"2024-09-07T07:26:27+00:00\" \/>\n<meta property=\"og:image\" content=\"https:\/\/patinexclusivo.com\/wp-content\/uploads\/2024\/09\/FR-Skates-FR1-80-2.webp\" \/>\n\t<meta property=\"og:image:width\" content=\"1100\" \/>\n\t<meta property=\"og:image:height\" content=\"1100\" \/>\n\t<meta property=\"og:image:type\" content=\"image\/webp\" \/>\n<meta name=\"twitter:card\" content=\"summary_large_image\" \/>\n<meta name=\"twitter:label1\" content=\"Est. reading time\" \/>\n\t<meta name=\"twitter:data1\" content=\"1 minute\" \/>\n<script type=\"application\/ld+json\" class=\"yoast-schema-graph\">{\"@context\":\"https:\/\/schema.org\",\"@graph\":[{\"@type\":\"WebPage\",\"@id\":\"https:\/\/patinexclusivo.com\/index.php\/product\/patines-fr1-80-unisex-negro\/\",\"url\":\"https:\/\/patinexclusivo.com\/index.php\/product\/patines-fr1-80-unisex-negro\/\",\"name\":\"Patines FR1 80 - Unisex - Negro Rn - Pat\u00edn Exclusivo\",\"isPartOf\":{\"@id\":\"https:\/\/patinexclusivo.com\/#website\"},\"datePublished\":\"2024-09-07T07:10:55+00:00\",\"dateModified\":\"2024-09-07T07:26:27+00:00\",\"breadcrumb\":{\"@id\":\"https:\/\/patinexclusivo.com\/index.php\/product\/patines-fr1-80-unisex-negro\/#breadcrumb\"},\"inLanguage\":\"en-US\",\"potentialAction\":[{\"@type\":\"ReadAction\",\"target\":[\"https:\/\/patinexclusivo.com\/index.php\/product\/patines-fr1-80-unisex-negro\/\"]}]},{\"@type\":\"BreadcrumbList\",\"@id\":\"https:\/\/patinexclusivo.com\/index.php\/product\/patines-fr1-80-unisex-negro\/#breadcrumb\",\"itemListElement\":[{\"@type\":\"ListItem\",\"position\":1,\"name\":\"Inicio\",\"item\":\"https:\/\/patinexclusivo.com\/\"},{\"@type\":\"ListItem\",\"position\":2,\"name\":\"Shop\",\"item\":\"https:\/\/patinexclusivo.com\/index.php\/shop\/\"},{\"@type\":\"ListItem\",\"position\":3,\"name\":\"Patines FR1 80 &#8211; Unisex &#8211; Negro Rn\"}]},{\"@type\":\"WebSite\",\"@id\":\"https:\/\/patinexclusivo.com\/#website\",\"url\":\"https:\/\/patinexclusivo.com\/\",\"name\":\"Pat\u00edn Exclusivo\",\"description\":\"\ud83d\udefc Rollers SLP: Tu destino #1 para patines en San Luis Potos\u00ed! Encuentra los mejores estilos y marcas \ud83c\udf1f, consejos de expertos \ud83d\udcda y accesorios para patinaje. \u00a1Vis\u00edtanos y rueda con estilo! \ud83c\udf08\u2728\",\"publisher\":{\"@id\":\"https:\/\/patinexclusivo.com\/#organization\"},\"potentialAction\":[{\"@type\":\"SearchAction\",\"target\":{\"@type\":\"EntryPoint\",\"urlTemplate\":\"https:\/\/patinexclusivo.com\/?s={search_term_string}\"},\"query-input\":\"required name=search_term_string\"}],\"inLanguage\":\"en-US\"},{\"@type\":\"Organization\",\"@id\":\"https:\/\/patinexclusivo.com\/#organization\",\"name\":\"Pat\u00edn Exclusivo\",\"url\":\"https:\/\/patinexclusivo.com\/\",\"logo\":{\"@type\":\"ImageObject\",\"inLanguage\":\"en-US\",\"@id\":\"https:\/\/patinexclusivo.com\/#\/schema\/logo\/image\/\",\"url\":\"https:\/\/patinexclusivo.com\/wp-content\/uploads\/2025\/01\/cropped-cropped-WhatsApp-Image-2025-01-29-at-7.00.40-PM.jpeg\",\"contentUrl\":\"https:\/\/patinexclusivo.com\/wp-content\/uploads\/2025\/01\/cropped-cropped-WhatsApp-Image-2025-01-29-at-7.00.40-PM.jpeg\",\"width\":583,\"height\":568,\"caption\":\"Pat\u00edn Exclusivo\"},\"image\":{\"@id\":\"https:\/\/patinexclusivo.com\/#\/schema\/logo\/image\/\"}}]}<\/script>\n<!-- \/ Yoast SEO plugin. -->","yoast_head_json":{"title":"Patines FR1 80 - Unisex - Negro Rn - Pat\u00edn Exclusivo","robots":{"index":"index","follow":"follow","max-snippet":"max-snippet:-1","max-image-preview":"max-image-preview:large","max-video-preview":"max-video-preview:-1"},"canonical":"https:\/\/patinexclusivo.com\/index.php\/product\/patines-fr1-80-unisex-negro\/","og_locale":"en_US","og_type":"article","og_title":"Patines FR1 80 - Unisex - Negro Rn - Pat\u00edn Exclusivo","og_description":"SOLO POR PEDIDO  El FR Skates FR1 80 es\u00a0EL\u00a0pat\u00edn est\u00e1ndar de la industria (solo nuestra opini\u00f3n), respaldado por los comentarios de los clientes y las ventas impresionantes durante la \u00faltima d\u00e9cada. Deber\u00eda ser parte del arsenal de cualquier patinador, ya que es realmente incre\u00edble.  La bota de carcasa dura ha sido sometida a pruebas de atletas de \u00e9lite para garantizar tanto el m\u00e1ximo rendimiento como la absorci\u00f3n de impactos. La carcasa responde al mismo tiempo que reduce las vibraciones de la carretera para una sensaci\u00f3n m\u00e1s suave. La amplia abertura de los cordones permite un ajuste f\u00e1cil, mientras que el pu\u00f1o multiposicional proporciona un soporte de tobillo personalizado (que tambi\u00e9n cambia la dorsiflexi\u00f3n). El bot\u00edn es el M\u00c1S c\u00f3modo que hemos tenido en nuestros pies, amortiguando el pie para un mayor control de la fatiga.  La placa base de 7 puntos es una caracter\u00edstica oculta que hace gran parte del trabajo preliminar. Permite a los usuarios ajustar el marco para que se adapte a su estilo de conducci\u00f3n, adem\u00e1s de ofrecer una capacidad de respuesta excepcional sin comprometer la comodidad general.  El marco 4D es liviano, robusto y est\u00e1 dise\u00f1ado ergon\u00f3micamente para un rendimiento superior. Junto con las ruedas Street Invader II y los rodamientos MW9, la configuraci\u00f3n es de \u00e9lite.  Probablemente el pat\u00edn con mejor rendimiento para facilidad de uso general, ciudad, costa, ir r\u00e1pido, ir lento, paseos, parques y recreaci\u00f3n.  Recomendaci\u00f3n de talla: \u00a0este pat\u00edn calza en una talla peque\u00f1a, por lo que es mejor comprar una talla M\u00c1S GRANDE que tu talla de calzado habitual.","og_url":"https:\/\/patinexclusivo.com\/index.php\/product\/patines-fr1-80-unisex-negro\/","og_site_name":"Pat\u00edn Exclusivo","article_modified_time":"2024-09-07T07:26:27+00:00","og_image":[{"width":1100,"height":1100,"url":"https:\/\/patinexclusivo.com\/wp-content\/uploads\/2024\/09\/FR-Skates-FR1-80-2.webp","type":"image\/webp"}],"twitter_card":"summary_large_image","twitter_misc":{"Est. reading time":"1 minute"},"schema":{"@context":"https:\/\/schema.org","@graph":[{"@type":"WebPage","@id":"https:\/\/patinexclusivo.com\/index.php\/product\/patines-fr1-80-unisex-negro\/","url":"https:\/\/patinexclusivo.com\/index.php\/product\/patines-fr1-80-unisex-negro\/","name":"Patines FR1 80 - Unisex - Negro Rn - Pat\u00edn Exclusivo","isPartOf":{"@id":"https:\/\/patinexclusivo.com\/#website"},"datePublished":"2024-09-07T07:10:55+00:00","dateModified":"2024-09-07T07:26:27+00:00","breadcrumb":{"@id":"https:\/\/patinexclusivo.com\/index.php\/product\/patines-fr1-80-unisex-negro\/#breadcrumb"},"inLanguage":"en-US","potentialAction":[{"@type":"ReadAction","target":["https:\/\/patinexclusivo.com\/index.php\/product\/patines-fr1-80-unisex-negro\/"]}]},{"@type":"BreadcrumbList","@id":"https:\/\/patinexclusivo.com\/index.php\/product\/patines-fr1-80-unisex-negro\/#breadcrumb","itemListElement":[{"@type":"ListItem","position":1,"name":"Inicio","item":"https:\/\/patinexclusivo.com\/"},{"@type":"ListItem","position":2,"name":"Shop","item":"https:\/\/patinexclusivo.com\/index.php\/shop\/"},{"@type":"ListItem","position":3,"name":"Patines FR1 80 &#8211; Unisex &#8211; Negro Rn"}]},{"@type":"WebSite","@id":"https:\/\/patinexclusivo.com\/#website","url":"https:\/\/patinexclusivo.com\/","name":"Pat\u00edn Exclusivo","description":"\ud83d\udefc Rollers SLP: Tu destino #1 para patines en San Luis Potos\u00ed! Encuentra los mejores estilos y marcas \ud83c\udf1f, consejos de expertos \ud83d\udcda y accesorios para patinaje. \u00a1Vis\u00edtanos y rueda con estilo! \ud83c\udf08\u2728","publisher":{"@id":"https:\/\/patinexclusivo.com\/#organization"},"potentialAction":[{"@type":"SearchAction","target":{"@type":"EntryPoint","urlTemplate":"https:\/\/patinexclusivo.com\/?s={search_term_string}"},"query-input":"required name=search_term_string"}],"inLanguage":"en-US"},{"@type":"Organization","@id":"https:\/\/patinexclusivo.com\/#organization","name":"Pat\u00edn Exclusivo","url":"https:\/\/patinexclusivo.com\/","logo":{"@type":"ImageObject","inLanguage":"en-US","@id":"https:\/\/patinexclusivo.com\/#\/schema\/logo\/image\/","url":"https:\/\/patinexclusivo.com\/wp-content\/uploads\/2025\/01\/cropped-cropped-WhatsApp-Image-2025-01-29-at-7.00.40-PM.jpeg","contentUrl":"https:\/\/patinexclusivo.com\/wp-content\/uploads\/2025\/01\/cropped-cropped-WhatsApp-Image-2025-01-29-at-7.00.40-PM.jpeg","width":583,"height":568,"caption":"Pat\u00edn Exclusivo"},"image":{"@id":"https:\/\/patinexclusivo.com\/#\/schema\/logo\/image\/"}}]}},"_links":{"self":[{"href":"https:\/\/patinexclusivo.com\/index.php\/wp-json\/wp\/v2\/product\/1574"}],"collection":[{"href":"https:\/\/patinexclusivo.com\/index.php\/wp-json\/wp\/v2\/product"}],"about":[{"href":"https:\/\/patinexclusivo.com\/index.php\/wp-json\/wp\/v2\/types\/product"}],"replies":[{"embeddable":true,"href":"https:\/\/patinexclusivo.com\/index.php\/wp-json\/wp\/v2\/comments?post=1574"}],"version-history":[{"count":2,"href":"https:\/\/patinexclusivo.com\/index.php\/wp-json\/wp\/v2\/product\/1574\/revisions"}],"predecessor-version":[{"id":1584,"href":"https:\/\/patinexclusivo.com\/index.php\/wp-json\/wp\/v2\/product\/1574\/revisions\/1584"}],"wp:featuredmedia":[{"embeddable":true,"href":"https:\/\/patinexclusivo.com\/index.php\/wp-json\/wp\/v2\/media\/1575"}],"wp:attachment":[{"href":"https:\/\/patinexclusivo.com\/index.php\/wp-json\/wp\/v2\/media?parent=1574"}],"wp:term":[{"taxonomy":"product_cat","embeddable":true,"href":"https:\/\/patinexclusivo.com\/index.php\/wp-json\/wp\/v2\/product_cat?post=1574"},{"taxonomy":"product_tag","embeddable":true,"href":"https:\/\/patinexclusivo.com\/index.php\/wp-json\/wp\/v2\/product_tag?post=1574"}],"curies":[{"name":"wp","href":"https:\/\/api.w.org\/{rel}","templated":true}]}}