{"id":1586,"date":"2024-09-07T08:17:22","date_gmt":"2024-09-07T08:17:22","guid":{"rendered":"https:\/\/patinexclusivo.com\/?post_type=product&#038;p=1586"},"modified":"2024-09-07T08:18:52","modified_gmt":"2024-09-07T08:18:52","slug":"patines-en-linea-powerslide-next-core-110-unisex-blanco-negro-2024-rn","status":"publish","type":"product","link":"https:\/\/patinexclusivo.com\/index.php\/product\/patines-en-linea-powerslide-next-core-110-unisex-blanco-negro-2024-rn\/","title":{"rendered":"Patines en l\u00ednea Powerslide Next Core 110 &#8211; Unisex &#8211; Blanco\/Negro &#8211; 2024 Rn"},"content":{"rendered":"<table class=\"feature-table\">\n<tbody>\n<tr>\n<td><span><span style=\"vertical-align: inherit;\"><span style=\"vertical-align: inherit;\">Estilo de patinaje:<\/span><\/span><\/span><\/td>\n<td class=\"feature-table__value\"><span><span style=\"vertical-align: inherit;\"><span style=\"vertical-align: inherit;\">Urbano\/Ciudad, Larga distancia<\/span><\/span><\/span><\/td>\n<\/tr>\n<tr>\n<td><span><span style=\"vertical-align: inherit;\"><span style=\"vertical-align: inherit;\">Tipo de pat\u00edn:<\/span><\/span><\/span><\/td>\n<td class=\"feature-table__value\"><span><span style=\"vertical-align: inherit;\"><span style=\"vertical-align: inherit;\">Patines de 3 ruedas, botas r\u00edgidas<\/span><\/span><\/span><\/td>\n<\/tr>\n<tr>\n<td><span><span style=\"vertical-align: inherit;\"><span style=\"vertical-align: inherit;\">Material de la bota:<\/span><\/span><\/span><\/td>\n<td class=\"feature-table__value\"><span><span style=\"vertical-align: inherit;\"><span style=\"vertical-align: inherit;\">Plastico<\/span><\/span><\/span><\/td>\n<\/tr>\n<tr>\n<td><span><span style=\"vertical-align: inherit;\"><span style=\"vertical-align: inherit;\">Cordones:<\/span><\/span><\/span><\/td>\n<td class=\"feature-table__value\"><span><span style=\"vertical-align: inherit;\"><span style=\"vertical-align: inherit;\">Est\u00e1ndar<\/span><\/span><\/span><\/td>\n<\/tr>\n<tr>\n<td><span><span style=\"vertical-align: inherit;\"><span style=\"vertical-align: inherit;\">Transatl\u00e1ntico:<\/span><\/span><\/span><\/td>\n<td class=\"feature-table__value\"><span><span style=\"vertical-align: inherit;\"><span style=\"vertical-align: inherit;\">Retirado del mercado de MyFit<\/span><\/span><\/span><\/td>\n<\/tr>\n<tr>\n<td><span><span style=\"vertical-align: inherit;\"><span style=\"vertical-align: inherit;\">Almohadilla amortiguadora:<\/span><\/span><\/span><\/td>\n<td class=\"feature-table__value\"><span><span style=\"vertical-align: inherit;\"><span style=\"vertical-align: inherit;\">Si<\/span><\/span><\/span><\/td>\n<\/tr>\n<tr>\n<td><span><span style=\"vertical-align: inherit;\"><span style=\"vertical-align: inherit;\">Marca del marco:<\/span><\/span><\/span><\/td>\n<td class=\"feature-table__value\"><span><span style=\"vertical-align: inherit;\"><span style=\"vertical-align: inherit;\">Deslizamiento de potencia<\/span><\/span><\/span><\/td>\n<\/tr>\n<tr>\n<td><span><span style=\"vertical-align: inherit;\"><span style=\"vertical-align: inherit;\">Montaje del marco:<\/span><\/span><\/span><\/td>\n<td class=\"feature-table__value\"><span><span style=\"vertical-align: inherit;\"><span style=\"vertical-align: inherit;\">Trinidad<\/span><\/span><\/span><\/td>\n<\/tr>\n<tr>\n<td><span><span style=\"vertical-align: inherit;\"><span style=\"vertical-align: inherit;\">Material del marco:<\/span><\/span><\/span><\/td>\n<td class=\"feature-table__value\"><span><span style=\"vertical-align: inherit;\"><span style=\"vertical-align: inherit;\">Aluminio<\/span><\/span><\/span><\/td>\n<\/tr>\n<tr>\n<td><span><span style=\"vertical-align: inherit;\"><span style=\"vertical-align: inherit;\">Longitud del marco:<\/span><\/span><\/span><\/td>\n<td class=\"feature-table__value\"><span><span style=\"vertical-align: inherit;\"><span style=\"vertical-align: inherit;\">243 mil\u00edmetros, 270 mil\u00edmetros<\/span><\/span><\/span><\/td>\n<\/tr>\n<tr>\n<td><span><span style=\"vertical-align: inherit;\"><span style=\"vertical-align: inherit;\">Balanc\u00edn de cuadro:<\/span><\/span><\/span><\/td>\n<td class=\"feature-table__value\"><span><span style=\"vertical-align: inherit;\"><span style=\"vertical-align: inherit;\">Plano (sin balanc\u00edn)<\/span><\/span><\/span><\/td>\n<\/tr>\n<tr>\n<td><span><span style=\"vertical-align: inherit;\"><span style=\"vertical-align: inherit;\">Ejes:<\/span><\/span><\/span><\/td>\n<td class=\"feature-table__value\"><span><span style=\"vertical-align: inherit;\"><span style=\"vertical-align: inherit;\">Velocidad de 8 mm (un eje que se atornilla a la pared del marco)<\/span><\/span><\/span><\/td>\n<\/tr>\n<tr>\n<td><span><span style=\"vertical-align: inherit;\"><span style=\"vertical-align: inherit;\">Marca de la rueda:<\/span><\/span><\/span><\/td>\n<td class=\"feature-table__value\"><span><span style=\"vertical-align: inherit;\"><span style=\"vertical-align: inherit;\">Deslizamiento de potencia<\/span><\/span><\/span><\/td>\n<\/tr>\n<tr>\n<td><span><span style=\"vertical-align: inherit;\"><span style=\"vertical-align: inherit;\">Tama\u00f1o de la rueda:<\/span><\/span><\/span><\/td>\n<td class=\"feature-table__value\"><span><span style=\"vertical-align: inherit;\"><span style=\"vertical-align: inherit;\">110 mil\u00edmetros<\/span><\/span><\/span><\/td>\n<\/tr>\n<tr>\n<td><span><span style=\"vertical-align: inherit;\"><span style=\"vertical-align: inherit;\">Dureza de la rueda:<\/span><\/span><\/span><\/td>\n<td class=\"feature-table__value\"><span><span style=\"vertical-align: inherit;\"><span style=\"vertical-align: inherit;\">88a<\/span><\/span><\/span><\/td>\n<\/tr>\n<tr>\n<td><span><span style=\"vertical-align: inherit;\"><span style=\"vertical-align: inherit;\">Perfil de la rueda:<\/span><\/span><\/span><\/td>\n<td class=\"feature-table__value\"><span><span style=\"vertical-align: inherit;\"><span style=\"vertical-align: inherit;\">Redondo<\/span><\/span><\/span><\/td>\n<\/tr>\n<tr>\n<td><span><span style=\"vertical-align: inherit;\"><span style=\"vertical-align: inherit;\">Marca de rodamientos:<\/span><\/span><\/span><\/td>\n<td class=\"feature-table__value\"><span><span style=\"vertical-align: inherit;\"><span style=\"vertical-align: inherit;\">Malvado<\/span><\/span><\/span><\/td>\n<\/tr>\n<tr>\n<td><span><span style=\"vertical-align: inherit;\"><span style=\"vertical-align: inherit;\">Clasificaci\u00f3n del refrigerador:<\/span><\/span><\/span><\/td>\n<td class=\"feature-table__value\"><span><span style=\"vertical-align: inherit;\"><span style=\"vertical-align: inherit;\">Abec 9<\/span><\/span><\/span><\/td>\n<\/tr>\n<tr>\n<td><span><span style=\"vertical-align: inherit;\"><span style=\"vertical-align: inherit;\">Freno incluido:<\/span><\/span><\/span><\/td>\n<td class=\"feature-table__value\"><span><span style=\"vertical-align: inherit;\"><span style=\"vertical-align: inherit;\">No<\/span><\/span><\/span><\/td>\n<\/tr>\n<\/tbody>\n<\/table>\n<p><span style=\"vertical-align: inherit;\"><span style=\"vertical-align: inherit;\">Tama\u00f1o: 22,9 cm, 23,6 cm, 24 cm, 24,8 cm, 25,5 cm, 26 cm, 27 cm, 27,5 cm, 28,2 cm, 29 cm, 29,6 cm, 30,3 cm.<\/span><\/span><\/p>\n","protected":false},"excerpt":{"rendered":"<p><span style=\"vertical-align: inherit;\"><span style=\"vertical-align: inherit;\">SOLO POR PEDIDO<\/span><\/span><\/p>\n<p><span><span style=\"vertical-align: inherit;\"><span style=\"vertical-align: inherit;\">El Powerslide NEXT Core\u00a0 110 es el pat\u00edn de carcasa dura de gama alta que cuenta con montura Trinity para un rendimiento \u00f3ptimo, ideal para usuarios que buscan un rendimiento mejorado a un precio de gama media.\u00a0 <\/span><\/span><\/span><span><span style=\"vertical-align: inherit;\"><span style=\"vertical-align: inherit;\">Con la confianza de patinadores urbanos de todos los niveles, esta bota duradera est\u00e1 dise\u00f1ada para soportar los rigores de las sesiones de patinaje intensas, lo que permite a los usuarios alcanzar su potencial de patinaje.<\/span><\/span><\/span><\/p>\n<p><span style=\"vertical-align: inherit;\"><span style=\"vertical-align: inherit;\">Con un pu\u00f1o ajustable en altura para un soporte personalizado y un sistema de hebilla Kizer Clipper seguro, el NEXT Core 110 garantiza tanto el rendimiento como la seguridad en movimiento. Su marco de fundici\u00f3n Elite, junto con el famoso sistema de montaje de 3 puntos TRINITY, garantiza una velocidad, agilidad y estabilidad excepcionales, lo que facilita una transferencia de potencia eficiente y mejora el equilibrio y el control.<\/span><\/span><\/p>\n<p><span style=\"vertical-align: inherit;\"><span style=\"vertical-align: inherit;\">Equipado con ruedas Powerslide Spinner de 110 mm\/88 A y rodamientos WICKED ABEC 9, este modelo promete un andar suave por el paisaje urbano desde el primer momento.\u00a0<\/span><\/span><\/p>\n<p><strong><span style=\"vertical-align: inherit;\"><span style=\"vertical-align: inherit;\">Recomendaci\u00f3n de talla: este pat\u00edn calza medio n\u00famero m\u00e1s peque\u00f1o, por lo que es mejor comprar medio n\u00famero M\u00c1S GRANDE que tu talla de calzado habitual.<\/span><\/span><\/strong><\/p>\n","protected":false},"featured_media":1587,"comment_status":"open","ping_status":"closed","template":"","meta":{"rop_custom_images_group":[],"rop_custom_messages_group":[],"rop_publish_now":"initial","rop_publish_now_accounts":[],"rop_publish_now_history":[],"rop_publish_now_status":"pending"},"product_cat":[34],"product_tag":[],"class_list":{"0":"post-1586","1":"product","2":"type-product","3":"status-publish","4":"has-post-thumbnail","6":"product_cat-freeskate","7":"post","9":"first","10":"instock","11":"shipping-taxable","12":"purchasable","13":"product-type-simple"},"yoast_head":"<!-- This site is optimized with the Yoast SEO plugin v21.9.1 - https:\/\/yoast.com\/wordpress\/plugins\/seo\/ -->\n<title>Patines en l\u00ednea Powerslide Next Core 110 - Unisex - Blanco\/Negro - 2024 Rn - Pat\u00edn Exclusivo<\/title>\n<meta name=\"robots\" content=\"index, follow, max-snippet:-1, max-image-preview:large, max-video-preview:-1\" \/>\n<link rel=\"canonical\" href=\"https:\/\/patinexclusivo.com\/index.php\/product\/patines-en-linea-powerslide-next-core-110-unisex-blanco-negro-2024-rn\/\" \/>\n<meta property=\"og:locale\" content=\"en_US\" \/>\n<meta property=\"og:type\" content=\"article\" \/>\n<meta property=\"og:title\" content=\"Patines en l\u00ednea Powerslide Next Core 110 - Unisex - Blanco\/Negro - 2024 Rn - Pat\u00edn Exclusivo\" \/>\n<meta property=\"og:description\" content=\"SOLO POR PEDIDO  El Powerslide NEXT Core\u00a0 110 es el pat\u00edn de carcasa dura de gama alta que cuenta con montura Trinity para un rendimiento \u00f3ptimo, ideal para usuarios que buscan un rendimiento mejorado a un precio de gama media.\u00a0 Con la confianza de patinadores urbanos de todos los niveles, esta bota duradera est\u00e1 dise\u00f1ada para soportar los rigores de las sesiones de patinaje intensas, lo que permite a los usuarios alcanzar su potencial de patinaje.  Con un pu\u00f1o ajustable en altura para un soporte personalizado y un sistema de hebilla Kizer Clipper seguro, el NEXT Core 110 garantiza tanto el rendimiento como la seguridad en movimiento. Su marco de fundici\u00f3n Elite, junto con el famoso sistema de montaje de 3 puntos TRINITY, garantiza una velocidad, agilidad y estabilidad excepcionales, lo que facilita una transferencia de potencia eficiente y mejora el equilibrio y el control.  Equipado con ruedas Powerslide Spinner de 110 mm\/88 A y rodamientos WICKED ABEC 9, este modelo promete un andar suave por el paisaje urbano desde el primer momento.\u00a0  Recomendaci\u00f3n de talla: este pat\u00edn calza medio n\u00famero m\u00e1s peque\u00f1o, por lo que es mejor comprar medio n\u00famero M\u00c1S GRANDE que tu talla de calzado habitual.\" \/>\n<meta property=\"og:url\" content=\"https:\/\/patinexclusivo.com\/index.php\/product\/patines-en-linea-powerslide-next-core-110-unisex-blanco-negro-2024-rn\/\" \/>\n<meta property=\"og:site_name\" content=\"Pat\u00edn Exclusivo\" \/>\n<meta property=\"article:modified_time\" content=\"2024-09-07T08:18:52+00:00\" \/>\n<meta property=\"og:image\" content=\"https:\/\/patinexclusivo.com\/wp-content\/uploads\/2024\/09\/PS-NEXT-CORE-BLACK-1100002.webp\" \/>\n\t<meta property=\"og:image:width\" content=\"1100\" \/>\n\t<meta property=\"og:image:height\" content=\"1100\" \/>\n\t<meta property=\"og:image:type\" content=\"image\/webp\" \/>\n<meta name=\"twitter:card\" content=\"summary_large_image\" \/>\n<meta name=\"twitter:label1\" content=\"Est. reading time\" \/>\n\t<meta name=\"twitter:data1\" content=\"1 minute\" \/>\n<script type=\"application\/ld+json\" class=\"yoast-schema-graph\">{\"@context\":\"https:\/\/schema.org\",\"@graph\":[{\"@type\":\"WebPage\",\"@id\":\"https:\/\/patinexclusivo.com\/index.php\/product\/patines-en-linea-powerslide-next-core-110-unisex-blanco-negro-2024-rn\/\",\"url\":\"https:\/\/patinexclusivo.com\/index.php\/product\/patines-en-linea-powerslide-next-core-110-unisex-blanco-negro-2024-rn\/\",\"name\":\"Patines en l\u00ednea Powerslide Next Core 110 - Unisex - Blanco\/Negro - 2024 Rn - Pat\u00edn Exclusivo\",\"isPartOf\":{\"@id\":\"https:\/\/patinexclusivo.com\/#website\"},\"datePublished\":\"2024-09-07T08:17:22+00:00\",\"dateModified\":\"2024-09-07T08:18:52+00:00\",\"breadcrumb\":{\"@id\":\"https:\/\/patinexclusivo.com\/index.php\/product\/patines-en-linea-powerslide-next-core-110-unisex-blanco-negro-2024-rn\/#breadcrumb\"},\"inLanguage\":\"en-US\",\"potentialAction\":[{\"@type\":\"ReadAction\",\"target\":[\"https:\/\/patinexclusivo.com\/index.php\/product\/patines-en-linea-powerslide-next-core-110-unisex-blanco-negro-2024-rn\/\"]}]},{\"@type\":\"BreadcrumbList\",\"@id\":\"https:\/\/patinexclusivo.com\/index.php\/product\/patines-en-linea-powerslide-next-core-110-unisex-blanco-negro-2024-rn\/#breadcrumb\",\"itemListElement\":[{\"@type\":\"ListItem\",\"position\":1,\"name\":\"Inicio\",\"item\":\"https:\/\/patinexclusivo.com\/\"},{\"@type\":\"ListItem\",\"position\":2,\"name\":\"Shop\",\"item\":\"https:\/\/patinexclusivo.com\/index.php\/shop\/\"},{\"@type\":\"ListItem\",\"position\":3,\"name\":\"Patines en l\u00ednea Powerslide Next Core 110 &#8211; Unisex &#8211; Blanco\/Negro &#8211; 2024 Rn\"}]},{\"@type\":\"WebSite\",\"@id\":\"https:\/\/patinexclusivo.com\/#website\",\"url\":\"https:\/\/patinexclusivo.com\/\",\"name\":\"Pat\u00edn Exclusivo\",\"description\":\"\ud83d\udefc Rollers SLP: Tu destino #1 para patines en San Luis Potos\u00ed! Encuentra los mejores estilos y marcas \ud83c\udf1f, consejos de expertos \ud83d\udcda y accesorios para patinaje. \u00a1Vis\u00edtanos y rueda con estilo! \ud83c\udf08\u2728\",\"publisher\":{\"@id\":\"https:\/\/patinexclusivo.com\/#organization\"},\"potentialAction\":[{\"@type\":\"SearchAction\",\"target\":{\"@type\":\"EntryPoint\",\"urlTemplate\":\"https:\/\/patinexclusivo.com\/?s={search_term_string}\"},\"query-input\":\"required name=search_term_string\"}],\"inLanguage\":\"en-US\"},{\"@type\":\"Organization\",\"@id\":\"https:\/\/patinexclusivo.com\/#organization\",\"name\":\"Pat\u00edn Exclusivo\",\"url\":\"https:\/\/patinexclusivo.com\/\",\"logo\":{\"@type\":\"ImageObject\",\"inLanguage\":\"en-US\",\"@id\":\"https:\/\/patinexclusivo.com\/#\/schema\/logo\/image\/\",\"url\":\"https:\/\/patinexclusivo.com\/wp-content\/uploads\/2025\/01\/cropped-cropped-WhatsApp-Image-2025-01-29-at-7.00.40-PM.jpeg\",\"contentUrl\":\"https:\/\/patinexclusivo.com\/wp-content\/uploads\/2025\/01\/cropped-cropped-WhatsApp-Image-2025-01-29-at-7.00.40-PM.jpeg\",\"width\":583,\"height\":568,\"caption\":\"Pat\u00edn Exclusivo\"},\"image\":{\"@id\":\"https:\/\/patinexclusivo.com\/#\/schema\/logo\/image\/\"}}]}<\/script>\n<!-- \/ Yoast SEO plugin. -->","yoast_head_json":{"title":"Patines en l\u00ednea Powerslide Next Core 110 - Unisex - Blanco\/Negro - 2024 Rn - Pat\u00edn Exclusivo","robots":{"index":"index","follow":"follow","max-snippet":"max-snippet:-1","max-image-preview":"max-image-preview:large","max-video-preview":"max-video-preview:-1"},"canonical":"https:\/\/patinexclusivo.com\/index.php\/product\/patines-en-linea-powerslide-next-core-110-unisex-blanco-negro-2024-rn\/","og_locale":"en_US","og_type":"article","og_title":"Patines en l\u00ednea Powerslide Next Core 110 - Unisex - Blanco\/Negro - 2024 Rn - Pat\u00edn Exclusivo","og_description":"SOLO POR PEDIDO  El Powerslide NEXT Core\u00a0 110 es el pat\u00edn de carcasa dura de gama alta que cuenta con montura Trinity para un rendimiento \u00f3ptimo, ideal para usuarios que buscan un rendimiento mejorado a un precio de gama media.\u00a0 Con la confianza de patinadores urbanos de todos los niveles, esta bota duradera est\u00e1 dise\u00f1ada para soportar los rigores de las sesiones de patinaje intensas, lo que permite a los usuarios alcanzar su potencial de patinaje.  Con un pu\u00f1o ajustable en altura para un soporte personalizado y un sistema de hebilla Kizer Clipper seguro, el NEXT Core 110 garantiza tanto el rendimiento como la seguridad en movimiento. Su marco de fundici\u00f3n Elite, junto con el famoso sistema de montaje de 3 puntos TRINITY, garantiza una velocidad, agilidad y estabilidad excepcionales, lo que facilita una transferencia de potencia eficiente y mejora el equilibrio y el control.  Equipado con ruedas Powerslide Spinner de 110 mm\/88 A y rodamientos WICKED ABEC 9, este modelo promete un andar suave por el paisaje urbano desde el primer momento.\u00a0  Recomendaci\u00f3n de talla: este pat\u00edn calza medio n\u00famero m\u00e1s peque\u00f1o, por lo que es mejor comprar medio n\u00famero M\u00c1S GRANDE que tu talla de calzado habitual.","og_url":"https:\/\/patinexclusivo.com\/index.php\/product\/patines-en-linea-powerslide-next-core-110-unisex-blanco-negro-2024-rn\/","og_site_name":"Pat\u00edn Exclusivo","article_modified_time":"2024-09-07T08:18:52+00:00","og_image":[{"width":1100,"height":1100,"url":"https:\/\/patinexclusivo.com\/wp-content\/uploads\/2024\/09\/PS-NEXT-CORE-BLACK-1100002.webp","type":"image\/webp"}],"twitter_card":"summary_large_image","twitter_misc":{"Est. reading time":"1 minute"},"schema":{"@context":"https:\/\/schema.org","@graph":[{"@type":"WebPage","@id":"https:\/\/patinexclusivo.com\/index.php\/product\/patines-en-linea-powerslide-next-core-110-unisex-blanco-negro-2024-rn\/","url":"https:\/\/patinexclusivo.com\/index.php\/product\/patines-en-linea-powerslide-next-core-110-unisex-blanco-negro-2024-rn\/","name":"Patines en l\u00ednea Powerslide Next Core 110 - Unisex - Blanco\/Negro - 2024 Rn - Pat\u00edn Exclusivo","isPartOf":{"@id":"https:\/\/patinexclusivo.com\/#website"},"datePublished":"2024-09-07T08:17:22+00:00","dateModified":"2024-09-07T08:18:52+00:00","breadcrumb":{"@id":"https:\/\/patinexclusivo.com\/index.php\/product\/patines-en-linea-powerslide-next-core-110-unisex-blanco-negro-2024-rn\/#breadcrumb"},"inLanguage":"en-US","potentialAction":[{"@type":"ReadAction","target":["https:\/\/patinexclusivo.com\/index.php\/product\/patines-en-linea-powerslide-next-core-110-unisex-blanco-negro-2024-rn\/"]}]},{"@type":"BreadcrumbList","@id":"https:\/\/patinexclusivo.com\/index.php\/product\/patines-en-linea-powerslide-next-core-110-unisex-blanco-negro-2024-rn\/#breadcrumb","itemListElement":[{"@type":"ListItem","position":1,"name":"Inicio","item":"https:\/\/patinexclusivo.com\/"},{"@type":"ListItem","position":2,"name":"Shop","item":"https:\/\/patinexclusivo.com\/index.php\/shop\/"},{"@type":"ListItem","position":3,"name":"Patines en l\u00ednea Powerslide Next Core 110 &#8211; Unisex &#8211; Blanco\/Negro &#8211; 2024 Rn"}]},{"@type":"WebSite","@id":"https:\/\/patinexclusivo.com\/#website","url":"https:\/\/patinexclusivo.com\/","name":"Pat\u00edn Exclusivo","description":"\ud83d\udefc Rollers SLP: Tu destino #1 para patines en San Luis Potos\u00ed! Encuentra los mejores estilos y marcas \ud83c\udf1f, consejos de expertos \ud83d\udcda y accesorios para patinaje. \u00a1Vis\u00edtanos y rueda con estilo! \ud83c\udf08\u2728","publisher":{"@id":"https:\/\/patinexclusivo.com\/#organization"},"potentialAction":[{"@type":"SearchAction","target":{"@type":"EntryPoint","urlTemplate":"https:\/\/patinexclusivo.com\/?s={search_term_string}"},"query-input":"required name=search_term_string"}],"inLanguage":"en-US"},{"@type":"Organization","@id":"https:\/\/patinexclusivo.com\/#organization","name":"Pat\u00edn Exclusivo","url":"https:\/\/patinexclusivo.com\/","logo":{"@type":"ImageObject","inLanguage":"en-US","@id":"https:\/\/patinexclusivo.com\/#\/schema\/logo\/image\/","url":"https:\/\/patinexclusivo.com\/wp-content\/uploads\/2025\/01\/cropped-cropped-WhatsApp-Image-2025-01-29-at-7.00.40-PM.jpeg","contentUrl":"https:\/\/patinexclusivo.com\/wp-content\/uploads\/2025\/01\/cropped-cropped-WhatsApp-Image-2025-01-29-at-7.00.40-PM.jpeg","width":583,"height":568,"caption":"Pat\u00edn Exclusivo"},"image":{"@id":"https:\/\/patinexclusivo.com\/#\/schema\/logo\/image\/"}}]}},"_links":{"self":[{"href":"https:\/\/patinexclusivo.com\/index.php\/wp-json\/wp\/v2\/product\/1586"}],"collection":[{"href":"https:\/\/patinexclusivo.com\/index.php\/wp-json\/wp\/v2\/product"}],"about":[{"href":"https:\/\/patinexclusivo.com\/index.php\/wp-json\/wp\/v2\/types\/product"}],"replies":[{"embeddable":true,"href":"https:\/\/patinexclusivo.com\/index.php\/wp-json\/wp\/v2\/comments?post=1586"}],"version-history":[{"count":2,"href":"https:\/\/patinexclusivo.com\/index.php\/wp-json\/wp\/v2\/product\/1586\/revisions"}],"predecessor-version":[{"id":1589,"href":"https:\/\/patinexclusivo.com\/index.php\/wp-json\/wp\/v2\/product\/1586\/revisions\/1589"}],"wp:featuredmedia":[{"embeddable":true,"href":"https:\/\/patinexclusivo.com\/index.php\/wp-json\/wp\/v2\/media\/1587"}],"wp:attachment":[{"href":"https:\/\/patinexclusivo.com\/index.php\/wp-json\/wp\/v2\/media?parent=1586"}],"wp:term":[{"taxonomy":"product_cat","embeddable":true,"href":"https:\/\/patinexclusivo.com\/index.php\/wp-json\/wp\/v2\/product_cat?post=1586"},{"taxonomy":"product_tag","embeddable":true,"href":"https:\/\/patinexclusivo.com\/index.php\/wp-json\/wp\/v2\/product_tag?post=1586"}],"curies":[{"name":"wp","href":"https:\/\/api.w.org\/{rel}","templated":true}]}}