{"id":1593,"date":"2024-09-12T22:12:47","date_gmt":"2024-09-12T22:12:47","guid":{"rendered":"https:\/\/patinexclusivo.com\/?post_type=product&#038;p=1593"},"modified":"2024-09-18T19:13:38","modified_gmt":"2024-09-18T19:13:38","slug":"patines-fr-fr2-80-unisex","status":"publish","type":"product","link":"https:\/\/patinexclusivo.com\/index.php\/product\/patines-fr-fr2-80-unisex\/","title":{"rendered":"Patines FR FR2 80 &#8211; Unisex Rn"},"content":{"rendered":"<table class=\"feature-table\">\n<tbody>\n<tr>\n<td><span>Estilo de patinaje:<\/span><\/td>\n<td class=\"feature-table__value\"><span>Urbano \/ Ciudad, Crucero \/ Ocio<\/span><\/td>\n<\/tr>\n<tr>\n<td><span>Tipo de pat\u00edn:<\/span><\/td>\n<td class=\"feature-table__value\"><span>Patines de 4 ruedas con bota dura<\/span><\/td>\n<\/tr>\n<tr>\n<td><span>Material de la bota:<\/span><\/td>\n<td class=\"feature-table__value\"><span>Pl\u00e1stico<\/span><\/td>\n<\/tr>\n<tr>\n<td><span>Cordones:<\/span><\/td>\n<td class=\"feature-table__value\"><span>Est\u00e1ndar<\/span><\/td>\n<\/tr>\n<tr>\n<td><span>Transatl\u00e1ntico:<\/span><\/td>\n<td class=\"feature-table__value\"><span>Existencias<\/span><\/td>\n<\/tr>\n<tr>\n<td><span>Almohadilla amortiguadora:<\/span><\/td>\n<td class=\"feature-table__value\"><span>S\u00ed<\/span><\/td>\n<\/tr>\n<tr>\n<td><span>Marca del marco:<\/span><\/td>\n<td class=\"feature-table__value\"><span>Patines FR<\/span><\/td>\n<\/tr>\n<tr>\n<td><span>Montaje del marco:<\/span><\/td>\n<td class=\"feature-table__value\"><span>Cl\u00e1sico (montura 165)<\/span><\/td>\n<\/tr>\n<tr>\n<td><span>Material del marco:<\/span><\/td>\n<td class=\"feature-table__value\"><span>Aluminio<\/span><\/td>\n<\/tr>\n<tr>\n<td><span>Longitud del marco:<\/span><\/td>\n<td class=\"feature-table__value\"><span>246 mm, 243 mm<\/span><\/td>\n<\/tr>\n<tr>\n<td><span>Balanc\u00edn de cuadro:<\/span><\/td>\n<td class=\"feature-table__value\"><span>Ejes oscilantes<\/span><\/td>\n<\/tr>\n<tr>\n<td><span>Ejes:<\/span><\/td>\n<td class=\"feature-table__value\"><span>8 mm basculante<\/span><\/td>\n<\/tr>\n<tr>\n<td><span>Marca de la rueda:<\/span><\/td>\n<td class=\"feature-table__value\"><span>Patines FR<\/span><\/td>\n<\/tr>\n<tr>\n<td><span>Tama\u00f1o de la rueda:<\/span><\/td>\n<td class=\"feature-table__value\"><span>80 mm<\/span><\/td>\n<\/tr>\n<tr>\n<td><span>Dureza de la rueda:<\/span><\/td>\n<td class=\"feature-table__value\"><span>85a<\/span><\/td>\n<\/tr>\n<tr>\n<td><span>Perfil de la rueda:<\/span><\/td>\n<td class=\"feature-table__value\"><span>Redondo<\/span><\/td>\n<\/tr>\n<tr>\n<td><span>Marca de rodamientos:<\/span><\/td>\n<td class=\"feature-table__value\"><span>C\u00e1mara doble<\/span><\/td>\n<\/tr>\n<tr>\n<td><span>Clasificaci\u00f3n del rodamiento:<\/span><\/td>\n<td class=\"feature-table__value\"><span>Abec 7<\/span><\/td>\n<\/tr>\n<\/tbody>\n<\/table>\n<p>Talla 24.8cm, 25.5cm, 26cm, 27.5cm, 28.2cm, 29cm, 29.6cm, 30.9cm<\/p>\n","protected":false},"excerpt":{"rendered":"<p>SOLO POR PEDIDO<\/p>\n<p><span>Los\u00a0<\/span><strong><span>patines FR Skates FR 2 80<\/span><\/strong><span>\u00a0son la \u00faltima adaptaci\u00f3n de una de nuestras botas m\u00e1s vendidas de todos los tiempos. Son perfectos para llevar tu patinaje al siguiente nivel. Estos patines unisex cuentan con un bot\u00edn FR de primera calidad, plantilla de EVA 3D y una abertura de bota m\u00e1s amplia, lo que los convierte en unos de los m\u00e1s c\u00f3modos del mercado.<\/span><\/p>\n<p><span>El\u00a0<\/span><strong><span>FR 2<\/span><\/strong><span>\u00a0es el modelo todoterreno perfecto, ideal tanto para la ciudad como para patinar por la costa o para realizar movimientos t\u00e9cnicos de pies. Los patinadores de freeride y freestyle estar\u00e1n especialmente interesados, ya que la estructura utiliza un sistema de rocker opcional que le da al pat\u00edn m\u00e1s precisi\u00f3n y maniobrabilidad.<\/span><\/p>\n<p><span>El forro es grueso y similar al de una zapatilla, lo que proporciona la mejor comodidad de su clase a cualquier precio (pero a un precio extremadamente &#8220;intermedio&#8221;).<\/span><\/p>\n<p><span>La carcasa es fuerte y ofrece soporte, y trabaja en conjunto con el revestimiento para reducir la vibraci\u00f3n de la carretera y al mismo tiempo responder a tus movimientos.<\/span><\/p>\n<p><span>Para garantizar que tu pie se mantenga seguro en su lugar, los patines\u00a0<\/span><strong><span>FR 2<\/span><\/strong><span>\u00a0cuentan con un cierre de hebilla FK en el tobillo y una correa de trinquete de 45 en la parte superior del pie. Los cordones FR son un art\u00edculo de culto para los patinadores dedicados. Debido a su gran longitud, su amplia circunferencia y su acabado mate, se agarran muy bien. A menudo se buscan como un art\u00edculo de posventa (\u00a1pero rara vez est\u00e1n disponibles!).<\/span><\/p>\n<p><span>La bota\u00a0<\/span><strong><span>FR 2 80<\/span><\/strong><span>\u00a0est\u00e1 montada sobre los nuevos\u00a0<\/span><span>marcos R2 (243 mm) que son rockerables y las geniales ruedas Downtown de 80 mm 85a (\u00a1que tienen la marca FR en el n\u00facleo!).<\/span><\/p>\n<p><strong>Recomendaci\u00f3n de talla: este pat\u00edn calza en una talla peque\u00f1a, por lo que es mejor comprar una talla M\u00c1S GRANDE que tu talla de calzado habitual.<\/strong><\/p>\n","protected":false},"featured_media":1594,"comment_status":"open","ping_status":"closed","template":"","meta":{"rop_custom_images_group":[],"rop_custom_messages_group":[],"rop_publish_now":"initial","rop_publish_now_accounts":[],"rop_publish_now_history":[],"rop_publish_now_status":"pending"},"product_cat":[34],"product_tag":[],"class_list":{"0":"post-1593","1":"product","2":"type-product","3":"status-publish","4":"has-post-thumbnail","6":"product_cat-freeskate","7":"post","9":"first","10":"instock","11":"shipping-taxable","12":"purchasable","13":"product-type-simple"},"yoast_head":"<!-- This site is optimized with the Yoast SEO plugin v21.9.1 - https:\/\/yoast.com\/wordpress\/plugins\/seo\/ -->\n<title>Patines FR FR2 80 - Unisex Rn - Pat\u00edn Exclusivo<\/title>\n<meta name=\"robots\" content=\"index, follow, max-snippet:-1, max-image-preview:large, max-video-preview:-1\" \/>\n<link rel=\"canonical\" href=\"https:\/\/patinexclusivo.com\/index.php\/product\/patines-fr-fr2-80-unisex\/\" \/>\n<meta property=\"og:locale\" content=\"en_US\" \/>\n<meta property=\"og:type\" content=\"article\" \/>\n<meta property=\"og:title\" content=\"Patines FR FR2 80 - Unisex Rn - Pat\u00edn Exclusivo\" \/>\n<meta property=\"og:description\" content=\"SOLO POR PEDIDO  Los\u00a0patines FR Skates FR 2 80\u00a0son la \u00faltima adaptaci\u00f3n de una de nuestras botas m\u00e1s vendidas de todos los tiempos. Son perfectos para llevar tu patinaje al siguiente nivel. Estos patines unisex cuentan con un bot\u00edn FR de primera calidad, plantilla de EVA 3D y una abertura de bota m\u00e1s amplia, lo que los convierte en unos de los m\u00e1s c\u00f3modos del mercado.  El\u00a0FR 2\u00a0es el modelo todoterreno perfecto, ideal tanto para la ciudad como para patinar por la costa o para realizar movimientos t\u00e9cnicos de pies. Los patinadores de freeride y freestyle estar\u00e1n especialmente interesados, ya que la estructura utiliza un sistema de rocker opcional que le da al pat\u00edn m\u00e1s precisi\u00f3n y maniobrabilidad.  El forro es grueso y similar al de una zapatilla, lo que proporciona la mejor comodidad de su clase a cualquier precio (pero a un precio extremadamente &quot;intermedio&quot;).  La carcasa es fuerte y ofrece soporte, y trabaja en conjunto con el revestimiento para reducir la vibraci\u00f3n de la carretera y al mismo tiempo responder a tus movimientos.  Para garantizar que tu pie se mantenga seguro en su lugar, los patines\u00a0FR 2\u00a0cuentan con un cierre de hebilla FK en el tobillo y una correa de trinquete de 45 en la parte superior del pie. Los cordones FR son un art\u00edculo de culto para los patinadores dedicados. Debido a su gran longitud, su amplia circunferencia y su acabado mate, se agarran muy bien. A menudo se buscan como un art\u00edculo de posventa (\u00a1pero rara vez est\u00e1n disponibles!).  La bota\u00a0FR 2 80\u00a0est\u00e1 montada sobre los nuevos\u00a0marcos R2 (243 mm) que son rockerables y las geniales ruedas Downtown de 80 mm 85a (\u00a1que tienen la marca FR en el n\u00facleo!).  Recomendaci\u00f3n de talla: este pat\u00edn calza en una talla peque\u00f1a, por lo que es mejor comprar una talla M\u00c1S GRANDE que tu talla de calzado habitual.\" \/>\n<meta property=\"og:url\" content=\"https:\/\/patinexclusivo.com\/index.php\/product\/patines-fr-fr2-80-unisex\/\" \/>\n<meta property=\"og:site_name\" content=\"Pat\u00edn Exclusivo\" \/>\n<meta property=\"article:modified_time\" content=\"2024-09-18T19:13:38+00:00\" \/>\n<meta property=\"og:image\" content=\"https:\/\/patinexclusivo.com\/wp-content\/uploads\/2024\/09\/FR-FR2-80.webp\" \/>\n\t<meta property=\"og:image:width\" content=\"1100\" \/>\n\t<meta property=\"og:image:height\" content=\"1100\" \/>\n\t<meta property=\"og:image:type\" content=\"image\/webp\" \/>\n<meta name=\"twitter:card\" content=\"summary_large_image\" \/>\n<meta name=\"twitter:label1\" content=\"Est. reading time\" \/>\n\t<meta name=\"twitter:data1\" content=\"1 minute\" \/>\n<script type=\"application\/ld+json\" class=\"yoast-schema-graph\">{\"@context\":\"https:\/\/schema.org\",\"@graph\":[{\"@type\":\"WebPage\",\"@id\":\"https:\/\/patinexclusivo.com\/index.php\/product\/patines-fr-fr2-80-unisex\/\",\"url\":\"https:\/\/patinexclusivo.com\/index.php\/product\/patines-fr-fr2-80-unisex\/\",\"name\":\"Patines FR FR2 80 - Unisex Rn - Pat\u00edn Exclusivo\",\"isPartOf\":{\"@id\":\"https:\/\/patinexclusivo.com\/#website\"},\"datePublished\":\"2024-09-12T22:12:47+00:00\",\"dateModified\":\"2024-09-18T19:13:38+00:00\",\"breadcrumb\":{\"@id\":\"https:\/\/patinexclusivo.com\/index.php\/product\/patines-fr-fr2-80-unisex\/#breadcrumb\"},\"inLanguage\":\"en-US\",\"potentialAction\":[{\"@type\":\"ReadAction\",\"target\":[\"https:\/\/patinexclusivo.com\/index.php\/product\/patines-fr-fr2-80-unisex\/\"]}]},{\"@type\":\"BreadcrumbList\",\"@id\":\"https:\/\/patinexclusivo.com\/index.php\/product\/patines-fr-fr2-80-unisex\/#breadcrumb\",\"itemListElement\":[{\"@type\":\"ListItem\",\"position\":1,\"name\":\"Inicio\",\"item\":\"https:\/\/patinexclusivo.com\/\"},{\"@type\":\"ListItem\",\"position\":2,\"name\":\"Shop\",\"item\":\"https:\/\/patinexclusivo.com\/index.php\/shop\/\"},{\"@type\":\"ListItem\",\"position\":3,\"name\":\"Patines FR FR2 80 &#8211; Unisex Rn\"}]},{\"@type\":\"WebSite\",\"@id\":\"https:\/\/patinexclusivo.com\/#website\",\"url\":\"https:\/\/patinexclusivo.com\/\",\"name\":\"Pat\u00edn Exclusivo\",\"description\":\"\ud83d\udefc Rollers SLP: Tu destino #1 para patines en San Luis Potos\u00ed! Encuentra los mejores estilos y marcas \ud83c\udf1f, consejos de expertos \ud83d\udcda y accesorios para patinaje. \u00a1Vis\u00edtanos y rueda con estilo! \ud83c\udf08\u2728\",\"publisher\":{\"@id\":\"https:\/\/patinexclusivo.com\/#organization\"},\"potentialAction\":[{\"@type\":\"SearchAction\",\"target\":{\"@type\":\"EntryPoint\",\"urlTemplate\":\"https:\/\/patinexclusivo.com\/?s={search_term_string}\"},\"query-input\":\"required name=search_term_string\"}],\"inLanguage\":\"en-US\"},{\"@type\":\"Organization\",\"@id\":\"https:\/\/patinexclusivo.com\/#organization\",\"name\":\"Pat\u00edn Exclusivo\",\"url\":\"https:\/\/patinexclusivo.com\/\",\"logo\":{\"@type\":\"ImageObject\",\"inLanguage\":\"en-US\",\"@id\":\"https:\/\/patinexclusivo.com\/#\/schema\/logo\/image\/\",\"url\":\"https:\/\/patinexclusivo.com\/wp-content\/uploads\/2025\/01\/cropped-cropped-WhatsApp-Image-2025-01-29-at-7.00.40-PM.jpeg\",\"contentUrl\":\"https:\/\/patinexclusivo.com\/wp-content\/uploads\/2025\/01\/cropped-cropped-WhatsApp-Image-2025-01-29-at-7.00.40-PM.jpeg\",\"width\":583,\"height\":568,\"caption\":\"Pat\u00edn Exclusivo\"},\"image\":{\"@id\":\"https:\/\/patinexclusivo.com\/#\/schema\/logo\/image\/\"}}]}<\/script>\n<!-- \/ Yoast SEO plugin. -->","yoast_head_json":{"title":"Patines FR FR2 80 - Unisex Rn - Pat\u00edn Exclusivo","robots":{"index":"index","follow":"follow","max-snippet":"max-snippet:-1","max-image-preview":"max-image-preview:large","max-video-preview":"max-video-preview:-1"},"canonical":"https:\/\/patinexclusivo.com\/index.php\/product\/patines-fr-fr2-80-unisex\/","og_locale":"en_US","og_type":"article","og_title":"Patines FR FR2 80 - Unisex Rn - Pat\u00edn Exclusivo","og_description":"SOLO POR PEDIDO  Los\u00a0patines FR Skates FR 2 80\u00a0son la \u00faltima adaptaci\u00f3n de una de nuestras botas m\u00e1s vendidas de todos los tiempos. Son perfectos para llevar tu patinaje al siguiente nivel. Estos patines unisex cuentan con un bot\u00edn FR de primera calidad, plantilla de EVA 3D y una abertura de bota m\u00e1s amplia, lo que los convierte en unos de los m\u00e1s c\u00f3modos del mercado.  El\u00a0FR 2\u00a0es el modelo todoterreno perfecto, ideal tanto para la ciudad como para patinar por la costa o para realizar movimientos t\u00e9cnicos de pies. Los patinadores de freeride y freestyle estar\u00e1n especialmente interesados, ya que la estructura utiliza un sistema de rocker opcional que le da al pat\u00edn m\u00e1s precisi\u00f3n y maniobrabilidad.  El forro es grueso y similar al de una zapatilla, lo que proporciona la mejor comodidad de su clase a cualquier precio (pero a un precio extremadamente \"intermedio\").  La carcasa es fuerte y ofrece soporte, y trabaja en conjunto con el revestimiento para reducir la vibraci\u00f3n de la carretera y al mismo tiempo responder a tus movimientos.  Para garantizar que tu pie se mantenga seguro en su lugar, los patines\u00a0FR 2\u00a0cuentan con un cierre de hebilla FK en el tobillo y una correa de trinquete de 45 en la parte superior del pie. Los cordones FR son un art\u00edculo de culto para los patinadores dedicados. Debido a su gran longitud, su amplia circunferencia y su acabado mate, se agarran muy bien. A menudo se buscan como un art\u00edculo de posventa (\u00a1pero rara vez est\u00e1n disponibles!).  La bota\u00a0FR 2 80\u00a0est\u00e1 montada sobre los nuevos\u00a0marcos R2 (243 mm) que son rockerables y las geniales ruedas Downtown de 80 mm 85a (\u00a1que tienen la marca FR en el n\u00facleo!).  Recomendaci\u00f3n de talla: este pat\u00edn calza en una talla peque\u00f1a, por lo que es mejor comprar una talla M\u00c1S GRANDE que tu talla de calzado habitual.","og_url":"https:\/\/patinexclusivo.com\/index.php\/product\/patines-fr-fr2-80-unisex\/","og_site_name":"Pat\u00edn Exclusivo","article_modified_time":"2024-09-18T19:13:38+00:00","og_image":[{"width":1100,"height":1100,"url":"https:\/\/patinexclusivo.com\/wp-content\/uploads\/2024\/09\/FR-FR2-80.webp","type":"image\/webp"}],"twitter_card":"summary_large_image","twitter_misc":{"Est. reading time":"1 minute"},"schema":{"@context":"https:\/\/schema.org","@graph":[{"@type":"WebPage","@id":"https:\/\/patinexclusivo.com\/index.php\/product\/patines-fr-fr2-80-unisex\/","url":"https:\/\/patinexclusivo.com\/index.php\/product\/patines-fr-fr2-80-unisex\/","name":"Patines FR FR2 80 - Unisex Rn - Pat\u00edn Exclusivo","isPartOf":{"@id":"https:\/\/patinexclusivo.com\/#website"},"datePublished":"2024-09-12T22:12:47+00:00","dateModified":"2024-09-18T19:13:38+00:00","breadcrumb":{"@id":"https:\/\/patinexclusivo.com\/index.php\/product\/patines-fr-fr2-80-unisex\/#breadcrumb"},"inLanguage":"en-US","potentialAction":[{"@type":"ReadAction","target":["https:\/\/patinexclusivo.com\/index.php\/product\/patines-fr-fr2-80-unisex\/"]}]},{"@type":"BreadcrumbList","@id":"https:\/\/patinexclusivo.com\/index.php\/product\/patines-fr-fr2-80-unisex\/#breadcrumb","itemListElement":[{"@type":"ListItem","position":1,"name":"Inicio","item":"https:\/\/patinexclusivo.com\/"},{"@type":"ListItem","position":2,"name":"Shop","item":"https:\/\/patinexclusivo.com\/index.php\/shop\/"},{"@type":"ListItem","position":3,"name":"Patines FR FR2 80 &#8211; Unisex Rn"}]},{"@type":"WebSite","@id":"https:\/\/patinexclusivo.com\/#website","url":"https:\/\/patinexclusivo.com\/","name":"Pat\u00edn Exclusivo","description":"\ud83d\udefc Rollers SLP: Tu destino #1 para patines en San Luis Potos\u00ed! Encuentra los mejores estilos y marcas \ud83c\udf1f, consejos de expertos \ud83d\udcda y accesorios para patinaje. \u00a1Vis\u00edtanos y rueda con estilo! \ud83c\udf08\u2728","publisher":{"@id":"https:\/\/patinexclusivo.com\/#organization"},"potentialAction":[{"@type":"SearchAction","target":{"@type":"EntryPoint","urlTemplate":"https:\/\/patinexclusivo.com\/?s={search_term_string}"},"query-input":"required name=search_term_string"}],"inLanguage":"en-US"},{"@type":"Organization","@id":"https:\/\/patinexclusivo.com\/#organization","name":"Pat\u00edn Exclusivo","url":"https:\/\/patinexclusivo.com\/","logo":{"@type":"ImageObject","inLanguage":"en-US","@id":"https:\/\/patinexclusivo.com\/#\/schema\/logo\/image\/","url":"https:\/\/patinexclusivo.com\/wp-content\/uploads\/2025\/01\/cropped-cropped-WhatsApp-Image-2025-01-29-at-7.00.40-PM.jpeg","contentUrl":"https:\/\/patinexclusivo.com\/wp-content\/uploads\/2025\/01\/cropped-cropped-WhatsApp-Image-2025-01-29-at-7.00.40-PM.jpeg","width":583,"height":568,"caption":"Pat\u00edn Exclusivo"},"image":{"@id":"https:\/\/patinexclusivo.com\/#\/schema\/logo\/image\/"}}]}},"_links":{"self":[{"href":"https:\/\/patinexclusivo.com\/index.php\/wp-json\/wp\/v2\/product\/1593"}],"collection":[{"href":"https:\/\/patinexclusivo.com\/index.php\/wp-json\/wp\/v2\/product"}],"about":[{"href":"https:\/\/patinexclusivo.com\/index.php\/wp-json\/wp\/v2\/types\/product"}],"replies":[{"embeddable":true,"href":"https:\/\/patinexclusivo.com\/index.php\/wp-json\/wp\/v2\/comments?post=1593"}],"version-history":[{"count":2,"href":"https:\/\/patinexclusivo.com\/index.php\/wp-json\/wp\/v2\/product\/1593\/revisions"}],"predecessor-version":[{"id":1648,"href":"https:\/\/patinexclusivo.com\/index.php\/wp-json\/wp\/v2\/product\/1593\/revisions\/1648"}],"wp:featuredmedia":[{"embeddable":true,"href":"https:\/\/patinexclusivo.com\/index.php\/wp-json\/wp\/v2\/media\/1594"}],"wp:attachment":[{"href":"https:\/\/patinexclusivo.com\/index.php\/wp-json\/wp\/v2\/media?parent=1593"}],"wp:term":[{"taxonomy":"product_cat","embeddable":true,"href":"https:\/\/patinexclusivo.com\/index.php\/wp-json\/wp\/v2\/product_cat?post=1593"},{"taxonomy":"product_tag","embeddable":true,"href":"https:\/\/patinexclusivo.com\/index.php\/wp-json\/wp\/v2\/product_tag?post=1593"}],"curies":[{"name":"wp","href":"https:\/\/api.w.org\/{rel}","templated":true}]}}