{"id":1596,"date":"2024-09-12T22:44:33","date_gmt":"2024-09-12T22:44:33","guid":{"rendered":"https:\/\/patinexclusivo.com\/?post_type=product&#038;p=1596"},"modified":"2024-09-18T19:13:49","modified_gmt":"2024-09-18T19:13:49","slug":"patines-fr-frw-80-frx-para-mujer-negro-rosa","status":"publish","type":"product","link":"https:\/\/patinexclusivo.com\/index.php\/product\/patines-fr-frw-80-frx-para-mujer-negro-rosa\/","title":{"rendered":"Patines FR FRW 80 (FRX para mujer) &#8211; Negro\/Rosa Rn"},"content":{"rendered":"<table class=\"feature-table\">\n<tbody>\n<tr>\n<td><span><span style=\"vertical-align: inherit;\"><span style=\"vertical-align: inherit;\">Estilo de patinaje:<\/span><\/span><\/span><\/td>\n<td class=\"feature-table__value\"><span><span style=\"vertical-align: inherit;\"><span style=\"vertical-align: inherit;\">Urbano \/ Ciudad, Crucero \/ Ocio<\/span><\/span><\/span><\/td>\n<\/tr>\n<tr>\n<td><span><span style=\"vertical-align: inherit;\"><span style=\"vertical-align: inherit;\">Tipo de pat\u00edn:<\/span><\/span><\/span><\/td>\n<td class=\"feature-table__value\"><span><span style=\"vertical-align: inherit;\"><span style=\"vertical-align: inherit;\">Patines de 4 ruedas con bota dura<\/span><\/span><\/span><\/td>\n<\/tr>\n<tr>\n<td><span><span style=\"vertical-align: inherit;\"><span style=\"vertical-align: inherit;\">Material de la bota:<\/span><\/span><\/span><\/td>\n<td class=\"feature-table__value\"><span><span style=\"vertical-align: inherit;\"><span style=\"vertical-align: inherit;\">Plastico<\/span><\/span><\/span><\/td>\n<\/tr>\n<tr>\n<td><span><span style=\"vertical-align: inherit;\"><span style=\"vertical-align: inherit;\">Cordones:<\/span><\/span><\/span><\/td>\n<td class=\"feature-table__value\"><span><span style=\"vertical-align: inherit;\"><span style=\"vertical-align: inherit;\">Est\u00e1ndar<\/span><\/span><\/span><\/td>\n<\/tr>\n<tr>\n<td><span><span style=\"vertical-align: inherit;\"><span style=\"vertical-align: inherit;\">Transatl\u00e1ntico:<\/span><\/span><\/span><\/td>\n<td class=\"feature-table__value\"><span><span style=\"vertical-align: inherit;\"><span style=\"vertical-align: inherit;\">Existencia<\/span><\/span><\/span><\/td>\n<\/tr>\n<tr>\n<td><span><span style=\"vertical-align: inherit;\"><span style=\"vertical-align: inherit;\">Almohadilla amortiguadora:<\/span><\/span><\/span><\/td>\n<td class=\"feature-table__value\"><span><span style=\"vertical-align: inherit;\"><span style=\"vertical-align: inherit;\">Si<\/span><\/span><\/span><\/td>\n<\/tr>\n<tr>\n<td><span><span style=\"vertical-align: inherit;\"><span style=\"vertical-align: inherit;\">Marca del marco:<\/span><\/span><\/span><\/td>\n<td class=\"feature-table__value\"><span><span style=\"vertical-align: inherit;\"><span style=\"vertical-align: inherit;\">Patines FR<\/span><\/span><\/span><\/td>\n<\/tr>\n<tr>\n<td><span><span style=\"vertical-align: inherit;\"><span style=\"vertical-align: inherit;\">Montaje del marco:<\/span><\/span><\/span><\/td>\n<td class=\"feature-table__value\"><span><span style=\"vertical-align: inherit;\"><span style=\"vertical-align: inherit;\">Cl\u00e1sico (montaje 165)<\/span><\/span><\/span><\/td>\n<\/tr>\n<tr>\n<td><span><span style=\"vertical-align: inherit;\"><span style=\"vertical-align: inherit;\">Material del marco:<\/span><\/span><\/span><\/td>\n<td class=\"feature-table__value\"><span><span style=\"vertical-align: inherit;\"><span style=\"vertical-align: inherit;\">Aluminio<\/span><\/span><\/span><\/td>\n<\/tr>\n<tr>\n<td><span><span style=\"vertical-align: inherit;\"><span style=\"vertical-align: inherit;\">Longitud del marco:<\/span><\/span><\/span><\/td>\n<td class=\"feature-table__value\"><span><span style=\"vertical-align: inherit;\"><span style=\"vertical-align: inherit;\">243 mil\u00edmetros<\/span><\/span><\/span><\/td>\n<\/tr>\n<tr>\n<td><span><span style=\"vertical-align: inherit;\"><span style=\"vertical-align: inherit;\">Balanc\u00edn de cuadro:<\/span><\/span><\/span><\/td>\n<td class=\"feature-table__value\"><span><span style=\"vertical-align: inherit;\"><span style=\"vertical-align: inherit;\">Ejes oscilantes<\/span><\/span><\/span><\/td>\n<\/tr>\n<tr>\n<td><span><span style=\"vertical-align: inherit;\"><span style=\"vertical-align: inherit;\">Ejes:<\/span><\/span><\/span><\/td>\n<td class=\"feature-table__value\"><span><span style=\"vertical-align: inherit;\"><span style=\"vertical-align: inherit;\">Basculante de 8 mm<\/span><\/span><\/span><\/td>\n<\/tr>\n<tr>\n<td><span><span style=\"vertical-align: inherit;\"><span style=\"vertical-align: inherit;\">Marca de la rueda:<\/span><\/span><\/span><\/td>\n<td class=\"feature-table__value\"><span><span style=\"vertical-align: inherit;\"><span style=\"vertical-align: inherit;\">Reyes de la calle<\/span><\/span><\/span><\/td>\n<\/tr>\n<tr>\n<td><span><span style=\"vertical-align: inherit;\"><span style=\"vertical-align: inherit;\">Tama\u00f1o de la rueda:<\/span><\/span><\/span><\/td>\n<td class=\"feature-table__value\"><span><span style=\"vertical-align: inherit;\"><span style=\"vertical-align: inherit;\">76mm, 80mm<\/span><\/span><\/span><\/td>\n<\/tr>\n<tr>\n<td><span><span style=\"vertical-align: inherit;\"><span style=\"vertical-align: inherit;\">Dureza de la rueda:<\/span><\/span><\/span><\/td>\n<td class=\"feature-table__value\"><span><span style=\"vertical-align: inherit;\"><span style=\"vertical-align: inherit;\">85a<\/span><\/span><\/span><\/td>\n<\/tr>\n<tr>\n<td><span><span style=\"vertical-align: inherit;\"><span style=\"vertical-align: inherit;\">Perfil de la rueda:<\/span><\/span><\/span><\/td>\n<td class=\"feature-table__value\"><span><span style=\"vertical-align: inherit;\"><span style=\"vertical-align: inherit;\">Redondo<\/span><\/span><\/span><\/td>\n<\/tr>\n<tr>\n<td><span><span style=\"vertical-align: inherit;\"><span style=\"vertical-align: inherit;\">Marca de rodamientos:<\/span><\/span><\/span><\/td>\n<td class=\"feature-table__value\"><span><span style=\"vertical-align: inherit;\"><span style=\"vertical-align: inherit;\">C\u00e1mara doble<\/span><\/span><\/span><\/td>\n<\/tr>\n<tr>\n<td><span><span style=\"vertical-align: inherit;\"><span style=\"vertical-align: inherit;\">Clasificaci\u00f3n del refrigerador:<\/span><\/span><\/span><\/td>\n<td class=\"feature-table__value\"><span><span style=\"vertical-align: inherit;\"><span style=\"vertical-align: inherit;\">MW7<\/span><\/span><\/span><\/td>\n<\/tr>\n<\/tbody>\n<\/table>\n<p><span style=\"vertical-align: inherit;\"><span style=\"vertical-align: inherit;\">Tama\u00f1o 22,9 cm, 24 cm, 24,8 cm, 25,5 cm, 26 cm, 26,5 cm<\/span><\/span><\/p>\n","protected":false},"excerpt":{"rendered":"<p>SOLO POR PEDIDO<\/p>\n<p class=\"p1\"><span><span style=\"vertical-align: inherit;\"><span style=\"vertical-align: inherit;\">Ya sea que se ponga sus patines por primera vez o por primera vez en a\u00f1os, a los patinadores les encantar\u00e1n los patines\u00a0 <\/span><\/span><strong><span style=\"vertical-align: inherit;\"><span style=\"vertical-align: inherit;\">FR\u00a0 <\/span><\/span><\/strong><em><span style=\"vertical-align: inherit;\"><span style=\"vertical-align: inherit;\">W 80<\/span><\/span><\/em><span style=\"vertical-align: inherit;\"><span style=\"vertical-align: inherit;\"> \u00a0que cuentan con un revestimiento\u00a0 <\/span><\/span><strong><span style=\"vertical-align: inherit;\"><span style=\"vertical-align: inherit;\">FR<\/span><\/span><\/strong><span style=\"vertical-align: inherit;\"><span style=\"vertical-align: inherit;\"> \u00a0de primera calidad, plantilla de EVA 3D y una abertura de bota m\u00e1s ancha.<\/span><\/span><\/span><span><\/span><strong><span><\/span><\/strong><span><\/span><em><span><\/span><\/em><span><\/span><span><\/span><strong><span><\/span><\/strong><span><\/span><span><\/span><\/p>\n<p><span><span style=\"vertical-align: inherit;\"><span style=\"vertical-align: inherit;\">Para garantizar que su pie se mantenga seguro en su lugar, los patines\u00a0 <\/span><\/span><strong><span style=\"vertical-align: inherit;\"><span style=\"vertical-align: inherit;\">FR\u00a0 <\/span><\/span><\/strong><em><span style=\"vertical-align: inherit;\"><span style=\"vertical-align: inherit;\">W 80<\/span><\/span><\/em><span style=\"vertical-align: inherit;\"><span style=\"vertical-align: inherit;\"> \u00a0cuentan con un cierre de hebilla FK en el tobillo y un cierre de doble correa en la parte superior del pie.<\/span><\/span><\/span><span><\/span><strong><span><\/span><\/strong><span><\/span><em><span><\/span><\/em><span><\/span><span><\/span><\/p>\n<p><span><span style=\"vertical-align: inherit;\"><span style=\"vertical-align: inherit;\">La bota\u00a0 <\/span><\/span><strong><span style=\"vertical-align: inherit;\"><span style=\"vertical-align: inherit;\">FR\u00a0 <\/span><\/span><\/strong><em><span style=\"vertical-align: inherit;\"><span style=\"vertical-align: inherit;\">W 80<\/span><\/span><\/em><span style=\"vertical-align: inherit;\"><span style=\"vertical-align: inherit;\"> \u00a0est\u00e1 montada sobre el cuadro negro X2R de 243 mm con la rueda elegida por los patinadores freeride de todo el mundo: las ruedas\u00a0 <\/span><\/span><strong><span style=\"vertical-align: inherit;\"><span style=\"vertical-align: inherit;\">FR\u00a0 <\/span><\/span><\/strong><em><span style=\"vertical-align: inherit;\"><span style=\"vertical-align: inherit;\">Street Kings<\/span><\/span><\/em><span style=\"vertical-align: inherit;\"><span style=\"vertical-align: inherit;\"> \u00a0.<\/span><\/span><\/span><span><\/span><strong><span><\/span><\/strong><span><\/span><em><span><\/span><\/em><span><\/span><span><\/span><span><\/span><strong><span><\/span><\/strong><span><\/span><em><span><\/span><\/em><span><\/span><span><\/span><\/p>\n<p><strong><span><span style=\"vertical-align: inherit;\"><span style=\"vertical-align: inherit;\">Caracter\u00edsticas:<\/span><\/span><\/span><\/strong><\/p>\n<p><strong><span><span style=\"vertical-align: inherit;\"><span style=\"vertical-align: inherit;\">Bot\u00edn:<\/span><\/span><\/span><\/strong><span style=\"vertical-align: inherit;\"><span><span style=\"vertical-align: inherit;\"> Bot\u00edn FR extra\u00edble de primera calidad con plantilla Orthomove <\/span><\/span><strong><span><span style=\"vertical-align: inherit;\">Marco:<\/span><\/span><\/strong><span><span style=\"vertical-align: inherit;\"> X2R Rocker-able negro de 243 mm <\/span><\/span><strong><span><span style=\"vertical-align: inherit;\">Ruedas:<\/span><\/span><\/strong><span><span style=\"vertical-align: inherit;\"> Ruedas Street Kings de 80 mm\/85a Rodamientos <\/span><\/span><strong><span><span style=\"vertical-align: inherit;\">:<\/span><\/span><\/strong><span><span style=\"vertical-align: inherit;\"> Twincam MW7 <\/span><\/span><strong><span><span style=\"vertical-align: inherit;\">Uso en freeride:<\/span><\/span><\/strong><span><span style=\"vertical-align: inherit;\"> Freeride, patinaje urbano, freestyle<\/span><\/span><\/span><span>\u00a0<\/span><span><span style=\"vertical-align: inherit;\"><\/span><\/span><br \/>\n<strong><span><span style=\"vertical-align: inherit;\"><\/span><\/span><\/strong><span>\u00a0<\/span><span><span style=\"vertical-align: inherit;\"><\/span><\/span><br \/>\n<strong><span><span style=\"vertical-align: inherit;\"><\/span><\/span><\/strong><span>\u00a0<\/span><span><span style=\"vertical-align: inherit;\"><\/span><\/span><br \/>\n<strong><span><span style=\"vertical-align: inherit;\"><\/span><\/span><\/strong><span>\u00a0<\/span><span><span style=\"vertical-align: inherit;\"><\/span><\/span><br \/>\n<strong><span><span style=\"vertical-align: inherit;\"><\/span><\/span><\/strong><span>\u00a0<\/span><span><span style=\"vertical-align: inherit;\"><\/span><\/span><\/p>\n<p><strong><span><span style=\"vertical-align: inherit;\"><span style=\"vertical-align: inherit;\">Peso:<\/span><\/span><\/span><\/strong><span><span style=\"vertical-align: inherit;\"><span style=\"vertical-align: inherit;\"> \u00a03380 g (basado en un modelo UK8)<\/span><\/span><\/span><\/p>\n<p>&nbsp;<\/p>\n<p><strong><span><span style=\"vertical-align: inherit;\"><span style=\"vertical-align: inherit;\">Consejo de tallas<\/span><\/span><\/span><br \/>\n<span style=\"vertical-align: inherit;\"><span style=\"vertical-align: inherit;\"> Muchas personas piensan que los patines FR quedan un poco peque\u00f1os, ten esto en cuenta al elegir tu talla. Te recomendamos comprar una talla m\u00e1s grande si no est\u00e1s seguro o si est\u00e1s entre dos tallas. Clientes de EE.UU. UU.\/Canad\u00e1 La tabla de tallas de FR se basa en la talla de hombre de EE. UU. UU. Ten esto en cuenta antes de realizar tu compra.<\/span><\/span><br \/>\n<\/strong><\/p>\n<p><strong><span style=\"vertical-align: inherit;\"><span style=\"vertical-align: inherit;\">Este pat\u00edn calza en una talla peque\u00f1a, por lo que es mejor comprar una talla M\u00c1S GRANDE que tu talla de calzado habitual.<\/span><\/span><\/strong><\/p>\n<p>&nbsp;<\/p>\n","protected":false},"featured_media":1597,"comment_status":"open","ping_status":"closed","template":"","meta":{"rop_custom_images_group":[],"rop_custom_messages_group":[],"rop_publish_now":"initial","rop_publish_now_accounts":[],"rop_publish_now_history":[],"rop_publish_now_status":"pending"},"product_cat":[34,74],"product_tag":[],"class_list":{"0":"post-1596","1":"product","2":"type-product","3":"status-publish","4":"has-post-thumbnail","6":"product_cat-freeskate","7":"product_cat-freestyle","8":"post","10":"first","11":"instock","12":"shipping-taxable","13":"purchasable","14":"product-type-simple"},"yoast_head":"<!-- This site is optimized with the Yoast SEO plugin v21.9.1 - https:\/\/yoast.com\/wordpress\/plugins\/seo\/ -->\n<title>Patines FR FRW 80 (FRX para mujer) - Negro\/Rosa Rn - Pat\u00edn Exclusivo<\/title>\n<meta name=\"robots\" content=\"index, follow, max-snippet:-1, max-image-preview:large, max-video-preview:-1\" \/>\n<link rel=\"canonical\" href=\"https:\/\/patinexclusivo.com\/index.php\/product\/patines-fr-frw-80-frx-para-mujer-negro-rosa\/\" \/>\n<meta property=\"og:locale\" content=\"en_US\" \/>\n<meta property=\"og:type\" content=\"article\" \/>\n<meta property=\"og:title\" content=\"Patines FR FRW 80 (FRX para mujer) - Negro\/Rosa Rn - Pat\u00edn Exclusivo\" \/>\n<meta property=\"og:description\" content=\"SOLO POR PEDIDO Ya sea que se ponga sus patines por primera vez o por primera vez en a\u00f1os, a los patinadores les encantar\u00e1n los patines\u00a0 FR\u00a0 W 80 \u00a0que cuentan con un revestimiento\u00a0 FR \u00a0de primera calidad, plantilla de EVA 3D y una abertura de bota m\u00e1s ancha. Para garantizar que su pie se mantenga seguro en su lugar, los patines\u00a0 FR\u00a0 W 80 \u00a0cuentan con un cierre de hebilla FK en el tobillo y un cierre de doble correa en la parte superior del pie.  La bota\u00a0 FR\u00a0 W 80 \u00a0est\u00e1 montada sobre el cuadro negro X2R de 243 mm con la rueda elegida por los patinadores freeride de todo el mundo: las ruedas\u00a0 FR\u00a0 Street Kings \u00a0.  Caracter\u00edsticas:  Bot\u00edn: Bot\u00edn FR extra\u00edble de primera calidad con plantilla Orthomove Marco: X2R Rocker-able negro de 243 mm Ruedas: Ruedas Street Kings de 80 mm\/85a Rodamientos : Twincam MW7 Uso en freeride: Freeride, patinaje urbano, freestyle\u00a0 \u00a0 \u00a0 \u00a0 \u00a0  Peso: \u00a03380 g (basado en un modelo UK8)  &nbsp;  Consejo de tallas  Muchas personas piensan que los patines FR quedan un poco peque\u00f1os, ten esto en cuenta al elegir tu talla. Te recomendamos comprar una talla m\u00e1s grande si no est\u00e1s seguro o si est\u00e1s entre dos tallas. Clientes de EE.UU. UU.\/Canad\u00e1 La tabla de tallas de FR se basa en la talla de hombre de EE. UU. UU. Ten esto en cuenta antes de realizar tu compra.   Este pat\u00edn calza en una talla peque\u00f1a, por lo que es mejor comprar una talla M\u00c1S GRANDE que tu talla de calzado habitual.  &nbsp;\" \/>\n<meta property=\"og:url\" content=\"https:\/\/patinexclusivo.com\/index.php\/product\/patines-fr-frw-80-frx-para-mujer-negro-rosa\/\" \/>\n<meta property=\"og:site_name\" content=\"Pat\u00edn Exclusivo\" \/>\n<meta property=\"article:modified_time\" content=\"2024-09-18T19:13:49+00:00\" \/>\n<meta property=\"og:image\" content=\"https:\/\/patinexclusivo.com\/wp-content\/uploads\/2024\/09\/FR-Skates-FRW-80-Black-Pink.webp\" \/>\n\t<meta property=\"og:image:width\" content=\"1100\" \/>\n\t<meta property=\"og:image:height\" content=\"1100\" \/>\n\t<meta property=\"og:image:type\" content=\"image\/webp\" \/>\n<meta name=\"twitter:card\" content=\"summary_large_image\" \/>\n<meta name=\"twitter:label1\" content=\"Est. reading time\" \/>\n\t<meta name=\"twitter:data1\" content=\"1 minute\" \/>\n<script type=\"application\/ld+json\" class=\"yoast-schema-graph\">{\"@context\":\"https:\/\/schema.org\",\"@graph\":[{\"@type\":\"WebPage\",\"@id\":\"https:\/\/patinexclusivo.com\/index.php\/product\/patines-fr-frw-80-frx-para-mujer-negro-rosa\/\",\"url\":\"https:\/\/patinexclusivo.com\/index.php\/product\/patines-fr-frw-80-frx-para-mujer-negro-rosa\/\",\"name\":\"Patines FR FRW 80 (FRX para mujer) - Negro\/Rosa Rn - Pat\u00edn Exclusivo\",\"isPartOf\":{\"@id\":\"https:\/\/patinexclusivo.com\/#website\"},\"datePublished\":\"2024-09-12T22:44:33+00:00\",\"dateModified\":\"2024-09-18T19:13:49+00:00\",\"breadcrumb\":{\"@id\":\"https:\/\/patinexclusivo.com\/index.php\/product\/patines-fr-frw-80-frx-para-mujer-negro-rosa\/#breadcrumb\"},\"inLanguage\":\"en-US\",\"potentialAction\":[{\"@type\":\"ReadAction\",\"target\":[\"https:\/\/patinexclusivo.com\/index.php\/product\/patines-fr-frw-80-frx-para-mujer-negro-rosa\/\"]}]},{\"@type\":\"BreadcrumbList\",\"@id\":\"https:\/\/patinexclusivo.com\/index.php\/product\/patines-fr-frw-80-frx-para-mujer-negro-rosa\/#breadcrumb\",\"itemListElement\":[{\"@type\":\"ListItem\",\"position\":1,\"name\":\"Inicio\",\"item\":\"https:\/\/patinexclusivo.com\/\"},{\"@type\":\"ListItem\",\"position\":2,\"name\":\"Shop\",\"item\":\"https:\/\/patinexclusivo.com\/index.php\/shop\/\"},{\"@type\":\"ListItem\",\"position\":3,\"name\":\"Patines FR FRW 80 (FRX para mujer) &#8211; Negro\/Rosa Rn\"}]},{\"@type\":\"WebSite\",\"@id\":\"https:\/\/patinexclusivo.com\/#website\",\"url\":\"https:\/\/patinexclusivo.com\/\",\"name\":\"Pat\u00edn Exclusivo\",\"description\":\"\ud83d\udefc Rollers SLP: Tu destino #1 para patines en San Luis Potos\u00ed! Encuentra los mejores estilos y marcas \ud83c\udf1f, consejos de expertos \ud83d\udcda y accesorios para patinaje. \u00a1Vis\u00edtanos y rueda con estilo! \ud83c\udf08\u2728\",\"publisher\":{\"@id\":\"https:\/\/patinexclusivo.com\/#organization\"},\"potentialAction\":[{\"@type\":\"SearchAction\",\"target\":{\"@type\":\"EntryPoint\",\"urlTemplate\":\"https:\/\/patinexclusivo.com\/?s={search_term_string}\"},\"query-input\":\"required name=search_term_string\"}],\"inLanguage\":\"en-US\"},{\"@type\":\"Organization\",\"@id\":\"https:\/\/patinexclusivo.com\/#organization\",\"name\":\"Pat\u00edn Exclusivo\",\"url\":\"https:\/\/patinexclusivo.com\/\",\"logo\":{\"@type\":\"ImageObject\",\"inLanguage\":\"en-US\",\"@id\":\"https:\/\/patinexclusivo.com\/#\/schema\/logo\/image\/\",\"url\":\"https:\/\/patinexclusivo.com\/wp-content\/uploads\/2025\/01\/cropped-cropped-WhatsApp-Image-2025-01-29-at-7.00.40-PM.jpeg\",\"contentUrl\":\"https:\/\/patinexclusivo.com\/wp-content\/uploads\/2025\/01\/cropped-cropped-WhatsApp-Image-2025-01-29-at-7.00.40-PM.jpeg\",\"width\":583,\"height\":568,\"caption\":\"Pat\u00edn Exclusivo\"},\"image\":{\"@id\":\"https:\/\/patinexclusivo.com\/#\/schema\/logo\/image\/\"}}]}<\/script>\n<!-- \/ Yoast SEO plugin. -->","yoast_head_json":{"title":"Patines FR FRW 80 (FRX para mujer) - Negro\/Rosa Rn - Pat\u00edn Exclusivo","robots":{"index":"index","follow":"follow","max-snippet":"max-snippet:-1","max-image-preview":"max-image-preview:large","max-video-preview":"max-video-preview:-1"},"canonical":"https:\/\/patinexclusivo.com\/index.php\/product\/patines-fr-frw-80-frx-para-mujer-negro-rosa\/","og_locale":"en_US","og_type":"article","og_title":"Patines FR FRW 80 (FRX para mujer) - Negro\/Rosa Rn - Pat\u00edn Exclusivo","og_description":"SOLO POR PEDIDO Ya sea que se ponga sus patines por primera vez o por primera vez en a\u00f1os, a los patinadores les encantar\u00e1n los patines\u00a0 FR\u00a0 W 80 \u00a0que cuentan con un revestimiento\u00a0 FR \u00a0de primera calidad, plantilla de EVA 3D y una abertura de bota m\u00e1s ancha. Para garantizar que su pie se mantenga seguro en su lugar, los patines\u00a0 FR\u00a0 W 80 \u00a0cuentan con un cierre de hebilla FK en el tobillo y un cierre de doble correa en la parte superior del pie.  La bota\u00a0 FR\u00a0 W 80 \u00a0est\u00e1 montada sobre el cuadro negro X2R de 243 mm con la rueda elegida por los patinadores freeride de todo el mundo: las ruedas\u00a0 FR\u00a0 Street Kings \u00a0.  Caracter\u00edsticas:  Bot\u00edn: Bot\u00edn FR extra\u00edble de primera calidad con plantilla Orthomove Marco: X2R Rocker-able negro de 243 mm Ruedas: Ruedas Street Kings de 80 mm\/85a Rodamientos : Twincam MW7 Uso en freeride: Freeride, patinaje urbano, freestyle\u00a0 \u00a0 \u00a0 \u00a0 \u00a0  Peso: \u00a03380 g (basado en un modelo UK8)  &nbsp;  Consejo de tallas  Muchas personas piensan que los patines FR quedan un poco peque\u00f1os, ten esto en cuenta al elegir tu talla. Te recomendamos comprar una talla m\u00e1s grande si no est\u00e1s seguro o si est\u00e1s entre dos tallas. Clientes de EE.UU. UU.\/Canad\u00e1 La tabla de tallas de FR se basa en la talla de hombre de EE. UU. UU. Ten esto en cuenta antes de realizar tu compra.   Este pat\u00edn calza en una talla peque\u00f1a, por lo que es mejor comprar una talla M\u00c1S GRANDE que tu talla de calzado habitual.  &nbsp;","og_url":"https:\/\/patinexclusivo.com\/index.php\/product\/patines-fr-frw-80-frx-para-mujer-negro-rosa\/","og_site_name":"Pat\u00edn Exclusivo","article_modified_time":"2024-09-18T19:13:49+00:00","og_image":[{"width":1100,"height":1100,"url":"https:\/\/patinexclusivo.com\/wp-content\/uploads\/2024\/09\/FR-Skates-FRW-80-Black-Pink.webp","type":"image\/webp"}],"twitter_card":"summary_large_image","twitter_misc":{"Est. reading time":"1 minute"},"schema":{"@context":"https:\/\/schema.org","@graph":[{"@type":"WebPage","@id":"https:\/\/patinexclusivo.com\/index.php\/product\/patines-fr-frw-80-frx-para-mujer-negro-rosa\/","url":"https:\/\/patinexclusivo.com\/index.php\/product\/patines-fr-frw-80-frx-para-mujer-negro-rosa\/","name":"Patines FR FRW 80 (FRX para mujer) - Negro\/Rosa Rn - Pat\u00edn Exclusivo","isPartOf":{"@id":"https:\/\/patinexclusivo.com\/#website"},"datePublished":"2024-09-12T22:44:33+00:00","dateModified":"2024-09-18T19:13:49+00:00","breadcrumb":{"@id":"https:\/\/patinexclusivo.com\/index.php\/product\/patines-fr-frw-80-frx-para-mujer-negro-rosa\/#breadcrumb"},"inLanguage":"en-US","potentialAction":[{"@type":"ReadAction","target":["https:\/\/patinexclusivo.com\/index.php\/product\/patines-fr-frw-80-frx-para-mujer-negro-rosa\/"]}]},{"@type":"BreadcrumbList","@id":"https:\/\/patinexclusivo.com\/index.php\/product\/patines-fr-frw-80-frx-para-mujer-negro-rosa\/#breadcrumb","itemListElement":[{"@type":"ListItem","position":1,"name":"Inicio","item":"https:\/\/patinexclusivo.com\/"},{"@type":"ListItem","position":2,"name":"Shop","item":"https:\/\/patinexclusivo.com\/index.php\/shop\/"},{"@type":"ListItem","position":3,"name":"Patines FR FRW 80 (FRX para mujer) &#8211; Negro\/Rosa Rn"}]},{"@type":"WebSite","@id":"https:\/\/patinexclusivo.com\/#website","url":"https:\/\/patinexclusivo.com\/","name":"Pat\u00edn Exclusivo","description":"\ud83d\udefc Rollers SLP: Tu destino #1 para patines en San Luis Potos\u00ed! Encuentra los mejores estilos y marcas \ud83c\udf1f, consejos de expertos \ud83d\udcda y accesorios para patinaje. \u00a1Vis\u00edtanos y rueda con estilo! \ud83c\udf08\u2728","publisher":{"@id":"https:\/\/patinexclusivo.com\/#organization"},"potentialAction":[{"@type":"SearchAction","target":{"@type":"EntryPoint","urlTemplate":"https:\/\/patinexclusivo.com\/?s={search_term_string}"},"query-input":"required name=search_term_string"}],"inLanguage":"en-US"},{"@type":"Organization","@id":"https:\/\/patinexclusivo.com\/#organization","name":"Pat\u00edn Exclusivo","url":"https:\/\/patinexclusivo.com\/","logo":{"@type":"ImageObject","inLanguage":"en-US","@id":"https:\/\/patinexclusivo.com\/#\/schema\/logo\/image\/","url":"https:\/\/patinexclusivo.com\/wp-content\/uploads\/2025\/01\/cropped-cropped-WhatsApp-Image-2025-01-29-at-7.00.40-PM.jpeg","contentUrl":"https:\/\/patinexclusivo.com\/wp-content\/uploads\/2025\/01\/cropped-cropped-WhatsApp-Image-2025-01-29-at-7.00.40-PM.jpeg","width":583,"height":568,"caption":"Pat\u00edn Exclusivo"},"image":{"@id":"https:\/\/patinexclusivo.com\/#\/schema\/logo\/image\/"}}]}},"_links":{"self":[{"href":"https:\/\/patinexclusivo.com\/index.php\/wp-json\/wp\/v2\/product\/1596"}],"collection":[{"href":"https:\/\/patinexclusivo.com\/index.php\/wp-json\/wp\/v2\/product"}],"about":[{"href":"https:\/\/patinexclusivo.com\/index.php\/wp-json\/wp\/v2\/types\/product"}],"replies":[{"embeddable":true,"href":"https:\/\/patinexclusivo.com\/index.php\/wp-json\/wp\/v2\/comments?post=1596"}],"version-history":[{"count":3,"href":"https:\/\/patinexclusivo.com\/index.php\/wp-json\/wp\/v2\/product\/1596\/revisions"}],"predecessor-version":[{"id":1649,"href":"https:\/\/patinexclusivo.com\/index.php\/wp-json\/wp\/v2\/product\/1596\/revisions\/1649"}],"wp:featuredmedia":[{"embeddable":true,"href":"https:\/\/patinexclusivo.com\/index.php\/wp-json\/wp\/v2\/media\/1597"}],"wp:attachment":[{"href":"https:\/\/patinexclusivo.com\/index.php\/wp-json\/wp\/v2\/media?parent=1596"}],"wp:term":[{"taxonomy":"product_cat","embeddable":true,"href":"https:\/\/patinexclusivo.com\/index.php\/wp-json\/wp\/v2\/product_cat?post=1596"},{"taxonomy":"product_tag","embeddable":true,"href":"https:\/\/patinexclusivo.com\/index.php\/wp-json\/wp\/v2\/product_tag?post=1596"}],"curies":[{"name":"wp","href":"https:\/\/api.w.org\/{rel}","templated":true}]}}