{"id":1611,"date":"2024-09-13T00:36:32","date_gmt":"2024-09-13T00:36:32","guid":{"rendered":"https:\/\/patinexclusivo.com\/?post_type=product&#038;p=1611"},"modified":"2024-09-18T19:14:36","modified_gmt":"2024-09-18T19:14:36","slug":"patines-fr-fr1-90-unisex","status":"publish","type":"product","link":"https:\/\/patinexclusivo.com\/index.php\/product\/patines-fr-fr1-90-unisex\/","title":{"rendered":"Patines FR FR1 90 &#8211; Unisex Rn"},"content":{"rendered":"<table class=\"feature-table\">\n<tbody>\n<tr>\n<td><span>Estilo de patinaje:<\/span><\/td>\n<td class=\"feature-table__value\"><span>Urbano \/ Ciudad, Crucero \/ Ocio<\/span><\/td>\n<\/tr>\n<tr>\n<td><span>Tipo de pat\u00edn:<\/span><\/td>\n<td class=\"feature-table__value\"><span>Patines de 4 ruedas con bota dura<\/span><\/td>\n<\/tr>\n<tr>\n<td><span>Material de la bota:<\/span><\/td>\n<td class=\"feature-table__value\"><span>Pl\u00e1stico<\/span><\/td>\n<\/tr>\n<tr>\n<td><span>Cordones:<\/span><\/td>\n<td class=\"feature-table__value\"><span>Est\u00e1ndar<\/span><\/td>\n<\/tr>\n<tr>\n<td><span>Transatl\u00e1ntico:<\/span><\/td>\n<td class=\"feature-table__value\"><span>Existencias<\/span><\/td>\n<\/tr>\n<tr>\n<td><span>Almohadilla amortiguadora:<\/span><\/td>\n<td class=\"feature-table__value\"><span>S\u00ed<\/span><\/td>\n<\/tr>\n<tr>\n<td><span>Marca del marco:<\/span><\/td>\n<td class=\"feature-table__value\"><span>Patines FR<\/span><\/td>\n<\/tr>\n<tr>\n<td><span>Montaje del marco:<\/span><\/td>\n<td class=\"feature-table__value\"><span>Cl\u00e1sico (montura 165)<\/span><\/td>\n<\/tr>\n<tr>\n<td><span>Material del marco:<\/span><\/td>\n<td class=\"feature-table__value\"><span>Aluminio<\/span><\/td>\n<\/tr>\n<tr>\n<td><span>Longitud del marco:<\/span><\/td>\n<td class=\"feature-table__value\"><span>273 mm<\/span><\/td>\n<\/tr>\n<tr>\n<td><span>Balanc\u00edn de cuadro:<\/span><\/td>\n<td class=\"feature-table__value\"><span>Plano (sin balanc\u00edn)<\/span><\/td>\n<\/tr>\n<tr>\n<td><span>Ejes:<\/span><\/td>\n<td class=\"feature-table__value\"><span>Velocidad de 8 mm (un eje que se atornilla a la pared del marco)<\/span><\/td>\n<\/tr>\n<tr>\n<td><span>Marca de la rueda:<\/span><\/td>\n<td class=\"feature-table__value\"><span>Patines FR<\/span><\/td>\n<\/tr>\n<tr>\n<td><span>Tama\u00f1o de la rueda:<\/span><\/td>\n<td class=\"feature-table__value\"><span>90 mm<\/span><\/td>\n<\/tr>\n<tr>\n<td><span>Dureza de la rueda:<\/span><\/td>\n<td class=\"feature-table__value\"><span>85a<\/span><\/td>\n<\/tr>\n<tr>\n<td><span>Perfil de la rueda:<\/span><\/td>\n<td class=\"feature-table__value\"><span>Bala<\/span><\/td>\n<\/tr>\n<tr>\n<td><span>Marca de rodamientos:<\/span><\/td>\n<td class=\"feature-table__value\"><span>C\u00e1mara doble<\/span><\/td>\n<\/tr>\n<tr>\n<td><span>Clasificaci\u00f3n del rodamiento:<\/span><\/td>\n<td class=\"feature-table__value\"><span>MW9<\/span><\/td>\n<\/tr>\n<\/tbody>\n<\/table>\n<p>Talla 25cm, 25.5cm, 26cm, 27cm, 27.5cm, 28cm, 28.5cm, 29.5cm, 30cm<\/p>\n","protected":false},"excerpt":{"rendered":"<p>SOLO POR PEDIDO<\/p>\n<p><span>El FR Skates FR1 es un pat\u00edn est\u00e1ndar de la industria. Si bien esa es solo nuestra opini\u00f3n (ya que no tenemos ninguna evidencia objetiva que justifique este argumento), analizando los comentarios de los clientes y el incre\u00edble historial de ventas del pat\u00edn, todo patinador deber\u00eda intentar usar el FR1 una vez en su carrera y\/o mantenerlo en su colecci\u00f3n. Pero, \u00bfqu\u00e9 hace que el FR1 sea tan bueno?<\/p>\n<p><\/span><span>La bota de carcasa dura ha sido sometida a pruebas rigurosas por parte de atletas de \u00e9lite para garantizar que ofrece un rendimiento excelente y absorci\u00f3n de impactos. Esto significa que el pat\u00edn responde al mismo tiempo que reduce las vibraciones de la carretera para una conducci\u00f3n m\u00e1s suave. La amplia abertura de cordones de la bota hace que el ajuste sea f\u00e1cil y accesible. El pu\u00f1o multiposicional\u00a0adapta el soporte del tobillo a las necesidades individuales.\u00a0Con revestimientos mejorados y una plantilla Orthomove, cierre de hebilla FK, marcos FR 90 y ruedas FR, este est\u00e1ndar de la industria sigue dando resultados y ser\u00e1 uno de nuestros favoritos en los pr\u00f3ximos a\u00f1os. El solo hecho de tener este pat\u00edn en el pie se siente genial, incluso antes de que te hayas puesto en marcha.<\/span><span><\/span><span data-preserver-spaces=\"true\"><\/p>\n<p><\/span><span><\/span><\/p>\n<p><span>La placa base FR1 es una parte importante de lo que hace que el pat\u00edn brille, aunque est\u00e1 oculta cuando est\u00e1 en uso.<\/span><\/p>\n<p><span>La placa base permite a los usuarios ajustar la posici\u00f3n del marco en todas las direcciones para personalizar la pisada, las zancadas y los impulsos. Pero la caracter\u00edstica principal es su contribuci\u00f3n a la transferencia de energ\u00eda. La placa trabaja con el marco y la bota para brindar una capacidad de respuesta excepcional sin afectar la comodidad del pat\u00edn.<\/span><\/p>\n<p><strong><\/strong><strong><span>\u00bfPor qu\u00e9 elegir\u00eda ruedas de 90 mm en lugar de 80 mm?<\/span><\/strong><span>\u00a0Las ruedas m\u00e1s grandes significan m\u00e1s velocidad y m\u00e1s estabilidad*. Por estabilidad, nos referimos a que la base del pat\u00edn es m\u00e1s larga que la que obtendr\u00edas con una rueda de 80 mm. Esto hace que tus movimientos hacia adelante y hacia atr\u00e1s sean m\u00e1s estables. Esto puede ser conveniente para principiantes, trucos y patinaje urbano a velocidad.<\/span><\/p>\n<p><strong><span>Caracter\u00edsticas:<\/span><\/strong><\/p>\n<p><strong><span>Bot\u00edn:<\/span><\/strong><span>\u00a0Bot\u00edn FR extra\u00edble de primera calidad con plantilla Orthomove<\/span><br \/>\n<strong><span>Marco:<\/span><\/strong><span>\u00a0Marco negro de 273 mm<\/span><br \/>\n<strong><span>Ruedas:<\/span><\/strong><span>\u00a090 mm\/84a<\/span><br \/>\n<strong><span>Rodamientos:<\/span><\/strong><span>\u00a0Twincam MW9 Freeride<\/span><br \/>\n<strong><span>Colores:<\/span><\/strong><span>\u00a0Negro,<\/span><br \/>\n<strong><span>Uso:<\/span><\/strong><span>\u00a0Freeride, patinaje urbano, freestyle<\/span><\/p>\n<p><strong>Recomendaci\u00f3n de talla: este pat\u00edn calza en una talla peque\u00f1a, por lo que es mejor comprar una talla M\u00c1S GRANDE que tu talla de calzado habitual.<\/strong><\/p>\n","protected":false},"featured_media":1612,"comment_status":"open","ping_status":"closed","template":"","meta":{"rop_custom_images_group":[],"rop_custom_messages_group":[],"rop_publish_now":"initial","rop_publish_now_accounts":[],"rop_publish_now_history":[],"rop_publish_now_status":"pending"},"product_cat":[34],"product_tag":[],"class_list":{"0":"post-1611","1":"product","2":"type-product","3":"status-publish","4":"has-post-thumbnail","6":"product_cat-freeskate","7":"post","9":"first","10":"instock","11":"shipping-taxable","12":"purchasable","13":"product-type-simple"},"yoast_head":"<!-- This site is optimized with the Yoast SEO plugin v21.9.1 - https:\/\/yoast.com\/wordpress\/plugins\/seo\/ -->\n<title>Patines FR FR1 90 - Unisex Rn - Pat\u00edn Exclusivo<\/title>\n<meta name=\"robots\" content=\"index, follow, max-snippet:-1, max-image-preview:large, max-video-preview:-1\" \/>\n<link rel=\"canonical\" href=\"https:\/\/patinexclusivo.com\/index.php\/product\/patines-fr-fr1-90-unisex\/\" \/>\n<meta property=\"og:locale\" content=\"en_US\" \/>\n<meta property=\"og:type\" content=\"article\" \/>\n<meta property=\"og:title\" content=\"Patines FR FR1 90 - Unisex Rn - Pat\u00edn Exclusivo\" \/>\n<meta property=\"og:description\" content=\"SOLO POR PEDIDO  El FR Skates FR1 es un pat\u00edn est\u00e1ndar de la industria. Si bien esa es solo nuestra opini\u00f3n (ya que no tenemos ninguna evidencia objetiva que justifique este argumento), analizando los comentarios de los clientes y el incre\u00edble historial de ventas del pat\u00edn, todo patinador deber\u00eda intentar usar el FR1 una vez en su carrera y\/o mantenerlo en su colecci\u00f3n. Pero, \u00bfqu\u00e9 hace que el FR1 sea tan bueno?  La bota de carcasa dura ha sido sometida a pruebas rigurosas por parte de atletas de \u00e9lite para garantizar que ofrece un rendimiento excelente y absorci\u00f3n de impactos. Esto significa que el pat\u00edn responde al mismo tiempo que reduce las vibraciones de la carretera para una conducci\u00f3n m\u00e1s suave. La amplia abertura de cordones de la bota hace que el ajuste sea f\u00e1cil y accesible. El pu\u00f1o multiposicional\u00a0adapta el soporte del tobillo a las necesidades individuales.\u00a0Con revestimientos mejorados y una plantilla Orthomove, cierre de hebilla FK, marcos FR 90 y ruedas FR, este est\u00e1ndar de la industria sigue dando resultados y ser\u00e1 uno de nuestros favoritos en los pr\u00f3ximos a\u00f1os. El solo hecho de tener este pat\u00edn en el pie se siente genial, incluso antes de que te hayas puesto en marcha.    La placa base FR1 es una parte importante de lo que hace que el pat\u00edn brille, aunque est\u00e1 oculta cuando est\u00e1 en uso.  La placa base permite a los usuarios ajustar la posici\u00f3n del marco en todas las direcciones para personalizar la pisada, las zancadas y los impulsos. Pero la caracter\u00edstica principal es su contribuci\u00f3n a la transferencia de energ\u00eda. La placa trabaja con el marco y la bota para brindar una capacidad de respuesta excepcional sin afectar la comodidad del pat\u00edn.  \u00bfPor qu\u00e9 elegir\u00eda ruedas de 90 mm en lugar de 80 mm?\u00a0Las ruedas m\u00e1s grandes significan m\u00e1s velocidad y m\u00e1s estabilidad*. Por estabilidad, nos referimos a que la base del pat\u00edn es m\u00e1s larga que la que obtendr\u00edas con una rueda de 80 mm. Esto hace que tus movimientos hacia adelante y hacia atr\u00e1s sean m\u00e1s estables. Esto puede ser conveniente para principiantes, trucos y patinaje urbano a velocidad.  Caracter\u00edsticas:  Bot\u00edn:\u00a0Bot\u00edn FR extra\u00edble de primera calidad con plantilla Orthomove Marco:\u00a0Marco negro de 273 mm Ruedas:\u00a090 mm\/84a Rodamientos:\u00a0Twincam MW9 Freeride Colores:\u00a0Negro, Uso:\u00a0Freeride, patinaje urbano, freestyle  Recomendaci\u00f3n de talla: este pat\u00edn calza en una talla peque\u00f1a, por lo que es mejor comprar una talla M\u00c1S GRANDE que tu talla de calzado habitual.\" \/>\n<meta property=\"og:url\" content=\"https:\/\/patinexclusivo.com\/index.php\/product\/patines-fr-fr1-90-unisex\/\" \/>\n<meta property=\"og:site_name\" content=\"Pat\u00edn Exclusivo\" \/>\n<meta property=\"article:modified_time\" content=\"2024-09-18T19:14:36+00:00\" \/>\n<meta property=\"og:image\" content=\"https:\/\/patinexclusivo.com\/wp-content\/uploads\/2024\/09\/FR-SKATES-FR1-90.webp\" \/>\n\t<meta property=\"og:image:width\" content=\"823\" \/>\n\t<meta property=\"og:image:height\" content=\"823\" \/>\n\t<meta property=\"og:image:type\" content=\"image\/webp\" \/>\n<meta name=\"twitter:card\" content=\"summary_large_image\" \/>\n<meta name=\"twitter:label1\" content=\"Est. reading time\" \/>\n\t<meta name=\"twitter:data1\" content=\"1 minute\" \/>\n<script type=\"application\/ld+json\" class=\"yoast-schema-graph\">{\"@context\":\"https:\/\/schema.org\",\"@graph\":[{\"@type\":\"WebPage\",\"@id\":\"https:\/\/patinexclusivo.com\/index.php\/product\/patines-fr-fr1-90-unisex\/\",\"url\":\"https:\/\/patinexclusivo.com\/index.php\/product\/patines-fr-fr1-90-unisex\/\",\"name\":\"Patines FR FR1 90 - Unisex Rn - Pat\u00edn Exclusivo\",\"isPartOf\":{\"@id\":\"https:\/\/patinexclusivo.com\/#website\"},\"datePublished\":\"2024-09-13T00:36:32+00:00\",\"dateModified\":\"2024-09-18T19:14:36+00:00\",\"breadcrumb\":{\"@id\":\"https:\/\/patinexclusivo.com\/index.php\/product\/patines-fr-fr1-90-unisex\/#breadcrumb\"},\"inLanguage\":\"en-US\",\"potentialAction\":[{\"@type\":\"ReadAction\",\"target\":[\"https:\/\/patinexclusivo.com\/index.php\/product\/patines-fr-fr1-90-unisex\/\"]}]},{\"@type\":\"BreadcrumbList\",\"@id\":\"https:\/\/patinexclusivo.com\/index.php\/product\/patines-fr-fr1-90-unisex\/#breadcrumb\",\"itemListElement\":[{\"@type\":\"ListItem\",\"position\":1,\"name\":\"Inicio\",\"item\":\"https:\/\/patinexclusivo.com\/\"},{\"@type\":\"ListItem\",\"position\":2,\"name\":\"Shop\",\"item\":\"https:\/\/patinexclusivo.com\/index.php\/shop\/\"},{\"@type\":\"ListItem\",\"position\":3,\"name\":\"Patines FR FR1 90 &#8211; Unisex Rn\"}]},{\"@type\":\"WebSite\",\"@id\":\"https:\/\/patinexclusivo.com\/#website\",\"url\":\"https:\/\/patinexclusivo.com\/\",\"name\":\"Pat\u00edn Exclusivo\",\"description\":\"\ud83d\udefc Rollers SLP: Tu destino #1 para patines en San Luis Potos\u00ed! Encuentra los mejores estilos y marcas \ud83c\udf1f, consejos de expertos \ud83d\udcda y accesorios para patinaje. \u00a1Vis\u00edtanos y rueda con estilo! \ud83c\udf08\u2728\",\"publisher\":{\"@id\":\"https:\/\/patinexclusivo.com\/#organization\"},\"potentialAction\":[{\"@type\":\"SearchAction\",\"target\":{\"@type\":\"EntryPoint\",\"urlTemplate\":\"https:\/\/patinexclusivo.com\/?s={search_term_string}\"},\"query-input\":\"required name=search_term_string\"}],\"inLanguage\":\"en-US\"},{\"@type\":\"Organization\",\"@id\":\"https:\/\/patinexclusivo.com\/#organization\",\"name\":\"Pat\u00edn Exclusivo\",\"url\":\"https:\/\/patinexclusivo.com\/\",\"logo\":{\"@type\":\"ImageObject\",\"inLanguage\":\"en-US\",\"@id\":\"https:\/\/patinexclusivo.com\/#\/schema\/logo\/image\/\",\"url\":\"https:\/\/patinexclusivo.com\/wp-content\/uploads\/2025\/01\/cropped-cropped-WhatsApp-Image-2025-01-29-at-7.00.40-PM.jpeg\",\"contentUrl\":\"https:\/\/patinexclusivo.com\/wp-content\/uploads\/2025\/01\/cropped-cropped-WhatsApp-Image-2025-01-29-at-7.00.40-PM.jpeg\",\"width\":583,\"height\":568,\"caption\":\"Pat\u00edn Exclusivo\"},\"image\":{\"@id\":\"https:\/\/patinexclusivo.com\/#\/schema\/logo\/image\/\"}}]}<\/script>\n<!-- \/ Yoast SEO plugin. -->","yoast_head_json":{"title":"Patines FR FR1 90 - Unisex Rn - Pat\u00edn Exclusivo","robots":{"index":"index","follow":"follow","max-snippet":"max-snippet:-1","max-image-preview":"max-image-preview:large","max-video-preview":"max-video-preview:-1"},"canonical":"https:\/\/patinexclusivo.com\/index.php\/product\/patines-fr-fr1-90-unisex\/","og_locale":"en_US","og_type":"article","og_title":"Patines FR FR1 90 - Unisex Rn - Pat\u00edn Exclusivo","og_description":"SOLO POR PEDIDO  El FR Skates FR1 es un pat\u00edn est\u00e1ndar de la industria. Si bien esa es solo nuestra opini\u00f3n (ya que no tenemos ninguna evidencia objetiva que justifique este argumento), analizando los comentarios de los clientes y el incre\u00edble historial de ventas del pat\u00edn, todo patinador deber\u00eda intentar usar el FR1 una vez en su carrera y\/o mantenerlo en su colecci\u00f3n. Pero, \u00bfqu\u00e9 hace que el FR1 sea tan bueno?  La bota de carcasa dura ha sido sometida a pruebas rigurosas por parte de atletas de \u00e9lite para garantizar que ofrece un rendimiento excelente y absorci\u00f3n de impactos. Esto significa que el pat\u00edn responde al mismo tiempo que reduce las vibraciones de la carretera para una conducci\u00f3n m\u00e1s suave. La amplia abertura de cordones de la bota hace que el ajuste sea f\u00e1cil y accesible. El pu\u00f1o multiposicional\u00a0adapta el soporte del tobillo a las necesidades individuales.\u00a0Con revestimientos mejorados y una plantilla Orthomove, cierre de hebilla FK, marcos FR 90 y ruedas FR, este est\u00e1ndar de la industria sigue dando resultados y ser\u00e1 uno de nuestros favoritos en los pr\u00f3ximos a\u00f1os. El solo hecho de tener este pat\u00edn en el pie se siente genial, incluso antes de que te hayas puesto en marcha.    La placa base FR1 es una parte importante de lo que hace que el pat\u00edn brille, aunque est\u00e1 oculta cuando est\u00e1 en uso.  La placa base permite a los usuarios ajustar la posici\u00f3n del marco en todas las direcciones para personalizar la pisada, las zancadas y los impulsos. Pero la caracter\u00edstica principal es su contribuci\u00f3n a la transferencia de energ\u00eda. La placa trabaja con el marco y la bota para brindar una capacidad de respuesta excepcional sin afectar la comodidad del pat\u00edn.  \u00bfPor qu\u00e9 elegir\u00eda ruedas de 90 mm en lugar de 80 mm?\u00a0Las ruedas m\u00e1s grandes significan m\u00e1s velocidad y m\u00e1s estabilidad*. Por estabilidad, nos referimos a que la base del pat\u00edn es m\u00e1s larga que la que obtendr\u00edas con una rueda de 80 mm. Esto hace que tus movimientos hacia adelante y hacia atr\u00e1s sean m\u00e1s estables. Esto puede ser conveniente para principiantes, trucos y patinaje urbano a velocidad.  Caracter\u00edsticas:  Bot\u00edn:\u00a0Bot\u00edn FR extra\u00edble de primera calidad con plantilla Orthomove Marco:\u00a0Marco negro de 273 mm Ruedas:\u00a090 mm\/84a Rodamientos:\u00a0Twincam MW9 Freeride Colores:\u00a0Negro, Uso:\u00a0Freeride, patinaje urbano, freestyle  Recomendaci\u00f3n de talla: este pat\u00edn calza en una talla peque\u00f1a, por lo que es mejor comprar una talla M\u00c1S GRANDE que tu talla de calzado habitual.","og_url":"https:\/\/patinexclusivo.com\/index.php\/product\/patines-fr-fr1-90-unisex\/","og_site_name":"Pat\u00edn Exclusivo","article_modified_time":"2024-09-18T19:14:36+00:00","og_image":[{"width":823,"height":823,"url":"https:\/\/patinexclusivo.com\/wp-content\/uploads\/2024\/09\/FR-SKATES-FR1-90.webp","type":"image\/webp"}],"twitter_card":"summary_large_image","twitter_misc":{"Est. reading time":"1 minute"},"schema":{"@context":"https:\/\/schema.org","@graph":[{"@type":"WebPage","@id":"https:\/\/patinexclusivo.com\/index.php\/product\/patines-fr-fr1-90-unisex\/","url":"https:\/\/patinexclusivo.com\/index.php\/product\/patines-fr-fr1-90-unisex\/","name":"Patines FR FR1 90 - Unisex Rn - Pat\u00edn Exclusivo","isPartOf":{"@id":"https:\/\/patinexclusivo.com\/#website"},"datePublished":"2024-09-13T00:36:32+00:00","dateModified":"2024-09-18T19:14:36+00:00","breadcrumb":{"@id":"https:\/\/patinexclusivo.com\/index.php\/product\/patines-fr-fr1-90-unisex\/#breadcrumb"},"inLanguage":"en-US","potentialAction":[{"@type":"ReadAction","target":["https:\/\/patinexclusivo.com\/index.php\/product\/patines-fr-fr1-90-unisex\/"]}]},{"@type":"BreadcrumbList","@id":"https:\/\/patinexclusivo.com\/index.php\/product\/patines-fr-fr1-90-unisex\/#breadcrumb","itemListElement":[{"@type":"ListItem","position":1,"name":"Inicio","item":"https:\/\/patinexclusivo.com\/"},{"@type":"ListItem","position":2,"name":"Shop","item":"https:\/\/patinexclusivo.com\/index.php\/shop\/"},{"@type":"ListItem","position":3,"name":"Patines FR FR1 90 &#8211; Unisex Rn"}]},{"@type":"WebSite","@id":"https:\/\/patinexclusivo.com\/#website","url":"https:\/\/patinexclusivo.com\/","name":"Pat\u00edn Exclusivo","description":"\ud83d\udefc Rollers SLP: Tu destino #1 para patines en San Luis Potos\u00ed! Encuentra los mejores estilos y marcas \ud83c\udf1f, consejos de expertos \ud83d\udcda y accesorios para patinaje. \u00a1Vis\u00edtanos y rueda con estilo! \ud83c\udf08\u2728","publisher":{"@id":"https:\/\/patinexclusivo.com\/#organization"},"potentialAction":[{"@type":"SearchAction","target":{"@type":"EntryPoint","urlTemplate":"https:\/\/patinexclusivo.com\/?s={search_term_string}"},"query-input":"required name=search_term_string"}],"inLanguage":"en-US"},{"@type":"Organization","@id":"https:\/\/patinexclusivo.com\/#organization","name":"Pat\u00edn Exclusivo","url":"https:\/\/patinexclusivo.com\/","logo":{"@type":"ImageObject","inLanguage":"en-US","@id":"https:\/\/patinexclusivo.com\/#\/schema\/logo\/image\/","url":"https:\/\/patinexclusivo.com\/wp-content\/uploads\/2025\/01\/cropped-cropped-WhatsApp-Image-2025-01-29-at-7.00.40-PM.jpeg","contentUrl":"https:\/\/patinexclusivo.com\/wp-content\/uploads\/2025\/01\/cropped-cropped-WhatsApp-Image-2025-01-29-at-7.00.40-PM.jpeg","width":583,"height":568,"caption":"Pat\u00edn Exclusivo"},"image":{"@id":"https:\/\/patinexclusivo.com\/#\/schema\/logo\/image\/"}}]}},"_links":{"self":[{"href":"https:\/\/patinexclusivo.com\/index.php\/wp-json\/wp\/v2\/product\/1611"}],"collection":[{"href":"https:\/\/patinexclusivo.com\/index.php\/wp-json\/wp\/v2\/product"}],"about":[{"href":"https:\/\/patinexclusivo.com\/index.php\/wp-json\/wp\/v2\/types\/product"}],"replies":[{"embeddable":true,"href":"https:\/\/patinexclusivo.com\/index.php\/wp-json\/wp\/v2\/comments?post=1611"}],"version-history":[{"count":3,"href":"https:\/\/patinexclusivo.com\/index.php\/wp-json\/wp\/v2\/product\/1611\/revisions"}],"predecessor-version":[{"id":1653,"href":"https:\/\/patinexclusivo.com\/index.php\/wp-json\/wp\/v2\/product\/1611\/revisions\/1653"}],"wp:featuredmedia":[{"embeddable":true,"href":"https:\/\/patinexclusivo.com\/index.php\/wp-json\/wp\/v2\/media\/1612"}],"wp:attachment":[{"href":"https:\/\/patinexclusivo.com\/index.php\/wp-json\/wp\/v2\/media?parent=1611"}],"wp:term":[{"taxonomy":"product_cat","embeddable":true,"href":"https:\/\/patinexclusivo.com\/index.php\/wp-json\/wp\/v2\/product_cat?post=1611"},{"taxonomy":"product_tag","embeddable":true,"href":"https:\/\/patinexclusivo.com\/index.php\/wp-json\/wp\/v2\/product_tag?post=1611"}],"curies":[{"name":"wp","href":"https:\/\/api.w.org\/{rel}","templated":true}]}}