{"id":1631,"date":"2024-09-14T01:40:54","date_gmt":"2024-09-14T01:40:54","guid":{"rendered":"https:\/\/patinexclusivo.com\/?post_type=product&#038;p=1631"},"modified":"2024-09-18T19:15:37","modified_gmt":"2024-09-18T19:15:37","slug":"patines-en-linea-seba-trix-2-unisex","status":"publish","type":"product","link":"https:\/\/patinexclusivo.com\/index.php\/product\/patines-en-linea-seba-trix-2-unisex\/","title":{"rendered":"Patines en l\u00ednea Seba Trix 2 &#8211; Unisex Rn"},"content":{"rendered":"<table class=\"feature-table\">\n<tbody>\n<tr>\n<td><span>Estilo de patinaje:<\/span><\/td>\n<td class=\"feature-table__value\"><span>Urbano \/ Ciudad, Slalom, Crucero \/ Ocio<\/span><\/td>\n<\/tr>\n<tr>\n<td><span>Tipo de pat\u00edn:<\/span><\/td>\n<td class=\"feature-table__value\"><span>Arranque duro<\/span><\/td>\n<\/tr>\n<tr>\n<td><span>Material de la bota:<\/span><\/td>\n<td class=\"feature-table__value\"><span>Pl\u00e1stico<\/span><\/td>\n<\/tr>\n<tr>\n<td><span>Cordones:<\/span><\/td>\n<td class=\"feature-table__value\"><span>Est\u00e1ndar<\/span><\/td>\n<\/tr>\n<tr>\n<td><span>Transatl\u00e1ntico:<\/span><\/td>\n<td class=\"feature-table__value\"><span>Integrado<\/span><\/td>\n<\/tr>\n<tr>\n<td><span>Almohadilla amortiguadora:<\/span><\/td>\n<td class=\"feature-table__value\"><span>S\u00ed<\/span><\/td>\n<\/tr>\n<tr>\n<td><span>Marca del marco:<\/span><\/td>\n<td class=\"feature-table__value\"><span>Seba<\/span><\/td>\n<\/tr>\n<tr>\n<td><span>Montaje del marco:<\/span><\/td>\n<td class=\"feature-table__value\"><span>Cl\u00e1sico (montura 165)<\/span><\/td>\n<\/tr>\n<tr>\n<td><span>Material del marco:<\/span><\/td>\n<td class=\"feature-table__value\"><span>Aluminio<\/span><\/td>\n<\/tr>\n<tr>\n<td><span>Longitud del marco:<\/span><\/td>\n<td class=\"feature-table__value\"><span>231 mm, 243 mm<\/span><\/td>\n<\/tr>\n<tr>\n<td><span>Balanc\u00edn de cuadro:<\/span><\/td>\n<td class=\"feature-table__value\"><span>Ejes oscilantes<\/span><\/td>\n<\/tr>\n<tr>\n<td><span>Ejes:<\/span><\/td>\n<td class=\"feature-table__value\"><span>8 mm basculante<\/span><\/td>\n<\/tr>\n<tr>\n<td><span>Marca de la rueda:<\/span><\/td>\n<td class=\"feature-table__value\"><span>Seba<\/span><\/td>\n<\/tr>\n<tr>\n<td><span>Tama\u00f1o de la rueda:<\/span><\/td>\n<td class=\"feature-table__value\"><span>80 mm<\/span><\/td>\n<\/tr>\n<tr>\n<td><span>Dureza de la rueda:<\/span><\/td>\n<td class=\"feature-table__value\"><span>85a<\/span><\/td>\n<\/tr>\n<tr>\n<td><span>Perfil de la rueda:<\/span><\/td>\n<td class=\"feature-table__value\"><span>Redondo<\/span><\/td>\n<\/tr>\n<tr>\n<td><span>Marca de rodamientos:<\/span><\/td>\n<td class=\"feature-table__value\"><span>C\u00e1mara doble<\/span><\/td>\n<\/tr>\n<tr>\n<td><span>Clasificaci\u00f3n del rodamiento:<\/span><\/td>\n<td class=\"feature-table__value\"><span>7 de iLQ<\/span><\/td>\n<\/tr>\n<tr>\n<td><span>Freno incluido :<\/span><\/td>\n<td class=\"feature-table__value\"><span>No<\/span><\/td>\n<\/tr>\n<\/tbody>\n<\/table>\n<p>Talla 24cm, 24.8cm, 25.5cm, 26cm, 27cm, 27.5cm, 28.5cm, 29.5cm, 30.9cm<\/p>\n","protected":false},"excerpt":{"rendered":"<p>SOLO POR PEDIDO<\/p>\n<p><span data-preserver-spaces=\"true\">Los\u00a0 patines\u00a0<\/span><strong><span data-preserver-spaces=\"true\">Seba\u00a0<\/span><\/strong><span><strong>Trix 2<\/strong>\u00a0\u00a0son el sustituto de los Trix Carbon y los Trix Pro (y cuestan aproximadamente la mitad). Si buscas unos patines precisos, ligeros y c\u00f3modos, est\u00e1s en el lugar indicado.\u00a0<\/span><em><span data-preserver-spaces=\"true\">\u00a0<\/span><\/em><strong><span data-preserver-spaces=\"true\"><\/span><\/strong><span data-preserver-spaces=\"true\"><\/span><\/p>\n<p><span data-preserver-spaces=\"true\">Parte de la serie de gran turismo de Seba, el Trix 2 utiliza una\u00a0\u00a0<\/span><strong><span data-preserver-spaces=\"true\">carcasa de pl\u00e1stico inyectado\u00a0<\/span><\/strong><span data-preserver-spaces=\"true\">\u00a0que ofrece m\u00e1s comodidad y absorci\u00f3n de impactos que sus hermanos de fibra de carbono, lo que lo hace perfecto para explorar la ciudad o sesiones m\u00e1s largas con amigos.\u00a0<\/span><\/p>\n<p><span data-preserver-spaces=\"true\">El\u00a0\u00a0<\/span><strong><span data-preserver-spaces=\"true\">pu\u00f1o triangular\u00a0<\/span><\/strong><span data-preserver-spaces=\"true\">\u00a0proporciona flexibilidad y sujeta solo las \u00e1reas necesarias. La reducci\u00f3n de pl\u00e1stico alrededor del pu\u00f1o limita los puntos de presi\u00f3n en el tobillo y disminuye el peso. La parte superior con velcro y la correa para la puntera combinadas con una hebilla de ara\u00f1a de trinquete 45 mantienen el pie bloqueado en su lugar. El mecanismo de bloqueo del pie minimiza el movimiento no deseado dentro de la bota sin comprometer la &#8220;libertad de los pies&#8221; en patines de larga distancia.\u00a0<\/span><\/p>\n<p><span data-preserver-spaces=\"true\">El\u00a0\u00a0<\/span><strong><span data-preserver-spaces=\"true\">cuadro X2R<\/span><\/strong><span data-preserver-spaces=\"true\">\u00a0\u00a0ofrece una oportunidad \u00fanica de montar tanto en configuraci\u00f3n plana como con rocker. Las configuraciones planas proporcionan una conducci\u00f3n tradicional y estable, mientras que el rocker opcional es perfecto cuando quieres incursionar en el estilo libre o el eslalon, ya que es m\u00e1s maniobrable.\u00a0<\/span><\/p>\n<p><span data-preserver-spaces=\"true\">Seba ha incluido sus\u00a0\u00a0<\/span><strong><span data-preserver-spaces=\"true\">ruedas premium SK 80mm 85a<\/span><\/strong><span data-preserver-spaces=\"true\">\u00a0\u00a0para un equilibrio perfecto entre velocidad y agarre.\u00a0<\/span><\/p>\n<p><span>Aseg\u00farate de tomar el tuyo r\u00e1pidamente porque esperamos que sean un \u00e9xito.\u00a0<\/span><\/p>\n<p><b><i><span>Consejo sobre la talla:<\/span><\/i><\/b><strong>estos patines calzan normalmente, puedes comprar tu talla habitual de calzado.<\/strong><\/p>\n","protected":false},"featured_media":1632,"comment_status":"open","ping_status":"closed","template":"","meta":{"rop_custom_images_group":[],"rop_custom_messages_group":[],"rop_publish_now":"initial","rop_publish_now_accounts":[],"rop_publish_now_history":[],"rop_publish_now_status":"pending"},"product_cat":[34],"product_tag":[],"class_list":{"0":"post-1631","1":"product","2":"type-product","3":"status-publish","4":"has-post-thumbnail","6":"product_cat-freeskate","7":"post","9":"first","10":"instock","11":"shipping-taxable","12":"purchasable","13":"product-type-simple"},"yoast_head":"<!-- This site is optimized with the Yoast SEO plugin v21.9.1 - https:\/\/yoast.com\/wordpress\/plugins\/seo\/ -->\n<title>Patines en l\u00ednea Seba Trix 2 - Unisex Rn - Pat\u00edn Exclusivo<\/title>\n<meta name=\"description\" content=\"Los patines Seba Trix 2 son el sustituto de los Trix Carbon y los Trix Pro (y cuestan aproximadamente la mitad). Si buscas unos patines precisos, ligeros.\" \/>\n<meta name=\"robots\" content=\"index, follow, max-snippet:-1, max-image-preview:large, max-video-preview:-1\" \/>\n<link rel=\"canonical\" href=\"https:\/\/patinexclusivo.com\/index.php\/product\/patines-en-linea-seba-trix-2-unisex\/\" \/>\n<meta property=\"og:locale\" content=\"en_US\" \/>\n<meta property=\"og:type\" content=\"article\" \/>\n<meta property=\"og:title\" content=\"Patines en l\u00ednea Seba Trix 2 - Unisex Rn - Pat\u00edn Exclusivo\" \/>\n<meta property=\"og:description\" content=\"Los patines Seba Trix 2 son el sustituto de los Trix Carbon y los Trix Pro (y cuestan aproximadamente la mitad). Si buscas unos patines precisos, ligeros.\" \/>\n<meta property=\"og:url\" content=\"https:\/\/patinexclusivo.com\/index.php\/product\/patines-en-linea-seba-trix-2-unisex\/\" \/>\n<meta property=\"og:site_name\" content=\"Pat\u00edn Exclusivo\" \/>\n<meta property=\"article:modified_time\" content=\"2024-09-18T19:15:37+00:00\" \/>\n<meta property=\"og:image\" content=\"https:\/\/patinexclusivo.com\/wp-content\/uploads\/2024\/09\/Seba-trix-2-1.webp\" \/>\n\t<meta property=\"og:image:width\" content=\"823\" \/>\n\t<meta property=\"og:image:height\" content=\"823\" \/>\n\t<meta property=\"og:image:type\" content=\"image\/webp\" \/>\n<meta name=\"twitter:card\" content=\"summary_large_image\" \/>\n<meta name=\"twitter:label1\" content=\"Est. reading time\" \/>\n\t<meta name=\"twitter:data1\" content=\"1 minute\" \/>\n<script type=\"application\/ld+json\" class=\"yoast-schema-graph\">{\"@context\":\"https:\/\/schema.org\",\"@graph\":[{\"@type\":\"WebPage\",\"@id\":\"https:\/\/patinexclusivo.com\/index.php\/product\/patines-en-linea-seba-trix-2-unisex\/\",\"url\":\"https:\/\/patinexclusivo.com\/index.php\/product\/patines-en-linea-seba-trix-2-unisex\/\",\"name\":\"Patines en l\u00ednea Seba Trix 2 - Unisex Rn - Pat\u00edn Exclusivo\",\"isPartOf\":{\"@id\":\"https:\/\/patinexclusivo.com\/#website\"},\"datePublished\":\"2024-09-14T01:40:54+00:00\",\"dateModified\":\"2024-09-18T19:15:37+00:00\",\"description\":\"Los patines Seba Trix 2 son el sustituto de los Trix Carbon y los Trix Pro (y cuestan aproximadamente la mitad). Si buscas unos patines precisos, ligeros.\",\"breadcrumb\":{\"@id\":\"https:\/\/patinexclusivo.com\/index.php\/product\/patines-en-linea-seba-trix-2-unisex\/#breadcrumb\"},\"inLanguage\":\"en-US\",\"potentialAction\":[{\"@type\":\"ReadAction\",\"target\":[\"https:\/\/patinexclusivo.com\/index.php\/product\/patines-en-linea-seba-trix-2-unisex\/\"]}]},{\"@type\":\"BreadcrumbList\",\"@id\":\"https:\/\/patinexclusivo.com\/index.php\/product\/patines-en-linea-seba-trix-2-unisex\/#breadcrumb\",\"itemListElement\":[{\"@type\":\"ListItem\",\"position\":1,\"name\":\"Inicio\",\"item\":\"https:\/\/patinexclusivo.com\/\"},{\"@type\":\"ListItem\",\"position\":2,\"name\":\"Shop\",\"item\":\"https:\/\/patinexclusivo.com\/index.php\/shop\/\"},{\"@type\":\"ListItem\",\"position\":3,\"name\":\"Patines en l\u00ednea Seba Trix 2 &#8211; Unisex Rn\"}]},{\"@type\":\"WebSite\",\"@id\":\"https:\/\/patinexclusivo.com\/#website\",\"url\":\"https:\/\/patinexclusivo.com\/\",\"name\":\"Pat\u00edn Exclusivo\",\"description\":\"\ud83d\udefc Rollers SLP: Tu destino #1 para patines en San Luis Potos\u00ed! Encuentra los mejores estilos y marcas \ud83c\udf1f, consejos de expertos \ud83d\udcda y accesorios para patinaje. \u00a1Vis\u00edtanos y rueda con estilo! \ud83c\udf08\u2728\",\"publisher\":{\"@id\":\"https:\/\/patinexclusivo.com\/#organization\"},\"potentialAction\":[{\"@type\":\"SearchAction\",\"target\":{\"@type\":\"EntryPoint\",\"urlTemplate\":\"https:\/\/patinexclusivo.com\/?s={search_term_string}\"},\"query-input\":\"required name=search_term_string\"}],\"inLanguage\":\"en-US\"},{\"@type\":\"Organization\",\"@id\":\"https:\/\/patinexclusivo.com\/#organization\",\"name\":\"Pat\u00edn Exclusivo\",\"url\":\"https:\/\/patinexclusivo.com\/\",\"logo\":{\"@type\":\"ImageObject\",\"inLanguage\":\"en-US\",\"@id\":\"https:\/\/patinexclusivo.com\/#\/schema\/logo\/image\/\",\"url\":\"https:\/\/patinexclusivo.com\/wp-content\/uploads\/2025\/01\/cropped-cropped-WhatsApp-Image-2025-01-29-at-7.00.40-PM.jpeg\",\"contentUrl\":\"https:\/\/patinexclusivo.com\/wp-content\/uploads\/2025\/01\/cropped-cropped-WhatsApp-Image-2025-01-29-at-7.00.40-PM.jpeg\",\"width\":583,\"height\":568,\"caption\":\"Pat\u00edn Exclusivo\"},\"image\":{\"@id\":\"https:\/\/patinexclusivo.com\/#\/schema\/logo\/image\/\"}}]}<\/script>\n<!-- \/ Yoast SEO plugin. -->","yoast_head_json":{"title":"Patines en l\u00ednea Seba Trix 2 - Unisex Rn - Pat\u00edn Exclusivo","description":"Los patines Seba Trix 2 son el sustituto de los Trix Carbon y los Trix Pro (y cuestan aproximadamente la mitad). Si buscas unos patines precisos, ligeros.","robots":{"index":"index","follow":"follow","max-snippet":"max-snippet:-1","max-image-preview":"max-image-preview:large","max-video-preview":"max-video-preview:-1"},"canonical":"https:\/\/patinexclusivo.com\/index.php\/product\/patines-en-linea-seba-trix-2-unisex\/","og_locale":"en_US","og_type":"article","og_title":"Patines en l\u00ednea Seba Trix 2 - Unisex Rn - Pat\u00edn Exclusivo","og_description":"Los patines Seba Trix 2 son el sustituto de los Trix Carbon y los Trix Pro (y cuestan aproximadamente la mitad). Si buscas unos patines precisos, ligeros.","og_url":"https:\/\/patinexclusivo.com\/index.php\/product\/patines-en-linea-seba-trix-2-unisex\/","og_site_name":"Pat\u00edn Exclusivo","article_modified_time":"2024-09-18T19:15:37+00:00","og_image":[{"width":823,"height":823,"url":"https:\/\/patinexclusivo.com\/wp-content\/uploads\/2024\/09\/Seba-trix-2-1.webp","type":"image\/webp"}],"twitter_card":"summary_large_image","twitter_misc":{"Est. reading time":"1 minute"},"schema":{"@context":"https:\/\/schema.org","@graph":[{"@type":"WebPage","@id":"https:\/\/patinexclusivo.com\/index.php\/product\/patines-en-linea-seba-trix-2-unisex\/","url":"https:\/\/patinexclusivo.com\/index.php\/product\/patines-en-linea-seba-trix-2-unisex\/","name":"Patines en l\u00ednea Seba Trix 2 - Unisex Rn - Pat\u00edn Exclusivo","isPartOf":{"@id":"https:\/\/patinexclusivo.com\/#website"},"datePublished":"2024-09-14T01:40:54+00:00","dateModified":"2024-09-18T19:15:37+00:00","description":"Los patines Seba Trix 2 son el sustituto de los Trix Carbon y los Trix Pro (y cuestan aproximadamente la mitad). Si buscas unos patines precisos, ligeros.","breadcrumb":{"@id":"https:\/\/patinexclusivo.com\/index.php\/product\/patines-en-linea-seba-trix-2-unisex\/#breadcrumb"},"inLanguage":"en-US","potentialAction":[{"@type":"ReadAction","target":["https:\/\/patinexclusivo.com\/index.php\/product\/patines-en-linea-seba-trix-2-unisex\/"]}]},{"@type":"BreadcrumbList","@id":"https:\/\/patinexclusivo.com\/index.php\/product\/patines-en-linea-seba-trix-2-unisex\/#breadcrumb","itemListElement":[{"@type":"ListItem","position":1,"name":"Inicio","item":"https:\/\/patinexclusivo.com\/"},{"@type":"ListItem","position":2,"name":"Shop","item":"https:\/\/patinexclusivo.com\/index.php\/shop\/"},{"@type":"ListItem","position":3,"name":"Patines en l\u00ednea Seba Trix 2 &#8211; Unisex Rn"}]},{"@type":"WebSite","@id":"https:\/\/patinexclusivo.com\/#website","url":"https:\/\/patinexclusivo.com\/","name":"Pat\u00edn Exclusivo","description":"\ud83d\udefc Rollers SLP: Tu destino #1 para patines en San Luis Potos\u00ed! Encuentra los mejores estilos y marcas \ud83c\udf1f, consejos de expertos \ud83d\udcda y accesorios para patinaje. \u00a1Vis\u00edtanos y rueda con estilo! \ud83c\udf08\u2728","publisher":{"@id":"https:\/\/patinexclusivo.com\/#organization"},"potentialAction":[{"@type":"SearchAction","target":{"@type":"EntryPoint","urlTemplate":"https:\/\/patinexclusivo.com\/?s={search_term_string}"},"query-input":"required name=search_term_string"}],"inLanguage":"en-US"},{"@type":"Organization","@id":"https:\/\/patinexclusivo.com\/#organization","name":"Pat\u00edn Exclusivo","url":"https:\/\/patinexclusivo.com\/","logo":{"@type":"ImageObject","inLanguage":"en-US","@id":"https:\/\/patinexclusivo.com\/#\/schema\/logo\/image\/","url":"https:\/\/patinexclusivo.com\/wp-content\/uploads\/2025\/01\/cropped-cropped-WhatsApp-Image-2025-01-29-at-7.00.40-PM.jpeg","contentUrl":"https:\/\/patinexclusivo.com\/wp-content\/uploads\/2025\/01\/cropped-cropped-WhatsApp-Image-2025-01-29-at-7.00.40-PM.jpeg","width":583,"height":568,"caption":"Pat\u00edn Exclusivo"},"image":{"@id":"https:\/\/patinexclusivo.com\/#\/schema\/logo\/image\/"}}]}},"_links":{"self":[{"href":"https:\/\/patinexclusivo.com\/index.php\/wp-json\/wp\/v2\/product\/1631"}],"collection":[{"href":"https:\/\/patinexclusivo.com\/index.php\/wp-json\/wp\/v2\/product"}],"about":[{"href":"https:\/\/patinexclusivo.com\/index.php\/wp-json\/wp\/v2\/types\/product"}],"replies":[{"embeddable":true,"href":"https:\/\/patinexclusivo.com\/index.php\/wp-json\/wp\/v2\/comments?post=1631"}],"version-history":[{"count":2,"href":"https:\/\/patinexclusivo.com\/index.php\/wp-json\/wp\/v2\/product\/1631\/revisions"}],"predecessor-version":[{"id":1658,"href":"https:\/\/patinexclusivo.com\/index.php\/wp-json\/wp\/v2\/product\/1631\/revisions\/1658"}],"wp:featuredmedia":[{"embeddable":true,"href":"https:\/\/patinexclusivo.com\/index.php\/wp-json\/wp\/v2\/media\/1632"}],"wp:attachment":[{"href":"https:\/\/patinexclusivo.com\/index.php\/wp-json\/wp\/v2\/media?parent=1631"}],"wp:term":[{"taxonomy":"product_cat","embeddable":true,"href":"https:\/\/patinexclusivo.com\/index.php\/wp-json\/wp\/v2\/product_cat?post=1631"},{"taxonomy":"product_tag","embeddable":true,"href":"https:\/\/patinexclusivo.com\/index.php\/wp-json\/wp\/v2\/product_tag?post=1631"}],"curies":[{"name":"wp","href":"https:\/\/api.w.org\/{rel}","templated":true}]}}