{"id":1637,"date":"2024-09-14T02:05:59","date_gmt":"2024-09-14T02:05:59","guid":{"rendered":"https:\/\/patinexclusivo.com\/?post_type=product&#038;p=1637"},"modified":"2024-09-18T19:16:01","modified_gmt":"2024-09-18T19:16:01","slug":"patines-flying-eagle-x3-perla-unisex","status":"publish","type":"product","link":"https:\/\/patinexclusivo.com\/index.php\/product\/patines-flying-eagle-x3-perla-unisex\/","title":{"rendered":"Patines Flying Eagle X3 &#8211; Perla &#8211; Unisex Rn"},"content":{"rendered":"<table class=\"feature-table\">\n<tbody>\n<tr>\n<td><span>Estilo de patinaje:<\/span><\/td>\n<td class=\"feature-table__value\"><span>Urbano \/ Ciudad, Crucero \/ Ocio<\/span><\/td>\n<\/tr>\n<tr>\n<td><span>Tipo de pat\u00edn:<\/span><\/td>\n<td class=\"feature-table__value\"><span>Patines de 4 ruedas, botas r\u00edgidas<\/span><\/td>\n<\/tr>\n<tr>\n<td><span>Material de la bota:<\/span><\/td>\n<td class=\"feature-table__value\"><span>Pl\u00e1stico<\/span><\/td>\n<\/tr>\n<tr>\n<td><span>Cordones:<\/span><\/td>\n<td class=\"feature-table__value\"><span>Est\u00e1ndar<\/span><\/td>\n<\/tr>\n<tr>\n<td><span>Transatl\u00e1ntico:<\/span><\/td>\n<td class=\"feature-table__value\"><span>Revestimiento de stock<\/span><\/td>\n<\/tr>\n<tr>\n<td><span>Montaje del marco:<\/span><\/td>\n<td class=\"feature-table__value\"><span>Cl\u00e1sico (montura 165)<\/span><\/td>\n<\/tr>\n<tr>\n<td><span>Longitud del marco:<\/span><\/td>\n<td class=\"feature-table__value\"><span>231 mm, 243 mm<\/span><\/td>\n<\/tr>\n<tr>\n<td><span>Marca de la rueda:<\/span><\/td>\n<td class=\"feature-table__value\"><span>\u00c1guila en vuelo<\/span><\/td>\n<\/tr>\n<tr>\n<td><span>Tama\u00f1o de la rueda:<\/span><\/td>\n<td class=\"feature-table__value\"><span>76 mm, 80 mm<\/span><\/td>\n<\/tr>\n<tr>\n<td><span>Dureza de la rueda:<\/span><\/td>\n<td class=\"feature-table__value\"><span>85a<\/span><\/td>\n<\/tr>\n<tr>\n<td><span>Perfil de la rueda:<\/span><\/td>\n<td class=\"feature-table__value\"><span>Redondeado \/ El\u00edptico<\/span><\/td>\n<\/tr>\n<tr>\n<td><span>Marca de rodamientos:<\/span><\/td>\n<td class=\"feature-table__value\"><span>\u00c1guila en vuelo<\/span><\/td>\n<\/tr>\n<tr>\n<td><span>Clasificaci\u00f3n del rodamiento:<\/span><\/td>\n<td class=\"feature-table__value\"><span>Abec 5<\/span><\/td>\n<\/tr>\n<\/tbody>\n<\/table>\n<p>Talla 23.5 &#8211; 24.5cm, 24.5 &#8211; 25.5cm, 26 &#8211; 26.5cm<\/p>\n","protected":false},"excerpt":{"rendered":"<p>SOLO POR PEDIDO<\/p>\n<p><span><span style=\"vertical-align: inherit;\"><span style=\"vertical-align: inherit;\">La carcasa es resistente y ofrece soporte, con orificios de ventilaci\u00f3n que mantienen el pie fresco y proporcionan flexi\u00f3n. La construcci\u00f3n de la bota beneficiar\u00e1 a los usuarios que desean una transferencia de energ\u00eda decente con menos puntos de presi\u00f3n en el pie, lo que reduce la fatiga.\u00a0<\/span><\/span><\/span><\/p>\n<p><span><span style=\"vertical-align: inherit;\"><span style=\"vertical-align: inherit;\">El marco de aluminio extruido es donde despega la imagen de Flying Eagle, con un dise\u00f1o \u00fanico que funciona como marca visual y puntos de fijaci\u00f3n del eje de la rueda. Incluyendo ejes de velocidad unilaterales, cambiar las ruedas y los cojinetes es f\u00e1cil y r\u00e1pido.<\/span><\/span><\/span><\/p>\n<p><span><span style=\"vertical-align: inherit;\"><span style=\"vertical-align: inherit;\">Las ruedas son adecuadas para el patinaje recreativo, con un metro duro de 85a que proporciona un rodamiento suave y con agarre. Sin embargo, los entusiastas del patinaje de estilo libre pueden beneficiarse de mejorar esta parte.\u00a0<\/span><\/span><\/span><\/p>\n<p><span><span style=\"vertical-align: inherit;\"><span style=\"vertical-align: inherit;\">El revestimiento de doble ajuste es muy c\u00f3modo por el precio. El acolchado suave mantiene el pie amortiguado y la puntera de neopreno permite un f\u00e1cil ajuste.<\/span><\/span><\/span><\/p>\n","protected":false},"featured_media":1638,"comment_status":"open","ping_status":"closed","template":"","meta":{"rop_custom_images_group":[],"rop_custom_messages_group":[],"rop_publish_now":"initial","rop_publish_now_accounts":[],"rop_publish_now_history":[],"rop_publish_now_status":"pending"},"product_cat":[34],"product_tag":[],"class_list":{"0":"post-1637","1":"product","2":"type-product","3":"status-publish","4":"has-post-thumbnail","6":"product_cat-freeskate","7":"post","9":"first","10":"instock","11":"shipping-taxable","12":"purchasable","13":"product-type-simple"},"yoast_head":"<!-- This site is optimized with the Yoast SEO plugin v21.9.1 - https:\/\/yoast.com\/wordpress\/plugins\/seo\/ -->\n<title>Patines Flying Eagle X3 - Perla - Unisex Rn - Pat\u00edn Exclusivo<\/title>\n<meta name=\"robots\" content=\"index, follow, max-snippet:-1, max-image-preview:large, max-video-preview:-1\" \/>\n<link rel=\"canonical\" href=\"https:\/\/patinexclusivo.com\/index.php\/product\/patines-flying-eagle-x3-perla-unisex\/\" \/>\n<meta property=\"og:locale\" content=\"en_US\" \/>\n<meta property=\"og:type\" content=\"article\" \/>\n<meta property=\"og:title\" content=\"Patines Flying Eagle X3 - Perla - Unisex Rn - Pat\u00edn Exclusivo\" \/>\n<meta property=\"og:description\" content=\"SOLO POR PEDIDO  La carcasa es resistente y ofrece soporte, con orificios de ventilaci\u00f3n que mantienen el pie fresco y proporcionan flexi\u00f3n. La construcci\u00f3n de la bota beneficiar\u00e1 a los usuarios que desean una transferencia de energ\u00eda decente con menos puntos de presi\u00f3n en el pie, lo que reduce la fatiga.\u00a0  El marco de aluminio extruido es donde despega la imagen de Flying Eagle, con un dise\u00f1o \u00fanico que funciona como marca visual y puntos de fijaci\u00f3n del eje de la rueda. Incluyendo ejes de velocidad unilaterales, cambiar las ruedas y los cojinetes es f\u00e1cil y r\u00e1pido.  Las ruedas son adecuadas para el patinaje recreativo, con un metro duro de 85a que proporciona un rodamiento suave y con agarre. Sin embargo, los entusiastas del patinaje de estilo libre pueden beneficiarse de mejorar esta parte.\u00a0  El revestimiento de doble ajuste es muy c\u00f3modo por el precio. El acolchado suave mantiene el pie amortiguado y la puntera de neopreno permite un f\u00e1cil ajuste.\" \/>\n<meta property=\"og:url\" content=\"https:\/\/patinexclusivo.com\/index.php\/product\/patines-flying-eagle-x3-perla-unisex\/\" \/>\n<meta property=\"og:site_name\" content=\"Pat\u00edn Exclusivo\" \/>\n<meta property=\"article:modified_time\" content=\"2024-09-18T19:16:01+00:00\" \/>\n<meta property=\"og:image\" content=\"https:\/\/patinexclusivo.com\/wp-content\/uploads\/2024\/09\/Flying-Eagle-X3-SHRIKE1320-1.webp\" \/>\n\t<meta property=\"og:image:width\" content=\"1100\" \/>\n\t<meta property=\"og:image:height\" content=\"1100\" \/>\n\t<meta property=\"og:image:type\" content=\"image\/webp\" \/>\n<meta name=\"twitter:card\" content=\"summary_large_image\" \/>\n<meta name=\"twitter:label1\" content=\"Est. reading time\" \/>\n\t<meta name=\"twitter:data1\" content=\"1 minute\" \/>\n<script type=\"application\/ld+json\" class=\"yoast-schema-graph\">{\"@context\":\"https:\/\/schema.org\",\"@graph\":[{\"@type\":\"WebPage\",\"@id\":\"https:\/\/patinexclusivo.com\/index.php\/product\/patines-flying-eagle-x3-perla-unisex\/\",\"url\":\"https:\/\/patinexclusivo.com\/index.php\/product\/patines-flying-eagle-x3-perla-unisex\/\",\"name\":\"Patines Flying Eagle X3 - Perla - Unisex Rn - Pat\u00edn Exclusivo\",\"isPartOf\":{\"@id\":\"https:\/\/patinexclusivo.com\/#website\"},\"datePublished\":\"2024-09-14T02:05:59+00:00\",\"dateModified\":\"2024-09-18T19:16:01+00:00\",\"breadcrumb\":{\"@id\":\"https:\/\/patinexclusivo.com\/index.php\/product\/patines-flying-eagle-x3-perla-unisex\/#breadcrumb\"},\"inLanguage\":\"en-US\",\"potentialAction\":[{\"@type\":\"ReadAction\",\"target\":[\"https:\/\/patinexclusivo.com\/index.php\/product\/patines-flying-eagle-x3-perla-unisex\/\"]}]},{\"@type\":\"BreadcrumbList\",\"@id\":\"https:\/\/patinexclusivo.com\/index.php\/product\/patines-flying-eagle-x3-perla-unisex\/#breadcrumb\",\"itemListElement\":[{\"@type\":\"ListItem\",\"position\":1,\"name\":\"Inicio\",\"item\":\"https:\/\/patinexclusivo.com\/\"},{\"@type\":\"ListItem\",\"position\":2,\"name\":\"Shop\",\"item\":\"https:\/\/patinexclusivo.com\/index.php\/shop\/\"},{\"@type\":\"ListItem\",\"position\":3,\"name\":\"Patines Flying Eagle X3 &#8211; Perla &#8211; Unisex Rn\"}]},{\"@type\":\"WebSite\",\"@id\":\"https:\/\/patinexclusivo.com\/#website\",\"url\":\"https:\/\/patinexclusivo.com\/\",\"name\":\"Pat\u00edn Exclusivo\",\"description\":\"\ud83d\udefc Rollers SLP: Tu destino #1 para patines en San Luis Potos\u00ed! Encuentra los mejores estilos y marcas \ud83c\udf1f, consejos de expertos \ud83d\udcda y accesorios para patinaje. \u00a1Vis\u00edtanos y rueda con estilo! \ud83c\udf08\u2728\",\"publisher\":{\"@id\":\"https:\/\/patinexclusivo.com\/#organization\"},\"potentialAction\":[{\"@type\":\"SearchAction\",\"target\":{\"@type\":\"EntryPoint\",\"urlTemplate\":\"https:\/\/patinexclusivo.com\/?s={search_term_string}\"},\"query-input\":\"required name=search_term_string\"}],\"inLanguage\":\"en-US\"},{\"@type\":\"Organization\",\"@id\":\"https:\/\/patinexclusivo.com\/#organization\",\"name\":\"Pat\u00edn Exclusivo\",\"url\":\"https:\/\/patinexclusivo.com\/\",\"logo\":{\"@type\":\"ImageObject\",\"inLanguage\":\"en-US\",\"@id\":\"https:\/\/patinexclusivo.com\/#\/schema\/logo\/image\/\",\"url\":\"https:\/\/patinexclusivo.com\/wp-content\/uploads\/2025\/01\/cropped-cropped-WhatsApp-Image-2025-01-29-at-7.00.40-PM.jpeg\",\"contentUrl\":\"https:\/\/patinexclusivo.com\/wp-content\/uploads\/2025\/01\/cropped-cropped-WhatsApp-Image-2025-01-29-at-7.00.40-PM.jpeg\",\"width\":583,\"height\":568,\"caption\":\"Pat\u00edn Exclusivo\"},\"image\":{\"@id\":\"https:\/\/patinexclusivo.com\/#\/schema\/logo\/image\/\"}}]}<\/script>\n<!-- \/ Yoast SEO plugin. -->","yoast_head_json":{"title":"Patines Flying Eagle X3 - Perla - Unisex Rn - Pat\u00edn Exclusivo","robots":{"index":"index","follow":"follow","max-snippet":"max-snippet:-1","max-image-preview":"max-image-preview:large","max-video-preview":"max-video-preview:-1"},"canonical":"https:\/\/patinexclusivo.com\/index.php\/product\/patines-flying-eagle-x3-perla-unisex\/","og_locale":"en_US","og_type":"article","og_title":"Patines Flying Eagle X3 - Perla - Unisex Rn - Pat\u00edn Exclusivo","og_description":"SOLO POR PEDIDO  La carcasa es resistente y ofrece soporte, con orificios de ventilaci\u00f3n que mantienen el pie fresco y proporcionan flexi\u00f3n. La construcci\u00f3n de la bota beneficiar\u00e1 a los usuarios que desean una transferencia de energ\u00eda decente con menos puntos de presi\u00f3n en el pie, lo que reduce la fatiga.\u00a0  El marco de aluminio extruido es donde despega la imagen de Flying Eagle, con un dise\u00f1o \u00fanico que funciona como marca visual y puntos de fijaci\u00f3n del eje de la rueda. Incluyendo ejes de velocidad unilaterales, cambiar las ruedas y los cojinetes es f\u00e1cil y r\u00e1pido.  Las ruedas son adecuadas para el patinaje recreativo, con un metro duro de 85a que proporciona un rodamiento suave y con agarre. Sin embargo, los entusiastas del patinaje de estilo libre pueden beneficiarse de mejorar esta parte.\u00a0  El revestimiento de doble ajuste es muy c\u00f3modo por el precio. El acolchado suave mantiene el pie amortiguado y la puntera de neopreno permite un f\u00e1cil ajuste.","og_url":"https:\/\/patinexclusivo.com\/index.php\/product\/patines-flying-eagle-x3-perla-unisex\/","og_site_name":"Pat\u00edn Exclusivo","article_modified_time":"2024-09-18T19:16:01+00:00","og_image":[{"width":1100,"height":1100,"url":"https:\/\/patinexclusivo.com\/wp-content\/uploads\/2024\/09\/Flying-Eagle-X3-SHRIKE1320-1.webp","type":"image\/webp"}],"twitter_card":"summary_large_image","twitter_misc":{"Est. reading time":"1 minute"},"schema":{"@context":"https:\/\/schema.org","@graph":[{"@type":"WebPage","@id":"https:\/\/patinexclusivo.com\/index.php\/product\/patines-flying-eagle-x3-perla-unisex\/","url":"https:\/\/patinexclusivo.com\/index.php\/product\/patines-flying-eagle-x3-perla-unisex\/","name":"Patines Flying Eagle X3 - Perla - Unisex Rn - Pat\u00edn Exclusivo","isPartOf":{"@id":"https:\/\/patinexclusivo.com\/#website"},"datePublished":"2024-09-14T02:05:59+00:00","dateModified":"2024-09-18T19:16:01+00:00","breadcrumb":{"@id":"https:\/\/patinexclusivo.com\/index.php\/product\/patines-flying-eagle-x3-perla-unisex\/#breadcrumb"},"inLanguage":"en-US","potentialAction":[{"@type":"ReadAction","target":["https:\/\/patinexclusivo.com\/index.php\/product\/patines-flying-eagle-x3-perla-unisex\/"]}]},{"@type":"BreadcrumbList","@id":"https:\/\/patinexclusivo.com\/index.php\/product\/patines-flying-eagle-x3-perla-unisex\/#breadcrumb","itemListElement":[{"@type":"ListItem","position":1,"name":"Inicio","item":"https:\/\/patinexclusivo.com\/"},{"@type":"ListItem","position":2,"name":"Shop","item":"https:\/\/patinexclusivo.com\/index.php\/shop\/"},{"@type":"ListItem","position":3,"name":"Patines Flying Eagle X3 &#8211; Perla &#8211; Unisex Rn"}]},{"@type":"WebSite","@id":"https:\/\/patinexclusivo.com\/#website","url":"https:\/\/patinexclusivo.com\/","name":"Pat\u00edn Exclusivo","description":"\ud83d\udefc Rollers SLP: Tu destino #1 para patines en San Luis Potos\u00ed! Encuentra los mejores estilos y marcas \ud83c\udf1f, consejos de expertos \ud83d\udcda y accesorios para patinaje. \u00a1Vis\u00edtanos y rueda con estilo! \ud83c\udf08\u2728","publisher":{"@id":"https:\/\/patinexclusivo.com\/#organization"},"potentialAction":[{"@type":"SearchAction","target":{"@type":"EntryPoint","urlTemplate":"https:\/\/patinexclusivo.com\/?s={search_term_string}"},"query-input":"required name=search_term_string"}],"inLanguage":"en-US"},{"@type":"Organization","@id":"https:\/\/patinexclusivo.com\/#organization","name":"Pat\u00edn Exclusivo","url":"https:\/\/patinexclusivo.com\/","logo":{"@type":"ImageObject","inLanguage":"en-US","@id":"https:\/\/patinexclusivo.com\/#\/schema\/logo\/image\/","url":"https:\/\/patinexclusivo.com\/wp-content\/uploads\/2025\/01\/cropped-cropped-WhatsApp-Image-2025-01-29-at-7.00.40-PM.jpeg","contentUrl":"https:\/\/patinexclusivo.com\/wp-content\/uploads\/2025\/01\/cropped-cropped-WhatsApp-Image-2025-01-29-at-7.00.40-PM.jpeg","width":583,"height":568,"caption":"Pat\u00edn Exclusivo"},"image":{"@id":"https:\/\/patinexclusivo.com\/#\/schema\/logo\/image\/"}}]}},"_links":{"self":[{"href":"https:\/\/patinexclusivo.com\/index.php\/wp-json\/wp\/v2\/product\/1637"}],"collection":[{"href":"https:\/\/patinexclusivo.com\/index.php\/wp-json\/wp\/v2\/product"}],"about":[{"href":"https:\/\/patinexclusivo.com\/index.php\/wp-json\/wp\/v2\/types\/product"}],"replies":[{"embeddable":true,"href":"https:\/\/patinexclusivo.com\/index.php\/wp-json\/wp\/v2\/comments?post=1637"}],"version-history":[{"count":3,"href":"https:\/\/patinexclusivo.com\/index.php\/wp-json\/wp\/v2\/product\/1637\/revisions"}],"predecessor-version":[{"id":1660,"href":"https:\/\/patinexclusivo.com\/index.php\/wp-json\/wp\/v2\/product\/1637\/revisions\/1660"}],"wp:featuredmedia":[{"embeddable":true,"href":"https:\/\/patinexclusivo.com\/index.php\/wp-json\/wp\/v2\/media\/1638"}],"wp:attachment":[{"href":"https:\/\/patinexclusivo.com\/index.php\/wp-json\/wp\/v2\/media?parent=1637"}],"wp:term":[{"taxonomy":"product_cat","embeddable":true,"href":"https:\/\/patinexclusivo.com\/index.php\/wp-json\/wp\/v2\/product_cat?post=1637"},{"taxonomy":"product_tag","embeddable":true,"href":"https:\/\/patinexclusivo.com\/index.php\/wp-json\/wp\/v2\/product_tag?post=1637"}],"curies":[{"name":"wp","href":"https:\/\/api.w.org\/{rel}","templated":true}]}}