{"id":1641,"date":"2024-09-14T02:26:00","date_gmt":"2024-09-14T02:26:00","guid":{"rendered":"https:\/\/patinexclusivo.com\/?post_type=product&#038;p=1641"},"modified":"2024-09-18T19:16:08","modified_gmt":"2024-09-18T19:16:08","slug":"patines-en-linea-k2-surge-84","status":"publish","type":"product","link":"https:\/\/patinexclusivo.com\/index.php\/product\/patines-en-linea-k2-surge-84\/","title":{"rendered":"Patines en l\u00ednea K2 Surge 84 Rn"},"content":{"rendered":"<table class=\"feature-table\" width=\"826\" height=\"920\">\n<tbody>\n<tr>\n<td><span>Estilo de patinaje:<\/span><\/td>\n<td class=\"feature-table__value\"><span>Urbano \/ Ciudad, Crucero \/ Ocio<\/span><\/td>\n<\/tr>\n<tr>\n<td><span>Tipo de pat\u00edn:<\/span><\/td>\n<td class=\"feature-table__value\"><span>Patines de 4 ruedas, botas r\u00edgidas<\/span><\/td>\n<\/tr>\n<tr>\n<td><span>Material de la bota:<\/span><\/td>\n<td class=\"feature-table__value\"><span>Pl\u00e1stico<\/span><\/td>\n<\/tr>\n<tr>\n<td><span>Cordones:<\/span><\/td>\n<td class=\"feature-table__value\"><span>Est\u00e1ndar<\/span><\/td>\n<\/tr>\n<tr>\n<td><span>Transatl\u00e1ntico:<\/span><\/td>\n<td class=\"feature-table__value\"><span>Revestimiento de stock<\/span><\/td>\n<\/tr>\n<tr>\n<td><span>Almohadilla amortiguadora:<\/span><\/td>\n<td class=\"feature-table__value\"><span>No<\/span><\/td>\n<\/tr>\n<tr>\n<td><span>Marca del marco:<\/span><\/td>\n<td class=\"feature-table__value\"><span>K2<\/span><\/td>\n<\/tr>\n<tr>\n<td><span>Montaje del marco:<\/span><\/td>\n<td class=\"feature-table__value\"><span>Cl\u00e1sico (montura 165)<\/span><\/td>\n<\/tr>\n<tr>\n<td><span>Material del marco:<\/span><\/td>\n<td class=\"feature-table__value\"><span>Aluminio<\/span><\/td>\n<\/tr>\n<tr>\n<td><span>Balanc\u00edn de cuadro:<\/span><\/td>\n<td class=\"feature-table__value\"><span>Plano (sin balanc\u00edn)<\/span><\/td>\n<\/tr>\n<tr>\n<td><span>Ejes:<\/span><\/td>\n<td class=\"feature-table__value\"><span>Velocidad de 8 mm (un eje que se atornilla a la pared del marco)<\/span><\/td>\n<\/tr>\n<tr>\n<td><span>Marca de la rueda:<\/span><\/td>\n<td class=\"feature-table__value\"><span>K2<\/span><\/td>\n<\/tr>\n<tr>\n<td><span>Tama\u00f1o de la rueda:<\/span><\/td>\n<td class=\"feature-table__value\"><span>84 mm<\/span><\/td>\n<\/tr>\n<tr>\n<td><span>Dureza de la rueda:<\/span><\/td>\n<td class=\"feature-table__value\"><span>82a<\/span><\/td>\n<\/tr>\n<tr>\n<td><span>Perfil de la rueda:<\/span><\/td>\n<td class=\"feature-table__value\"><span>Redondo<\/span><\/td>\n<\/tr>\n<tr>\n<td><span>Marca de rodamientos:<\/span><\/td>\n<td class=\"feature-table__value\"><span>C\u00e1mara doble<\/span><\/td>\n<\/tr>\n<tr>\n<td><span>Clasificaci\u00f3n del rodamiento:<\/span><\/td>\n<td class=\"feature-table__value\"><span>5 de iLQ<\/span><\/td>\n<\/tr>\n<tr>\n<td><\/td>\n<td class=\"feature-table__value\"><\/td>\n<\/tr>\n<\/tbody>\n<\/table>\n<p>Talla 23cm, 24cm, 24.5cm, 26cm, 27cm, 27.5cm, 28.5cm, 29.5cm<\/p>\n","protected":false},"excerpt":{"rendered":"<p>SOLO POR PEDIDO<\/p>\n<p><span>Presentamos el nuevo Surge 84. Dise\u00f1ado para satisfacer las demandas de los patinadores de todos los niveles, el Surge 80 ofrece la comodidad caracter\u00edstica de K2, con soporte de carcasa r\u00edgida y una durabilidad excepcional.<\/span><\/p>\n<p><span>Mejora tu rendimiento con el nuevo dise\u00f1o de bota r\u00edgida, que cuenta con una carcasa de polipropileno y pu\u00f1os de TPE para un soporte integral de 360 \u200b\u200bgrados. Mant\u00e9n tus pies frescos y c\u00f3modos con los canales de flujo de aire Vortech integrados, mientras garantizas un ajuste seguro con correas de trinquete ajustables en el empeine y el sistema de cordones K2 Speed \u200b\u200bLacing.<\/span><\/p>\n<p><span>Dise\u00f1ado con un marco de aluminio extruido estampado 6061 para una maniobrabilidad y estabilidad \u00f3ptimas, el Surge 84 se complementa con ruedas 82A de 84 mm y cojinetes ILQ 5 para un andar suave y r\u00e1pido.<\/span><\/p>\n<p><span>Los revestimientos est\u00e1n dise\u00f1ados a partir de las mismas hormas que han sido el est\u00e1ndar de comodidad en los patines K2 durante m\u00e1s de 30 a\u00f1os. Incluyen una plantilla que absorbe los impactos, una cu\u00f1a de tal\u00f3n extra\u00edble y est\u00e1n fabricados con materiales de malla PET reciclados.<\/span><\/p>\n<p><span>Ya sea que est\u00e9s paseando por la ciudad, recorriendo un sendero o corriendo por una carretera abierta, el Surge 84 est\u00e1 equipado con todas las caracter\u00edsticas clave para mejorar tu experiencia de patinaje.<\/span><\/p>\n<p><strong>Consejo sobre la talla: <\/strong><span><strong>este pat\u00edn se ajusta al tama\u00f1o real<\/strong>.<\/span><\/p>\n","protected":false},"featured_media":1642,"comment_status":"open","ping_status":"closed","template":"","meta":{"rop_custom_images_group":[],"rop_custom_messages_group":[],"rop_publish_now":"initial","rop_publish_now_accounts":[],"rop_publish_now_history":[],"rop_publish_now_status":"pending"},"product_cat":[34,74],"product_tag":[],"class_list":{"0":"post-1641","1":"product","2":"type-product","3":"status-publish","4":"has-post-thumbnail","6":"product_cat-freeskate","7":"product_cat-freestyle","8":"post","10":"first","11":"instock","12":"shipping-taxable","13":"purchasable","14":"product-type-simple"},"yoast_head":"<!-- This site is optimized with the Yoast SEO plugin v21.9.1 - https:\/\/yoast.com\/wordpress\/plugins\/seo\/ -->\n<title>Patines en l\u00ednea K2 Surge 84 Rn - Pat\u00edn Exclusivo<\/title>\n<meta name=\"robots\" content=\"index, follow, max-snippet:-1, max-image-preview:large, max-video-preview:-1\" \/>\n<link rel=\"canonical\" href=\"https:\/\/patinexclusivo.com\/index.php\/product\/patines-en-linea-k2-surge-84\/\" \/>\n<meta property=\"og:locale\" content=\"en_US\" \/>\n<meta property=\"og:type\" content=\"article\" \/>\n<meta property=\"og:title\" content=\"Patines en l\u00ednea K2 Surge 84 Rn - Pat\u00edn Exclusivo\" \/>\n<meta property=\"og:description\" content=\"SOLO POR PEDIDO  Presentamos el nuevo Surge 84. Dise\u00f1ado para satisfacer las demandas de los patinadores de todos los niveles, el Surge 80 ofrece la comodidad caracter\u00edstica de K2, con soporte de carcasa r\u00edgida y una durabilidad excepcional.  Mejora tu rendimiento con el nuevo dise\u00f1o de bota r\u00edgida, que cuenta con una carcasa de polipropileno y pu\u00f1os de TPE para un soporte integral de 360 \u200b\u200bgrados. Mant\u00e9n tus pies frescos y c\u00f3modos con los canales de flujo de aire Vortech integrados, mientras garantizas un ajuste seguro con correas de trinquete ajustables en el empeine y el sistema de cordones K2 Speed \u200b\u200bLacing.  Dise\u00f1ado con un marco de aluminio extruido estampado 6061 para una maniobrabilidad y estabilidad \u00f3ptimas, el Surge 84 se complementa con ruedas 82A de 84 mm y cojinetes ILQ 5 para un andar suave y r\u00e1pido.  Los revestimientos est\u00e1n dise\u00f1ados a partir de las mismas hormas que han sido el est\u00e1ndar de comodidad en los patines K2 durante m\u00e1s de 30 a\u00f1os. Incluyen una plantilla que absorbe los impactos, una cu\u00f1a de tal\u00f3n extra\u00edble y est\u00e1n fabricados con materiales de malla PET reciclados.  Ya sea que est\u00e9s paseando por la ciudad, recorriendo un sendero o corriendo por una carretera abierta, el Surge 84 est\u00e1 equipado con todas las caracter\u00edsticas clave para mejorar tu experiencia de patinaje.  Consejo sobre la talla: este pat\u00edn se ajusta al tama\u00f1o real.\" \/>\n<meta property=\"og:url\" content=\"https:\/\/patinexclusivo.com\/index.php\/product\/patines-en-linea-k2-surge-84\/\" \/>\n<meta property=\"og:site_name\" content=\"Pat\u00edn Exclusivo\" \/>\n<meta property=\"article:modified_time\" content=\"2024-09-18T19:16:08+00:00\" \/>\n<meta property=\"og:image\" content=\"https:\/\/patinexclusivo.com\/wp-content\/uploads\/2024\/09\/K2-SURGE-840835.webp\" \/>\n\t<meta property=\"og:image:width\" content=\"823\" \/>\n\t<meta property=\"og:image:height\" content=\"823\" \/>\n\t<meta property=\"og:image:type\" content=\"image\/webp\" \/>\n<meta name=\"twitter:card\" content=\"summary_large_image\" \/>\n<meta name=\"twitter:label1\" content=\"Est. reading time\" \/>\n\t<meta name=\"twitter:data1\" content=\"1 minute\" \/>\n<script type=\"application\/ld+json\" class=\"yoast-schema-graph\">{\"@context\":\"https:\/\/schema.org\",\"@graph\":[{\"@type\":\"WebPage\",\"@id\":\"https:\/\/patinexclusivo.com\/index.php\/product\/patines-en-linea-k2-surge-84\/\",\"url\":\"https:\/\/patinexclusivo.com\/index.php\/product\/patines-en-linea-k2-surge-84\/\",\"name\":\"Patines en l\u00ednea K2 Surge 84 Rn - Pat\u00edn Exclusivo\",\"isPartOf\":{\"@id\":\"https:\/\/patinexclusivo.com\/#website\"},\"datePublished\":\"2024-09-14T02:26:00+00:00\",\"dateModified\":\"2024-09-18T19:16:08+00:00\",\"breadcrumb\":{\"@id\":\"https:\/\/patinexclusivo.com\/index.php\/product\/patines-en-linea-k2-surge-84\/#breadcrumb\"},\"inLanguage\":\"en-US\",\"potentialAction\":[{\"@type\":\"ReadAction\",\"target\":[\"https:\/\/patinexclusivo.com\/index.php\/product\/patines-en-linea-k2-surge-84\/\"]}]},{\"@type\":\"BreadcrumbList\",\"@id\":\"https:\/\/patinexclusivo.com\/index.php\/product\/patines-en-linea-k2-surge-84\/#breadcrumb\",\"itemListElement\":[{\"@type\":\"ListItem\",\"position\":1,\"name\":\"Inicio\",\"item\":\"https:\/\/patinexclusivo.com\/\"},{\"@type\":\"ListItem\",\"position\":2,\"name\":\"Shop\",\"item\":\"https:\/\/patinexclusivo.com\/index.php\/shop\/\"},{\"@type\":\"ListItem\",\"position\":3,\"name\":\"Patines en l\u00ednea K2 Surge 84 Rn\"}]},{\"@type\":\"WebSite\",\"@id\":\"https:\/\/patinexclusivo.com\/#website\",\"url\":\"https:\/\/patinexclusivo.com\/\",\"name\":\"Pat\u00edn Exclusivo\",\"description\":\"\ud83d\udefc Rollers SLP: Tu destino #1 para patines en San Luis Potos\u00ed! Encuentra los mejores estilos y marcas \ud83c\udf1f, consejos de expertos \ud83d\udcda y accesorios para patinaje. \u00a1Vis\u00edtanos y rueda con estilo! \ud83c\udf08\u2728\",\"publisher\":{\"@id\":\"https:\/\/patinexclusivo.com\/#organization\"},\"potentialAction\":[{\"@type\":\"SearchAction\",\"target\":{\"@type\":\"EntryPoint\",\"urlTemplate\":\"https:\/\/patinexclusivo.com\/?s={search_term_string}\"},\"query-input\":\"required name=search_term_string\"}],\"inLanguage\":\"en-US\"},{\"@type\":\"Organization\",\"@id\":\"https:\/\/patinexclusivo.com\/#organization\",\"name\":\"Pat\u00edn Exclusivo\",\"url\":\"https:\/\/patinexclusivo.com\/\",\"logo\":{\"@type\":\"ImageObject\",\"inLanguage\":\"en-US\",\"@id\":\"https:\/\/patinexclusivo.com\/#\/schema\/logo\/image\/\",\"url\":\"https:\/\/patinexclusivo.com\/wp-content\/uploads\/2025\/01\/cropped-cropped-WhatsApp-Image-2025-01-29-at-7.00.40-PM.jpeg\",\"contentUrl\":\"https:\/\/patinexclusivo.com\/wp-content\/uploads\/2025\/01\/cropped-cropped-WhatsApp-Image-2025-01-29-at-7.00.40-PM.jpeg\",\"width\":583,\"height\":568,\"caption\":\"Pat\u00edn Exclusivo\"},\"image\":{\"@id\":\"https:\/\/patinexclusivo.com\/#\/schema\/logo\/image\/\"}}]}<\/script>\n<!-- \/ Yoast SEO plugin. -->","yoast_head_json":{"title":"Patines en l\u00ednea K2 Surge 84 Rn - Pat\u00edn Exclusivo","robots":{"index":"index","follow":"follow","max-snippet":"max-snippet:-1","max-image-preview":"max-image-preview:large","max-video-preview":"max-video-preview:-1"},"canonical":"https:\/\/patinexclusivo.com\/index.php\/product\/patines-en-linea-k2-surge-84\/","og_locale":"en_US","og_type":"article","og_title":"Patines en l\u00ednea K2 Surge 84 Rn - Pat\u00edn Exclusivo","og_description":"SOLO POR PEDIDO  Presentamos el nuevo Surge 84. Dise\u00f1ado para satisfacer las demandas de los patinadores de todos los niveles, el Surge 80 ofrece la comodidad caracter\u00edstica de K2, con soporte de carcasa r\u00edgida y una durabilidad excepcional.  Mejora tu rendimiento con el nuevo dise\u00f1o de bota r\u00edgida, que cuenta con una carcasa de polipropileno y pu\u00f1os de TPE para un soporte integral de 360 \u200b\u200bgrados. Mant\u00e9n tus pies frescos y c\u00f3modos con los canales de flujo de aire Vortech integrados, mientras garantizas un ajuste seguro con correas de trinquete ajustables en el empeine y el sistema de cordones K2 Speed \u200b\u200bLacing.  Dise\u00f1ado con un marco de aluminio extruido estampado 6061 para una maniobrabilidad y estabilidad \u00f3ptimas, el Surge 84 se complementa con ruedas 82A de 84 mm y cojinetes ILQ 5 para un andar suave y r\u00e1pido.  Los revestimientos est\u00e1n dise\u00f1ados a partir de las mismas hormas que han sido el est\u00e1ndar de comodidad en los patines K2 durante m\u00e1s de 30 a\u00f1os. Incluyen una plantilla que absorbe los impactos, una cu\u00f1a de tal\u00f3n extra\u00edble y est\u00e1n fabricados con materiales de malla PET reciclados.  Ya sea que est\u00e9s paseando por la ciudad, recorriendo un sendero o corriendo por una carretera abierta, el Surge 84 est\u00e1 equipado con todas las caracter\u00edsticas clave para mejorar tu experiencia de patinaje.  Consejo sobre la talla: este pat\u00edn se ajusta al tama\u00f1o real.","og_url":"https:\/\/patinexclusivo.com\/index.php\/product\/patines-en-linea-k2-surge-84\/","og_site_name":"Pat\u00edn Exclusivo","article_modified_time":"2024-09-18T19:16:08+00:00","og_image":[{"width":823,"height":823,"url":"https:\/\/patinexclusivo.com\/wp-content\/uploads\/2024\/09\/K2-SURGE-840835.webp","type":"image\/webp"}],"twitter_card":"summary_large_image","twitter_misc":{"Est. reading time":"1 minute"},"schema":{"@context":"https:\/\/schema.org","@graph":[{"@type":"WebPage","@id":"https:\/\/patinexclusivo.com\/index.php\/product\/patines-en-linea-k2-surge-84\/","url":"https:\/\/patinexclusivo.com\/index.php\/product\/patines-en-linea-k2-surge-84\/","name":"Patines en l\u00ednea K2 Surge 84 Rn - Pat\u00edn Exclusivo","isPartOf":{"@id":"https:\/\/patinexclusivo.com\/#website"},"datePublished":"2024-09-14T02:26:00+00:00","dateModified":"2024-09-18T19:16:08+00:00","breadcrumb":{"@id":"https:\/\/patinexclusivo.com\/index.php\/product\/patines-en-linea-k2-surge-84\/#breadcrumb"},"inLanguage":"en-US","potentialAction":[{"@type":"ReadAction","target":["https:\/\/patinexclusivo.com\/index.php\/product\/patines-en-linea-k2-surge-84\/"]}]},{"@type":"BreadcrumbList","@id":"https:\/\/patinexclusivo.com\/index.php\/product\/patines-en-linea-k2-surge-84\/#breadcrumb","itemListElement":[{"@type":"ListItem","position":1,"name":"Inicio","item":"https:\/\/patinexclusivo.com\/"},{"@type":"ListItem","position":2,"name":"Shop","item":"https:\/\/patinexclusivo.com\/index.php\/shop\/"},{"@type":"ListItem","position":3,"name":"Patines en l\u00ednea K2 Surge 84 Rn"}]},{"@type":"WebSite","@id":"https:\/\/patinexclusivo.com\/#website","url":"https:\/\/patinexclusivo.com\/","name":"Pat\u00edn Exclusivo","description":"\ud83d\udefc Rollers SLP: Tu destino #1 para patines en San Luis Potos\u00ed! Encuentra los mejores estilos y marcas \ud83c\udf1f, consejos de expertos \ud83d\udcda y accesorios para patinaje. \u00a1Vis\u00edtanos y rueda con estilo! \ud83c\udf08\u2728","publisher":{"@id":"https:\/\/patinexclusivo.com\/#organization"},"potentialAction":[{"@type":"SearchAction","target":{"@type":"EntryPoint","urlTemplate":"https:\/\/patinexclusivo.com\/?s={search_term_string}"},"query-input":"required name=search_term_string"}],"inLanguage":"en-US"},{"@type":"Organization","@id":"https:\/\/patinexclusivo.com\/#organization","name":"Pat\u00edn Exclusivo","url":"https:\/\/patinexclusivo.com\/","logo":{"@type":"ImageObject","inLanguage":"en-US","@id":"https:\/\/patinexclusivo.com\/#\/schema\/logo\/image\/","url":"https:\/\/patinexclusivo.com\/wp-content\/uploads\/2025\/01\/cropped-cropped-WhatsApp-Image-2025-01-29-at-7.00.40-PM.jpeg","contentUrl":"https:\/\/patinexclusivo.com\/wp-content\/uploads\/2025\/01\/cropped-cropped-WhatsApp-Image-2025-01-29-at-7.00.40-PM.jpeg","width":583,"height":568,"caption":"Pat\u00edn Exclusivo"},"image":{"@id":"https:\/\/patinexclusivo.com\/#\/schema\/logo\/image\/"}}]}},"_links":{"self":[{"href":"https:\/\/patinexclusivo.com\/index.php\/wp-json\/wp\/v2\/product\/1641"}],"collection":[{"href":"https:\/\/patinexclusivo.com\/index.php\/wp-json\/wp\/v2\/product"}],"about":[{"href":"https:\/\/patinexclusivo.com\/index.php\/wp-json\/wp\/v2\/types\/product"}],"replies":[{"embeddable":true,"href":"https:\/\/patinexclusivo.com\/index.php\/wp-json\/wp\/v2\/comments?post=1641"}],"version-history":[{"count":2,"href":"https:\/\/patinexclusivo.com\/index.php\/wp-json\/wp\/v2\/product\/1641\/revisions"}],"predecessor-version":[{"id":1661,"href":"https:\/\/patinexclusivo.com\/index.php\/wp-json\/wp\/v2\/product\/1641\/revisions\/1661"}],"wp:featuredmedia":[{"embeddable":true,"href":"https:\/\/patinexclusivo.com\/index.php\/wp-json\/wp\/v2\/media\/1642"}],"wp:attachment":[{"href":"https:\/\/patinexclusivo.com\/index.php\/wp-json\/wp\/v2\/media?parent=1641"}],"wp:term":[{"taxonomy":"product_cat","embeddable":true,"href":"https:\/\/patinexclusivo.com\/index.php\/wp-json\/wp\/v2\/product_cat?post=1641"},{"taxonomy":"product_tag","embeddable":true,"href":"https:\/\/patinexclusivo.com\/index.php\/wp-json\/wp\/v2\/product_tag?post=1641"}],"curies":[{"name":"wp","href":"https:\/\/api.w.org\/{rel}","templated":true}]}}