{"id":1685,"date":"2024-09-19T02:35:26","date_gmt":"2024-09-19T02:35:26","guid":{"rendered":"https:\/\/patinexclusivo.com\/?post_type=product&#038;p=1685"},"modified":"2024-09-19T02:35:27","modified_gmt":"2024-09-19T02:35:27","slug":"patines-en-linea-seba-e3-80-estandar-rn","status":"publish","type":"product","link":"https:\/\/patinexclusivo.com\/index.php\/product\/patines-en-linea-seba-e3-80-estandar-rn\/","title":{"rendered":"Patines en l\u00ednea Seba E3 80 &#8211; Est\u00e1ndar Rn"},"content":{"rendered":"<table class=\"feature-table\">\n<tbody>\n<tr>\n<td><span>Estilo de patinaje:<\/span><\/td>\n<td class=\"feature-table__value\"><span>Urbano \/ Ciudad, Crucero \/ Ocio<\/span><\/td>\n<\/tr>\n<tr>\n<td><span>Tipo de pat\u00edn:<\/span><\/td>\n<td class=\"feature-table__value\"><span>Patines de 4 ruedas, botas r\u00edgidas<\/span><\/td>\n<\/tr>\n<tr>\n<td><span>Material de la bota:<\/span><\/td>\n<td class=\"feature-table__value\"><span>Pl\u00e1stico<\/span><\/td>\n<\/tr>\n<tr>\n<td><span>Cordones:<\/span><\/td>\n<td class=\"feature-table__value\"><span>Est\u00e1ndar<\/span><\/td>\n<\/tr>\n<tr>\n<td><span>Transatl\u00e1ntico:<\/span><\/td>\n<td class=\"feature-table__value\"><span>Existencias<\/span><\/td>\n<\/tr>\n<tr>\n<td><span>Almohadilla amortiguadora:<\/span><\/td>\n<td class=\"feature-table__value\"><span>S\u00ed<\/span><\/td>\n<\/tr>\n<tr>\n<td><span>Marca del marco:<\/span><\/td>\n<td class=\"feature-table__value\"><span>Seba<\/span><\/td>\n<\/tr>\n<tr>\n<td><span>Montaje del marco:<\/span><\/td>\n<td class=\"feature-table__value\"><span>Cl\u00e1sico (montura 165)<\/span><\/td>\n<\/tr>\n<tr>\n<td><span>Material del marco:<\/span><\/td>\n<td class=\"feature-table__value\"><span>Aluminio<\/span><\/td>\n<\/tr>\n<tr>\n<td><span>Longitud del marco:<\/span><\/td>\n<td class=\"feature-table__value\"><span>243 mm<\/span><\/td>\n<\/tr>\n<tr>\n<td><span>Balanc\u00edn de cuadro:<\/span><\/td>\n<td class=\"feature-table__value\"><span>Ejes oscilantes<\/span><\/td>\n<\/tr>\n<tr>\n<td><span>Ejes:<\/span><\/td>\n<td class=\"feature-table__value\"><span>8 mm basculante<\/span><\/td>\n<\/tr>\n<tr>\n<td><span>Marca de la rueda:<\/span><\/td>\n<td class=\"feature-table__value\"><span>Seba<\/span><\/td>\n<\/tr>\n<tr>\n<td><span>Tama\u00f1o de la rueda:<\/span><\/td>\n<td class=\"feature-table__value\"><span>80 mm<\/span><\/td>\n<\/tr>\n<tr>\n<td><span>Dureza de la rueda:<\/span><\/td>\n<td class=\"feature-table__value\"><span>82a<\/span><\/td>\n<\/tr>\n<tr>\n<td><span>Perfil de la rueda:<\/span><\/td>\n<td class=\"feature-table__value\"><span>Redondo<\/span><\/td>\n<\/tr>\n<tr>\n<td><span>Marca de rodamientos:<\/span><\/td>\n<td class=\"feature-table__value\"><span>Seba<\/span><\/td>\n<\/tr>\n<tr>\n<td><span>Clasificaci\u00f3n del rodamiento:<\/span><\/td>\n<td class=\"feature-table__value\"><span>Abec 7<\/span><\/td>\n<\/tr>\n<\/tbody>\n<\/table>\n<p>Talla 23cm, 24cm, 24.5cm, 25.5cm, 26cm, 27cm, 27.5cm, 28cm, 28.5cm, 29.5cm<\/p>\n","protected":false},"excerpt":{"rendered":"<p>SOLO SOBRE PEDIDO<\/p>\n<p><span>Los patines Seba E3 80 Standard son el compa\u00f1ero perfecto para los patinadores que se inician en el mundo del skate y para aquellos que buscan una buena relaci\u00f3n calidad-precio en el mercado.\u00a0<\/span><\/p>\n<p><span>Como parte de la gama &#8220;freeride&#8221; de Seba, los patines hacen honor a su nombre. La\u00a0<\/span><strong><em><span>bota de pl\u00e1stico inyectado<\/span><\/em><\/strong><span>\u00a0se ha moldeado teniendo en cuenta la ventilaci\u00f3n, un aspecto crucial para sesiones m\u00e1s largas, que reduce el sudor y el posible sobrecalentamiento. Otra ventaja es que la bota es muy ligera sin comprometer el soporte general, lo que la hace r\u00e1pida y reactiva (y&#8230; freeride).\u00a0El\u00a0\u00a0<em><strong>cuadro X2R<\/strong><\/em>\u00a0\u00a0ofrece una oportunidad \u00fanica de montar tanto en configuraciones planas como con rocker. Las configuraciones planas ofrecen una conducci\u00f3n tradicional y estable, mientras que el rocker opcional es perfecto cuando quieres incursionar en el estilo libre o el eslalon, ya que es m\u00e1s maniobrable.\u00a0\u00a0Las ruedas\u00a0<strong><em>Seba de 80 mm y 82 A<\/em><\/strong>\u00a0te mantendr\u00e1n rodando con mucho agarre. Ideales para practicar tu zancada y tu impulso o si te apetece ir a la pista de baile en la discoteca.\u00a0 Se incluye\u00a0un\u00a0<em><strong>forro extra\u00edble<\/strong><\/em>\u00a0que proporciona una comodidad decente y soporte para el tobillo. Esto se combina con la correa de velcro de 45 que detendr\u00e1 cualquier movimiento no deseado dentro de la bota.\u00a0La diferencia entre la versi\u00f3n est\u00e1ndar y la versi\u00f3n premium es la correa intermedia de 45 y los rodamientos.\u00a0Est\u00e1ndar &#8211; Rodamientos Abec 5 y correa intermedia de velcro\u00a0Premium &#8211; Rodamientos Abec 7 y correa intermedia de trinquete\u00a0<em><strong>Nuestra palabra&#8230;<\/strong><\/em>\u00a0El pat\u00edn Seba E3 Standard es una excelente opci\u00f3n para patinadores principiantes y aquellos que buscan calidad a un precio econ\u00f3mico. El E3 80 tiene muchas caracter\u00edsticas que se encuentran en modelos mucho m\u00e1s caros, lo que lo convierte en un gran todoterreno. Igual que en casa para r\u00e1fagas r\u00e1pidas por la ciudad, cruceros de larga distancia con amigos o tratando de hacer algunos trucos t\u00e9cnicos en conos. Este pat\u00edn tiene el potencial de ofrecer mucho a casi cualquier persona.\u00a0Estos son un pat\u00edn de &#8220;estilo libre&#8221;, por lo que no vienen con un freno de tal\u00f3n, sin embargo, hay otros m\u00e9todos de frenado disponibles&#8230; como farolas, o arcenes de c\u00e9sped&#8230; o el viejo cl\u00e1sico: dar la vuelta y ir en sentido contrario.\u00a0<\/span><\/p>\n<p><strong>Consejo para la talla: \u00a0este pat\u00edn calza en una talla peque\u00f1a, por lo que es mejor comprar una talla M\u00c1S GRANDE que tu talla de calzado habitual.<\/strong><\/p>\n","protected":false},"featured_media":1686,"comment_status":"open","ping_status":"closed","template":"","meta":{"rop_custom_images_group":[],"rop_custom_messages_group":[],"rop_publish_now":"initial","rop_publish_now_accounts":[],"rop_publish_now_history":[],"rop_publish_now_status":"pending"},"product_cat":[34],"product_tag":[],"class_list":{"0":"post-1685","1":"product","2":"type-product","3":"status-publish","4":"has-post-thumbnail","6":"product_cat-freeskate","7":"post","9":"first","10":"instock","11":"shipping-taxable","12":"purchasable","13":"product-type-simple"},"yoast_head":"<!-- This site is optimized with the Yoast SEO plugin v21.9.1 - https:\/\/yoast.com\/wordpress\/plugins\/seo\/ -->\n<title>Patines en l\u00ednea Seba E3 80 - Est\u00e1ndar Rn - Pat\u00edn Exclusivo<\/title>\n<meta name=\"robots\" content=\"index, follow, max-snippet:-1, max-image-preview:large, max-video-preview:-1\" \/>\n<link rel=\"canonical\" href=\"https:\/\/patinexclusivo.com\/index.php\/product\/patines-en-linea-seba-e3-80-estandar-rn\/\" \/>\n<meta property=\"og:locale\" content=\"en_US\" \/>\n<meta property=\"og:type\" content=\"article\" \/>\n<meta property=\"og:title\" content=\"Patines en l\u00ednea Seba E3 80 - Est\u00e1ndar Rn - Pat\u00edn Exclusivo\" \/>\n<meta property=\"og:description\" content=\"SOLO SOBRE PEDIDO  Los patines Seba E3 80 Standard son el compa\u00f1ero perfecto para los patinadores que se inician en el mundo del skate y para aquellos que buscan una buena relaci\u00f3n calidad-precio en el mercado.\u00a0  Como parte de la gama &quot;freeride&quot; de Seba, los patines hacen honor a su nombre. La\u00a0bota de pl\u00e1stico inyectado\u00a0se ha moldeado teniendo en cuenta la ventilaci\u00f3n, un aspecto crucial para sesiones m\u00e1s largas, que reduce el sudor y el posible sobrecalentamiento. Otra ventaja es que la bota es muy ligera sin comprometer el soporte general, lo que la hace r\u00e1pida y reactiva (y... freeride).\u00a0El\u00a0\u00a0cuadro X2R\u00a0\u00a0ofrece una oportunidad \u00fanica de montar tanto en configuraciones planas como con rocker. Las configuraciones planas ofrecen una conducci\u00f3n tradicional y estable, mientras que el rocker opcional es perfecto cuando quieres incursionar en el estilo libre o el eslalon, ya que es m\u00e1s maniobrable.\u00a0\u00a0Las ruedas\u00a0Seba de 80 mm y 82 A\u00a0te mantendr\u00e1n rodando con mucho agarre. Ideales para practicar tu zancada y tu impulso o si te apetece ir a la pista de baile en la discoteca.\u00a0 Se incluye\u00a0un\u00a0forro extra\u00edble\u00a0que proporciona una comodidad decente y soporte para el tobillo. Esto se combina con la correa de velcro de 45 que detendr\u00e1 cualquier movimiento no deseado dentro de la bota.\u00a0La diferencia entre la versi\u00f3n est\u00e1ndar y la versi\u00f3n premium es la correa intermedia de 45 y los rodamientos.\u00a0Est\u00e1ndar - Rodamientos Abec 5 y correa intermedia de velcro\u00a0Premium - Rodamientos Abec 7 y correa intermedia de trinquete\u00a0Nuestra palabra...\u00a0El pat\u00edn Seba E3 Standard es una excelente opci\u00f3n para patinadores principiantes y aquellos que buscan calidad a un precio econ\u00f3mico. El E3 80 tiene muchas caracter\u00edsticas que se encuentran en modelos mucho m\u00e1s caros, lo que lo convierte en un gran todoterreno. Igual que en casa para r\u00e1fagas r\u00e1pidas por la ciudad, cruceros de larga distancia con amigos o tratando de hacer algunos trucos t\u00e9cnicos en conos. Este pat\u00edn tiene el potencial de ofrecer mucho a casi cualquier persona.\u00a0Estos son un pat\u00edn de &quot;estilo libre&quot;, por lo que no vienen con un freno de tal\u00f3n, sin embargo, hay otros m\u00e9todos de frenado disponibles... como farolas, o arcenes de c\u00e9sped... o el viejo cl\u00e1sico: dar la vuelta y ir en sentido contrario.\u00a0  Consejo para la talla: \u00a0este pat\u00edn calza en una talla peque\u00f1a, por lo que es mejor comprar una talla M\u00c1S GRANDE que tu talla de calzado habitual.\" \/>\n<meta property=\"og:url\" content=\"https:\/\/patinexclusivo.com\/index.php\/product\/patines-en-linea-seba-e3-80-estandar-rn\/\" \/>\n<meta property=\"og:site_name\" content=\"Pat\u00edn Exclusivo\" \/>\n<meta property=\"article:modified_time\" content=\"2024-09-19T02:35:27+00:00\" \/>\n<meta property=\"og:image\" content=\"https:\/\/patinexclusivo.com\/wp-content\/uploads\/2024\/09\/Seba-e3-80.webp\" \/>\n\t<meta property=\"og:image:width\" content=\"823\" \/>\n\t<meta property=\"og:image:height\" content=\"823\" \/>\n\t<meta property=\"og:image:type\" content=\"image\/webp\" \/>\n<meta name=\"twitter:card\" content=\"summary_large_image\" \/>\n<meta name=\"twitter:label1\" content=\"Est. reading time\" \/>\n\t<meta name=\"twitter:data1\" content=\"1 minute\" \/>\n<script type=\"application\/ld+json\" class=\"yoast-schema-graph\">{\"@context\":\"https:\/\/schema.org\",\"@graph\":[{\"@type\":\"WebPage\",\"@id\":\"https:\/\/patinexclusivo.com\/index.php\/product\/patines-en-linea-seba-e3-80-estandar-rn\/\",\"url\":\"https:\/\/patinexclusivo.com\/index.php\/product\/patines-en-linea-seba-e3-80-estandar-rn\/\",\"name\":\"Patines en l\u00ednea Seba E3 80 - Est\u00e1ndar Rn - Pat\u00edn Exclusivo\",\"isPartOf\":{\"@id\":\"https:\/\/patinexclusivo.com\/#website\"},\"datePublished\":\"2024-09-19T02:35:26+00:00\",\"dateModified\":\"2024-09-19T02:35:27+00:00\",\"breadcrumb\":{\"@id\":\"https:\/\/patinexclusivo.com\/index.php\/product\/patines-en-linea-seba-e3-80-estandar-rn\/#breadcrumb\"},\"inLanguage\":\"en-US\",\"potentialAction\":[{\"@type\":\"ReadAction\",\"target\":[\"https:\/\/patinexclusivo.com\/index.php\/product\/patines-en-linea-seba-e3-80-estandar-rn\/\"]}]},{\"@type\":\"BreadcrumbList\",\"@id\":\"https:\/\/patinexclusivo.com\/index.php\/product\/patines-en-linea-seba-e3-80-estandar-rn\/#breadcrumb\",\"itemListElement\":[{\"@type\":\"ListItem\",\"position\":1,\"name\":\"Inicio\",\"item\":\"https:\/\/patinexclusivo.com\/\"},{\"@type\":\"ListItem\",\"position\":2,\"name\":\"Shop\",\"item\":\"https:\/\/patinexclusivo.com\/index.php\/shop\/\"},{\"@type\":\"ListItem\",\"position\":3,\"name\":\"Patines en l\u00ednea Seba E3 80 &#8211; Est\u00e1ndar Rn\"}]},{\"@type\":\"WebSite\",\"@id\":\"https:\/\/patinexclusivo.com\/#website\",\"url\":\"https:\/\/patinexclusivo.com\/\",\"name\":\"Pat\u00edn Exclusivo\",\"description\":\"\ud83d\udefc Rollers SLP: Tu destino #1 para patines en San Luis Potos\u00ed! Encuentra los mejores estilos y marcas \ud83c\udf1f, consejos de expertos \ud83d\udcda y accesorios para patinaje. \u00a1Vis\u00edtanos y rueda con estilo! \ud83c\udf08\u2728\",\"publisher\":{\"@id\":\"https:\/\/patinexclusivo.com\/#organization\"},\"potentialAction\":[{\"@type\":\"SearchAction\",\"target\":{\"@type\":\"EntryPoint\",\"urlTemplate\":\"https:\/\/patinexclusivo.com\/?s={search_term_string}\"},\"query-input\":\"required name=search_term_string\"}],\"inLanguage\":\"en-US\"},{\"@type\":\"Organization\",\"@id\":\"https:\/\/patinexclusivo.com\/#organization\",\"name\":\"Pat\u00edn Exclusivo\",\"url\":\"https:\/\/patinexclusivo.com\/\",\"logo\":{\"@type\":\"ImageObject\",\"inLanguage\":\"en-US\",\"@id\":\"https:\/\/patinexclusivo.com\/#\/schema\/logo\/image\/\",\"url\":\"https:\/\/patinexclusivo.com\/wp-content\/uploads\/2025\/01\/cropped-cropped-WhatsApp-Image-2025-01-29-at-7.00.40-PM.jpeg\",\"contentUrl\":\"https:\/\/patinexclusivo.com\/wp-content\/uploads\/2025\/01\/cropped-cropped-WhatsApp-Image-2025-01-29-at-7.00.40-PM.jpeg\",\"width\":583,\"height\":568,\"caption\":\"Pat\u00edn Exclusivo\"},\"image\":{\"@id\":\"https:\/\/patinexclusivo.com\/#\/schema\/logo\/image\/\"}}]}<\/script>\n<!-- \/ Yoast SEO plugin. -->","yoast_head_json":{"title":"Patines en l\u00ednea Seba E3 80 - Est\u00e1ndar Rn - Pat\u00edn Exclusivo","robots":{"index":"index","follow":"follow","max-snippet":"max-snippet:-1","max-image-preview":"max-image-preview:large","max-video-preview":"max-video-preview:-1"},"canonical":"https:\/\/patinexclusivo.com\/index.php\/product\/patines-en-linea-seba-e3-80-estandar-rn\/","og_locale":"en_US","og_type":"article","og_title":"Patines en l\u00ednea Seba E3 80 - Est\u00e1ndar Rn - Pat\u00edn Exclusivo","og_description":"SOLO SOBRE PEDIDO  Los patines Seba E3 80 Standard son el compa\u00f1ero perfecto para los patinadores que se inician en el mundo del skate y para aquellos que buscan una buena relaci\u00f3n calidad-precio en el mercado.\u00a0  Como parte de la gama \"freeride\" de Seba, los patines hacen honor a su nombre. La\u00a0bota de pl\u00e1stico inyectado\u00a0se ha moldeado teniendo en cuenta la ventilaci\u00f3n, un aspecto crucial para sesiones m\u00e1s largas, que reduce el sudor y el posible sobrecalentamiento. Otra ventaja es que la bota es muy ligera sin comprometer el soporte general, lo que la hace r\u00e1pida y reactiva (y... freeride).\u00a0El\u00a0\u00a0cuadro X2R\u00a0\u00a0ofrece una oportunidad \u00fanica de montar tanto en configuraciones planas como con rocker. Las configuraciones planas ofrecen una conducci\u00f3n tradicional y estable, mientras que el rocker opcional es perfecto cuando quieres incursionar en el estilo libre o el eslalon, ya que es m\u00e1s maniobrable.\u00a0\u00a0Las ruedas\u00a0Seba de 80 mm y 82 A\u00a0te mantendr\u00e1n rodando con mucho agarre. Ideales para practicar tu zancada y tu impulso o si te apetece ir a la pista de baile en la discoteca.\u00a0 Se incluye\u00a0un\u00a0forro extra\u00edble\u00a0que proporciona una comodidad decente y soporte para el tobillo. Esto se combina con la correa de velcro de 45 que detendr\u00e1 cualquier movimiento no deseado dentro de la bota.\u00a0La diferencia entre la versi\u00f3n est\u00e1ndar y la versi\u00f3n premium es la correa intermedia de 45 y los rodamientos.\u00a0Est\u00e1ndar - Rodamientos Abec 5 y correa intermedia de velcro\u00a0Premium - Rodamientos Abec 7 y correa intermedia de trinquete\u00a0Nuestra palabra...\u00a0El pat\u00edn Seba E3 Standard es una excelente opci\u00f3n para patinadores principiantes y aquellos que buscan calidad a un precio econ\u00f3mico. El E3 80 tiene muchas caracter\u00edsticas que se encuentran en modelos mucho m\u00e1s caros, lo que lo convierte en un gran todoterreno. Igual que en casa para r\u00e1fagas r\u00e1pidas por la ciudad, cruceros de larga distancia con amigos o tratando de hacer algunos trucos t\u00e9cnicos en conos. Este pat\u00edn tiene el potencial de ofrecer mucho a casi cualquier persona.\u00a0Estos son un pat\u00edn de \"estilo libre\", por lo que no vienen con un freno de tal\u00f3n, sin embargo, hay otros m\u00e9todos de frenado disponibles... como farolas, o arcenes de c\u00e9sped... o el viejo cl\u00e1sico: dar la vuelta y ir en sentido contrario.\u00a0  Consejo para la talla: \u00a0este pat\u00edn calza en una talla peque\u00f1a, por lo que es mejor comprar una talla M\u00c1S GRANDE que tu talla de calzado habitual.","og_url":"https:\/\/patinexclusivo.com\/index.php\/product\/patines-en-linea-seba-e3-80-estandar-rn\/","og_site_name":"Pat\u00edn Exclusivo","article_modified_time":"2024-09-19T02:35:27+00:00","og_image":[{"width":823,"height":823,"url":"https:\/\/patinexclusivo.com\/wp-content\/uploads\/2024\/09\/Seba-e3-80.webp","type":"image\/webp"}],"twitter_card":"summary_large_image","twitter_misc":{"Est. reading time":"1 minute"},"schema":{"@context":"https:\/\/schema.org","@graph":[{"@type":"WebPage","@id":"https:\/\/patinexclusivo.com\/index.php\/product\/patines-en-linea-seba-e3-80-estandar-rn\/","url":"https:\/\/patinexclusivo.com\/index.php\/product\/patines-en-linea-seba-e3-80-estandar-rn\/","name":"Patines en l\u00ednea Seba E3 80 - Est\u00e1ndar Rn - Pat\u00edn Exclusivo","isPartOf":{"@id":"https:\/\/patinexclusivo.com\/#website"},"datePublished":"2024-09-19T02:35:26+00:00","dateModified":"2024-09-19T02:35:27+00:00","breadcrumb":{"@id":"https:\/\/patinexclusivo.com\/index.php\/product\/patines-en-linea-seba-e3-80-estandar-rn\/#breadcrumb"},"inLanguage":"en-US","potentialAction":[{"@type":"ReadAction","target":["https:\/\/patinexclusivo.com\/index.php\/product\/patines-en-linea-seba-e3-80-estandar-rn\/"]}]},{"@type":"BreadcrumbList","@id":"https:\/\/patinexclusivo.com\/index.php\/product\/patines-en-linea-seba-e3-80-estandar-rn\/#breadcrumb","itemListElement":[{"@type":"ListItem","position":1,"name":"Inicio","item":"https:\/\/patinexclusivo.com\/"},{"@type":"ListItem","position":2,"name":"Shop","item":"https:\/\/patinexclusivo.com\/index.php\/shop\/"},{"@type":"ListItem","position":3,"name":"Patines en l\u00ednea Seba E3 80 &#8211; Est\u00e1ndar Rn"}]},{"@type":"WebSite","@id":"https:\/\/patinexclusivo.com\/#website","url":"https:\/\/patinexclusivo.com\/","name":"Pat\u00edn Exclusivo","description":"\ud83d\udefc Rollers SLP: Tu destino #1 para patines en San Luis Potos\u00ed! Encuentra los mejores estilos y marcas \ud83c\udf1f, consejos de expertos \ud83d\udcda y accesorios para patinaje. \u00a1Vis\u00edtanos y rueda con estilo! \ud83c\udf08\u2728","publisher":{"@id":"https:\/\/patinexclusivo.com\/#organization"},"potentialAction":[{"@type":"SearchAction","target":{"@type":"EntryPoint","urlTemplate":"https:\/\/patinexclusivo.com\/?s={search_term_string}"},"query-input":"required name=search_term_string"}],"inLanguage":"en-US"},{"@type":"Organization","@id":"https:\/\/patinexclusivo.com\/#organization","name":"Pat\u00edn Exclusivo","url":"https:\/\/patinexclusivo.com\/","logo":{"@type":"ImageObject","inLanguage":"en-US","@id":"https:\/\/patinexclusivo.com\/#\/schema\/logo\/image\/","url":"https:\/\/patinexclusivo.com\/wp-content\/uploads\/2025\/01\/cropped-cropped-WhatsApp-Image-2025-01-29-at-7.00.40-PM.jpeg","contentUrl":"https:\/\/patinexclusivo.com\/wp-content\/uploads\/2025\/01\/cropped-cropped-WhatsApp-Image-2025-01-29-at-7.00.40-PM.jpeg","width":583,"height":568,"caption":"Pat\u00edn Exclusivo"},"image":{"@id":"https:\/\/patinexclusivo.com\/#\/schema\/logo\/image\/"}}]}},"_links":{"self":[{"href":"https:\/\/patinexclusivo.com\/index.php\/wp-json\/wp\/v2\/product\/1685"}],"collection":[{"href":"https:\/\/patinexclusivo.com\/index.php\/wp-json\/wp\/v2\/product"}],"about":[{"href":"https:\/\/patinexclusivo.com\/index.php\/wp-json\/wp\/v2\/types\/product"}],"replies":[{"embeddable":true,"href":"https:\/\/patinexclusivo.com\/index.php\/wp-json\/wp\/v2\/comments?post=1685"}],"version-history":[{"count":1,"href":"https:\/\/patinexclusivo.com\/index.php\/wp-json\/wp\/v2\/product\/1685\/revisions"}],"predecessor-version":[{"id":1687,"href":"https:\/\/patinexclusivo.com\/index.php\/wp-json\/wp\/v2\/product\/1685\/revisions\/1687"}],"wp:featuredmedia":[{"embeddable":true,"href":"https:\/\/patinexclusivo.com\/index.php\/wp-json\/wp\/v2\/media\/1686"}],"wp:attachment":[{"href":"https:\/\/patinexclusivo.com\/index.php\/wp-json\/wp\/v2\/media?parent=1685"}],"wp:term":[{"taxonomy":"product_cat","embeddable":true,"href":"https:\/\/patinexclusivo.com\/index.php\/wp-json\/wp\/v2\/product_cat?post=1685"},{"taxonomy":"product_tag","embeddable":true,"href":"https:\/\/patinexclusivo.com\/index.php\/wp-json\/wp\/v2\/product_tag?post=1685"}],"curies":[{"name":"wp","href":"https:\/\/api.w.org\/{rel}","templated":true}]}}