{"id":1689,"date":"2024-09-19T06:08:06","date_gmt":"2024-09-19T06:08:06","guid":{"rendered":"https:\/\/patinexclusivo.com\/?post_type=product&#038;p=1689"},"modified":"2024-09-19T06:08:07","modified_gmt":"2024-09-19T06:08:07","slug":"patines-en-linea-seba-high-light-80-unisex-rn","status":"publish","type":"product","link":"https:\/\/patinexclusivo.com\/index.php\/product\/patines-en-linea-seba-high-light-80-unisex-rn\/","title":{"rendered":"Patines en l\u00ednea Seba High Light 80 &#8211; Unisex Rn"},"content":{"rendered":"<table class=\"feature-table\">\n<tbody>\n<tr>\n<td><span>Estilo de patinaje:<\/span><\/td>\n<td class=\"feature-table__value\"><span>Urbano \/ Ciudad, Crucero \/ Ocio<\/span><\/td>\n<\/tr>\n<tr>\n<td><span>Tipo de pat\u00edn:<\/span><\/td>\n<td class=\"feature-table__value\"><span>Patines de 4 ruedas, botas r\u00edgidas<\/span><\/td>\n<\/tr>\n<tr>\n<td><span>Material de la bota:<\/span><\/td>\n<td class=\"feature-table__value\"><span>Pl\u00e1stico<\/span><\/td>\n<\/tr>\n<tr>\n<td><span>Cordones:<\/span><\/td>\n<td class=\"feature-table__value\"><span>Est\u00e1ndar<\/span><\/td>\n<\/tr>\n<tr>\n<td><span>Transatl\u00e1ntico:<\/span><\/td>\n<td class=\"feature-table__value\"><span>Integrado<\/span><\/td>\n<\/tr>\n<tr>\n<td><span>Almohadilla amortiguadora:<\/span><\/td>\n<td class=\"feature-table__value\"><span>S\u00ed<\/span><\/td>\n<\/tr>\n<tr>\n<td><span>Marca del marco:<\/span><\/td>\n<td class=\"feature-table__value\"><span>Seba<\/span><\/td>\n<\/tr>\n<tr>\n<td><span>Montaje del marco:<\/span><\/td>\n<td class=\"feature-table__value\"><span>Cl\u00e1sico (montura 165)<\/span><\/td>\n<\/tr>\n<tr>\n<td><span>Material del marco:<\/span><\/td>\n<td class=\"feature-table__value\"><span>Aluminio<\/span><\/td>\n<\/tr>\n<tr>\n<td><span>Longitud del marco:<\/span><\/td>\n<td class=\"feature-table__value\"><span>243 mm<\/span><\/td>\n<\/tr>\n<tr>\n<td><span>Balanc\u00edn de cuadro:<\/span><\/td>\n<td class=\"feature-table__value\"><span>Plano (sin balanc\u00edn)<\/span><\/td>\n<\/tr>\n<tr>\n<td><span>Ejes:<\/span><\/td>\n<td class=\"feature-table__value\"><span>Velocidad de 8 mm (un eje que se atornilla a la pared del marco)<\/span><\/td>\n<\/tr>\n<tr>\n<td><span>Marca de la rueda:<\/span><\/td>\n<td class=\"feature-table__value\"><span>Seba<\/span><\/td>\n<\/tr>\n<tr>\n<td><span>Tama\u00f1o de la rueda:<\/span><\/td>\n<td class=\"feature-table__value\"><span>76 mm, 80 mm<\/span><\/td>\n<\/tr>\n<tr>\n<td><span>Dureza de la rueda:<\/span><\/td>\n<td class=\"feature-table__value\"><span>85a<\/span><\/td>\n<\/tr>\n<tr>\n<td><span>Perfil de la rueda:<\/span><\/td>\n<td class=\"feature-table__value\"><span>Redondo<\/span><\/td>\n<\/tr>\n<tr>\n<td><span>Marca de rodamientos:<\/span><\/td>\n<td class=\"feature-table__value\"><span>C\u00e1mara doble<\/span><\/td>\n<\/tr>\n<tr>\n<td><span>Clasificaci\u00f3n del rodamiento:<\/span><\/td>\n<td class=\"feature-table__value\"><span>iLQ 9 Pro<\/span><\/td>\n<\/tr>\n<\/tbody>\n<\/table>\n<p>Talla 24cm, 24.5cm, 26cm, 27cm, 27.5cm, 28cm, 28cm, 28.5cm, 29.5cm, 30.9cm<\/p>\n","protected":false},"excerpt":{"rendered":"<p>SOLO SOBRE PEDIDO<\/p>\n<p><span>Los patines Seba High Light 80 forman parte de la pr\u00f3xima generaci\u00f3n de patines &#8220;altos&#8221; de Seba.\u00a0<\/span><\/p>\n<p><span>Seba ha tomado el exitoso modelo High Light y lo ha renovado con un nuevo dise\u00f1o y nuevas especificaciones para obtener el\u00a0<\/span><em><strong><span>m\u00e1ximo rendimiento<\/span><\/strong><\/em><span>\u00a0. El sistema de triple correa con una nueva correa intermedia delgada mantiene el pie bloqueado y hace que el pat\u00edn sea muy sensible.<\/span><\/p>\n<p><span>Se ha eliminado todo el exceso de materiales del pat\u00edn para ahorrar cada gramo posible en el peso total y luego se han a\u00f1adido los mejores componentes que han podido, incluidos los nuevos\u00a0<\/span><strong><em><span>marcos planos Deluxe V.2<\/span><\/em><\/strong><span>\u00a0de Seba .\u00a0\u00a0Las\u00a0\u00a0<strong><em>ruedas de 80 mm<\/em><\/strong>\u00a0deber\u00edan darte toda la confianza que necesitas. Ruedas de estilo libre de alto rendimiento con una f\u00f3rmula equilibrada para el agarre y el rendimiento.\u00a0<strong>TEN EN CUENTA que<\/strong>\u00a0los gr\u00e1ficos de las ruedas pueden variar debido a los n\u00fameros de lote, todos son negros y de la misma calidad.\u00a0\u00a0<em><strong>Los rodamientos Twincam ILQ 9 Pro<\/strong><\/em>\u00a0son de la m\u00e1s alta calidad que puedes comprar. Hay mucho que decir sobre los rodamientos, pero todo lo que necesitas saber es que se producen para el rendimiento.<\/span><\/p>\n<p><span><\/span><strong><em><span><\/span><\/em>\u00a0<\/strong><span><strong><\/strong><\/span><\/p>\n<p><em><strong><span><\/span><\/strong><\/em><span><\/span><\/p>\n<p><span>En conjunto, los patines High Light 80 lucen incre\u00edbles con su combinaci\u00f3n de colores en negro y detalles en gris. Un paquete verdaderamente completo, listo para todas las situaciones. Ideal para patinaje urbano, freeride, freestyle o eslalon. \u00a1T\u00fa decides!<\/span><\/p>\n<p><em><strong><span>\u00bfPor qu\u00e9 deber\u00eda elegir estos en lugar de los Trix 2 o High Light Carbon?<\/span><\/strong><\/em><\/p>\n<p><span>Con los High Light 80, obtendr\u00e1s un pat\u00edn que utiliza un pu\u00f1o tradicional (en lugar del pu\u00f1o triangular) que ofrece un soporte integral. Tambi\u00e9n vemos los High Light 80 como una opci\u00f3n b\u00e1sica de entrada para patines de especificaciones m\u00e1s altas como los Trix Pro, Igor y High Light Carbon, que ofrecen muchos de los mismos beneficios sin el costo de una carcasa de fibra de carbono.\u00a0<\/span><\/p>\n<p><em><strong><span>Consejo sobre la talla<\/span><\/strong><\/em><strong><em>\u00a0En caso de duda, compra una talla m\u00e1s grande que la que usas habitualmente en tus zapatos. Los patines Seba High pueden quedar un poco estrechos (aunque normalmente tienen una longitud normal).<\/em><\/strong><\/p>\n","protected":false},"featured_media":1690,"comment_status":"open","ping_status":"closed","template":"","meta":{"rop_custom_images_group":[],"rop_custom_messages_group":[],"rop_publish_now":"initial","rop_publish_now_accounts":[],"rop_publish_now_history":[],"rop_publish_now_status":"pending"},"product_cat":[34],"product_tag":[],"class_list":{"0":"post-1689","1":"product","2":"type-product","3":"status-publish","4":"has-post-thumbnail","6":"product_cat-freeskate","7":"post","9":"first","10":"instock","11":"shipping-taxable","12":"purchasable","13":"product-type-simple"},"yoast_head":"<!-- This site is optimized with the Yoast SEO plugin v21.9.1 - https:\/\/yoast.com\/wordpress\/plugins\/seo\/ -->\n<title>Patines en l\u00ednea Seba High Light 80 - Unisex Rn - Pat\u00edn Exclusivo<\/title>\n<meta name=\"robots\" content=\"index, follow, max-snippet:-1, max-image-preview:large, max-video-preview:-1\" \/>\n<link rel=\"canonical\" href=\"https:\/\/patinexclusivo.com\/index.php\/product\/patines-en-linea-seba-high-light-80-unisex-rn\/\" \/>\n<meta property=\"og:locale\" content=\"en_US\" \/>\n<meta property=\"og:type\" content=\"article\" \/>\n<meta property=\"og:title\" content=\"Patines en l\u00ednea Seba High Light 80 - Unisex Rn - Pat\u00edn Exclusivo\" \/>\n<meta property=\"og:description\" content=\"SOLO SOBRE PEDIDO  Los patines Seba High Light 80 forman parte de la pr\u00f3xima generaci\u00f3n de patines &quot;altos&quot; de Seba.\u00a0  Seba ha tomado el exitoso modelo High Light y lo ha renovado con un nuevo dise\u00f1o y nuevas especificaciones para obtener el\u00a0m\u00e1ximo rendimiento\u00a0. El sistema de triple correa con una nueva correa intermedia delgada mantiene el pie bloqueado y hace que el pat\u00edn sea muy sensible.  Se ha eliminado todo el exceso de materiales del pat\u00edn para ahorrar cada gramo posible en el peso total y luego se han a\u00f1adido los mejores componentes que han podido, incluidos los nuevos\u00a0marcos planos Deluxe V.2\u00a0de Seba .\u00a0\u00a0Las\u00a0\u00a0ruedas de 80 mm\u00a0deber\u00edan darte toda la confianza que necesitas. Ruedas de estilo libre de alto rendimiento con una f\u00f3rmula equilibrada para el agarre y el rendimiento.\u00a0TEN EN CUENTA que\u00a0los gr\u00e1ficos de las ruedas pueden variar debido a los n\u00fameros de lote, todos son negros y de la misma calidad.\u00a0\u00a0Los rodamientos Twincam ILQ 9 Pro\u00a0son de la m\u00e1s alta calidad que puedes comprar. Hay mucho que decir sobre los rodamientos, pero todo lo que necesitas saber es que se producen para el rendimiento.  \u00a0    En conjunto, los patines High Light 80 lucen incre\u00edbles con su combinaci\u00f3n de colores en negro y detalles en gris. Un paquete verdaderamente completo, listo para todas las situaciones. Ideal para patinaje urbano, freeride, freestyle o eslalon. \u00a1T\u00fa decides!  \u00bfPor qu\u00e9 deber\u00eda elegir estos en lugar de los Trix 2 o High Light Carbon?  Con los High Light 80, obtendr\u00e1s un pat\u00edn que utiliza un pu\u00f1o tradicional (en lugar del pu\u00f1o triangular) que ofrece un soporte integral. Tambi\u00e9n vemos los High Light 80 como una opci\u00f3n b\u00e1sica de entrada para patines de especificaciones m\u00e1s altas como los Trix Pro, Igor y High Light Carbon, que ofrecen muchos de los mismos beneficios sin el costo de una carcasa de fibra de carbono.\u00a0  Consejo sobre la talla\u00a0En caso de duda, compra una talla m\u00e1s grande que la que usas habitualmente en tus zapatos. Los patines Seba High pueden quedar un poco estrechos (aunque normalmente tienen una longitud normal).\" \/>\n<meta property=\"og:url\" content=\"https:\/\/patinexclusivo.com\/index.php\/product\/patines-en-linea-seba-high-light-80-unisex-rn\/\" \/>\n<meta property=\"og:site_name\" content=\"Pat\u00edn Exclusivo\" \/>\n<meta property=\"article:modified_time\" content=\"2024-09-19T06:08:07+00:00\" \/>\n<meta property=\"og:image\" content=\"https:\/\/patinexclusivo.com\/wp-content\/uploads\/2024\/09\/SEBA-HIGH-LIGHT.webp\" \/>\n\t<meta property=\"og:image:width\" content=\"823\" \/>\n\t<meta property=\"og:image:height\" content=\"823\" \/>\n\t<meta property=\"og:image:type\" content=\"image\/webp\" \/>\n<meta name=\"twitter:card\" content=\"summary_large_image\" \/>\n<meta name=\"twitter:label1\" content=\"Est. reading time\" \/>\n\t<meta name=\"twitter:data1\" content=\"1 minute\" \/>\n<script type=\"application\/ld+json\" class=\"yoast-schema-graph\">{\"@context\":\"https:\/\/schema.org\",\"@graph\":[{\"@type\":\"WebPage\",\"@id\":\"https:\/\/patinexclusivo.com\/index.php\/product\/patines-en-linea-seba-high-light-80-unisex-rn\/\",\"url\":\"https:\/\/patinexclusivo.com\/index.php\/product\/patines-en-linea-seba-high-light-80-unisex-rn\/\",\"name\":\"Patines en l\u00ednea Seba High Light 80 - Unisex Rn - Pat\u00edn Exclusivo\",\"isPartOf\":{\"@id\":\"https:\/\/patinexclusivo.com\/#website\"},\"datePublished\":\"2024-09-19T06:08:06+00:00\",\"dateModified\":\"2024-09-19T06:08:07+00:00\",\"breadcrumb\":{\"@id\":\"https:\/\/patinexclusivo.com\/index.php\/product\/patines-en-linea-seba-high-light-80-unisex-rn\/#breadcrumb\"},\"inLanguage\":\"en-US\",\"potentialAction\":[{\"@type\":\"ReadAction\",\"target\":[\"https:\/\/patinexclusivo.com\/index.php\/product\/patines-en-linea-seba-high-light-80-unisex-rn\/\"]}]},{\"@type\":\"BreadcrumbList\",\"@id\":\"https:\/\/patinexclusivo.com\/index.php\/product\/patines-en-linea-seba-high-light-80-unisex-rn\/#breadcrumb\",\"itemListElement\":[{\"@type\":\"ListItem\",\"position\":1,\"name\":\"Inicio\",\"item\":\"https:\/\/patinexclusivo.com\/\"},{\"@type\":\"ListItem\",\"position\":2,\"name\":\"Shop\",\"item\":\"https:\/\/patinexclusivo.com\/index.php\/shop\/\"},{\"@type\":\"ListItem\",\"position\":3,\"name\":\"Patines en l\u00ednea Seba High Light 80 &#8211; Unisex Rn\"}]},{\"@type\":\"WebSite\",\"@id\":\"https:\/\/patinexclusivo.com\/#website\",\"url\":\"https:\/\/patinexclusivo.com\/\",\"name\":\"Pat\u00edn Exclusivo\",\"description\":\"\ud83d\udefc Rollers SLP: Tu destino #1 para patines en San Luis Potos\u00ed! Encuentra los mejores estilos y marcas \ud83c\udf1f, consejos de expertos \ud83d\udcda y accesorios para patinaje. \u00a1Vis\u00edtanos y rueda con estilo! \ud83c\udf08\u2728\",\"publisher\":{\"@id\":\"https:\/\/patinexclusivo.com\/#organization\"},\"potentialAction\":[{\"@type\":\"SearchAction\",\"target\":{\"@type\":\"EntryPoint\",\"urlTemplate\":\"https:\/\/patinexclusivo.com\/?s={search_term_string}\"},\"query-input\":\"required name=search_term_string\"}],\"inLanguage\":\"en-US\"},{\"@type\":\"Organization\",\"@id\":\"https:\/\/patinexclusivo.com\/#organization\",\"name\":\"Pat\u00edn Exclusivo\",\"url\":\"https:\/\/patinexclusivo.com\/\",\"logo\":{\"@type\":\"ImageObject\",\"inLanguage\":\"en-US\",\"@id\":\"https:\/\/patinexclusivo.com\/#\/schema\/logo\/image\/\",\"url\":\"https:\/\/patinexclusivo.com\/wp-content\/uploads\/2025\/01\/cropped-cropped-WhatsApp-Image-2025-01-29-at-7.00.40-PM.jpeg\",\"contentUrl\":\"https:\/\/patinexclusivo.com\/wp-content\/uploads\/2025\/01\/cropped-cropped-WhatsApp-Image-2025-01-29-at-7.00.40-PM.jpeg\",\"width\":583,\"height\":568,\"caption\":\"Pat\u00edn Exclusivo\"},\"image\":{\"@id\":\"https:\/\/patinexclusivo.com\/#\/schema\/logo\/image\/\"}}]}<\/script>\n<!-- \/ Yoast SEO plugin. -->","yoast_head_json":{"title":"Patines en l\u00ednea Seba High Light 80 - Unisex Rn - Pat\u00edn Exclusivo","robots":{"index":"index","follow":"follow","max-snippet":"max-snippet:-1","max-image-preview":"max-image-preview:large","max-video-preview":"max-video-preview:-1"},"canonical":"https:\/\/patinexclusivo.com\/index.php\/product\/patines-en-linea-seba-high-light-80-unisex-rn\/","og_locale":"en_US","og_type":"article","og_title":"Patines en l\u00ednea Seba High Light 80 - Unisex Rn - Pat\u00edn Exclusivo","og_description":"SOLO SOBRE PEDIDO  Los patines Seba High Light 80 forman parte de la pr\u00f3xima generaci\u00f3n de patines \"altos\" de Seba.\u00a0  Seba ha tomado el exitoso modelo High Light y lo ha renovado con un nuevo dise\u00f1o y nuevas especificaciones para obtener el\u00a0m\u00e1ximo rendimiento\u00a0. El sistema de triple correa con una nueva correa intermedia delgada mantiene el pie bloqueado y hace que el pat\u00edn sea muy sensible.  Se ha eliminado todo el exceso de materiales del pat\u00edn para ahorrar cada gramo posible en el peso total y luego se han a\u00f1adido los mejores componentes que han podido, incluidos los nuevos\u00a0marcos planos Deluxe V.2\u00a0de Seba .\u00a0\u00a0Las\u00a0\u00a0ruedas de 80 mm\u00a0deber\u00edan darte toda la confianza que necesitas. Ruedas de estilo libre de alto rendimiento con una f\u00f3rmula equilibrada para el agarre y el rendimiento.\u00a0TEN EN CUENTA que\u00a0los gr\u00e1ficos de las ruedas pueden variar debido a los n\u00fameros de lote, todos son negros y de la misma calidad.\u00a0\u00a0Los rodamientos Twincam ILQ 9 Pro\u00a0son de la m\u00e1s alta calidad que puedes comprar. Hay mucho que decir sobre los rodamientos, pero todo lo que necesitas saber es que se producen para el rendimiento.  \u00a0    En conjunto, los patines High Light 80 lucen incre\u00edbles con su combinaci\u00f3n de colores en negro y detalles en gris. Un paquete verdaderamente completo, listo para todas las situaciones. Ideal para patinaje urbano, freeride, freestyle o eslalon. \u00a1T\u00fa decides!  \u00bfPor qu\u00e9 deber\u00eda elegir estos en lugar de los Trix 2 o High Light Carbon?  Con los High Light 80, obtendr\u00e1s un pat\u00edn que utiliza un pu\u00f1o tradicional (en lugar del pu\u00f1o triangular) que ofrece un soporte integral. Tambi\u00e9n vemos los High Light 80 como una opci\u00f3n b\u00e1sica de entrada para patines de especificaciones m\u00e1s altas como los Trix Pro, Igor y High Light Carbon, que ofrecen muchos de los mismos beneficios sin el costo de una carcasa de fibra de carbono.\u00a0  Consejo sobre la talla\u00a0En caso de duda, compra una talla m\u00e1s grande que la que usas habitualmente en tus zapatos. Los patines Seba High pueden quedar un poco estrechos (aunque normalmente tienen una longitud normal).","og_url":"https:\/\/patinexclusivo.com\/index.php\/product\/patines-en-linea-seba-high-light-80-unisex-rn\/","og_site_name":"Pat\u00edn Exclusivo","article_modified_time":"2024-09-19T06:08:07+00:00","og_image":[{"width":823,"height":823,"url":"https:\/\/patinexclusivo.com\/wp-content\/uploads\/2024\/09\/SEBA-HIGH-LIGHT.webp","type":"image\/webp"}],"twitter_card":"summary_large_image","twitter_misc":{"Est. reading time":"1 minute"},"schema":{"@context":"https:\/\/schema.org","@graph":[{"@type":"WebPage","@id":"https:\/\/patinexclusivo.com\/index.php\/product\/patines-en-linea-seba-high-light-80-unisex-rn\/","url":"https:\/\/patinexclusivo.com\/index.php\/product\/patines-en-linea-seba-high-light-80-unisex-rn\/","name":"Patines en l\u00ednea Seba High Light 80 - Unisex Rn - Pat\u00edn Exclusivo","isPartOf":{"@id":"https:\/\/patinexclusivo.com\/#website"},"datePublished":"2024-09-19T06:08:06+00:00","dateModified":"2024-09-19T06:08:07+00:00","breadcrumb":{"@id":"https:\/\/patinexclusivo.com\/index.php\/product\/patines-en-linea-seba-high-light-80-unisex-rn\/#breadcrumb"},"inLanguage":"en-US","potentialAction":[{"@type":"ReadAction","target":["https:\/\/patinexclusivo.com\/index.php\/product\/patines-en-linea-seba-high-light-80-unisex-rn\/"]}]},{"@type":"BreadcrumbList","@id":"https:\/\/patinexclusivo.com\/index.php\/product\/patines-en-linea-seba-high-light-80-unisex-rn\/#breadcrumb","itemListElement":[{"@type":"ListItem","position":1,"name":"Inicio","item":"https:\/\/patinexclusivo.com\/"},{"@type":"ListItem","position":2,"name":"Shop","item":"https:\/\/patinexclusivo.com\/index.php\/shop\/"},{"@type":"ListItem","position":3,"name":"Patines en l\u00ednea Seba High Light 80 &#8211; Unisex Rn"}]},{"@type":"WebSite","@id":"https:\/\/patinexclusivo.com\/#website","url":"https:\/\/patinexclusivo.com\/","name":"Pat\u00edn Exclusivo","description":"\ud83d\udefc Rollers SLP: Tu destino #1 para patines en San Luis Potos\u00ed! Encuentra los mejores estilos y marcas \ud83c\udf1f, consejos de expertos \ud83d\udcda y accesorios para patinaje. \u00a1Vis\u00edtanos y rueda con estilo! \ud83c\udf08\u2728","publisher":{"@id":"https:\/\/patinexclusivo.com\/#organization"},"potentialAction":[{"@type":"SearchAction","target":{"@type":"EntryPoint","urlTemplate":"https:\/\/patinexclusivo.com\/?s={search_term_string}"},"query-input":"required name=search_term_string"}],"inLanguage":"en-US"},{"@type":"Organization","@id":"https:\/\/patinexclusivo.com\/#organization","name":"Pat\u00edn Exclusivo","url":"https:\/\/patinexclusivo.com\/","logo":{"@type":"ImageObject","inLanguage":"en-US","@id":"https:\/\/patinexclusivo.com\/#\/schema\/logo\/image\/","url":"https:\/\/patinexclusivo.com\/wp-content\/uploads\/2025\/01\/cropped-cropped-WhatsApp-Image-2025-01-29-at-7.00.40-PM.jpeg","contentUrl":"https:\/\/patinexclusivo.com\/wp-content\/uploads\/2025\/01\/cropped-cropped-WhatsApp-Image-2025-01-29-at-7.00.40-PM.jpeg","width":583,"height":568,"caption":"Pat\u00edn Exclusivo"},"image":{"@id":"https:\/\/patinexclusivo.com\/#\/schema\/logo\/image\/"}}]}},"_links":{"self":[{"href":"https:\/\/patinexclusivo.com\/index.php\/wp-json\/wp\/v2\/product\/1689"}],"collection":[{"href":"https:\/\/patinexclusivo.com\/index.php\/wp-json\/wp\/v2\/product"}],"about":[{"href":"https:\/\/patinexclusivo.com\/index.php\/wp-json\/wp\/v2\/types\/product"}],"replies":[{"embeddable":true,"href":"https:\/\/patinexclusivo.com\/index.php\/wp-json\/wp\/v2\/comments?post=1689"}],"version-history":[{"count":1,"href":"https:\/\/patinexclusivo.com\/index.php\/wp-json\/wp\/v2\/product\/1689\/revisions"}],"predecessor-version":[{"id":1691,"href":"https:\/\/patinexclusivo.com\/index.php\/wp-json\/wp\/v2\/product\/1689\/revisions\/1691"}],"wp:featuredmedia":[{"embeddable":true,"href":"https:\/\/patinexclusivo.com\/index.php\/wp-json\/wp\/v2\/media\/1690"}],"wp:attachment":[{"href":"https:\/\/patinexclusivo.com\/index.php\/wp-json\/wp\/v2\/media?parent=1689"}],"wp:term":[{"taxonomy":"product_cat","embeddable":true,"href":"https:\/\/patinexclusivo.com\/index.php\/wp-json\/wp\/v2\/product_cat?post=1689"},{"taxonomy":"product_tag","embeddable":true,"href":"https:\/\/patinexclusivo.com\/index.php\/wp-json\/wp\/v2\/product_tag?post=1689"}],"curies":[{"name":"wp","href":"https:\/\/api.w.org\/{rel}","templated":true}]}}