{"id":1695,"date":"2024-09-19T06:25:45","date_gmt":"2024-09-19T06:25:45","guid":{"rendered":"https:\/\/patinexclusivo.com\/?post_type=product&#038;p=1695"},"modified":"2024-09-19T06:25:46","modified_gmt":"2024-09-19T06:25:46","slug":"fr-skates-neo-1-80-unisex-negro-con-revestimiento-intuition-rn","status":"publish","type":"product","link":"https:\/\/patinexclusivo.com\/index.php\/product\/fr-skates-neo-1-80-unisex-negro-con-revestimiento-intuition-rn\/","title":{"rendered":"FR Skates Neo 1 80 &#8211; Unisex &#8211; Negro con revestimiento Intuition Rn"},"content":{"rendered":"<table class=\"feature-table\">\n<tbody>\n<tr>\n<td><span>Estilo de patinaje:<\/span><\/td>\n<td class=\"feature-table__value\"><span>Urbano \/ Ciudad, Crucero \/ Ocio<\/span><\/td>\n<\/tr>\n<tr>\n<td><span>Tipo de pat\u00edn:<\/span><\/td>\n<td class=\"feature-table__value\"><span>Patines de 4 ruedas con bota dura<\/span><\/td>\n<\/tr>\n<tr>\n<td><span>Material de la bota:<\/span><\/td>\n<td class=\"feature-table__value\"><span>Pl\u00e1stico<\/span><\/td>\n<\/tr>\n<tr>\n<td><span>Cordones:<\/span><\/td>\n<td class=\"feature-table__value\"><span>Est\u00e1ndar<\/span><\/td>\n<\/tr>\n<tr>\n<td><span>Transatl\u00e1ntico:<\/span><\/td>\n<td class=\"feature-table__value\"><span>FR Intuici\u00f3n<\/span><\/td>\n<\/tr>\n<tr>\n<td><span>Almohadilla amortiguadora:<\/span><\/td>\n<td class=\"feature-table__value\"><span>S\u00ed<\/span><\/td>\n<\/tr>\n<tr>\n<td><span>Marca del marco:<\/span><\/td>\n<td class=\"feature-table__value\"><span>Patines FR<\/span><\/td>\n<\/tr>\n<tr>\n<td><span>Montaje del marco:<\/span><\/td>\n<td class=\"feature-table__value\"><span>Cl\u00e1sico (montura 165)<\/span><\/td>\n<\/tr>\n<tr>\n<td><span>Material del marco:<\/span><\/td>\n<td class=\"feature-table__value\"><span>Aluminio<\/span><\/td>\n<\/tr>\n<tr>\n<td><span>Longitud del marco:<\/span><\/td>\n<td class=\"feature-table__value\"><span>243 mm<\/span><\/td>\n<\/tr>\n<tr>\n<td><span>Balanc\u00edn de cuadro:<\/span><\/td>\n<td class=\"feature-table__value\"><span>Ejes oscilantes<\/span><\/td>\n<\/tr>\n<tr>\n<td><span>Ejes:<\/span><\/td>\n<td class=\"feature-table__value\"><span>Eje oscilante de 8 mm, eje de velocidad de 8 mm (un eje que se atornilla a la pared del marco)<\/span><\/td>\n<\/tr>\n<tr>\n<td><span>Marca de la rueda:<\/span><\/td>\n<td class=\"feature-table__value\"><span>Patines FR<\/span><\/td>\n<\/tr>\n<tr>\n<td><span>Tama\u00f1o de la rueda:<\/span><\/td>\n<td class=\"feature-table__value\"><span>80 mm<\/span><\/td>\n<\/tr>\n<tr>\n<td><span>Dureza de la rueda:<\/span><\/td>\n<td class=\"feature-table__value\"><span>85a<\/span><\/td>\n<\/tr>\n<tr>\n<td><span>Perfil de la rueda:<\/span><\/td>\n<td class=\"feature-table__value\"><span>Redondo<\/span><\/td>\n<\/tr>\n<tr>\n<td><span>Marca de rodamientos:<\/span><\/td>\n<td class=\"feature-table__value\"><span>C\u00e1mara doble<\/span><\/td>\n<\/tr>\n<tr>\n<td><span>Clasificaci\u00f3n del rodamiento:<\/span><\/td>\n<td class=\"feature-table__value\"><span>MW9<\/span><\/td>\n<\/tr>\n<\/tbody>\n<\/table>\n<p>Talla 25cm, 27cm, 27.5cm, 28.5cm, 29.5cm<\/p>\n","protected":false},"excerpt":{"rendered":"<p>SOLO SOBRE PEDIDO<\/p>\n<p><span>El FR Skates Neo 1 es el \u00faltimo pat\u00edn de bota dura de primera calidad, que incluye revestimientos Intuition con nueva tecnolog\u00eda de conducci\u00f3n baja que rivaliza con la montura Trinity. Las ruedas de primera calidad y un nuevo marco de aluminio moldeado de calidad aeron\u00e1utica completan un modelo de alto rendimiento. \u00a1<\/span><\/p>\n<p><strong>Consejo sobre talla: \u00a0este pat\u00edn se ajusta al tama\u00f1o real.<\/strong><\/p>\n","protected":false},"featured_media":1696,"comment_status":"open","ping_status":"closed","template":"","meta":{"rop_custom_images_group":[],"rop_custom_messages_group":[],"rop_publish_now":"initial","rop_publish_now_accounts":[],"rop_publish_now_history":[],"rop_publish_now_status":"pending"},"product_cat":[34],"product_tag":[],"class_list":{"0":"post-1695","1":"product","2":"type-product","3":"status-publish","4":"has-post-thumbnail","6":"product_cat-freeskate","7":"post","9":"first","10":"instock","11":"shipping-taxable","12":"purchasable","13":"product-type-simple"},"yoast_head":"<!-- This site is optimized with the Yoast SEO plugin v21.9.1 - https:\/\/yoast.com\/wordpress\/plugins\/seo\/ -->\n<title>FR Skates Neo 1 80 - Unisex - Negro con revestimiento Intuition Rn - Pat\u00edn Exclusivo<\/title>\n<meta name=\"robots\" content=\"index, follow, max-snippet:-1, max-image-preview:large, max-video-preview:-1\" \/>\n<link rel=\"canonical\" href=\"https:\/\/patinexclusivo.com\/index.php\/product\/fr-skates-neo-1-80-unisex-negro-con-revestimiento-intuition-rn\/\" \/>\n<meta property=\"og:locale\" content=\"en_US\" \/>\n<meta property=\"og:type\" content=\"article\" \/>\n<meta property=\"og:title\" content=\"FR Skates Neo 1 80 - Unisex - Negro con revestimiento Intuition Rn - Pat\u00edn Exclusivo\" \/>\n<meta property=\"og:description\" content=\"SOLO SOBRE PEDIDO  El FR Skates Neo 1 es el \u00faltimo pat\u00edn de bota dura de primera calidad, que incluye revestimientos Intuition con nueva tecnolog\u00eda de conducci\u00f3n baja que rivaliza con la montura Trinity. Las ruedas de primera calidad y un nuevo marco de aluminio moldeado de calidad aeron\u00e1utica completan un modelo de alto rendimiento. \u00a1  Consejo sobre talla: \u00a0este pat\u00edn se ajusta al tama\u00f1o real.\" \/>\n<meta property=\"og:url\" content=\"https:\/\/patinexclusivo.com\/index.php\/product\/fr-skates-neo-1-80-unisex-negro-con-revestimiento-intuition-rn\/\" \/>\n<meta property=\"og:site_name\" content=\"Pat\u00edn Exclusivo\" \/>\n<meta property=\"article:modified_time\" content=\"2024-09-19T06:25:46+00:00\" \/>\n<meta property=\"og:image\" content=\"https:\/\/patinexclusivo.com\/wp-content\/uploads\/2024\/09\/FR-NEO-DUAL-1-INTUITION0268.webp\" \/>\n\t<meta property=\"og:image:width\" content=\"1100\" \/>\n\t<meta property=\"og:image:height\" content=\"1100\" \/>\n\t<meta property=\"og:image:type\" content=\"image\/webp\" \/>\n<meta name=\"twitter:card\" content=\"summary_large_image\" \/>\n<meta name=\"twitter:label1\" content=\"Est. reading time\" \/>\n\t<meta name=\"twitter:data1\" content=\"1 minute\" \/>\n<script type=\"application\/ld+json\" class=\"yoast-schema-graph\">{\"@context\":\"https:\/\/schema.org\",\"@graph\":[{\"@type\":\"WebPage\",\"@id\":\"https:\/\/patinexclusivo.com\/index.php\/product\/fr-skates-neo-1-80-unisex-negro-con-revestimiento-intuition-rn\/\",\"url\":\"https:\/\/patinexclusivo.com\/index.php\/product\/fr-skates-neo-1-80-unisex-negro-con-revestimiento-intuition-rn\/\",\"name\":\"FR Skates Neo 1 80 - Unisex - Negro con revestimiento Intuition Rn - Pat\u00edn Exclusivo\",\"isPartOf\":{\"@id\":\"https:\/\/patinexclusivo.com\/#website\"},\"datePublished\":\"2024-09-19T06:25:45+00:00\",\"dateModified\":\"2024-09-19T06:25:46+00:00\",\"breadcrumb\":{\"@id\":\"https:\/\/patinexclusivo.com\/index.php\/product\/fr-skates-neo-1-80-unisex-negro-con-revestimiento-intuition-rn\/#breadcrumb\"},\"inLanguage\":\"en-US\",\"potentialAction\":[{\"@type\":\"ReadAction\",\"target\":[\"https:\/\/patinexclusivo.com\/index.php\/product\/fr-skates-neo-1-80-unisex-negro-con-revestimiento-intuition-rn\/\"]}]},{\"@type\":\"BreadcrumbList\",\"@id\":\"https:\/\/patinexclusivo.com\/index.php\/product\/fr-skates-neo-1-80-unisex-negro-con-revestimiento-intuition-rn\/#breadcrumb\",\"itemListElement\":[{\"@type\":\"ListItem\",\"position\":1,\"name\":\"Inicio\",\"item\":\"https:\/\/patinexclusivo.com\/\"},{\"@type\":\"ListItem\",\"position\":2,\"name\":\"Shop\",\"item\":\"https:\/\/patinexclusivo.com\/index.php\/shop\/\"},{\"@type\":\"ListItem\",\"position\":3,\"name\":\"FR Skates Neo 1 80 &#8211; Unisex &#8211; Negro con revestimiento Intuition Rn\"}]},{\"@type\":\"WebSite\",\"@id\":\"https:\/\/patinexclusivo.com\/#website\",\"url\":\"https:\/\/patinexclusivo.com\/\",\"name\":\"Pat\u00edn Exclusivo\",\"description\":\"\ud83d\udefc Rollers SLP: Tu destino #1 para patines en San Luis Potos\u00ed! Encuentra los mejores estilos y marcas \ud83c\udf1f, consejos de expertos \ud83d\udcda y accesorios para patinaje. \u00a1Vis\u00edtanos y rueda con estilo! \ud83c\udf08\u2728\",\"publisher\":{\"@id\":\"https:\/\/patinexclusivo.com\/#organization\"},\"potentialAction\":[{\"@type\":\"SearchAction\",\"target\":{\"@type\":\"EntryPoint\",\"urlTemplate\":\"https:\/\/patinexclusivo.com\/?s={search_term_string}\"},\"query-input\":\"required name=search_term_string\"}],\"inLanguage\":\"en-US\"},{\"@type\":\"Organization\",\"@id\":\"https:\/\/patinexclusivo.com\/#organization\",\"name\":\"Pat\u00edn Exclusivo\",\"url\":\"https:\/\/patinexclusivo.com\/\",\"logo\":{\"@type\":\"ImageObject\",\"inLanguage\":\"en-US\",\"@id\":\"https:\/\/patinexclusivo.com\/#\/schema\/logo\/image\/\",\"url\":\"https:\/\/patinexclusivo.com\/wp-content\/uploads\/2025\/01\/cropped-cropped-WhatsApp-Image-2025-01-29-at-7.00.40-PM.jpeg\",\"contentUrl\":\"https:\/\/patinexclusivo.com\/wp-content\/uploads\/2025\/01\/cropped-cropped-WhatsApp-Image-2025-01-29-at-7.00.40-PM.jpeg\",\"width\":583,\"height\":568,\"caption\":\"Pat\u00edn Exclusivo\"},\"image\":{\"@id\":\"https:\/\/patinexclusivo.com\/#\/schema\/logo\/image\/\"}}]}<\/script>\n<!-- \/ Yoast SEO plugin. -->","yoast_head_json":{"title":"FR Skates Neo 1 80 - Unisex - Negro con revestimiento Intuition Rn - Pat\u00edn Exclusivo","robots":{"index":"index","follow":"follow","max-snippet":"max-snippet:-1","max-image-preview":"max-image-preview:large","max-video-preview":"max-video-preview:-1"},"canonical":"https:\/\/patinexclusivo.com\/index.php\/product\/fr-skates-neo-1-80-unisex-negro-con-revestimiento-intuition-rn\/","og_locale":"en_US","og_type":"article","og_title":"FR Skates Neo 1 80 - Unisex - Negro con revestimiento Intuition Rn - Pat\u00edn Exclusivo","og_description":"SOLO SOBRE PEDIDO  El FR Skates Neo 1 es el \u00faltimo pat\u00edn de bota dura de primera calidad, que incluye revestimientos Intuition con nueva tecnolog\u00eda de conducci\u00f3n baja que rivaliza con la montura Trinity. Las ruedas de primera calidad y un nuevo marco de aluminio moldeado de calidad aeron\u00e1utica completan un modelo de alto rendimiento. \u00a1  Consejo sobre talla: \u00a0este pat\u00edn se ajusta al tama\u00f1o real.","og_url":"https:\/\/patinexclusivo.com\/index.php\/product\/fr-skates-neo-1-80-unisex-negro-con-revestimiento-intuition-rn\/","og_site_name":"Pat\u00edn Exclusivo","article_modified_time":"2024-09-19T06:25:46+00:00","og_image":[{"width":1100,"height":1100,"url":"https:\/\/patinexclusivo.com\/wp-content\/uploads\/2024\/09\/FR-NEO-DUAL-1-INTUITION0268.webp","type":"image\/webp"}],"twitter_card":"summary_large_image","twitter_misc":{"Est. reading time":"1 minute"},"schema":{"@context":"https:\/\/schema.org","@graph":[{"@type":"WebPage","@id":"https:\/\/patinexclusivo.com\/index.php\/product\/fr-skates-neo-1-80-unisex-negro-con-revestimiento-intuition-rn\/","url":"https:\/\/patinexclusivo.com\/index.php\/product\/fr-skates-neo-1-80-unisex-negro-con-revestimiento-intuition-rn\/","name":"FR Skates Neo 1 80 - Unisex - Negro con revestimiento Intuition Rn - Pat\u00edn Exclusivo","isPartOf":{"@id":"https:\/\/patinexclusivo.com\/#website"},"datePublished":"2024-09-19T06:25:45+00:00","dateModified":"2024-09-19T06:25:46+00:00","breadcrumb":{"@id":"https:\/\/patinexclusivo.com\/index.php\/product\/fr-skates-neo-1-80-unisex-negro-con-revestimiento-intuition-rn\/#breadcrumb"},"inLanguage":"en-US","potentialAction":[{"@type":"ReadAction","target":["https:\/\/patinexclusivo.com\/index.php\/product\/fr-skates-neo-1-80-unisex-negro-con-revestimiento-intuition-rn\/"]}]},{"@type":"BreadcrumbList","@id":"https:\/\/patinexclusivo.com\/index.php\/product\/fr-skates-neo-1-80-unisex-negro-con-revestimiento-intuition-rn\/#breadcrumb","itemListElement":[{"@type":"ListItem","position":1,"name":"Inicio","item":"https:\/\/patinexclusivo.com\/"},{"@type":"ListItem","position":2,"name":"Shop","item":"https:\/\/patinexclusivo.com\/index.php\/shop\/"},{"@type":"ListItem","position":3,"name":"FR Skates Neo 1 80 &#8211; Unisex &#8211; Negro con revestimiento Intuition Rn"}]},{"@type":"WebSite","@id":"https:\/\/patinexclusivo.com\/#website","url":"https:\/\/patinexclusivo.com\/","name":"Pat\u00edn Exclusivo","description":"\ud83d\udefc Rollers SLP: Tu destino #1 para patines en San Luis Potos\u00ed! Encuentra los mejores estilos y marcas \ud83c\udf1f, consejos de expertos \ud83d\udcda y accesorios para patinaje. \u00a1Vis\u00edtanos y rueda con estilo! \ud83c\udf08\u2728","publisher":{"@id":"https:\/\/patinexclusivo.com\/#organization"},"potentialAction":[{"@type":"SearchAction","target":{"@type":"EntryPoint","urlTemplate":"https:\/\/patinexclusivo.com\/?s={search_term_string}"},"query-input":"required name=search_term_string"}],"inLanguage":"en-US"},{"@type":"Organization","@id":"https:\/\/patinexclusivo.com\/#organization","name":"Pat\u00edn Exclusivo","url":"https:\/\/patinexclusivo.com\/","logo":{"@type":"ImageObject","inLanguage":"en-US","@id":"https:\/\/patinexclusivo.com\/#\/schema\/logo\/image\/","url":"https:\/\/patinexclusivo.com\/wp-content\/uploads\/2025\/01\/cropped-cropped-WhatsApp-Image-2025-01-29-at-7.00.40-PM.jpeg","contentUrl":"https:\/\/patinexclusivo.com\/wp-content\/uploads\/2025\/01\/cropped-cropped-WhatsApp-Image-2025-01-29-at-7.00.40-PM.jpeg","width":583,"height":568,"caption":"Pat\u00edn Exclusivo"},"image":{"@id":"https:\/\/patinexclusivo.com\/#\/schema\/logo\/image\/"}}]}},"_links":{"self":[{"href":"https:\/\/patinexclusivo.com\/index.php\/wp-json\/wp\/v2\/product\/1695"}],"collection":[{"href":"https:\/\/patinexclusivo.com\/index.php\/wp-json\/wp\/v2\/product"}],"about":[{"href":"https:\/\/patinexclusivo.com\/index.php\/wp-json\/wp\/v2\/types\/product"}],"replies":[{"embeddable":true,"href":"https:\/\/patinexclusivo.com\/index.php\/wp-json\/wp\/v2\/comments?post=1695"}],"version-history":[{"count":1,"href":"https:\/\/patinexclusivo.com\/index.php\/wp-json\/wp\/v2\/product\/1695\/revisions"}],"predecessor-version":[{"id":1697,"href":"https:\/\/patinexclusivo.com\/index.php\/wp-json\/wp\/v2\/product\/1695\/revisions\/1697"}],"wp:featuredmedia":[{"embeddable":true,"href":"https:\/\/patinexclusivo.com\/index.php\/wp-json\/wp\/v2\/media\/1696"}],"wp:attachment":[{"href":"https:\/\/patinexclusivo.com\/index.php\/wp-json\/wp\/v2\/media?parent=1695"}],"wp:term":[{"taxonomy":"product_cat","embeddable":true,"href":"https:\/\/patinexclusivo.com\/index.php\/wp-json\/wp\/v2\/product_cat?post=1695"},{"taxonomy":"product_tag","embeddable":true,"href":"https:\/\/patinexclusivo.com\/index.php\/wp-json\/wp\/v2\/product_tag?post=1695"}],"curies":[{"name":"wp","href":"https:\/\/api.w.org\/{rel}","templated":true}]}}