{"id":1698,"date":"2024-09-19T18:44:25","date_gmt":"2024-09-19T18:44:25","guid":{"rendered":"https:\/\/patinexclusivo.com\/?post_type=product&#038;p=1698"},"modified":"2024-09-19T18:44:26","modified_gmt":"2024-09-19T18:44:26","slug":"patines-en-linea-flying-eagle-x5d-spectre-unisex-negro-rn","status":"publish","type":"product","link":"https:\/\/patinexclusivo.com\/index.php\/product\/patines-en-linea-flying-eagle-x5d-spectre-unisex-negro-rn\/","title":{"rendered":"Patines en l\u00ednea Flying Eagle X5D Spectre &#8211; Unisex &#8211; Negro Rn"},"content":{"rendered":"<table class=\"feature-table\">\n<tbody>\n<tr>\n<td><span>Estilo de patinaje:<\/span><\/td>\n<td class=\"feature-table__value\"><span>Urbano \/ Ciudad, Mago<\/span><\/td>\n<\/tr>\n<tr>\n<td><span>Tipo de pat\u00edn:<\/span><\/td>\n<td class=\"feature-table__value\"><span>Patines de 4 ruedas, botas r\u00edgidas<\/span><\/td>\n<\/tr>\n<tr>\n<td><span>Material de la bota:<\/span><\/td>\n<td class=\"feature-table__value\"><span>Pl\u00e1stico<\/span><\/td>\n<\/tr>\n<tr>\n<td><span>Cordones:<\/span><\/td>\n<td class=\"feature-table__value\"><span>Est\u00e1ndar<\/span><\/td>\n<\/tr>\n<tr>\n<td><span>Transatl\u00e1ntico:<\/span><\/td>\n<td class=\"feature-table__value\"><span>Existencias<\/span><\/td>\n<\/tr>\n<tr>\n<td><span>Almohadilla amortiguadora:<\/span><\/td>\n<td class=\"feature-table__value\"><span>S\u00ed<\/span><\/td>\n<\/tr>\n<tr>\n<td><span>Marca del marco:<\/span><\/td>\n<td class=\"feature-table__value\"><span>\u00c1guila en vuelo<\/span><\/td>\n<\/tr>\n<tr>\n<td><span>Montaje del marco:<\/span><\/td>\n<td class=\"feature-table__value\"><span>Cl\u00e1sico (montura 165)<\/span><\/td>\n<\/tr>\n<tr>\n<td><span>Material del marco:<\/span><\/td>\n<td class=\"feature-table__value\"><span>Aluminio<\/span><\/td>\n<\/tr>\n<tr>\n<td><span>Longitud del marco:<\/span><\/td>\n<td class=\"feature-table__value\"><span>273 mm<\/span><\/td>\n<\/tr>\n<tr>\n<td><span>Balanc\u00edn de cuadro:<\/span><\/td>\n<td class=\"feature-table__value\"><span>Balanc\u00edn natural<\/span><\/td>\n<\/tr>\n<tr>\n<td><span>Ejes:<\/span><\/td>\n<td class=\"feature-table__value\"><span>Velocidad de 8 mm (un eje que se atornilla a la pared del marco)<\/span><\/td>\n<\/tr>\n<tr>\n<td><span>Marca de la rueda:<\/span><\/td>\n<td class=\"feature-table__value\"><span>\u00c1guila en vuelo<\/span><\/td>\n<\/tr>\n<tr>\n<td><span>Tama\u00f1o de la rueda:<\/span><\/td>\n<td class=\"feature-table__value\"><span>90 mm<\/span><\/td>\n<\/tr>\n<tr>\n<td><span>Dureza de la rueda:<\/span><\/td>\n<td class=\"feature-table__value\"><span>88a<\/span><\/td>\n<\/tr>\n<tr>\n<td><span>Perfil de la rueda:<\/span><\/td>\n<td class=\"feature-table__value\"><span>Redondo<\/span><\/td>\n<\/tr>\n<tr>\n<td><span>Marca de rodamientos:<\/span><\/td>\n<td class=\"feature-table__value\"><span>\u00c1guila en vuelo<\/span><\/td>\n<\/tr>\n<tr>\n<td><span>Clasificaci\u00f3n del rodamiento:<\/span><\/td>\n<td class=\"feature-table__value\"><span>Abec 7<\/span><\/td>\n<\/tr>\n<\/tbody>\n<\/table>\n<p>Talla 23cm, 24cm, 25cm, 25.5cm, 26cm, 27.5cm, 28.2cm, 28.5cm, 29.5cm<\/p>\n","protected":false},"excerpt":{"rendered":"<div class=\"flex-1 overflow-hidden\">\n<div class=\"react-scroll-to-bottom--css-aqszn-79elbk h-full\">\n<div class=\"react-scroll-to-bottom--css-aqszn-1n7m0yu\">\n<div class=\"flex flex-col text-sm gizmo:pb-9 dark:bg-gray-800 gizmo:dark:bg-transparent\">\n<div class=\"group w-full text-token-text-primary border-b border-black\/10 gizmo:border-0 dark:border-gray-900\/50 gizmo:dark:border-0 bg-gray-50 gizmo:bg-transparent dark:bg-[#444654] gizmo:dark:bg-transparent\" data-testid=\"conversation-turn-3\">\n<div class=\"p-4 gizmo:py-2 justify-center text-base md:gap-6 md:py-6 m-auto\">\n<div class=\"flex flex-1 gap-4 text-base mx-auto md:gap-6 gizmo:gap-3 gizmo:md:px-5 gizmo:lg:px-1 gizmo:xl:px-5 md:max-w-2xl lg:max-w-[38rem] gizmo:md:max-w-3xl gizmo:lg:max-w-[40rem] gizmo:xl:max-w-[48rem] xl:max-w-3xl }\">\n<div class=\"relative flex w-[calc(100%-50px)] flex-col gizmo:w-full lg:w-[calc(100%-115px)] agent-turn\">\n<div class=\"flex-col gap-1 md:gap-3\">\n<div class=\"flex flex-grow flex-col gap-3 max-w-full\">\n<div data-message-author-role=\"assistant\" data-message-id=\"9973647d-f46c-4b18-9bf4-0595aaa838c2\" class=\"min-h-[20px] flex flex-col items-start gap-3 whitespace-pre-wrap break-words overflow-x-auto\">\n<div class=\"markdown prose w-full break-words dark:prose-invert light\">\n<p><span>Los patines Flying Eagle X5D Spectre tienen un dise\u00f1o elegante y transparente de carcasa negra que es tan elegante como funcional. Cuando los sacas de la caja, vienen equipados con ruedas 4&#215;90 en un marco con balanc\u00edn natural, \u00a1para una diversi\u00f3n total!<\/span><\/p>\n<p><span>Las botas est\u00e1n hechas de material transl\u00facido, que luce genial e incluye varias entradas de aire para mantener los pies frescos. Est\u00e1n dise\u00f1adas teniendo en cuenta la comodidad y deben ajustarse bien sin importar el tipo de pie, con forros acolchados que se sienten como algunos de los m\u00e1s c\u00f3modos en el rango de precio.<\/span><\/p>\n<p><span>El cuadro Liberty tiene una longitud de 273 mm y est\u00e1 equipado con 4 ruedas de 90 mm, lo que ofrece estabilidad junto con un balanc\u00edn natural similar al de Endless y NN, lo que mejora la maniobrabilidad. El balanc\u00edn est\u00e1 dise\u00f1ado sutilmente, lo que permite a los usuarios girar suavemente desde la tercera rueda hacia atr\u00e1s, lo que hace que las ruedas nuevas parezcan completamente nuevas. Este dise\u00f1o da como resultado una experiencia natural y fluida que permite que un cuadro m\u00e1s largo de lo habitual funcione como si fuera m\u00e1s corto, con un radio de giro m\u00e1s peque\u00f1o. Lo mejor de ambos mundos.<\/span><\/p>\n<p><span>Estos patines est\u00e1n dise\u00f1ados con gran atenci\u00f3n al detalle, incluido un cierre ajustable al mil\u00edmetro con un protector de hebilla. El forro microporoso altamente transpirable tiene una puntera de neopreno para un f\u00e1cil ajuste, con una leng\u00fceta que se siente muy c\u00f3moda.<\/span><\/p>\n<p><span>Las ruedas Spectre de alta gama de 90 mm y 88 A tienen una f\u00f3rmula similar al popular modelo Lazerwheelz, y los rodamientos Abec 7 608RS brindan un rodamiento suave y eficiente.<\/span><\/p>\n<\/div>\n<\/div>\n<\/div>\n<\/div>\n<\/div>\n<\/div>\n<\/div>\n<\/div>\n<\/div>\n<\/div>\n<\/div>\n<\/div>\n<div class=\"tab-content\">\n<div id=\"tab-description\" class=\"tab-pane active\">\n<p><em><strong><span>Consejo sobre la talla:<\/span><\/strong><br \/>\n<strong>estos patines vienen en tallas normales, por lo que normalmente puedes comprar tu talla habitual de calzado<\/strong><\/em><\/p>\n<\/div>\n<\/div>\n","protected":false},"featured_media":1699,"comment_status":"open","ping_status":"closed","template":"","meta":{"rop_custom_images_group":[],"rop_custom_messages_group":[],"rop_publish_now":"initial","rop_publish_now_accounts":[],"rop_publish_now_history":[],"rop_publish_now_status":"pending"},"product_cat":[34],"product_tag":[],"class_list":{"0":"post-1698","1":"product","2":"type-product","3":"status-publish","4":"has-post-thumbnail","6":"product_cat-freeskate","7":"post","9":"first","10":"instock","11":"shipping-taxable","12":"purchasable","13":"product-type-simple"},"yoast_head":"<!-- This site is optimized with the Yoast SEO plugin v21.9.1 - https:\/\/yoast.com\/wordpress\/plugins\/seo\/ -->\n<title>Patines en l\u00ednea Flying Eagle X5D Spectre - Unisex - Negro Rn - Pat\u00edn Exclusivo<\/title>\n<meta name=\"robots\" content=\"index, follow, max-snippet:-1, max-image-preview:large, max-video-preview:-1\" \/>\n<link rel=\"canonical\" href=\"https:\/\/patinexclusivo.com\/index.php\/product\/patines-en-linea-flying-eagle-x5d-spectre-unisex-negro-rn\/\" \/>\n<meta property=\"og:locale\" content=\"en_US\" \/>\n<meta property=\"og:type\" content=\"article\" \/>\n<meta property=\"og:title\" content=\"Patines en l\u00ednea Flying Eagle X5D Spectre - Unisex - Negro Rn - Pat\u00edn Exclusivo\" \/>\n<meta property=\"og:description\" content=\"Los patines Flying Eagle X5D Spectre tienen un dise\u00f1o elegante y transparente de carcasa negra que es tan elegante como funcional. Cuando los sacas de la caja, vienen equipados con ruedas 4x90 en un marco con balanc\u00edn natural, \u00a1para una diversi\u00f3n total!  Las botas est\u00e1n hechas de material transl\u00facido, que luce genial e incluye varias entradas de aire para mantener los pies frescos. Est\u00e1n dise\u00f1adas teniendo en cuenta la comodidad y deben ajustarse bien sin importar el tipo de pie, con forros acolchados que se sienten como algunos de los m\u00e1s c\u00f3modos en el rango de precio.  El cuadro Liberty tiene una longitud de 273 mm y est\u00e1 equipado con 4 ruedas de 90 mm, lo que ofrece estabilidad junto con un balanc\u00edn natural similar al de Endless y NN, lo que mejora la maniobrabilidad. El balanc\u00edn est\u00e1 dise\u00f1ado sutilmente, lo que permite a los usuarios girar suavemente desde la tercera rueda hacia atr\u00e1s, lo que hace que las ruedas nuevas parezcan completamente nuevas. Este dise\u00f1o da como resultado una experiencia natural y fluida que permite que un cuadro m\u00e1s largo de lo habitual funcione como si fuera m\u00e1s corto, con un radio de giro m\u00e1s peque\u00f1o. Lo mejor de ambos mundos.  Estos patines est\u00e1n dise\u00f1ados con gran atenci\u00f3n al detalle, incluido un cierre ajustable al mil\u00edmetro con un protector de hebilla. El forro microporoso altamente transpirable tiene una puntera de neopreno para un f\u00e1cil ajuste, con una leng\u00fceta que se siente muy c\u00f3moda.  Las ruedas Spectre de alta gama de 90 mm y 88 A tienen una f\u00f3rmula similar al popular modelo Lazerwheelz, y los rodamientos Abec 7 608RS brindan un rodamiento suave y eficiente.                 Consejo sobre la talla: estos patines vienen en tallas normales, por lo que normalmente puedes comprar tu talla habitual de calzado\" \/>\n<meta property=\"og:url\" content=\"https:\/\/patinexclusivo.com\/index.php\/product\/patines-en-linea-flying-eagle-x5d-spectre-unisex-negro-rn\/\" \/>\n<meta property=\"og:site_name\" content=\"Pat\u00edn Exclusivo\" \/>\n<meta property=\"article:modified_time\" content=\"2024-09-19T18:44:26+00:00\" \/>\n<meta property=\"og:image\" content=\"https:\/\/patinexclusivo.com\/wp-content\/uploads\/2024\/09\/Flying-Eagle-X5D-Spectre-Skates-Black2.webp\" \/>\n\t<meta property=\"og:image:width\" content=\"1100\" \/>\n\t<meta property=\"og:image:height\" content=\"1100\" \/>\n\t<meta property=\"og:image:type\" content=\"image\/webp\" \/>\n<meta name=\"twitter:card\" content=\"summary_large_image\" \/>\n<meta name=\"twitter:label1\" content=\"Est. reading time\" \/>\n\t<meta name=\"twitter:data1\" content=\"1 minute\" \/>\n<script type=\"application\/ld+json\" class=\"yoast-schema-graph\">{\"@context\":\"https:\/\/schema.org\",\"@graph\":[{\"@type\":\"WebPage\",\"@id\":\"https:\/\/patinexclusivo.com\/index.php\/product\/patines-en-linea-flying-eagle-x5d-spectre-unisex-negro-rn\/\",\"url\":\"https:\/\/patinexclusivo.com\/index.php\/product\/patines-en-linea-flying-eagle-x5d-spectre-unisex-negro-rn\/\",\"name\":\"Patines en l\u00ednea Flying Eagle X5D Spectre - Unisex - Negro Rn - Pat\u00edn Exclusivo\",\"isPartOf\":{\"@id\":\"https:\/\/patinexclusivo.com\/#website\"},\"datePublished\":\"2024-09-19T18:44:25+00:00\",\"dateModified\":\"2024-09-19T18:44:26+00:00\",\"breadcrumb\":{\"@id\":\"https:\/\/patinexclusivo.com\/index.php\/product\/patines-en-linea-flying-eagle-x5d-spectre-unisex-negro-rn\/#breadcrumb\"},\"inLanguage\":\"en-US\",\"potentialAction\":[{\"@type\":\"ReadAction\",\"target\":[\"https:\/\/patinexclusivo.com\/index.php\/product\/patines-en-linea-flying-eagle-x5d-spectre-unisex-negro-rn\/\"]}]},{\"@type\":\"BreadcrumbList\",\"@id\":\"https:\/\/patinexclusivo.com\/index.php\/product\/patines-en-linea-flying-eagle-x5d-spectre-unisex-negro-rn\/#breadcrumb\",\"itemListElement\":[{\"@type\":\"ListItem\",\"position\":1,\"name\":\"Inicio\",\"item\":\"https:\/\/patinexclusivo.com\/\"},{\"@type\":\"ListItem\",\"position\":2,\"name\":\"Shop\",\"item\":\"https:\/\/patinexclusivo.com\/index.php\/shop\/\"},{\"@type\":\"ListItem\",\"position\":3,\"name\":\"Patines en l\u00ednea Flying Eagle X5D Spectre &#8211; Unisex &#8211; Negro Rn\"}]},{\"@type\":\"WebSite\",\"@id\":\"https:\/\/patinexclusivo.com\/#website\",\"url\":\"https:\/\/patinexclusivo.com\/\",\"name\":\"Pat\u00edn Exclusivo\",\"description\":\"\ud83d\udefc Rollers SLP: Tu destino #1 para patines en San Luis Potos\u00ed! Encuentra los mejores estilos y marcas \ud83c\udf1f, consejos de expertos \ud83d\udcda y accesorios para patinaje. \u00a1Vis\u00edtanos y rueda con estilo! \ud83c\udf08\u2728\",\"publisher\":{\"@id\":\"https:\/\/patinexclusivo.com\/#organization\"},\"potentialAction\":[{\"@type\":\"SearchAction\",\"target\":{\"@type\":\"EntryPoint\",\"urlTemplate\":\"https:\/\/patinexclusivo.com\/?s={search_term_string}\"},\"query-input\":\"required name=search_term_string\"}],\"inLanguage\":\"en-US\"},{\"@type\":\"Organization\",\"@id\":\"https:\/\/patinexclusivo.com\/#organization\",\"name\":\"Pat\u00edn Exclusivo\",\"url\":\"https:\/\/patinexclusivo.com\/\",\"logo\":{\"@type\":\"ImageObject\",\"inLanguage\":\"en-US\",\"@id\":\"https:\/\/patinexclusivo.com\/#\/schema\/logo\/image\/\",\"url\":\"https:\/\/patinexclusivo.com\/wp-content\/uploads\/2025\/01\/cropped-cropped-WhatsApp-Image-2025-01-29-at-7.00.40-PM.jpeg\",\"contentUrl\":\"https:\/\/patinexclusivo.com\/wp-content\/uploads\/2025\/01\/cropped-cropped-WhatsApp-Image-2025-01-29-at-7.00.40-PM.jpeg\",\"width\":583,\"height\":568,\"caption\":\"Pat\u00edn Exclusivo\"},\"image\":{\"@id\":\"https:\/\/patinexclusivo.com\/#\/schema\/logo\/image\/\"}}]}<\/script>\n<!-- \/ Yoast SEO plugin. -->","yoast_head_json":{"title":"Patines en l\u00ednea Flying Eagle X5D Spectre - Unisex - Negro Rn - Pat\u00edn Exclusivo","robots":{"index":"index","follow":"follow","max-snippet":"max-snippet:-1","max-image-preview":"max-image-preview:large","max-video-preview":"max-video-preview:-1"},"canonical":"https:\/\/patinexclusivo.com\/index.php\/product\/patines-en-linea-flying-eagle-x5d-spectre-unisex-negro-rn\/","og_locale":"en_US","og_type":"article","og_title":"Patines en l\u00ednea Flying Eagle X5D Spectre - Unisex - Negro Rn - Pat\u00edn Exclusivo","og_description":"Los patines Flying Eagle X5D Spectre tienen un dise\u00f1o elegante y transparente de carcasa negra que es tan elegante como funcional. Cuando los sacas de la caja, vienen equipados con ruedas 4x90 en un marco con balanc\u00edn natural, \u00a1para una diversi\u00f3n total!  Las botas est\u00e1n hechas de material transl\u00facido, que luce genial e incluye varias entradas de aire para mantener los pies frescos. Est\u00e1n dise\u00f1adas teniendo en cuenta la comodidad y deben ajustarse bien sin importar el tipo de pie, con forros acolchados que se sienten como algunos de los m\u00e1s c\u00f3modos en el rango de precio.  El cuadro Liberty tiene una longitud de 273 mm y est\u00e1 equipado con 4 ruedas de 90 mm, lo que ofrece estabilidad junto con un balanc\u00edn natural similar al de Endless y NN, lo que mejora la maniobrabilidad. El balanc\u00edn est\u00e1 dise\u00f1ado sutilmente, lo que permite a los usuarios girar suavemente desde la tercera rueda hacia atr\u00e1s, lo que hace que las ruedas nuevas parezcan completamente nuevas. Este dise\u00f1o da como resultado una experiencia natural y fluida que permite que un cuadro m\u00e1s largo de lo habitual funcione como si fuera m\u00e1s corto, con un radio de giro m\u00e1s peque\u00f1o. Lo mejor de ambos mundos.  Estos patines est\u00e1n dise\u00f1ados con gran atenci\u00f3n al detalle, incluido un cierre ajustable al mil\u00edmetro con un protector de hebilla. El forro microporoso altamente transpirable tiene una puntera de neopreno para un f\u00e1cil ajuste, con una leng\u00fceta que se siente muy c\u00f3moda.  Las ruedas Spectre de alta gama de 90 mm y 88 A tienen una f\u00f3rmula similar al popular modelo Lazerwheelz, y los rodamientos Abec 7 608RS brindan un rodamiento suave y eficiente.                 Consejo sobre la talla: estos patines vienen en tallas normales, por lo que normalmente puedes comprar tu talla habitual de calzado","og_url":"https:\/\/patinexclusivo.com\/index.php\/product\/patines-en-linea-flying-eagle-x5d-spectre-unisex-negro-rn\/","og_site_name":"Pat\u00edn Exclusivo","article_modified_time":"2024-09-19T18:44:26+00:00","og_image":[{"width":1100,"height":1100,"url":"https:\/\/patinexclusivo.com\/wp-content\/uploads\/2024\/09\/Flying-Eagle-X5D-Spectre-Skates-Black2.webp","type":"image\/webp"}],"twitter_card":"summary_large_image","twitter_misc":{"Est. reading time":"1 minute"},"schema":{"@context":"https:\/\/schema.org","@graph":[{"@type":"WebPage","@id":"https:\/\/patinexclusivo.com\/index.php\/product\/patines-en-linea-flying-eagle-x5d-spectre-unisex-negro-rn\/","url":"https:\/\/patinexclusivo.com\/index.php\/product\/patines-en-linea-flying-eagle-x5d-spectre-unisex-negro-rn\/","name":"Patines en l\u00ednea Flying Eagle X5D Spectre - Unisex - Negro Rn - Pat\u00edn Exclusivo","isPartOf":{"@id":"https:\/\/patinexclusivo.com\/#website"},"datePublished":"2024-09-19T18:44:25+00:00","dateModified":"2024-09-19T18:44:26+00:00","breadcrumb":{"@id":"https:\/\/patinexclusivo.com\/index.php\/product\/patines-en-linea-flying-eagle-x5d-spectre-unisex-negro-rn\/#breadcrumb"},"inLanguage":"en-US","potentialAction":[{"@type":"ReadAction","target":["https:\/\/patinexclusivo.com\/index.php\/product\/patines-en-linea-flying-eagle-x5d-spectre-unisex-negro-rn\/"]}]},{"@type":"BreadcrumbList","@id":"https:\/\/patinexclusivo.com\/index.php\/product\/patines-en-linea-flying-eagle-x5d-spectre-unisex-negro-rn\/#breadcrumb","itemListElement":[{"@type":"ListItem","position":1,"name":"Inicio","item":"https:\/\/patinexclusivo.com\/"},{"@type":"ListItem","position":2,"name":"Shop","item":"https:\/\/patinexclusivo.com\/index.php\/shop\/"},{"@type":"ListItem","position":3,"name":"Patines en l\u00ednea Flying Eagle X5D Spectre &#8211; Unisex &#8211; Negro Rn"}]},{"@type":"WebSite","@id":"https:\/\/patinexclusivo.com\/#website","url":"https:\/\/patinexclusivo.com\/","name":"Pat\u00edn Exclusivo","description":"\ud83d\udefc Rollers SLP: Tu destino #1 para patines en San Luis Potos\u00ed! Encuentra los mejores estilos y marcas \ud83c\udf1f, consejos de expertos \ud83d\udcda y accesorios para patinaje. \u00a1Vis\u00edtanos y rueda con estilo! \ud83c\udf08\u2728","publisher":{"@id":"https:\/\/patinexclusivo.com\/#organization"},"potentialAction":[{"@type":"SearchAction","target":{"@type":"EntryPoint","urlTemplate":"https:\/\/patinexclusivo.com\/?s={search_term_string}"},"query-input":"required name=search_term_string"}],"inLanguage":"en-US"},{"@type":"Organization","@id":"https:\/\/patinexclusivo.com\/#organization","name":"Pat\u00edn Exclusivo","url":"https:\/\/patinexclusivo.com\/","logo":{"@type":"ImageObject","inLanguage":"en-US","@id":"https:\/\/patinexclusivo.com\/#\/schema\/logo\/image\/","url":"https:\/\/patinexclusivo.com\/wp-content\/uploads\/2025\/01\/cropped-cropped-WhatsApp-Image-2025-01-29-at-7.00.40-PM.jpeg","contentUrl":"https:\/\/patinexclusivo.com\/wp-content\/uploads\/2025\/01\/cropped-cropped-WhatsApp-Image-2025-01-29-at-7.00.40-PM.jpeg","width":583,"height":568,"caption":"Pat\u00edn Exclusivo"},"image":{"@id":"https:\/\/patinexclusivo.com\/#\/schema\/logo\/image\/"}}]}},"_links":{"self":[{"href":"https:\/\/patinexclusivo.com\/index.php\/wp-json\/wp\/v2\/product\/1698"}],"collection":[{"href":"https:\/\/patinexclusivo.com\/index.php\/wp-json\/wp\/v2\/product"}],"about":[{"href":"https:\/\/patinexclusivo.com\/index.php\/wp-json\/wp\/v2\/types\/product"}],"replies":[{"embeddable":true,"href":"https:\/\/patinexclusivo.com\/index.php\/wp-json\/wp\/v2\/comments?post=1698"}],"version-history":[{"count":1,"href":"https:\/\/patinexclusivo.com\/index.php\/wp-json\/wp\/v2\/product\/1698\/revisions"}],"predecessor-version":[{"id":1700,"href":"https:\/\/patinexclusivo.com\/index.php\/wp-json\/wp\/v2\/product\/1698\/revisions\/1700"}],"wp:featuredmedia":[{"embeddable":true,"href":"https:\/\/patinexclusivo.com\/index.php\/wp-json\/wp\/v2\/media\/1699"}],"wp:attachment":[{"href":"https:\/\/patinexclusivo.com\/index.php\/wp-json\/wp\/v2\/media?parent=1698"}],"wp:term":[{"taxonomy":"product_cat","embeddable":true,"href":"https:\/\/patinexclusivo.com\/index.php\/wp-json\/wp\/v2\/product_cat?post=1698"},{"taxonomy":"product_tag","embeddable":true,"href":"https:\/\/patinexclusivo.com\/index.php\/wp-json\/wp\/v2\/product_tag?post=1698"}],"curies":[{"name":"wp","href":"https:\/\/api.w.org\/{rel}","templated":true}]}}