{"id":1707,"date":"2024-09-19T19:16:51","date_gmt":"2024-09-19T19:16:51","guid":{"rendered":"https:\/\/patinexclusivo.com\/?post_type=product&#038;p=1707"},"modified":"2024-09-19T19:16:52","modified_gmt":"2024-09-19T19:16:52","slug":"patines-en-linea-powerslide-swell-110-triple-black-unisex-rn","status":"publish","type":"product","link":"https:\/\/patinexclusivo.com\/index.php\/product\/patines-en-linea-powerslide-swell-110-triple-black-unisex-rn\/","title":{"rendered":"Patines en l\u00ednea Powerslide Swell 110 Triple Black &#8211; Unisex Rn"},"content":{"rendered":"<table class=\"feature-table\">\n<tbody>\n<tr>\n<td><span>Estilo de patinaje:<\/span><\/td>\n<td class=\"feature-table__value\"><span>Cruceros \/ Ocio, Fitness, Larga distancia<\/span><\/td>\n<\/tr>\n<tr>\n<td><span>Tipo de pat\u00edn:<\/span><\/td>\n<td class=\"feature-table__value\"><span>Patines de 3 ruedas, bota blanda<\/span><\/td>\n<\/tr>\n<tr>\n<td><span>Material de la bota:<\/span><\/td>\n<td class=\"feature-table__value\"><span>Parte superior textil<\/span><\/td>\n<\/tr>\n<tr>\n<td><span>Cordones:<\/span><\/td>\n<td class=\"feature-table__value\"><span>Est\u00e1ndar<\/span><\/td>\n<\/tr>\n<tr>\n<td><span>Transatl\u00e1ntico:<\/span><\/td>\n<td class=\"feature-table__value\"><span>Integrado<\/span><\/td>\n<\/tr>\n<tr>\n<td><span>Almohadilla amortiguadora:<\/span><\/td>\n<td class=\"feature-table__value\"><span>No<\/span><\/td>\n<\/tr>\n<tr>\n<td><span>Marca del marco:<\/span><\/td>\n<td class=\"feature-table__value\"><span>Deslizamiento de potencia<\/span><\/td>\n<\/tr>\n<tr>\n<td><span>Montaje del marco:<\/span><\/td>\n<td class=\"feature-table__value\"><span>Trinidad<\/span><\/td>\n<\/tr>\n<tr>\n<td><span>Material del marco:<\/span><\/td>\n<td class=\"feature-table__value\"><span>Aluminio<\/span><\/td>\n<\/tr>\n<tr>\n<td><span>Longitud del marco:<\/span><\/td>\n<td class=\"feature-table__value\"><span>243 mm, 270 mm<\/span><\/td>\n<\/tr>\n<tr>\n<td><span>Balanc\u00edn de cuadro:<\/span><\/td>\n<td class=\"feature-table__value\"><span>Plano (sin balanc\u00edn)<\/span><\/td>\n<\/tr>\n<tr>\n<td><span>Ejes:<\/span><\/td>\n<td class=\"feature-table__value\"><span>Velocidad de 8 mm (un eje que se atornilla a la pared del marco)<\/span><\/td>\n<\/tr>\n<tr>\n<td><span>Marca de la rueda:<\/span><\/td>\n<td class=\"feature-table__value\"><span>Deslizamiento de potencia<\/span><\/td>\n<\/tr>\n<tr>\n<td><span>Tama\u00f1o de la rueda:<\/span><\/td>\n<td class=\"feature-table__value\"><span>110 mm<\/span><\/td>\n<\/tr>\n<tr>\n<td><span>Dureza de la rueda:<\/span><\/td>\n<td class=\"feature-table__value\"><span>86a<\/span><\/td>\n<\/tr>\n<tr>\n<td><span>Perfil de la rueda:<\/span><\/td>\n<td class=\"feature-table__value\"><span>Redondo<\/span><\/td>\n<\/tr>\n<tr>\n<td><span>Marca de rodamientos:<\/span><\/td>\n<td class=\"feature-table__value\"><span>Malvado<\/span><\/td>\n<\/tr>\n<tr>\n<td><span>Clasificaci\u00f3n del rodamiento:<\/span><\/td>\n<td class=\"feature-table__value\"><span>Abec 7<\/span><\/td>\n<\/tr>\n<\/tbody>\n<\/table>\n<p>Talla 24cm, 25cm, 25.5cm, 26cm, 27cm, 27.5cm, 28cm, 28.5cm, 29.5cm<\/p>\n","protected":false},"excerpt":{"rendered":"<p>SOLO SOBRE PEDIDO<\/p>\n<p><span>El Powerslide SWELL Triple Black 110 puede hacer que tu patinaje sea m\u00e1s discreto. Su elegante silueta es cl\u00e1sica y elegante. Powerslide no solo ha redise\u00f1ado la carcasa, sino que tambi\u00e9n ha a\u00f1adido puntos de flexi\u00f3n, una ca\u00f1a m\u00e1s delgada y espuma viscoel\u00e1stica MyFit Recall para convertirlo en el mejor pat\u00edn Swell hasta el momento.<\/span><\/p>\n<p><strong><span>\u00bfQu\u00e9 ha cambiado realmente con la concha?<\/span><\/strong><\/p>\n<p><span>Aparte de tener una forma ligeramente modificada, lo principal que hay que tener en cuenta es que la conversi\u00f3n de tallas de la UE a la del Reino Unido ha cambiado con respecto a las versiones anteriores de los patines Swell. Esta nueva tabla de tallas refleja la talla del Reino Unido con mucha m\u00e1s precisi\u00f3n, por lo que si tienes una talla UK6, la mejor talla para comprar ser\u00eda la UK6. Tambi\u00e9n puedes comprar en funci\u00f3n de tu punto Mondo (medida en cm), que se detalla a continuaci\u00f3n.<\/span><\/p>\n<p><strong><span>\u00bfQu\u00e9 m\u00e1s puedes esperar de los patines Powerslide Swell 110 Triple Black?<\/span><\/strong><\/p>\n<p><span>Fabricado con una malla superior transpirable y refuerzos soldados de TPU para reducir el volumen de la bota, el pat\u00edn es ligero y compacto. Por supuesto, est\u00e1 equipado con el sistema de montaje TRINITY, que baja el centro de gravedad, reduce las vibraciones y facilita un mayor rendimiento en la zancada y el impulso. Las ruedas Swell y los rodamientos Wicked Abec 7 son suaves, con buen agarre y respuesta.<\/span><\/p>\n<div class=\"overview_field\">\n<div class=\"field_title overview_boot\"><strong><span>Descripci\u00f3n general del arranque<\/span><\/strong><\/div>\n<div class=\"field_content color_dark_gray_v2\"><span>Bota de material compuesto h\u00edbrido; horma manual; montaje de 3 puntos TRINITY X; bot\u00edn incorporado con ajuste de memoria Recall; carcasa MYFIT moldeable por calor con resistencia a 90 \u00b0C<\/span><\/div>\n<div><strong><span>Consejo de tama\u00f1o<\/span><\/strong><em><br \/>\n<\/em><span>Estos son de tama\u00f1o regular, por lo que normalmente puedes comprar tu talla de calzado habitual.<\/span><\/div>\n<\/div>\n","protected":false},"featured_media":1708,"comment_status":"open","ping_status":"closed","template":"","meta":{"rop_custom_images_group":[],"rop_custom_messages_group":[],"rop_publish_now":"initial","rop_publish_now_accounts":[],"rop_publish_now_history":[],"rop_publish_now_status":"pending"},"product_cat":[34],"product_tag":[],"class_list":{"0":"post-1707","1":"product","2":"type-product","3":"status-publish","4":"has-post-thumbnail","6":"product_cat-freeskate","7":"post","9":"first","10":"instock","11":"shipping-taxable","12":"purchasable","13":"product-type-simple"},"yoast_head":"<!-- This site is optimized with the Yoast SEO plugin v21.9.1 - https:\/\/yoast.com\/wordpress\/plugins\/seo\/ -->\n<title>Patines en l\u00ednea Powerslide Swell 110 Triple Black - Unisex Rn - Pat\u00edn Exclusivo<\/title>\n<meta name=\"robots\" content=\"index, follow, max-snippet:-1, max-image-preview:large, max-video-preview:-1\" \/>\n<link rel=\"canonical\" href=\"https:\/\/patinexclusivo.com\/index.php\/product\/patines-en-linea-powerslide-swell-110-triple-black-unisex-rn\/\" \/>\n<meta property=\"og:locale\" content=\"en_US\" \/>\n<meta property=\"og:type\" content=\"article\" \/>\n<meta property=\"og:title\" content=\"Patines en l\u00ednea Powerslide Swell 110 Triple Black - Unisex Rn - Pat\u00edn Exclusivo\" \/>\n<meta property=\"og:description\" content=\"SOLO SOBRE PEDIDO  El Powerslide SWELL Triple Black 110 puede hacer que tu patinaje sea m\u00e1s discreto. Su elegante silueta es cl\u00e1sica y elegante. Powerslide no solo ha redise\u00f1ado la carcasa, sino que tambi\u00e9n ha a\u00f1adido puntos de flexi\u00f3n, una ca\u00f1a m\u00e1s delgada y espuma viscoel\u00e1stica MyFit Recall para convertirlo en el mejor pat\u00edn Swell hasta el momento.  \u00bfQu\u00e9 ha cambiado realmente con la concha?  Aparte de tener una forma ligeramente modificada, lo principal que hay que tener en cuenta es que la conversi\u00f3n de tallas de la UE a la del Reino Unido ha cambiado con respecto a las versiones anteriores de los patines Swell. Esta nueva tabla de tallas refleja la talla del Reino Unido con mucha m\u00e1s precisi\u00f3n, por lo que si tienes una talla UK6, la mejor talla para comprar ser\u00eda la UK6. Tambi\u00e9n puedes comprar en funci\u00f3n de tu punto Mondo (medida en cm), que se detalla a continuaci\u00f3n.  \u00bfQu\u00e9 m\u00e1s puedes esperar de los patines Powerslide Swell 110 Triple Black?  Fabricado con una malla superior transpirable y refuerzos soldados de TPU para reducir el volumen de la bota, el pat\u00edn es ligero y compacto. Por supuesto, est\u00e1 equipado con el sistema de montaje TRINITY, que baja el centro de gravedad, reduce las vibraciones y facilita un mayor rendimiento en la zancada y el impulso. Las ruedas Swell y los rodamientos Wicked Abec 7 son suaves, con buen agarre y respuesta.  Descripci\u00f3n general del arranque Bota de material compuesto h\u00edbrido; horma manual; montaje de 3 puntos TRINITY X; bot\u00edn incorporado con ajuste de memoria Recall; carcasa MYFIT moldeable por calor con resistencia a 90 \u00b0C Consejo de tama\u00f1o Estos son de tama\u00f1o regular, por lo que normalmente puedes comprar tu talla de calzado habitual.\" \/>\n<meta property=\"og:url\" content=\"https:\/\/patinexclusivo.com\/index.php\/product\/patines-en-linea-powerslide-swell-110-triple-black-unisex-rn\/\" \/>\n<meta property=\"og:site_name\" content=\"Pat\u00edn Exclusivo\" \/>\n<meta property=\"article:modified_time\" content=\"2024-09-19T19:16:52+00:00\" \/>\n<meta property=\"og:image\" content=\"https:\/\/patinexclusivo.com\/wp-content\/uploads\/2024\/09\/PS-SWELL-TRIPLE-BLACK.webp\" \/>\n\t<meta property=\"og:image:width\" content=\"823\" \/>\n\t<meta property=\"og:image:height\" content=\"823\" \/>\n\t<meta property=\"og:image:type\" content=\"image\/webp\" \/>\n<meta name=\"twitter:card\" content=\"summary_large_image\" \/>\n<meta name=\"twitter:label1\" content=\"Est. reading time\" \/>\n\t<meta name=\"twitter:data1\" content=\"1 minute\" \/>\n<script type=\"application\/ld+json\" class=\"yoast-schema-graph\">{\"@context\":\"https:\/\/schema.org\",\"@graph\":[{\"@type\":\"WebPage\",\"@id\":\"https:\/\/patinexclusivo.com\/index.php\/product\/patines-en-linea-powerslide-swell-110-triple-black-unisex-rn\/\",\"url\":\"https:\/\/patinexclusivo.com\/index.php\/product\/patines-en-linea-powerslide-swell-110-triple-black-unisex-rn\/\",\"name\":\"Patines en l\u00ednea Powerslide Swell 110 Triple Black - Unisex Rn - Pat\u00edn Exclusivo\",\"isPartOf\":{\"@id\":\"https:\/\/patinexclusivo.com\/#website\"},\"datePublished\":\"2024-09-19T19:16:51+00:00\",\"dateModified\":\"2024-09-19T19:16:52+00:00\",\"breadcrumb\":{\"@id\":\"https:\/\/patinexclusivo.com\/index.php\/product\/patines-en-linea-powerslide-swell-110-triple-black-unisex-rn\/#breadcrumb\"},\"inLanguage\":\"en-US\",\"potentialAction\":[{\"@type\":\"ReadAction\",\"target\":[\"https:\/\/patinexclusivo.com\/index.php\/product\/patines-en-linea-powerslide-swell-110-triple-black-unisex-rn\/\"]}]},{\"@type\":\"BreadcrumbList\",\"@id\":\"https:\/\/patinexclusivo.com\/index.php\/product\/patines-en-linea-powerslide-swell-110-triple-black-unisex-rn\/#breadcrumb\",\"itemListElement\":[{\"@type\":\"ListItem\",\"position\":1,\"name\":\"Inicio\",\"item\":\"https:\/\/patinexclusivo.com\/\"},{\"@type\":\"ListItem\",\"position\":2,\"name\":\"Shop\",\"item\":\"https:\/\/patinexclusivo.com\/index.php\/shop\/\"},{\"@type\":\"ListItem\",\"position\":3,\"name\":\"Patines en l\u00ednea Powerslide Swell 110 Triple Black &#8211; Unisex Rn\"}]},{\"@type\":\"WebSite\",\"@id\":\"https:\/\/patinexclusivo.com\/#website\",\"url\":\"https:\/\/patinexclusivo.com\/\",\"name\":\"Pat\u00edn Exclusivo\",\"description\":\"\ud83d\udefc Rollers SLP: Tu destino #1 para patines en San Luis Potos\u00ed! Encuentra los mejores estilos y marcas \ud83c\udf1f, consejos de expertos \ud83d\udcda y accesorios para patinaje. \u00a1Vis\u00edtanos y rueda con estilo! \ud83c\udf08\u2728\",\"publisher\":{\"@id\":\"https:\/\/patinexclusivo.com\/#organization\"},\"potentialAction\":[{\"@type\":\"SearchAction\",\"target\":{\"@type\":\"EntryPoint\",\"urlTemplate\":\"https:\/\/patinexclusivo.com\/?s={search_term_string}\"},\"query-input\":\"required name=search_term_string\"}],\"inLanguage\":\"en-US\"},{\"@type\":\"Organization\",\"@id\":\"https:\/\/patinexclusivo.com\/#organization\",\"name\":\"Pat\u00edn Exclusivo\",\"url\":\"https:\/\/patinexclusivo.com\/\",\"logo\":{\"@type\":\"ImageObject\",\"inLanguage\":\"en-US\",\"@id\":\"https:\/\/patinexclusivo.com\/#\/schema\/logo\/image\/\",\"url\":\"https:\/\/patinexclusivo.com\/wp-content\/uploads\/2025\/01\/cropped-cropped-WhatsApp-Image-2025-01-29-at-7.00.40-PM.jpeg\",\"contentUrl\":\"https:\/\/patinexclusivo.com\/wp-content\/uploads\/2025\/01\/cropped-cropped-WhatsApp-Image-2025-01-29-at-7.00.40-PM.jpeg\",\"width\":583,\"height\":568,\"caption\":\"Pat\u00edn Exclusivo\"},\"image\":{\"@id\":\"https:\/\/patinexclusivo.com\/#\/schema\/logo\/image\/\"}}]}<\/script>\n<!-- \/ Yoast SEO plugin. -->","yoast_head_json":{"title":"Patines en l\u00ednea Powerslide Swell 110 Triple Black - Unisex Rn - Pat\u00edn Exclusivo","robots":{"index":"index","follow":"follow","max-snippet":"max-snippet:-1","max-image-preview":"max-image-preview:large","max-video-preview":"max-video-preview:-1"},"canonical":"https:\/\/patinexclusivo.com\/index.php\/product\/patines-en-linea-powerslide-swell-110-triple-black-unisex-rn\/","og_locale":"en_US","og_type":"article","og_title":"Patines en l\u00ednea Powerslide Swell 110 Triple Black - Unisex Rn - Pat\u00edn Exclusivo","og_description":"SOLO SOBRE PEDIDO  El Powerslide SWELL Triple Black 110 puede hacer que tu patinaje sea m\u00e1s discreto. Su elegante silueta es cl\u00e1sica y elegante. Powerslide no solo ha redise\u00f1ado la carcasa, sino que tambi\u00e9n ha a\u00f1adido puntos de flexi\u00f3n, una ca\u00f1a m\u00e1s delgada y espuma viscoel\u00e1stica MyFit Recall para convertirlo en el mejor pat\u00edn Swell hasta el momento.  \u00bfQu\u00e9 ha cambiado realmente con la concha?  Aparte de tener una forma ligeramente modificada, lo principal que hay que tener en cuenta es que la conversi\u00f3n de tallas de la UE a la del Reino Unido ha cambiado con respecto a las versiones anteriores de los patines Swell. Esta nueva tabla de tallas refleja la talla del Reino Unido con mucha m\u00e1s precisi\u00f3n, por lo que si tienes una talla UK6, la mejor talla para comprar ser\u00eda la UK6. Tambi\u00e9n puedes comprar en funci\u00f3n de tu punto Mondo (medida en cm), que se detalla a continuaci\u00f3n.  \u00bfQu\u00e9 m\u00e1s puedes esperar de los patines Powerslide Swell 110 Triple Black?  Fabricado con una malla superior transpirable y refuerzos soldados de TPU para reducir el volumen de la bota, el pat\u00edn es ligero y compacto. Por supuesto, est\u00e1 equipado con el sistema de montaje TRINITY, que baja el centro de gravedad, reduce las vibraciones y facilita un mayor rendimiento en la zancada y el impulso. Las ruedas Swell y los rodamientos Wicked Abec 7 son suaves, con buen agarre y respuesta.  Descripci\u00f3n general del arranque Bota de material compuesto h\u00edbrido; horma manual; montaje de 3 puntos TRINITY X; bot\u00edn incorporado con ajuste de memoria Recall; carcasa MYFIT moldeable por calor con resistencia a 90 \u00b0C Consejo de tama\u00f1o Estos son de tama\u00f1o regular, por lo que normalmente puedes comprar tu talla de calzado habitual.","og_url":"https:\/\/patinexclusivo.com\/index.php\/product\/patines-en-linea-powerslide-swell-110-triple-black-unisex-rn\/","og_site_name":"Pat\u00edn Exclusivo","article_modified_time":"2024-09-19T19:16:52+00:00","og_image":[{"width":823,"height":823,"url":"https:\/\/patinexclusivo.com\/wp-content\/uploads\/2024\/09\/PS-SWELL-TRIPLE-BLACK.webp","type":"image\/webp"}],"twitter_card":"summary_large_image","twitter_misc":{"Est. reading time":"1 minute"},"schema":{"@context":"https:\/\/schema.org","@graph":[{"@type":"WebPage","@id":"https:\/\/patinexclusivo.com\/index.php\/product\/patines-en-linea-powerslide-swell-110-triple-black-unisex-rn\/","url":"https:\/\/patinexclusivo.com\/index.php\/product\/patines-en-linea-powerslide-swell-110-triple-black-unisex-rn\/","name":"Patines en l\u00ednea Powerslide Swell 110 Triple Black - Unisex Rn - Pat\u00edn Exclusivo","isPartOf":{"@id":"https:\/\/patinexclusivo.com\/#website"},"datePublished":"2024-09-19T19:16:51+00:00","dateModified":"2024-09-19T19:16:52+00:00","breadcrumb":{"@id":"https:\/\/patinexclusivo.com\/index.php\/product\/patines-en-linea-powerslide-swell-110-triple-black-unisex-rn\/#breadcrumb"},"inLanguage":"en-US","potentialAction":[{"@type":"ReadAction","target":["https:\/\/patinexclusivo.com\/index.php\/product\/patines-en-linea-powerslide-swell-110-triple-black-unisex-rn\/"]}]},{"@type":"BreadcrumbList","@id":"https:\/\/patinexclusivo.com\/index.php\/product\/patines-en-linea-powerslide-swell-110-triple-black-unisex-rn\/#breadcrumb","itemListElement":[{"@type":"ListItem","position":1,"name":"Inicio","item":"https:\/\/patinexclusivo.com\/"},{"@type":"ListItem","position":2,"name":"Shop","item":"https:\/\/patinexclusivo.com\/index.php\/shop\/"},{"@type":"ListItem","position":3,"name":"Patines en l\u00ednea Powerslide Swell 110 Triple Black &#8211; Unisex Rn"}]},{"@type":"WebSite","@id":"https:\/\/patinexclusivo.com\/#website","url":"https:\/\/patinexclusivo.com\/","name":"Pat\u00edn Exclusivo","description":"\ud83d\udefc Rollers SLP: Tu destino #1 para patines en San Luis Potos\u00ed! Encuentra los mejores estilos y marcas \ud83c\udf1f, consejos de expertos \ud83d\udcda y accesorios para patinaje. \u00a1Vis\u00edtanos y rueda con estilo! \ud83c\udf08\u2728","publisher":{"@id":"https:\/\/patinexclusivo.com\/#organization"},"potentialAction":[{"@type":"SearchAction","target":{"@type":"EntryPoint","urlTemplate":"https:\/\/patinexclusivo.com\/?s={search_term_string}"},"query-input":"required name=search_term_string"}],"inLanguage":"en-US"},{"@type":"Organization","@id":"https:\/\/patinexclusivo.com\/#organization","name":"Pat\u00edn Exclusivo","url":"https:\/\/patinexclusivo.com\/","logo":{"@type":"ImageObject","inLanguage":"en-US","@id":"https:\/\/patinexclusivo.com\/#\/schema\/logo\/image\/","url":"https:\/\/patinexclusivo.com\/wp-content\/uploads\/2025\/01\/cropped-cropped-WhatsApp-Image-2025-01-29-at-7.00.40-PM.jpeg","contentUrl":"https:\/\/patinexclusivo.com\/wp-content\/uploads\/2025\/01\/cropped-cropped-WhatsApp-Image-2025-01-29-at-7.00.40-PM.jpeg","width":583,"height":568,"caption":"Pat\u00edn Exclusivo"},"image":{"@id":"https:\/\/patinexclusivo.com\/#\/schema\/logo\/image\/"}}]}},"_links":{"self":[{"href":"https:\/\/patinexclusivo.com\/index.php\/wp-json\/wp\/v2\/product\/1707"}],"collection":[{"href":"https:\/\/patinexclusivo.com\/index.php\/wp-json\/wp\/v2\/product"}],"about":[{"href":"https:\/\/patinexclusivo.com\/index.php\/wp-json\/wp\/v2\/types\/product"}],"replies":[{"embeddable":true,"href":"https:\/\/patinexclusivo.com\/index.php\/wp-json\/wp\/v2\/comments?post=1707"}],"version-history":[{"count":1,"href":"https:\/\/patinexclusivo.com\/index.php\/wp-json\/wp\/v2\/product\/1707\/revisions"}],"predecessor-version":[{"id":1709,"href":"https:\/\/patinexclusivo.com\/index.php\/wp-json\/wp\/v2\/product\/1707\/revisions\/1709"}],"wp:featuredmedia":[{"embeddable":true,"href":"https:\/\/patinexclusivo.com\/index.php\/wp-json\/wp\/v2\/media\/1708"}],"wp:attachment":[{"href":"https:\/\/patinexclusivo.com\/index.php\/wp-json\/wp\/v2\/media?parent=1707"}],"wp:term":[{"taxonomy":"product_cat","embeddable":true,"href":"https:\/\/patinexclusivo.com\/index.php\/wp-json\/wp\/v2\/product_cat?post=1707"},{"taxonomy":"product_tag","embeddable":true,"href":"https:\/\/patinexclusivo.com\/index.php\/wp-json\/wp\/v2\/product_tag?post=1707"}],"curies":[{"name":"wp","href":"https:\/\/api.w.org\/{rel}","templated":true}]}}