{"id":1713,"date":"2024-09-20T19:10:55","date_gmt":"2024-09-20T19:10:55","guid":{"rendered":"https:\/\/patinexclusivo.com\/?post_type=product&#038;p=1713"},"modified":"2024-09-21T00:32:15","modified_gmt":"2024-09-21T00:32:15","slug":"patines-fr-frw-80-frx-para-mujer-negro-blanco-rn","status":"publish","type":"product","link":"https:\/\/patinexclusivo.com\/index.php\/product\/patines-fr-frw-80-frx-para-mujer-negro-blanco-rn\/","title":{"rendered":"Patines FR FRW 80 (FRX para mujer) &#8211; Negro\/Blanco Rn"},"content":{"rendered":"<table class=\"feature-table\">\n<tbody>\n<tr>\n<td><span><span style=\"vertical-align: inherit;\"><span style=\"vertical-align: inherit;\">Estilo de patinaje:<\/span><\/span><\/span><\/td>\n<td class=\"feature-table__value\"><span><span style=\"vertical-align: inherit;\"><span style=\"vertical-align: inherit;\">Urbano \/ Ciudad, Crucero \/ Ocio<\/span><\/span><\/span><\/td>\n<\/tr>\n<tr>\n<td><span><span style=\"vertical-align: inherit;\"><span style=\"vertical-align: inherit;\">Tipo de pat\u00edn:<\/span><\/span><\/span><\/td>\n<td class=\"feature-table__value\"><span><span style=\"vertical-align: inherit;\"><span style=\"vertical-align: inherit;\">Patines de 4 ruedas con bota dura<\/span><\/span><\/span><\/td>\n<\/tr>\n<tr>\n<td><span><span style=\"vertical-align: inherit;\"><span style=\"vertical-align: inherit;\">Material de la bota:<\/span><\/span><\/span><\/td>\n<td class=\"feature-table__value\"><span><span style=\"vertical-align: inherit;\"><span style=\"vertical-align: inherit;\">Plastico<\/span><\/span><\/span><\/td>\n<\/tr>\n<tr>\n<td><span><span style=\"vertical-align: inherit;\"><span style=\"vertical-align: inherit;\">Cordones:<\/span><\/span><\/span><\/td>\n<td class=\"feature-table__value\"><span><span style=\"vertical-align: inherit;\"><span style=\"vertical-align: inherit;\">Est\u00e1ndar<\/span><\/span><\/span><\/td>\n<\/tr>\n<tr>\n<td><span><span style=\"vertical-align: inherit;\"><span style=\"vertical-align: inherit;\">Transatl\u00e1ntico:<\/span><\/span><\/span><\/td>\n<td class=\"feature-table__value\"><span><span style=\"vertical-align: inherit;\"><span style=\"vertical-align: inherit;\">Existencia<\/span><\/span><\/span><\/td>\n<\/tr>\n<tr>\n<td><span><span style=\"vertical-align: inherit;\"><span style=\"vertical-align: inherit;\">Almohadilla amortiguadora:<\/span><\/span><\/span><\/td>\n<td class=\"feature-table__value\"><span><span style=\"vertical-align: inherit;\"><span style=\"vertical-align: inherit;\">Si<\/span><\/span><\/span><\/td>\n<\/tr>\n<tr>\n<td><span><span style=\"vertical-align: inherit;\"><span style=\"vertical-align: inherit;\">Marca del marco:<\/span><\/span><\/span><\/td>\n<td class=\"feature-table__value\"><span><span style=\"vertical-align: inherit;\"><span style=\"vertical-align: inherit;\">Patines FR<\/span><\/span><\/span><\/td>\n<\/tr>\n<tr>\n<td><span><span style=\"vertical-align: inherit;\"><span style=\"vertical-align: inherit;\">Montaje del marco:<\/span><\/span><\/span><\/td>\n<td class=\"feature-table__value\"><span><span style=\"vertical-align: inherit;\"><span style=\"vertical-align: inherit;\">Cl\u00e1sico (montaje 165)<\/span><\/span><\/span><\/td>\n<\/tr>\n<tr>\n<td><span><span style=\"vertical-align: inherit;\"><span style=\"vertical-align: inherit;\">Material del marco:<\/span><\/span><\/span><\/td>\n<td class=\"feature-table__value\"><span><span style=\"vertical-align: inherit;\"><span style=\"vertical-align: inherit;\">Aluminio<\/span><\/span><\/span><\/td>\n<\/tr>\n<tr>\n<td><span><span style=\"vertical-align: inherit;\"><span style=\"vertical-align: inherit;\">Longitud del marco:<\/span><\/span><\/span><\/td>\n<td class=\"feature-table__value\"><span><span style=\"vertical-align: inherit;\"><span style=\"vertical-align: inherit;\">243 mil\u00edmetros<\/span><\/span><\/span><\/td>\n<\/tr>\n<tr>\n<td><span><span style=\"vertical-align: inherit;\"><span style=\"vertical-align: inherit;\">Balanc\u00edn de cuadro:<\/span><\/span><\/span><\/td>\n<td class=\"feature-table__value\"><span><span style=\"vertical-align: inherit;\"><span style=\"vertical-align: inherit;\">Ejes oscilantes<\/span><\/span><\/span><\/td>\n<\/tr>\n<tr>\n<td><span><span style=\"vertical-align: inherit;\"><span style=\"vertical-align: inherit;\">Ejes:<\/span><\/span><\/span><\/td>\n<td class=\"feature-table__value\"><span><span style=\"vertical-align: inherit;\"><span style=\"vertical-align: inherit;\">Basculante de 8 mm<\/span><\/span><\/span><\/td>\n<\/tr>\n<tr>\n<td><span><span style=\"vertical-align: inherit;\"><span style=\"vertical-align: inherit;\">Marca de la rueda:<\/span><\/span><\/span><\/td>\n<td class=\"feature-table__value\"><span><span style=\"vertical-align: inherit;\"><span style=\"vertical-align: inherit;\">Reyes de la calle<\/span><\/span><\/span><\/td>\n<\/tr>\n<tr>\n<td><span><span style=\"vertical-align: inherit;\"><span style=\"vertical-align: inherit;\">Tama\u00f1o de la rueda:<\/span><\/span><\/span><\/td>\n<td class=\"feature-table__value\"><span><span style=\"vertical-align: inherit;\"><span style=\"vertical-align: inherit;\">76mm, 80mm<\/span><\/span><\/span><\/td>\n<\/tr>\n<tr>\n<td><span><span style=\"vertical-align: inherit;\"><span style=\"vertical-align: inherit;\">Dureza de la rueda:<\/span><\/span><\/span><\/td>\n<td class=\"feature-table__value\"><span><span style=\"vertical-align: inherit;\"><span style=\"vertical-align: inherit;\">85a<\/span><\/span><\/span><\/td>\n<\/tr>\n<tr>\n<td><span><span style=\"vertical-align: inherit;\"><span style=\"vertical-align: inherit;\">Perfil de la rueda:<\/span><\/span><\/span><\/td>\n<td class=\"feature-table__value\"><span><span style=\"vertical-align: inherit;\"><span style=\"vertical-align: inherit;\">Redondo<\/span><\/span><\/span><\/td>\n<\/tr>\n<tr>\n<td><span><span style=\"vertical-align: inherit;\"><span style=\"vertical-align: inherit;\">Marca de rodamientos:<\/span><\/span><\/span><\/td>\n<td class=\"feature-table__value\"><span><span style=\"vertical-align: inherit;\"><span style=\"vertical-align: inherit;\">C\u00e1mara doble<\/span><\/span><\/span><\/td>\n<\/tr>\n<tr>\n<td><span><span style=\"vertical-align: inherit;\"><span style=\"vertical-align: inherit;\">Clasificaci\u00f3n del refrigerador:<\/span><\/span><\/span><\/td>\n<td class=\"feature-table__value\"><span><span style=\"vertical-align: inherit;\"><span style=\"vertical-align: inherit;\">MW7<\/span><\/span><\/span><\/td>\n<\/tr>\n<\/tbody>\n<\/table>\n<p><span style=\"vertical-align: inherit;\"><span style=\"vertical-align: inherit;\">Tama\u00f1o 23cm, 24cm, 25cm, 25.5cm, 26cm, 27cm<\/span><\/span><\/p>\n","protected":false},"excerpt":{"rendered":"<p><span style=\"vertical-align: inherit;\"><span style=\"vertical-align: inherit;\">SOLO SOBRE PEDIDO<\/span><\/span><\/p>\n<p class=\"p1\"><span><span style=\"vertical-align: inherit;\"><span style=\"vertical-align: inherit;\">El pat\u00edn FR FRW 80 (anteriormente pat\u00edn Seba FRW 80) es nuestro pat\u00edn m\u00e1s vendido de todos los tiempos, perfecto ya sea que te pongas los patines por primera vez o por primera vez en a\u00f1os; a los patinadores les encantador el FRW 80, que cuenta con un bot\u00f3n FR de primera calidad, plantilla de EVA 3D y una abertura de bota m\u00e1s ancha.<\/span><\/span><\/span><\/p>\n<p><span><span style=\"vertical-align: inherit;\"><span style=\"vertical-align: inherit;\">El FRX es el todoterreno perfecto: se adapta tanto a la ciudad como a los largos paseos por el paseo mar\u00edtimo o para realizar movimientos de pies t\u00e9cnicos.<\/span><\/span><\/span><\/p>\n<p><span><span style=\"vertical-align: inherit;\"><span style=\"vertical-align: inherit;\">El forro es grueso y similar al de una zapatilla, lo que proporciona la mejor comodidad de su clase a cualquier precio (pero a un precio extremadamente &#8220;intermedio&#8221;).<\/span><\/span><\/span><\/p>\n<p><span><span style=\"vertical-align: inherit;\"><span style=\"vertical-align: inherit;\">La carcasa es resistente y ofrece soporte, y trabaja en conjunto con el revestimiento para reducir la vibraci\u00f3n de la carretera y al mismo tiempo responde a tus movimientos.<\/span><\/span><\/span><\/p>\n<p><span><span style=\"vertical-align: inherit;\"><span style=\"vertical-align: inherit;\">Para garantizar que tu pie se mantenga seguro en su lugar, los patines FR W 80 cuentan con un cierre de hebilla FK en el tobillo y un cierre de velcro en la parte media de la parte superior del pie. Los cordones FR son un art\u00edculo de culto para los patinadores m\u00e1s dedicados. Debido a su gran longitud, ancho y acabado mate, se agarran muy bien. A menudo se buscan como un art\u00edculo de posventa (\u00a1pero rara vez est\u00e1n disponibles!).<\/span><\/span><\/span><\/p>\n<p><span><span style=\"vertical-align: inherit;\"><span style=\"vertical-align: inherit;\">La bota FR W 80 est\u00e1 montada sobre el nuevo marco negro X2R de 243 mm con ruedas FR Street Kings de 80 mm, el tama\u00f1o perfecto para todo tipo de patinaje recreativo, fitness y estilo libre.<\/span><\/span><\/span><\/p>\n<p><span><span style=\"vertical-align: inherit;\"><span style=\"vertical-align: inherit;\">El FR W 80 tambi\u00e9n viene con el freno FR 4 x 80 mm para ayudar a los principiantes a frenar mientras desarrollan sus habilidades. Este freno se puede quitar y volver a colocar en cualquier momento.<\/span><\/span><\/span><\/p>\n<p><strong><span><span style=\"vertical-align: inherit;\"><span style=\"vertical-align: inherit;\">consejo sobre la talla <\/span><\/span><\/span><br \/>\n<\/strong><em><span><span style=\"vertical-align: inherit;\"><span style=\"vertical-align: inherit;\">Muchas personas consideran que los patines FR quedan un poco peque\u00f1os, tenlo en cuenta al elegir tu talla. Te recomendamos comprar una talla m\u00e1s grande si no est\u00e1s seguro o est\u00e1s entre dos tallas.<\/span><\/span><\/span><\/em><\/p>\n","protected":false},"featured_media":1714,"comment_status":"open","ping_status":"closed","template":"","meta":{"rop_custom_images_group":[],"rop_custom_messages_group":[],"rop_publish_now":"initial","rop_publish_now_accounts":[],"rop_publish_now_history":[],"rop_publish_now_status":"pending"},"product_cat":[34,74],"product_tag":[],"class_list":{"0":"post-1713","1":"product","2":"type-product","3":"status-publish","4":"has-post-thumbnail","6":"product_cat-freeskate","7":"product_cat-freestyle","8":"post","10":"first","11":"instock","12":"shipping-taxable","13":"purchasable","14":"product-type-simple"},"yoast_head":"<!-- This site is optimized with the Yoast SEO plugin v21.9.1 - https:\/\/yoast.com\/wordpress\/plugins\/seo\/ -->\n<title>Patines FR FRW 80 (FRX para mujer) - Negro\/Blanco Rn - Pat\u00edn Exclusivo<\/title>\n<meta name=\"robots\" content=\"index, follow, max-snippet:-1, max-image-preview:large, max-video-preview:-1\" \/>\n<link rel=\"canonical\" href=\"https:\/\/patinexclusivo.com\/index.php\/product\/patines-fr-frw-80-frx-para-mujer-negro-blanco-rn\/\" \/>\n<meta property=\"og:locale\" content=\"en_US\" \/>\n<meta property=\"og:type\" content=\"article\" \/>\n<meta property=\"og:title\" content=\"Patines FR FRW 80 (FRX para mujer) - Negro\/Blanco Rn - Pat\u00edn Exclusivo\" \/>\n<meta property=\"og:description\" content=\"SOLO SOBRE PEDIDO El pat\u00edn FR FRW 80 (anteriormente pat\u00edn Seba FRW 80) es nuestro pat\u00edn m\u00e1s vendido de todos los tiempos, perfecto ya sea que te pongas los patines por primera vez o por primera vez en a\u00f1os; a los patinadores les encantador el FRW 80, que cuenta con un bot\u00f3n FR de primera calidad, plantilla de EVA 3D y una abertura de bota m\u00e1s ancha. El FRX es el todoterreno perfecto: se adapta tanto a la ciudad como a los largos paseos por el paseo mar\u00edtimo o para realizar movimientos de pies t\u00e9cnicos.  El forro es grueso y similar al de una zapatilla, lo que proporciona la mejor comodidad de su clase a cualquier precio (pero a un precio extremadamente &quot;intermedio&quot;).  La carcasa es resistente y ofrece soporte, y trabaja en conjunto con el revestimiento para reducir la vibraci\u00f3n de la carretera y al mismo tiempo responde a tus movimientos.  Para garantizar que tu pie se mantenga seguro en su lugar, los patines FR W 80 cuentan con un cierre de hebilla FK en el tobillo y un cierre de velcro en la parte media de la parte superior del pie. Los cordones FR son un art\u00edculo de culto para los patinadores m\u00e1s dedicados. Debido a su gran longitud, ancho y acabado mate, se agarran muy bien. A menudo se buscan como un art\u00edculo de posventa (\u00a1pero rara vez est\u00e1n disponibles!).  La bota FR W 80 est\u00e1 montada sobre el nuevo marco negro X2R de 243 mm con ruedas FR Street Kings de 80 mm, el tama\u00f1o perfecto para todo tipo de patinaje recreativo, fitness y estilo libre.  El FR W 80 tambi\u00e9n viene con el freno FR 4 x 80 mm para ayudar a los principiantes a frenar mientras desarrollan sus habilidades. Este freno se puede quitar y volver a colocar en cualquier momento.  consejo sobre la talla  Muchas personas consideran que los patines FR quedan un poco peque\u00f1os, tenlo en cuenta al elegir tu talla. Te recomendamos comprar una talla m\u00e1s grande si no est\u00e1s seguro o est\u00e1s entre dos tallas.\" \/>\n<meta property=\"og:url\" content=\"https:\/\/patinexclusivo.com\/index.php\/product\/patines-fr-frw-80-frx-para-mujer-negro-blanco-rn\/\" \/>\n<meta property=\"og:site_name\" content=\"Pat\u00edn Exclusivo\" \/>\n<meta property=\"article:modified_time\" content=\"2024-09-21T00:32:15+00:00\" \/>\n<meta property=\"og:image\" content=\"https:\/\/patinexclusivo.com\/wp-content\/uploads\/2024\/09\/FR-FRW-80-1.webp\" \/>\n\t<meta property=\"og:image:width\" content=\"823\" \/>\n\t<meta property=\"og:image:height\" content=\"823\" \/>\n\t<meta property=\"og:image:type\" content=\"image\/webp\" \/>\n<meta name=\"twitter:card\" content=\"summary_large_image\" \/>\n<meta name=\"twitter:label1\" content=\"Est. reading time\" \/>\n\t<meta name=\"twitter:data1\" content=\"1 minute\" \/>\n<script type=\"application\/ld+json\" class=\"yoast-schema-graph\">{\"@context\":\"https:\/\/schema.org\",\"@graph\":[{\"@type\":\"WebPage\",\"@id\":\"https:\/\/patinexclusivo.com\/index.php\/product\/patines-fr-frw-80-frx-para-mujer-negro-blanco-rn\/\",\"url\":\"https:\/\/patinexclusivo.com\/index.php\/product\/patines-fr-frw-80-frx-para-mujer-negro-blanco-rn\/\",\"name\":\"Patines FR FRW 80 (FRX para mujer) - Negro\/Blanco Rn - Pat\u00edn Exclusivo\",\"isPartOf\":{\"@id\":\"https:\/\/patinexclusivo.com\/#website\"},\"datePublished\":\"2024-09-20T19:10:55+00:00\",\"dateModified\":\"2024-09-21T00:32:15+00:00\",\"breadcrumb\":{\"@id\":\"https:\/\/patinexclusivo.com\/index.php\/product\/patines-fr-frw-80-frx-para-mujer-negro-blanco-rn\/#breadcrumb\"},\"inLanguage\":\"en-US\",\"potentialAction\":[{\"@type\":\"ReadAction\",\"target\":[\"https:\/\/patinexclusivo.com\/index.php\/product\/patines-fr-frw-80-frx-para-mujer-negro-blanco-rn\/\"]}]},{\"@type\":\"BreadcrumbList\",\"@id\":\"https:\/\/patinexclusivo.com\/index.php\/product\/patines-fr-frw-80-frx-para-mujer-negro-blanco-rn\/#breadcrumb\",\"itemListElement\":[{\"@type\":\"ListItem\",\"position\":1,\"name\":\"Inicio\",\"item\":\"https:\/\/patinexclusivo.com\/\"},{\"@type\":\"ListItem\",\"position\":2,\"name\":\"Shop\",\"item\":\"https:\/\/patinexclusivo.com\/index.php\/shop\/\"},{\"@type\":\"ListItem\",\"position\":3,\"name\":\"Patines FR FRW 80 (FRX para mujer) &#8211; Negro\/Blanco Rn\"}]},{\"@type\":\"WebSite\",\"@id\":\"https:\/\/patinexclusivo.com\/#website\",\"url\":\"https:\/\/patinexclusivo.com\/\",\"name\":\"Pat\u00edn Exclusivo\",\"description\":\"\ud83d\udefc Rollers SLP: Tu destino #1 para patines en San Luis Potos\u00ed! Encuentra los mejores estilos y marcas \ud83c\udf1f, consejos de expertos \ud83d\udcda y accesorios para patinaje. \u00a1Vis\u00edtanos y rueda con estilo! \ud83c\udf08\u2728\",\"publisher\":{\"@id\":\"https:\/\/patinexclusivo.com\/#organization\"},\"potentialAction\":[{\"@type\":\"SearchAction\",\"target\":{\"@type\":\"EntryPoint\",\"urlTemplate\":\"https:\/\/patinexclusivo.com\/?s={search_term_string}\"},\"query-input\":\"required name=search_term_string\"}],\"inLanguage\":\"en-US\"},{\"@type\":\"Organization\",\"@id\":\"https:\/\/patinexclusivo.com\/#organization\",\"name\":\"Pat\u00edn Exclusivo\",\"url\":\"https:\/\/patinexclusivo.com\/\",\"logo\":{\"@type\":\"ImageObject\",\"inLanguage\":\"en-US\",\"@id\":\"https:\/\/patinexclusivo.com\/#\/schema\/logo\/image\/\",\"url\":\"https:\/\/patinexclusivo.com\/wp-content\/uploads\/2025\/01\/cropped-cropped-WhatsApp-Image-2025-01-29-at-7.00.40-PM.jpeg\",\"contentUrl\":\"https:\/\/patinexclusivo.com\/wp-content\/uploads\/2025\/01\/cropped-cropped-WhatsApp-Image-2025-01-29-at-7.00.40-PM.jpeg\",\"width\":583,\"height\":568,\"caption\":\"Pat\u00edn Exclusivo\"},\"image\":{\"@id\":\"https:\/\/patinexclusivo.com\/#\/schema\/logo\/image\/\"}}]}<\/script>\n<!-- \/ Yoast SEO plugin. -->","yoast_head_json":{"title":"Patines FR FRW 80 (FRX para mujer) - Negro\/Blanco Rn - Pat\u00edn Exclusivo","robots":{"index":"index","follow":"follow","max-snippet":"max-snippet:-1","max-image-preview":"max-image-preview:large","max-video-preview":"max-video-preview:-1"},"canonical":"https:\/\/patinexclusivo.com\/index.php\/product\/patines-fr-frw-80-frx-para-mujer-negro-blanco-rn\/","og_locale":"en_US","og_type":"article","og_title":"Patines FR FRW 80 (FRX para mujer) - Negro\/Blanco Rn - Pat\u00edn Exclusivo","og_description":"SOLO SOBRE PEDIDO El pat\u00edn FR FRW 80 (anteriormente pat\u00edn Seba FRW 80) es nuestro pat\u00edn m\u00e1s vendido de todos los tiempos, perfecto ya sea que te pongas los patines por primera vez o por primera vez en a\u00f1os; a los patinadores les encantador el FRW 80, que cuenta con un bot\u00f3n FR de primera calidad, plantilla de EVA 3D y una abertura de bota m\u00e1s ancha. El FRX es el todoterreno perfecto: se adapta tanto a la ciudad como a los largos paseos por el paseo mar\u00edtimo o para realizar movimientos de pies t\u00e9cnicos.  El forro es grueso y similar al de una zapatilla, lo que proporciona la mejor comodidad de su clase a cualquier precio (pero a un precio extremadamente \"intermedio\").  La carcasa es resistente y ofrece soporte, y trabaja en conjunto con el revestimiento para reducir la vibraci\u00f3n de la carretera y al mismo tiempo responde a tus movimientos.  Para garantizar que tu pie se mantenga seguro en su lugar, los patines FR W 80 cuentan con un cierre de hebilla FK en el tobillo y un cierre de velcro en la parte media de la parte superior del pie. Los cordones FR son un art\u00edculo de culto para los patinadores m\u00e1s dedicados. Debido a su gran longitud, ancho y acabado mate, se agarran muy bien. A menudo se buscan como un art\u00edculo de posventa (\u00a1pero rara vez est\u00e1n disponibles!).  La bota FR W 80 est\u00e1 montada sobre el nuevo marco negro X2R de 243 mm con ruedas FR Street Kings de 80 mm, el tama\u00f1o perfecto para todo tipo de patinaje recreativo, fitness y estilo libre.  El FR W 80 tambi\u00e9n viene con el freno FR 4 x 80 mm para ayudar a los principiantes a frenar mientras desarrollan sus habilidades. Este freno se puede quitar y volver a colocar en cualquier momento.  consejo sobre la talla  Muchas personas consideran que los patines FR quedan un poco peque\u00f1os, tenlo en cuenta al elegir tu talla. Te recomendamos comprar una talla m\u00e1s grande si no est\u00e1s seguro o est\u00e1s entre dos tallas.","og_url":"https:\/\/patinexclusivo.com\/index.php\/product\/patines-fr-frw-80-frx-para-mujer-negro-blanco-rn\/","og_site_name":"Pat\u00edn Exclusivo","article_modified_time":"2024-09-21T00:32:15+00:00","og_image":[{"width":823,"height":823,"url":"https:\/\/patinexclusivo.com\/wp-content\/uploads\/2024\/09\/FR-FRW-80-1.webp","type":"image\/webp"}],"twitter_card":"summary_large_image","twitter_misc":{"Est. reading time":"1 minute"},"schema":{"@context":"https:\/\/schema.org","@graph":[{"@type":"WebPage","@id":"https:\/\/patinexclusivo.com\/index.php\/product\/patines-fr-frw-80-frx-para-mujer-negro-blanco-rn\/","url":"https:\/\/patinexclusivo.com\/index.php\/product\/patines-fr-frw-80-frx-para-mujer-negro-blanco-rn\/","name":"Patines FR FRW 80 (FRX para mujer) - Negro\/Blanco Rn - Pat\u00edn Exclusivo","isPartOf":{"@id":"https:\/\/patinexclusivo.com\/#website"},"datePublished":"2024-09-20T19:10:55+00:00","dateModified":"2024-09-21T00:32:15+00:00","breadcrumb":{"@id":"https:\/\/patinexclusivo.com\/index.php\/product\/patines-fr-frw-80-frx-para-mujer-negro-blanco-rn\/#breadcrumb"},"inLanguage":"en-US","potentialAction":[{"@type":"ReadAction","target":["https:\/\/patinexclusivo.com\/index.php\/product\/patines-fr-frw-80-frx-para-mujer-negro-blanco-rn\/"]}]},{"@type":"BreadcrumbList","@id":"https:\/\/patinexclusivo.com\/index.php\/product\/patines-fr-frw-80-frx-para-mujer-negro-blanco-rn\/#breadcrumb","itemListElement":[{"@type":"ListItem","position":1,"name":"Inicio","item":"https:\/\/patinexclusivo.com\/"},{"@type":"ListItem","position":2,"name":"Shop","item":"https:\/\/patinexclusivo.com\/index.php\/shop\/"},{"@type":"ListItem","position":3,"name":"Patines FR FRW 80 (FRX para mujer) &#8211; Negro\/Blanco Rn"}]},{"@type":"WebSite","@id":"https:\/\/patinexclusivo.com\/#website","url":"https:\/\/patinexclusivo.com\/","name":"Pat\u00edn Exclusivo","description":"\ud83d\udefc Rollers SLP: Tu destino #1 para patines en San Luis Potos\u00ed! Encuentra los mejores estilos y marcas \ud83c\udf1f, consejos de expertos \ud83d\udcda y accesorios para patinaje. \u00a1Vis\u00edtanos y rueda con estilo! \ud83c\udf08\u2728","publisher":{"@id":"https:\/\/patinexclusivo.com\/#organization"},"potentialAction":[{"@type":"SearchAction","target":{"@type":"EntryPoint","urlTemplate":"https:\/\/patinexclusivo.com\/?s={search_term_string}"},"query-input":"required name=search_term_string"}],"inLanguage":"en-US"},{"@type":"Organization","@id":"https:\/\/patinexclusivo.com\/#organization","name":"Pat\u00edn Exclusivo","url":"https:\/\/patinexclusivo.com\/","logo":{"@type":"ImageObject","inLanguage":"en-US","@id":"https:\/\/patinexclusivo.com\/#\/schema\/logo\/image\/","url":"https:\/\/patinexclusivo.com\/wp-content\/uploads\/2025\/01\/cropped-cropped-WhatsApp-Image-2025-01-29-at-7.00.40-PM.jpeg","contentUrl":"https:\/\/patinexclusivo.com\/wp-content\/uploads\/2025\/01\/cropped-cropped-WhatsApp-Image-2025-01-29-at-7.00.40-PM.jpeg","width":583,"height":568,"caption":"Pat\u00edn Exclusivo"},"image":{"@id":"https:\/\/patinexclusivo.com\/#\/schema\/logo\/image\/"}}]}},"_links":{"self":[{"href":"https:\/\/patinexclusivo.com\/index.php\/wp-json\/wp\/v2\/product\/1713"}],"collection":[{"href":"https:\/\/patinexclusivo.com\/index.php\/wp-json\/wp\/v2\/product"}],"about":[{"href":"https:\/\/patinexclusivo.com\/index.php\/wp-json\/wp\/v2\/types\/product"}],"replies":[{"embeddable":true,"href":"https:\/\/patinexclusivo.com\/index.php\/wp-json\/wp\/v2\/comments?post=1713"}],"version-history":[{"count":2,"href":"https:\/\/patinexclusivo.com\/index.php\/wp-json\/wp\/v2\/product\/1713\/revisions"}],"predecessor-version":[{"id":1716,"href":"https:\/\/patinexclusivo.com\/index.php\/wp-json\/wp\/v2\/product\/1713\/revisions\/1716"}],"wp:featuredmedia":[{"embeddable":true,"href":"https:\/\/patinexclusivo.com\/index.php\/wp-json\/wp\/v2\/media\/1714"}],"wp:attachment":[{"href":"https:\/\/patinexclusivo.com\/index.php\/wp-json\/wp\/v2\/media?parent=1713"}],"wp:term":[{"taxonomy":"product_cat","embeddable":true,"href":"https:\/\/patinexclusivo.com\/index.php\/wp-json\/wp\/v2\/product_cat?post=1713"},{"taxonomy":"product_tag","embeddable":true,"href":"https:\/\/patinexclusivo.com\/index.php\/wp-json\/wp\/v2\/product_tag?post=1713"}],"curies":[{"name":"wp","href":"https:\/\/api.w.org\/{rel}","templated":true}]}}