{"id":1720,"date":"2024-09-21T01:07:44","date_gmt":"2024-09-21T01:07:44","guid":{"rendered":"https:\/\/patinexclusivo.com\/?post_type=product&#038;p=1720"},"modified":"2024-09-21T01:07:45","modified_gmt":"2024-09-21T01:07:45","slug":"patines-fr-spin-80-rn","status":"publish","type":"product","link":"https:\/\/patinexclusivo.com\/index.php\/product\/patines-fr-spin-80-rn\/","title":{"rendered":"Patines FR Spin 80 Rn"},"content":{"rendered":"<table class=\"feature-table\">\n<tbody>\n<tr>\n<td><span>Estilo de patinaje:<\/span><\/td>\n<td class=\"feature-table__value\"><span>Urbano \/ Ciudad, Slalom<\/span><\/td>\n<\/tr>\n<tr>\n<td><span>Tipo de pat\u00edn:<\/span><\/td>\n<td class=\"feature-table__value\"><span>Patines de 4 ruedas con bota dura<\/span><\/td>\n<\/tr>\n<tr>\n<td><span>Material de la bota:<\/span><\/td>\n<td class=\"feature-table__value\"><span>Fibra de carbono<\/span><\/td>\n<\/tr>\n<tr>\n<td><span>Cordones:<\/span><\/td>\n<td class=\"feature-table__value\"><span>Est\u00e1ndar<\/span><\/td>\n<\/tr>\n<tr>\n<td><span>Transatl\u00e1ntico:<\/span><\/td>\n<td class=\"feature-table__value\"><span>Integrado<\/span><\/td>\n<\/tr>\n<tr>\n<td><span>Marca del marco:<\/span><\/td>\n<td class=\"feature-table__value\"><span>Patines FR<\/span><\/td>\n<\/tr>\n<tr>\n<td><span>Montaje del marco:<\/span><\/td>\n<td class=\"feature-table__value\"><span>Cl\u00e1sico (montura 165)<\/span><\/td>\n<\/tr>\n<tr>\n<td><span>Material del marco:<\/span><\/td>\n<td class=\"feature-table__value\"><span>Aluminio<\/span><\/td>\n<\/tr>\n<tr>\n<td><span>Longitud del marco:<\/span><\/td>\n<td class=\"feature-table__value\"><span>243 mm<\/span><\/td>\n<\/tr>\n<tr>\n<td><span>Tama\u00f1o de la rueda:<\/span><\/td>\n<td class=\"feature-table__value\"><span>80 mm<\/span><\/td>\n<\/tr>\n<tr>\n<td><span>Dureza de la rueda:<\/span><\/td>\n<td class=\"feature-table__value\"><span>85a<\/span><\/td>\n<\/tr>\n<tr>\n<td><span>Perfil de la rueda:<\/span><\/td>\n<td class=\"feature-table__value\"><span>Redondo<\/span><\/td>\n<\/tr>\n<tr>\n<td><span>Marca de rodamientos:<\/span><\/td>\n<td class=\"feature-table__value\"><span>C\u00e1mara doble<\/span><\/td>\n<\/tr>\n<tr>\n<td><span>Clasificaci\u00f3n del rodamiento:<\/span><\/td>\n<td class=\"feature-table__value\"><span>MW9<\/span><\/td>\n<\/tr>\n<\/tbody>\n<\/table>\n<p>Talla 25.5cm, 26cm, 27cm, 27.5cm, 28cm, 18.5cm<\/p>\n","protected":false},"excerpt":{"rendered":"<p>SOLO SOBRE PEDIDO<\/p>\n<p><span>Si buscas un pat\u00edn de freestyle\/slalom sin pagar un precio elevado, FR Skates reconoce esta demanda y ofrece una soluci\u00f3n excelente. Los patines FR Spin 80 son los patines de fibra de carbono de elecci\u00f3n despu\u00e9s de los modelos Igor o Daria.<\/span><\/p>\n<p><span>La bota de fibra de carbono responde como cabr\u00eda esperar: firme, precisa y reactiva. La bota proporciona una plataforma para que el usuario se destaque al realizar trucos sin preocuparse por la &#8220;latencia&#8221; dentro del hardware. El bot\u00edn integrado es c\u00f3modo y brinda soporte. El bloqueo del tal\u00f3n mantiene el pie en su lugar, esencial para una transferencia \u00f3ptima de energ\u00eda. La leng\u00fceta est\u00e1 mejorada para brindar mayor comodidad al flexionarse hacia adelante y realizar giros de punta.<\/span><\/p>\n<p><span>La posici\u00f3n del pu\u00f1o es m\u00e1s baja que la de otros modelos de FR y patines de freestyle en general, lo que ofrece m\u00e1s flexibilidad alrededor del tobillo. Combinados con la bota, los usuarios disfrutar\u00e1n de la combinaci\u00f3n de control y libertad, particularmente en sesiones m\u00e1s largas.<\/span><\/p>\n<p><span>El marco R2-R Rockerable es perfecto para aquellos que reci\u00e9n comienzan su viaje de freestyle\/slalom. El marco utiliza ejes rotacionales, lo que significa que son posibles configuraciones tanto planas como con rocker. Una ventaja de esta caracter\u00edstica es que el pat\u00edn funciona bien como modelo recreativo para pasear cuando se usa en formato plano.<\/span><\/p>\n<p><span>Con ruedas FR de 80 mm y rodamientos Twincam MW9 Freeride, el FR Spin 80 es una excelente opci\u00f3n para patinadores de estilo libre\/slalom que buscan fibra de carbono con un presupuesto m\u00e1s ajustado y que funcionen excepcionalmente bien por el precio.<\/span><\/p>\n<p><em><strong><span>Consejo sobre la talla<\/span><\/strong><\/em><br \/>\n<em><span>Estos patines se ajustan a la talla de calzado habitual. Normalmente, puedes comprar tu talla de calzado habitual.\u00a0<\/span><\/em><\/p>\n","protected":false},"featured_media":1721,"comment_status":"open","ping_status":"closed","template":"","meta":{"rop_custom_images_group":[],"rop_custom_messages_group":[],"rop_publish_now":"initial","rop_publish_now_accounts":[],"rop_publish_now_history":[],"rop_publish_now_status":"pending"},"product_cat":[74,64],"product_tag":[],"class_list":{"0":"post-1720","1":"product","2":"type-product","3":"status-publish","4":"has-post-thumbnail","6":"product_cat-freestyle","7":"product_cat-slalom","8":"post","10":"first","11":"instock","12":"shipping-taxable","13":"purchasable","14":"product-type-simple"},"yoast_head":"<!-- This site is optimized with the Yoast SEO plugin v21.9.1 - https:\/\/yoast.com\/wordpress\/plugins\/seo\/ -->\n<title>Patines FR Spin 80 Rn - Pat\u00edn Exclusivo<\/title>\n<meta name=\"robots\" content=\"index, follow, max-snippet:-1, max-image-preview:large, max-video-preview:-1\" \/>\n<link rel=\"canonical\" href=\"https:\/\/patinexclusivo.com\/index.php\/product\/patines-fr-spin-80-rn\/\" \/>\n<meta property=\"og:locale\" content=\"en_US\" \/>\n<meta property=\"og:type\" content=\"article\" \/>\n<meta property=\"og:title\" content=\"Patines FR Spin 80 Rn - Pat\u00edn Exclusivo\" \/>\n<meta property=\"og:description\" content=\"SOLO SOBRE PEDIDO  Si buscas un pat\u00edn de freestyle\/slalom sin pagar un precio elevado, FR Skates reconoce esta demanda y ofrece una soluci\u00f3n excelente. Los patines FR Spin 80 son los patines de fibra de carbono de elecci\u00f3n despu\u00e9s de los modelos Igor o Daria.  La bota de fibra de carbono responde como cabr\u00eda esperar: firme, precisa y reactiva. La bota proporciona una plataforma para que el usuario se destaque al realizar trucos sin preocuparse por la &quot;latencia&quot; dentro del hardware. El bot\u00edn integrado es c\u00f3modo y brinda soporte. El bloqueo del tal\u00f3n mantiene el pie en su lugar, esencial para una transferencia \u00f3ptima de energ\u00eda. La leng\u00fceta est\u00e1 mejorada para brindar mayor comodidad al flexionarse hacia adelante y realizar giros de punta.  La posici\u00f3n del pu\u00f1o es m\u00e1s baja que la de otros modelos de FR y patines de freestyle en general, lo que ofrece m\u00e1s flexibilidad alrededor del tobillo. Combinados con la bota, los usuarios disfrutar\u00e1n de la combinaci\u00f3n de control y libertad, particularmente en sesiones m\u00e1s largas.  El marco R2-R Rockerable es perfecto para aquellos que reci\u00e9n comienzan su viaje de freestyle\/slalom. El marco utiliza ejes rotacionales, lo que significa que son posibles configuraciones tanto planas como con rocker. Una ventaja de esta caracter\u00edstica es que el pat\u00edn funciona bien como modelo recreativo para pasear cuando se usa en formato plano.  Con ruedas FR de 80 mm y rodamientos Twincam MW9 Freeride, el FR Spin 80 es una excelente opci\u00f3n para patinadores de estilo libre\/slalom que buscan fibra de carbono con un presupuesto m\u00e1s ajustado y que funcionen excepcionalmente bien por el precio.  Consejo sobre la talla Estos patines se ajustan a la talla de calzado habitual. Normalmente, puedes comprar tu talla de calzado habitual.\u00a0\" \/>\n<meta property=\"og:url\" content=\"https:\/\/patinexclusivo.com\/index.php\/product\/patines-fr-spin-80-rn\/\" \/>\n<meta property=\"og:site_name\" content=\"Pat\u00edn Exclusivo\" \/>\n<meta property=\"article:modified_time\" content=\"2024-09-21T01:07:45+00:00\" \/>\n<meta property=\"og:image\" content=\"https:\/\/patinexclusivo.com\/wp-content\/uploads\/2024\/09\/FR-Skates-Spin-80-Skates.webp\" \/>\n\t<meta property=\"og:image:width\" content=\"823\" \/>\n\t<meta property=\"og:image:height\" content=\"823\" \/>\n\t<meta property=\"og:image:type\" content=\"image\/webp\" \/>\n<meta name=\"twitter:card\" content=\"summary_large_image\" \/>\n<meta name=\"twitter:label1\" content=\"Est. reading time\" \/>\n\t<meta name=\"twitter:data1\" content=\"1 minute\" \/>\n<script type=\"application\/ld+json\" class=\"yoast-schema-graph\">{\"@context\":\"https:\/\/schema.org\",\"@graph\":[{\"@type\":\"WebPage\",\"@id\":\"https:\/\/patinexclusivo.com\/index.php\/product\/patines-fr-spin-80-rn\/\",\"url\":\"https:\/\/patinexclusivo.com\/index.php\/product\/patines-fr-spin-80-rn\/\",\"name\":\"Patines FR Spin 80 Rn - Pat\u00edn Exclusivo\",\"isPartOf\":{\"@id\":\"https:\/\/patinexclusivo.com\/#website\"},\"datePublished\":\"2024-09-21T01:07:44+00:00\",\"dateModified\":\"2024-09-21T01:07:45+00:00\",\"breadcrumb\":{\"@id\":\"https:\/\/patinexclusivo.com\/index.php\/product\/patines-fr-spin-80-rn\/#breadcrumb\"},\"inLanguage\":\"en-US\",\"potentialAction\":[{\"@type\":\"ReadAction\",\"target\":[\"https:\/\/patinexclusivo.com\/index.php\/product\/patines-fr-spin-80-rn\/\"]}]},{\"@type\":\"BreadcrumbList\",\"@id\":\"https:\/\/patinexclusivo.com\/index.php\/product\/patines-fr-spin-80-rn\/#breadcrumb\",\"itemListElement\":[{\"@type\":\"ListItem\",\"position\":1,\"name\":\"Inicio\",\"item\":\"https:\/\/patinexclusivo.com\/\"},{\"@type\":\"ListItem\",\"position\":2,\"name\":\"Shop\",\"item\":\"https:\/\/patinexclusivo.com\/index.php\/shop\/\"},{\"@type\":\"ListItem\",\"position\":3,\"name\":\"Patines FR Spin 80 Rn\"}]},{\"@type\":\"WebSite\",\"@id\":\"https:\/\/patinexclusivo.com\/#website\",\"url\":\"https:\/\/patinexclusivo.com\/\",\"name\":\"Pat\u00edn Exclusivo\",\"description\":\"\ud83d\udefc Rollers SLP: Tu destino #1 para patines en San Luis Potos\u00ed! Encuentra los mejores estilos y marcas \ud83c\udf1f, consejos de expertos \ud83d\udcda y accesorios para patinaje. \u00a1Vis\u00edtanos y rueda con estilo! \ud83c\udf08\u2728\",\"publisher\":{\"@id\":\"https:\/\/patinexclusivo.com\/#organization\"},\"potentialAction\":[{\"@type\":\"SearchAction\",\"target\":{\"@type\":\"EntryPoint\",\"urlTemplate\":\"https:\/\/patinexclusivo.com\/?s={search_term_string}\"},\"query-input\":\"required name=search_term_string\"}],\"inLanguage\":\"en-US\"},{\"@type\":\"Organization\",\"@id\":\"https:\/\/patinexclusivo.com\/#organization\",\"name\":\"Pat\u00edn Exclusivo\",\"url\":\"https:\/\/patinexclusivo.com\/\",\"logo\":{\"@type\":\"ImageObject\",\"inLanguage\":\"en-US\",\"@id\":\"https:\/\/patinexclusivo.com\/#\/schema\/logo\/image\/\",\"url\":\"https:\/\/patinexclusivo.com\/wp-content\/uploads\/2025\/01\/cropped-cropped-WhatsApp-Image-2025-01-29-at-7.00.40-PM.jpeg\",\"contentUrl\":\"https:\/\/patinexclusivo.com\/wp-content\/uploads\/2025\/01\/cropped-cropped-WhatsApp-Image-2025-01-29-at-7.00.40-PM.jpeg\",\"width\":583,\"height\":568,\"caption\":\"Pat\u00edn Exclusivo\"},\"image\":{\"@id\":\"https:\/\/patinexclusivo.com\/#\/schema\/logo\/image\/\"}}]}<\/script>\n<!-- \/ Yoast SEO plugin. -->","yoast_head_json":{"title":"Patines FR Spin 80 Rn - Pat\u00edn Exclusivo","robots":{"index":"index","follow":"follow","max-snippet":"max-snippet:-1","max-image-preview":"max-image-preview:large","max-video-preview":"max-video-preview:-1"},"canonical":"https:\/\/patinexclusivo.com\/index.php\/product\/patines-fr-spin-80-rn\/","og_locale":"en_US","og_type":"article","og_title":"Patines FR Spin 80 Rn - Pat\u00edn Exclusivo","og_description":"SOLO SOBRE PEDIDO  Si buscas un pat\u00edn de freestyle\/slalom sin pagar un precio elevado, FR Skates reconoce esta demanda y ofrece una soluci\u00f3n excelente. Los patines FR Spin 80 son los patines de fibra de carbono de elecci\u00f3n despu\u00e9s de los modelos Igor o Daria.  La bota de fibra de carbono responde como cabr\u00eda esperar: firme, precisa y reactiva. La bota proporciona una plataforma para que el usuario se destaque al realizar trucos sin preocuparse por la \"latencia\" dentro del hardware. El bot\u00edn integrado es c\u00f3modo y brinda soporte. El bloqueo del tal\u00f3n mantiene el pie en su lugar, esencial para una transferencia \u00f3ptima de energ\u00eda. La leng\u00fceta est\u00e1 mejorada para brindar mayor comodidad al flexionarse hacia adelante y realizar giros de punta.  La posici\u00f3n del pu\u00f1o es m\u00e1s baja que la de otros modelos de FR y patines de freestyle en general, lo que ofrece m\u00e1s flexibilidad alrededor del tobillo. Combinados con la bota, los usuarios disfrutar\u00e1n de la combinaci\u00f3n de control y libertad, particularmente en sesiones m\u00e1s largas.  El marco R2-R Rockerable es perfecto para aquellos que reci\u00e9n comienzan su viaje de freestyle\/slalom. El marco utiliza ejes rotacionales, lo que significa que son posibles configuraciones tanto planas como con rocker. Una ventaja de esta caracter\u00edstica es que el pat\u00edn funciona bien como modelo recreativo para pasear cuando se usa en formato plano.  Con ruedas FR de 80 mm y rodamientos Twincam MW9 Freeride, el FR Spin 80 es una excelente opci\u00f3n para patinadores de estilo libre\/slalom que buscan fibra de carbono con un presupuesto m\u00e1s ajustado y que funcionen excepcionalmente bien por el precio.  Consejo sobre la talla Estos patines se ajustan a la talla de calzado habitual. Normalmente, puedes comprar tu talla de calzado habitual.\u00a0","og_url":"https:\/\/patinexclusivo.com\/index.php\/product\/patines-fr-spin-80-rn\/","og_site_name":"Pat\u00edn Exclusivo","article_modified_time":"2024-09-21T01:07:45+00:00","og_image":[{"width":823,"height":823,"url":"https:\/\/patinexclusivo.com\/wp-content\/uploads\/2024\/09\/FR-Skates-Spin-80-Skates.webp","type":"image\/webp"}],"twitter_card":"summary_large_image","twitter_misc":{"Est. reading time":"1 minute"},"schema":{"@context":"https:\/\/schema.org","@graph":[{"@type":"WebPage","@id":"https:\/\/patinexclusivo.com\/index.php\/product\/patines-fr-spin-80-rn\/","url":"https:\/\/patinexclusivo.com\/index.php\/product\/patines-fr-spin-80-rn\/","name":"Patines FR Spin 80 Rn - Pat\u00edn Exclusivo","isPartOf":{"@id":"https:\/\/patinexclusivo.com\/#website"},"datePublished":"2024-09-21T01:07:44+00:00","dateModified":"2024-09-21T01:07:45+00:00","breadcrumb":{"@id":"https:\/\/patinexclusivo.com\/index.php\/product\/patines-fr-spin-80-rn\/#breadcrumb"},"inLanguage":"en-US","potentialAction":[{"@type":"ReadAction","target":["https:\/\/patinexclusivo.com\/index.php\/product\/patines-fr-spin-80-rn\/"]}]},{"@type":"BreadcrumbList","@id":"https:\/\/patinexclusivo.com\/index.php\/product\/patines-fr-spin-80-rn\/#breadcrumb","itemListElement":[{"@type":"ListItem","position":1,"name":"Inicio","item":"https:\/\/patinexclusivo.com\/"},{"@type":"ListItem","position":2,"name":"Shop","item":"https:\/\/patinexclusivo.com\/index.php\/shop\/"},{"@type":"ListItem","position":3,"name":"Patines FR Spin 80 Rn"}]},{"@type":"WebSite","@id":"https:\/\/patinexclusivo.com\/#website","url":"https:\/\/patinexclusivo.com\/","name":"Pat\u00edn Exclusivo","description":"\ud83d\udefc Rollers SLP: Tu destino #1 para patines en San Luis Potos\u00ed! Encuentra los mejores estilos y marcas \ud83c\udf1f, consejos de expertos \ud83d\udcda y accesorios para patinaje. \u00a1Vis\u00edtanos y rueda con estilo! \ud83c\udf08\u2728","publisher":{"@id":"https:\/\/patinexclusivo.com\/#organization"},"potentialAction":[{"@type":"SearchAction","target":{"@type":"EntryPoint","urlTemplate":"https:\/\/patinexclusivo.com\/?s={search_term_string}"},"query-input":"required name=search_term_string"}],"inLanguage":"en-US"},{"@type":"Organization","@id":"https:\/\/patinexclusivo.com\/#organization","name":"Pat\u00edn Exclusivo","url":"https:\/\/patinexclusivo.com\/","logo":{"@type":"ImageObject","inLanguage":"en-US","@id":"https:\/\/patinexclusivo.com\/#\/schema\/logo\/image\/","url":"https:\/\/patinexclusivo.com\/wp-content\/uploads\/2025\/01\/cropped-cropped-WhatsApp-Image-2025-01-29-at-7.00.40-PM.jpeg","contentUrl":"https:\/\/patinexclusivo.com\/wp-content\/uploads\/2025\/01\/cropped-cropped-WhatsApp-Image-2025-01-29-at-7.00.40-PM.jpeg","width":583,"height":568,"caption":"Pat\u00edn Exclusivo"},"image":{"@id":"https:\/\/patinexclusivo.com\/#\/schema\/logo\/image\/"}}]}},"_links":{"self":[{"href":"https:\/\/patinexclusivo.com\/index.php\/wp-json\/wp\/v2\/product\/1720"}],"collection":[{"href":"https:\/\/patinexclusivo.com\/index.php\/wp-json\/wp\/v2\/product"}],"about":[{"href":"https:\/\/patinexclusivo.com\/index.php\/wp-json\/wp\/v2\/types\/product"}],"replies":[{"embeddable":true,"href":"https:\/\/patinexclusivo.com\/index.php\/wp-json\/wp\/v2\/comments?post=1720"}],"version-history":[{"count":1,"href":"https:\/\/patinexclusivo.com\/index.php\/wp-json\/wp\/v2\/product\/1720\/revisions"}],"predecessor-version":[{"id":1722,"href":"https:\/\/patinexclusivo.com\/index.php\/wp-json\/wp\/v2\/product\/1720\/revisions\/1722"}],"wp:featuredmedia":[{"embeddable":true,"href":"https:\/\/patinexclusivo.com\/index.php\/wp-json\/wp\/v2\/media\/1721"}],"wp:attachment":[{"href":"https:\/\/patinexclusivo.com\/index.php\/wp-json\/wp\/v2\/media?parent=1720"}],"wp:term":[{"taxonomy":"product_cat","embeddable":true,"href":"https:\/\/patinexclusivo.com\/index.php\/wp-json\/wp\/v2\/product_cat?post=1720"},{"taxonomy":"product_tag","embeddable":true,"href":"https:\/\/patinexclusivo.com\/index.php\/wp-json\/wp\/v2\/product_tag?post=1720"}],"curies":[{"name":"wp","href":"https:\/\/api.w.org\/{rel}","templated":true}]}}