{"id":1726,"date":"2024-09-21T01:41:02","date_gmt":"2024-09-21T01:41:02","guid":{"rendered":"https:\/\/patinexclusivo.com\/?post_type=product&#038;p=1726"},"modified":"2024-09-21T01:41:02","modified_gmt":"2024-09-21T01:41:02","slug":"patines-en-linea-k2-grid-90-premium-unisex-rn","status":"publish","type":"product","link":"https:\/\/patinexclusivo.com\/index.php\/product\/patines-en-linea-k2-grid-90-premium-unisex-rn\/","title":{"rendered":"Patines en l\u00ednea K2 Grid 90 Premium &#8211; Unisex &#8211; Rn"},"content":{"rendered":"<table class=\"feature-table\">\n<tbody>\n<tr>\n<td><span>Estilo de patinaje:<\/span><\/td>\n<td class=\"feature-table__value\"><span>Urbano \/ Ciudad, Crucero \/ Ocio<\/span><\/td>\n<\/tr>\n<tr>\n<td><span>Tipo de pat\u00edn:<\/span><\/td>\n<td class=\"feature-table__value\"><span>Patines de 4 ruedas, botas r\u00edgidas<\/span><\/td>\n<\/tr>\n<tr>\n<td><span>Material de la bota:<\/span><\/td>\n<td class=\"feature-table__value\"><span>Pl\u00e1stico<\/span><\/td>\n<\/tr>\n<tr>\n<td><span>Cordones:<\/span><\/td>\n<td class=\"feature-table__value\"><span>Est\u00e1ndar<\/span><\/td>\n<\/tr>\n<tr>\n<td><span>Transatl\u00e1ntico:<\/span><\/td>\n<td class=\"feature-table__value\"><span>Intuici\u00f3n K2<\/span><\/td>\n<\/tr>\n<tr>\n<td><span>Almohadilla amortiguadora:<\/span><\/td>\n<td class=\"feature-table__value\"><span>No<\/span><\/td>\n<\/tr>\n<tr>\n<td><span>Marca del marco:<\/span><\/td>\n<td class=\"feature-table__value\"><span>K2<\/span><\/td>\n<\/tr>\n<tr>\n<td><span>Montaje del marco:<\/span><\/td>\n<td class=\"feature-table__value\"><span>Cl\u00e1sico (montura 165)<\/span><\/td>\n<\/tr>\n<tr>\n<td><span>Material del marco:<\/span><\/td>\n<td class=\"feature-table__value\"><span>Aluminio<\/span><\/td>\n<\/tr>\n<tr>\n<td><span>Balanc\u00edn de cuadro:<\/span><\/td>\n<td class=\"feature-table__value\"><span>Plano (sin balanc\u00edn)<\/span><\/td>\n<\/tr>\n<tr>\n<td><span>Ejes:<\/span><\/td>\n<td class=\"feature-table__value\"><span>Velocidad de 8 mm (un eje que se atornilla a la pared del marco)<\/span><\/td>\n<\/tr>\n<tr>\n<td><span>Marca de la rueda:<\/span><\/td>\n<td class=\"feature-table__value\"><span>K2<\/span><\/td>\n<\/tr>\n<tr>\n<td><span>Tama\u00f1o de la rueda:<\/span><\/td>\n<td class=\"feature-table__value\"><span>90 mm<\/span><\/td>\n<\/tr>\n<tr>\n<td><span>Dureza de la rueda:<\/span><\/td>\n<td class=\"feature-table__value\"><span>85a<\/span><\/td>\n<\/tr>\n<tr>\n<td><span>Perfil de la rueda:<\/span><\/td>\n<td class=\"feature-table__value\"><span>Redondo<\/span><\/td>\n<\/tr>\n<tr>\n<td><span>Marca de rodamientos:<\/span><\/td>\n<td class=\"feature-table__value\"><span>C\u00e1mara doble<\/span><\/td>\n<\/tr>\n<tr>\n<td><span>Clasificaci\u00f3n del rodamiento:<\/span><\/td>\n<td class=\"feature-table__value\"><span>ilq 9<\/span><\/td>\n<\/tr>\n<tr>\n<td><span>Freno incluido :<\/span><\/td>\n<td class=\"feature-table__value\"><span>S\u00ed<\/span><\/td>\n<\/tr>\n<\/tbody>\n<\/table>\n<p>Talla 23cm, 24cm, 25cm, 26cm, 27cm, 28cm, 28.5cm, 29.5cm<\/p>\n","protected":false},"excerpt":{"rendered":"<p>SOLO SOBRE PEDIDO<\/p>\n<p><span>Presentamos los nuevos Grid 90. Equipados con caracter\u00edsticas de tecnolog\u00eda avanzada y un dise\u00f1o elegante, los patines de bota r\u00edgida Grid 90 de K2 est\u00e1n dise\u00f1ados para ofrecer un rendimiento, una comodidad y un control superiores para el patinador avanzado.<\/span><\/p>\n<p><span>El Grid 90 cuenta con una carcasa y una ca\u00f1a de nailon que brindan una sensaci\u00f3n de rigidez y capacidad de respuesta, al mismo tiempo que absorben las vibraciones para brindar comodidad durante sesiones prolongadas. El sistema de ventilaci\u00f3n con canal de aire Vortech integrado garantiza que tus pies se mantengan frescos, sin importar la intensidad de tu patinaje.<\/span><\/p>\n<p><span>La funci\u00f3n Flex Lock ofrece un soporte ajustable y un rango de movimiento mejorado, lo que te permite adaptar los patines a tu estilo y preferencias. El bloque de montaje de aluminio proporciona una conexi\u00f3n sensible a la carcasa, y los ajustes de 3 mm hacia adelante y hacia atr\u00e1s del marco te permiten ajustar el ajuste para un rendimiento \u00f3ptimo.<\/span><\/p>\n<p><span>Personaliza el ajuste f\u00e1cilmente con correas de trinquete ajustables en el empeine, lo que garantiza que los patines se adapten perfectamente a tus pies. Los marcos de balanc\u00edn natural prefabricados, ligeros, r\u00edgidos, extruidos y mecanizados con CNC logran el equilibrio ideal entre maniobrabilidad y estabilidad. Junto con ruedas 85A de 90 mm de alta energ\u00eda y cojinetes ILQ9, los Grid 90 garantizan una conducci\u00f3n suave y r\u00e1pida.<\/span><\/p>\n<p><span>Hunda sus pies en el revestimiento Intuition moldeable por calor (un peque\u00f1o golpe, por cierto, si nos sigue) con el exclusivo sistema de cordones K2 Speed \u200b\u200bLacing, que incluye una cu\u00f1a de tal\u00f3n que absorbe los impactos para mantener sus pies c\u00f3modos y bien sujetos durante sus sesiones de patinaje.<\/span><\/p>\n<p><strong>Consejo sobre talla: <span>este pat\u00edn se ajusta al tama\u00f1o real.<\/span><\/strong><\/p>\n","protected":false},"featured_media":1727,"comment_status":"open","ping_status":"closed","template":"","meta":{"rop_custom_images_group":[],"rop_custom_messages_group":[],"rop_publish_now":"initial","rop_publish_now_accounts":[],"rop_publish_now_history":[],"rop_publish_now_status":"pending"},"product_cat":[34,74],"product_tag":[],"class_list":{"0":"post-1726","1":"product","2":"type-product","3":"status-publish","4":"has-post-thumbnail","6":"product_cat-freeskate","7":"product_cat-freestyle","8":"post","10":"first","11":"instock","12":"shipping-taxable","13":"purchasable","14":"product-type-simple"},"yoast_head":"<!-- This site is optimized with the Yoast SEO plugin v21.9.1 - https:\/\/yoast.com\/wordpress\/plugins\/seo\/ -->\n<title>Patines en l\u00ednea K2 Grid 90 Premium - Unisex - Rn - Pat\u00edn Exclusivo<\/title>\n<meta name=\"robots\" content=\"index, follow, max-snippet:-1, max-image-preview:large, max-video-preview:-1\" \/>\n<link rel=\"canonical\" href=\"https:\/\/patinexclusivo.com\/index.php\/product\/patines-en-linea-k2-grid-90-premium-unisex-rn\/\" \/>\n<meta property=\"og:locale\" content=\"en_US\" \/>\n<meta property=\"og:type\" content=\"article\" \/>\n<meta property=\"og:title\" content=\"Patines en l\u00ednea K2 Grid 90 Premium - Unisex - Rn - Pat\u00edn Exclusivo\" \/>\n<meta property=\"og:description\" content=\"SOLO SOBRE PEDIDO  Presentamos los nuevos Grid 90. Equipados con caracter\u00edsticas de tecnolog\u00eda avanzada y un dise\u00f1o elegante, los patines de bota r\u00edgida Grid 90 de K2 est\u00e1n dise\u00f1ados para ofrecer un rendimiento, una comodidad y un control superiores para el patinador avanzado.  El Grid 90 cuenta con una carcasa y una ca\u00f1a de nailon que brindan una sensaci\u00f3n de rigidez y capacidad de respuesta, al mismo tiempo que absorben las vibraciones para brindar comodidad durante sesiones prolongadas. El sistema de ventilaci\u00f3n con canal de aire Vortech integrado garantiza que tus pies se mantengan frescos, sin importar la intensidad de tu patinaje.  La funci\u00f3n Flex Lock ofrece un soporte ajustable y un rango de movimiento mejorado, lo que te permite adaptar los patines a tu estilo y preferencias. El bloque de montaje de aluminio proporciona una conexi\u00f3n sensible a la carcasa, y los ajustes de 3 mm hacia adelante y hacia atr\u00e1s del marco te permiten ajustar el ajuste para un rendimiento \u00f3ptimo.  Personaliza el ajuste f\u00e1cilmente con correas de trinquete ajustables en el empeine, lo que garantiza que los patines se adapten perfectamente a tus pies. Los marcos de balanc\u00edn natural prefabricados, ligeros, r\u00edgidos, extruidos y mecanizados con CNC logran el equilibrio ideal entre maniobrabilidad y estabilidad. Junto con ruedas 85A de 90 mm de alta energ\u00eda y cojinetes ILQ9, los Grid 90 garantizan una conducci\u00f3n suave y r\u00e1pida.  Hunda sus pies en el revestimiento Intuition moldeable por calor (un peque\u00f1o golpe, por cierto, si nos sigue) con el exclusivo sistema de cordones K2 Speed \u200b\u200bLacing, que incluye una cu\u00f1a de tal\u00f3n que absorbe los impactos para mantener sus pies c\u00f3modos y bien sujetos durante sus sesiones de patinaje.  Consejo sobre talla: este pat\u00edn se ajusta al tama\u00f1o real.\" \/>\n<meta property=\"og:url\" content=\"https:\/\/patinexclusivo.com\/index.php\/product\/patines-en-linea-k2-grid-90-premium-unisex-rn\/\" \/>\n<meta property=\"og:site_name\" content=\"Pat\u00edn Exclusivo\" \/>\n<meta property=\"og:image\" content=\"https:\/\/patinexclusivo.com\/wp-content\/uploads\/2024\/09\/K2-GRID-90-0829.webp\" \/>\n\t<meta property=\"og:image:width\" content=\"823\" \/>\n\t<meta property=\"og:image:height\" content=\"823\" \/>\n\t<meta property=\"og:image:type\" content=\"image\/webp\" \/>\n<meta name=\"twitter:card\" content=\"summary_large_image\" \/>\n<meta name=\"twitter:label1\" content=\"Est. reading time\" \/>\n\t<meta name=\"twitter:data1\" content=\"1 minute\" \/>\n<script type=\"application\/ld+json\" class=\"yoast-schema-graph\">{\"@context\":\"https:\/\/schema.org\",\"@graph\":[{\"@type\":\"WebPage\",\"@id\":\"https:\/\/patinexclusivo.com\/index.php\/product\/patines-en-linea-k2-grid-90-premium-unisex-rn\/\",\"url\":\"https:\/\/patinexclusivo.com\/index.php\/product\/patines-en-linea-k2-grid-90-premium-unisex-rn\/\",\"name\":\"Patines en l\u00ednea K2 Grid 90 Premium - Unisex - Rn - Pat\u00edn Exclusivo\",\"isPartOf\":{\"@id\":\"https:\/\/patinexclusivo.com\/#website\"},\"datePublished\":\"2024-09-21T01:41:02+00:00\",\"dateModified\":\"2024-09-21T01:41:02+00:00\",\"breadcrumb\":{\"@id\":\"https:\/\/patinexclusivo.com\/index.php\/product\/patines-en-linea-k2-grid-90-premium-unisex-rn\/#breadcrumb\"},\"inLanguage\":\"en-US\",\"potentialAction\":[{\"@type\":\"ReadAction\",\"target\":[\"https:\/\/patinexclusivo.com\/index.php\/product\/patines-en-linea-k2-grid-90-premium-unisex-rn\/\"]}]},{\"@type\":\"BreadcrumbList\",\"@id\":\"https:\/\/patinexclusivo.com\/index.php\/product\/patines-en-linea-k2-grid-90-premium-unisex-rn\/#breadcrumb\",\"itemListElement\":[{\"@type\":\"ListItem\",\"position\":1,\"name\":\"Inicio\",\"item\":\"https:\/\/patinexclusivo.com\/\"},{\"@type\":\"ListItem\",\"position\":2,\"name\":\"Shop\",\"item\":\"https:\/\/patinexclusivo.com\/index.php\/shop\/\"},{\"@type\":\"ListItem\",\"position\":3,\"name\":\"Patines en l\u00ednea K2 Grid 90 Premium &#8211; Unisex &#8211; Rn\"}]},{\"@type\":\"WebSite\",\"@id\":\"https:\/\/patinexclusivo.com\/#website\",\"url\":\"https:\/\/patinexclusivo.com\/\",\"name\":\"Pat\u00edn Exclusivo\",\"description\":\"\ud83d\udefc Rollers SLP: Tu destino #1 para patines en San Luis Potos\u00ed! Encuentra los mejores estilos y marcas \ud83c\udf1f, consejos de expertos \ud83d\udcda y accesorios para patinaje. \u00a1Vis\u00edtanos y rueda con estilo! \ud83c\udf08\u2728\",\"publisher\":{\"@id\":\"https:\/\/patinexclusivo.com\/#organization\"},\"potentialAction\":[{\"@type\":\"SearchAction\",\"target\":{\"@type\":\"EntryPoint\",\"urlTemplate\":\"https:\/\/patinexclusivo.com\/?s={search_term_string}\"},\"query-input\":\"required name=search_term_string\"}],\"inLanguage\":\"en-US\"},{\"@type\":\"Organization\",\"@id\":\"https:\/\/patinexclusivo.com\/#organization\",\"name\":\"Pat\u00edn Exclusivo\",\"url\":\"https:\/\/patinexclusivo.com\/\",\"logo\":{\"@type\":\"ImageObject\",\"inLanguage\":\"en-US\",\"@id\":\"https:\/\/patinexclusivo.com\/#\/schema\/logo\/image\/\",\"url\":\"https:\/\/patinexclusivo.com\/wp-content\/uploads\/2025\/01\/cropped-cropped-WhatsApp-Image-2025-01-29-at-7.00.40-PM.jpeg\",\"contentUrl\":\"https:\/\/patinexclusivo.com\/wp-content\/uploads\/2025\/01\/cropped-cropped-WhatsApp-Image-2025-01-29-at-7.00.40-PM.jpeg\",\"width\":583,\"height\":568,\"caption\":\"Pat\u00edn Exclusivo\"},\"image\":{\"@id\":\"https:\/\/patinexclusivo.com\/#\/schema\/logo\/image\/\"}}]}<\/script>\n<!-- \/ Yoast SEO plugin. -->","yoast_head_json":{"title":"Patines en l\u00ednea K2 Grid 90 Premium - Unisex - Rn - Pat\u00edn Exclusivo","robots":{"index":"index","follow":"follow","max-snippet":"max-snippet:-1","max-image-preview":"max-image-preview:large","max-video-preview":"max-video-preview:-1"},"canonical":"https:\/\/patinexclusivo.com\/index.php\/product\/patines-en-linea-k2-grid-90-premium-unisex-rn\/","og_locale":"en_US","og_type":"article","og_title":"Patines en l\u00ednea K2 Grid 90 Premium - Unisex - Rn - Pat\u00edn Exclusivo","og_description":"SOLO SOBRE PEDIDO  Presentamos los nuevos Grid 90. Equipados con caracter\u00edsticas de tecnolog\u00eda avanzada y un dise\u00f1o elegante, los patines de bota r\u00edgida Grid 90 de K2 est\u00e1n dise\u00f1ados para ofrecer un rendimiento, una comodidad y un control superiores para el patinador avanzado.  El Grid 90 cuenta con una carcasa y una ca\u00f1a de nailon que brindan una sensaci\u00f3n de rigidez y capacidad de respuesta, al mismo tiempo que absorben las vibraciones para brindar comodidad durante sesiones prolongadas. El sistema de ventilaci\u00f3n con canal de aire Vortech integrado garantiza que tus pies se mantengan frescos, sin importar la intensidad de tu patinaje.  La funci\u00f3n Flex Lock ofrece un soporte ajustable y un rango de movimiento mejorado, lo que te permite adaptar los patines a tu estilo y preferencias. El bloque de montaje de aluminio proporciona una conexi\u00f3n sensible a la carcasa, y los ajustes de 3 mm hacia adelante y hacia atr\u00e1s del marco te permiten ajustar el ajuste para un rendimiento \u00f3ptimo.  Personaliza el ajuste f\u00e1cilmente con correas de trinquete ajustables en el empeine, lo que garantiza que los patines se adapten perfectamente a tus pies. Los marcos de balanc\u00edn natural prefabricados, ligeros, r\u00edgidos, extruidos y mecanizados con CNC logran el equilibrio ideal entre maniobrabilidad y estabilidad. Junto con ruedas 85A de 90 mm de alta energ\u00eda y cojinetes ILQ9, los Grid 90 garantizan una conducci\u00f3n suave y r\u00e1pida.  Hunda sus pies en el revestimiento Intuition moldeable por calor (un peque\u00f1o golpe, por cierto, si nos sigue) con el exclusivo sistema de cordones K2 Speed \u200b\u200bLacing, que incluye una cu\u00f1a de tal\u00f3n que absorbe los impactos para mantener sus pies c\u00f3modos y bien sujetos durante sus sesiones de patinaje.  Consejo sobre talla: este pat\u00edn se ajusta al tama\u00f1o real.","og_url":"https:\/\/patinexclusivo.com\/index.php\/product\/patines-en-linea-k2-grid-90-premium-unisex-rn\/","og_site_name":"Pat\u00edn Exclusivo","og_image":[{"width":823,"height":823,"url":"https:\/\/patinexclusivo.com\/wp-content\/uploads\/2024\/09\/K2-GRID-90-0829.webp","type":"image\/webp"}],"twitter_card":"summary_large_image","twitter_misc":{"Est. reading time":"1 minute"},"schema":{"@context":"https:\/\/schema.org","@graph":[{"@type":"WebPage","@id":"https:\/\/patinexclusivo.com\/index.php\/product\/patines-en-linea-k2-grid-90-premium-unisex-rn\/","url":"https:\/\/patinexclusivo.com\/index.php\/product\/patines-en-linea-k2-grid-90-premium-unisex-rn\/","name":"Patines en l\u00ednea K2 Grid 90 Premium - Unisex - Rn - Pat\u00edn Exclusivo","isPartOf":{"@id":"https:\/\/patinexclusivo.com\/#website"},"datePublished":"2024-09-21T01:41:02+00:00","dateModified":"2024-09-21T01:41:02+00:00","breadcrumb":{"@id":"https:\/\/patinexclusivo.com\/index.php\/product\/patines-en-linea-k2-grid-90-premium-unisex-rn\/#breadcrumb"},"inLanguage":"en-US","potentialAction":[{"@type":"ReadAction","target":["https:\/\/patinexclusivo.com\/index.php\/product\/patines-en-linea-k2-grid-90-premium-unisex-rn\/"]}]},{"@type":"BreadcrumbList","@id":"https:\/\/patinexclusivo.com\/index.php\/product\/patines-en-linea-k2-grid-90-premium-unisex-rn\/#breadcrumb","itemListElement":[{"@type":"ListItem","position":1,"name":"Inicio","item":"https:\/\/patinexclusivo.com\/"},{"@type":"ListItem","position":2,"name":"Shop","item":"https:\/\/patinexclusivo.com\/index.php\/shop\/"},{"@type":"ListItem","position":3,"name":"Patines en l\u00ednea K2 Grid 90 Premium &#8211; Unisex &#8211; Rn"}]},{"@type":"WebSite","@id":"https:\/\/patinexclusivo.com\/#website","url":"https:\/\/patinexclusivo.com\/","name":"Pat\u00edn Exclusivo","description":"\ud83d\udefc Rollers SLP: Tu destino #1 para patines en San Luis Potos\u00ed! Encuentra los mejores estilos y marcas \ud83c\udf1f, consejos de expertos \ud83d\udcda y accesorios para patinaje. \u00a1Vis\u00edtanos y rueda con estilo! \ud83c\udf08\u2728","publisher":{"@id":"https:\/\/patinexclusivo.com\/#organization"},"potentialAction":[{"@type":"SearchAction","target":{"@type":"EntryPoint","urlTemplate":"https:\/\/patinexclusivo.com\/?s={search_term_string}"},"query-input":"required name=search_term_string"}],"inLanguage":"en-US"},{"@type":"Organization","@id":"https:\/\/patinexclusivo.com\/#organization","name":"Pat\u00edn Exclusivo","url":"https:\/\/patinexclusivo.com\/","logo":{"@type":"ImageObject","inLanguage":"en-US","@id":"https:\/\/patinexclusivo.com\/#\/schema\/logo\/image\/","url":"https:\/\/patinexclusivo.com\/wp-content\/uploads\/2025\/01\/cropped-cropped-WhatsApp-Image-2025-01-29-at-7.00.40-PM.jpeg","contentUrl":"https:\/\/patinexclusivo.com\/wp-content\/uploads\/2025\/01\/cropped-cropped-WhatsApp-Image-2025-01-29-at-7.00.40-PM.jpeg","width":583,"height":568,"caption":"Pat\u00edn Exclusivo"},"image":{"@id":"https:\/\/patinexclusivo.com\/#\/schema\/logo\/image\/"}}]}},"_links":{"self":[{"href":"https:\/\/patinexclusivo.com\/index.php\/wp-json\/wp\/v2\/product\/1726"}],"collection":[{"href":"https:\/\/patinexclusivo.com\/index.php\/wp-json\/wp\/v2\/product"}],"about":[{"href":"https:\/\/patinexclusivo.com\/index.php\/wp-json\/wp\/v2\/types\/product"}],"replies":[{"embeddable":true,"href":"https:\/\/patinexclusivo.com\/index.php\/wp-json\/wp\/v2\/comments?post=1726"}],"version-history":[{"count":1,"href":"https:\/\/patinexclusivo.com\/index.php\/wp-json\/wp\/v2\/product\/1726\/revisions"}],"predecessor-version":[{"id":1728,"href":"https:\/\/patinexclusivo.com\/index.php\/wp-json\/wp\/v2\/product\/1726\/revisions\/1728"}],"wp:featuredmedia":[{"embeddable":true,"href":"https:\/\/patinexclusivo.com\/index.php\/wp-json\/wp\/v2\/media\/1727"}],"wp:attachment":[{"href":"https:\/\/patinexclusivo.com\/index.php\/wp-json\/wp\/v2\/media?parent=1726"}],"wp:term":[{"taxonomy":"product_cat","embeddable":true,"href":"https:\/\/patinexclusivo.com\/index.php\/wp-json\/wp\/v2\/product_cat?post=1726"},{"taxonomy":"product_tag","embeddable":true,"href":"https:\/\/patinexclusivo.com\/index.php\/wp-json\/wp\/v2\/product_tag?post=1726"}],"curies":[{"name":"wp","href":"https:\/\/api.w.org\/{rel}","templated":true}]}}