{"id":1735,"date":"2024-09-21T04:16:47","date_gmt":"2024-09-21T04:16:47","guid":{"rendered":"https:\/\/patinexclusivo.com\/?post_type=product&#038;p=1735"},"modified":"2024-09-21T04:16:48","modified_gmt":"2024-09-21T04:16:48","slug":"patines-en-linea-impala-lightspeed-rn","status":"publish","type":"product","link":"https:\/\/patinexclusivo.com\/index.php\/product\/patines-en-linea-impala-lightspeed-rn\/","title":{"rendered":"Patines en l\u00ednea Impala Lightspeed Rn"},"content":{"rendered":"<table class=\"feature-table\">\n<tbody>\n<tr>\n<td><span>Estilo de patinaje:<\/span><\/td>\n<td class=\"feature-table__value\"><span>Crucero \/ Ocio<\/span><\/td>\n<\/tr>\n<tr>\n<td><span>Tipo de pat\u00edn:<\/span><\/td>\n<td class=\"feature-table__value\"><span>Patines de 4 ruedas con bota dura<\/span><\/td>\n<\/tr>\n<tr>\n<td><span>Material de la bota:<\/span><\/td>\n<td class=\"feature-table__value\"><span>Pl\u00e1stico<\/span><\/td>\n<\/tr>\n<tr>\n<td><span>Cordones:<\/span><\/td>\n<td class=\"feature-table__value\"><span>Est\u00e1ndar<\/span><\/td>\n<\/tr>\n<tr>\n<td><span>Transatl\u00e1ntico:<\/span><\/td>\n<td class=\"feature-table__value\"><span>Existencias<\/span><\/td>\n<\/tr>\n<tr>\n<td><span>Almohadilla amortiguadora:<\/span><\/td>\n<td class=\"feature-table__value\"><span>No<\/span><\/td>\n<\/tr>\n<tr>\n<td><span>Marca del marco:<\/span><\/td>\n<td class=\"feature-table__value\"><span>Impala<\/span><\/td>\n<\/tr>\n<tr>\n<td><span>Montaje del marco:<\/span><\/td>\n<td class=\"feature-table__value\"><span>Marcos fijos<\/span><\/td>\n<\/tr>\n<tr>\n<td><span>Material del marco:<\/span><\/td>\n<td class=\"feature-table__value\"><span>Pl\u00e1stico<\/span><\/td>\n<\/tr>\n<tr>\n<td><span>Balanc\u00edn de cuadro:<\/span><\/td>\n<td class=\"feature-table__value\"><span>Plano (sin balanc\u00edn)<\/span><\/td>\n<\/tr>\n<tr>\n<td><span>Ejes:<\/span><\/td>\n<td class=\"feature-table__value\"><span>Est\u00e1ndar de 6 mm (macho\/hembra)<\/span><\/td>\n<\/tr>\n<tr>\n<td><span>Marca de la rueda:<\/span><\/td>\n<td class=\"feature-table__value\"><span>Impala<\/span><\/td>\n<\/tr>\n<tr>\n<td><span>Tama\u00f1o de la rueda:<\/span><\/td>\n<td class=\"feature-table__value\"><span>70 mm<\/span><\/td>\n<\/tr>\n<tr>\n<td><span>Dureza de la rueda:<\/span><\/td>\n<td class=\"feature-table__value\"><span>80a<\/span><\/td>\n<\/tr>\n<tr>\n<td><span>Perfil de la rueda:<\/span><\/td>\n<td class=\"feature-table__value\"><span>Redondo<\/span><\/td>\n<\/tr>\n<tr>\n<td><span>Marca de rodamientos:<\/span><\/td>\n<td class=\"feature-table__value\"><span>No especificado<\/span><\/td>\n<\/tr>\n<tr>\n<td><span>Clasificaci\u00f3n del rodamiento:<\/span><\/td>\n<td class=\"feature-table__value\"><span>Abec 7<\/span><\/td>\n<\/tr>\n<tr>\n<td><span>Freno incluido :<\/span><\/td>\n<td class=\"feature-table__value\"><span>S\u00ed<\/span><\/td>\n<\/tr>\n<\/tbody>\n<\/table>\n<p>Talla 23cm, 24cm, 25cm, 26cm, 27cm, 27.5cm, 29.5cm<\/p>\n","protected":false},"excerpt":{"rendered":"<p>SOLO SOBRE PEDIDO<\/p>\n<p><span>s patines en l\u00ednea Impala son lo m\u00e1s retro que existe. Si est\u00e1s tratando de revivir esos d\u00edas de verano de mediados de los noventa sobre patines, estos son tus Jam. La carcasa del pat\u00edn utiliza el infame molde &#8220;Cult&#8221;, que se ha utilizado en muchos modelos de patines agresivos (de acrobacias) a lo largo de los a\u00f1os, por lo que est\u00e1 totalmente calificado para resistir una paliza. Los patines Impala Lightspeed, reciclados y renovados, est\u00e1n bien equipados para el patinador de 2022 que quiera agregar un toque de nostalgia a su andar.<\/span><\/p>\n<p><span>\u00bfA qu\u00e9 esperas? Ponte tus vaqueros holgados, una gargantilla y Jagged Little Pill en tu Discman&#8230;<\/span><\/p>\n<ul>\n<li><span>Listo para patinar, no requiere rodaje<\/span><\/li>\n<li><span>Bota exterior de pl\u00e1stico duradero con forro acolchado, c\u00f3modo y transpirable.<\/span><\/li>\n<li><span>Combinaci\u00f3n de hebilla y cordones de f\u00e1cil acceso para ruedas de 70 mm y 80 A (tambi\u00e9n se adapta a ruedas de 72 mm)<\/span><\/li>\n<li><span>Rodamientos ABEC-7<\/span><\/li>\n<li><span>Freno de tal\u00f3n opcional y dos llaves Allen incluidas.<\/span><\/li>\n<li><span>Las ruedas vienen con alineaci\u00f3n recta, se pueden ajustar para que se puedan balancear.<\/span><\/li>\n<\/ul>\n<p>Consejo sobre talla es importante investigar bien tu talla en cuanto medicion del pie ya que varian mucho estas tallas.<\/p>\n","protected":false},"featured_media":1736,"comment_status":"open","ping_status":"closed","template":"","meta":{"rop_custom_images_group":[],"rop_custom_messages_group":[],"rop_publish_now":"initial","rop_publish_now_accounts":[],"rop_publish_now_history":[],"rop_publish_now_status":"pending"},"product_cat":[34],"product_tag":[],"class_list":{"0":"post-1735","1":"product","2":"type-product","3":"status-publish","4":"has-post-thumbnail","6":"product_cat-freeskate","7":"post","9":"first","10":"instock","11":"shipping-taxable","12":"purchasable","13":"product-type-simple"},"yoast_head":"<!-- This site is optimized with the Yoast SEO plugin v21.9.1 - https:\/\/yoast.com\/wordpress\/plugins\/seo\/ -->\n<title>Patines en l\u00ednea Impala Lightspeed Rn - Pat\u00edn Exclusivo<\/title>\n<meta name=\"robots\" content=\"index, follow, max-snippet:-1, max-image-preview:large, max-video-preview:-1\" \/>\n<link rel=\"canonical\" href=\"https:\/\/patinexclusivo.com\/index.php\/product\/patines-en-linea-impala-lightspeed-rn\/\" \/>\n<meta property=\"og:locale\" content=\"en_US\" \/>\n<meta property=\"og:type\" content=\"article\" \/>\n<meta property=\"og:title\" content=\"Patines en l\u00ednea Impala Lightspeed Rn - Pat\u00edn Exclusivo\" \/>\n<meta property=\"og:description\" content=\"SOLO SOBRE PEDIDO  s patines en l\u00ednea Impala son lo m\u00e1s retro que existe. Si est\u00e1s tratando de revivir esos d\u00edas de verano de mediados de los noventa sobre patines, estos son tus Jam. La carcasa del pat\u00edn utiliza el infame molde &quot;Cult&quot;, que se ha utilizado en muchos modelos de patines agresivos (de acrobacias) a lo largo de los a\u00f1os, por lo que est\u00e1 totalmente calificado para resistir una paliza. Los patines Impala Lightspeed, reciclados y renovados, est\u00e1n bien equipados para el patinador de 2022 que quiera agregar un toque de nostalgia a su andar.  \u00bfA qu\u00e9 esperas? Ponte tus vaqueros holgados, una gargantilla y Jagged Little Pill en tu Discman...   Listo para patinar, no requiere rodaje  Bota exterior de pl\u00e1stico duradero con forro acolchado, c\u00f3modo y transpirable.  Combinaci\u00f3n de hebilla y cordones de f\u00e1cil acceso para ruedas de 70 mm y 80 A (tambi\u00e9n se adapta a ruedas de 72 mm)  Rodamientos ABEC-7  Freno de tal\u00f3n opcional y dos llaves Allen incluidas.  Las ruedas vienen con alineaci\u00f3n recta, se pueden ajustar para que se puedan balancear.  Consejo sobre talla es importante investigar bien tu talla en cuanto medicion del pie ya que varian mucho estas tallas.\" \/>\n<meta property=\"og:url\" content=\"https:\/\/patinexclusivo.com\/index.php\/product\/patines-en-linea-impala-lightspeed-rn\/\" \/>\n<meta property=\"og:site_name\" content=\"Pat\u00edn Exclusivo\" \/>\n<meta property=\"article:modified_time\" content=\"2024-09-21T04:16:48+00:00\" \/>\n<meta property=\"og:image\" content=\"https:\/\/patinexclusivo.com\/wp-content\/uploads\/2024\/09\/Impala-Pink-Black.webp\" \/>\n\t<meta property=\"og:image:width\" content=\"823\" \/>\n\t<meta property=\"og:image:height\" content=\"823\" \/>\n\t<meta property=\"og:image:type\" content=\"image\/webp\" \/>\n<meta name=\"twitter:card\" content=\"summary_large_image\" \/>\n<meta name=\"twitter:label1\" content=\"Est. reading time\" \/>\n\t<meta name=\"twitter:data1\" content=\"1 minute\" \/>\n<script type=\"application\/ld+json\" class=\"yoast-schema-graph\">{\"@context\":\"https:\/\/schema.org\",\"@graph\":[{\"@type\":\"WebPage\",\"@id\":\"https:\/\/patinexclusivo.com\/index.php\/product\/patines-en-linea-impala-lightspeed-rn\/\",\"url\":\"https:\/\/patinexclusivo.com\/index.php\/product\/patines-en-linea-impala-lightspeed-rn\/\",\"name\":\"Patines en l\u00ednea Impala Lightspeed Rn - Pat\u00edn Exclusivo\",\"isPartOf\":{\"@id\":\"https:\/\/patinexclusivo.com\/#website\"},\"datePublished\":\"2024-09-21T04:16:47+00:00\",\"dateModified\":\"2024-09-21T04:16:48+00:00\",\"breadcrumb\":{\"@id\":\"https:\/\/patinexclusivo.com\/index.php\/product\/patines-en-linea-impala-lightspeed-rn\/#breadcrumb\"},\"inLanguage\":\"en-US\",\"potentialAction\":[{\"@type\":\"ReadAction\",\"target\":[\"https:\/\/patinexclusivo.com\/index.php\/product\/patines-en-linea-impala-lightspeed-rn\/\"]}]},{\"@type\":\"BreadcrumbList\",\"@id\":\"https:\/\/patinexclusivo.com\/index.php\/product\/patines-en-linea-impala-lightspeed-rn\/#breadcrumb\",\"itemListElement\":[{\"@type\":\"ListItem\",\"position\":1,\"name\":\"Inicio\",\"item\":\"https:\/\/patinexclusivo.com\/\"},{\"@type\":\"ListItem\",\"position\":2,\"name\":\"Shop\",\"item\":\"https:\/\/patinexclusivo.com\/index.php\/shop\/\"},{\"@type\":\"ListItem\",\"position\":3,\"name\":\"Patines en l\u00ednea Impala Lightspeed Rn\"}]},{\"@type\":\"WebSite\",\"@id\":\"https:\/\/patinexclusivo.com\/#website\",\"url\":\"https:\/\/patinexclusivo.com\/\",\"name\":\"Pat\u00edn Exclusivo\",\"description\":\"\ud83d\udefc Rollers SLP: Tu destino #1 para patines en San Luis Potos\u00ed! Encuentra los mejores estilos y marcas \ud83c\udf1f, consejos de expertos \ud83d\udcda y accesorios para patinaje. \u00a1Vis\u00edtanos y rueda con estilo! \ud83c\udf08\u2728\",\"publisher\":{\"@id\":\"https:\/\/patinexclusivo.com\/#organization\"},\"potentialAction\":[{\"@type\":\"SearchAction\",\"target\":{\"@type\":\"EntryPoint\",\"urlTemplate\":\"https:\/\/patinexclusivo.com\/?s={search_term_string}\"},\"query-input\":\"required name=search_term_string\"}],\"inLanguage\":\"en-US\"},{\"@type\":\"Organization\",\"@id\":\"https:\/\/patinexclusivo.com\/#organization\",\"name\":\"Pat\u00edn Exclusivo\",\"url\":\"https:\/\/patinexclusivo.com\/\",\"logo\":{\"@type\":\"ImageObject\",\"inLanguage\":\"en-US\",\"@id\":\"https:\/\/patinexclusivo.com\/#\/schema\/logo\/image\/\",\"url\":\"https:\/\/patinexclusivo.com\/wp-content\/uploads\/2025\/01\/cropped-cropped-WhatsApp-Image-2025-01-29-at-7.00.40-PM.jpeg\",\"contentUrl\":\"https:\/\/patinexclusivo.com\/wp-content\/uploads\/2025\/01\/cropped-cropped-WhatsApp-Image-2025-01-29-at-7.00.40-PM.jpeg\",\"width\":583,\"height\":568,\"caption\":\"Pat\u00edn Exclusivo\"},\"image\":{\"@id\":\"https:\/\/patinexclusivo.com\/#\/schema\/logo\/image\/\"}}]}<\/script>\n<!-- \/ Yoast SEO plugin. -->","yoast_head_json":{"title":"Patines en l\u00ednea Impala Lightspeed Rn - Pat\u00edn Exclusivo","robots":{"index":"index","follow":"follow","max-snippet":"max-snippet:-1","max-image-preview":"max-image-preview:large","max-video-preview":"max-video-preview:-1"},"canonical":"https:\/\/patinexclusivo.com\/index.php\/product\/patines-en-linea-impala-lightspeed-rn\/","og_locale":"en_US","og_type":"article","og_title":"Patines en l\u00ednea Impala Lightspeed Rn - Pat\u00edn Exclusivo","og_description":"SOLO SOBRE PEDIDO  s patines en l\u00ednea Impala son lo m\u00e1s retro que existe. Si est\u00e1s tratando de revivir esos d\u00edas de verano de mediados de los noventa sobre patines, estos son tus Jam. La carcasa del pat\u00edn utiliza el infame molde \"Cult\", que se ha utilizado en muchos modelos de patines agresivos (de acrobacias) a lo largo de los a\u00f1os, por lo que est\u00e1 totalmente calificado para resistir una paliza. Los patines Impala Lightspeed, reciclados y renovados, est\u00e1n bien equipados para el patinador de 2022 que quiera agregar un toque de nostalgia a su andar.  \u00bfA qu\u00e9 esperas? Ponte tus vaqueros holgados, una gargantilla y Jagged Little Pill en tu Discman...   Listo para patinar, no requiere rodaje  Bota exterior de pl\u00e1stico duradero con forro acolchado, c\u00f3modo y transpirable.  Combinaci\u00f3n de hebilla y cordones de f\u00e1cil acceso para ruedas de 70 mm y 80 A (tambi\u00e9n se adapta a ruedas de 72 mm)  Rodamientos ABEC-7  Freno de tal\u00f3n opcional y dos llaves Allen incluidas.  Las ruedas vienen con alineaci\u00f3n recta, se pueden ajustar para que se puedan balancear.  Consejo sobre talla es importante investigar bien tu talla en cuanto medicion del pie ya que varian mucho estas tallas.","og_url":"https:\/\/patinexclusivo.com\/index.php\/product\/patines-en-linea-impala-lightspeed-rn\/","og_site_name":"Pat\u00edn Exclusivo","article_modified_time":"2024-09-21T04:16:48+00:00","og_image":[{"width":823,"height":823,"url":"https:\/\/patinexclusivo.com\/wp-content\/uploads\/2024\/09\/Impala-Pink-Black.webp","type":"image\/webp"}],"twitter_card":"summary_large_image","twitter_misc":{"Est. reading time":"1 minute"},"schema":{"@context":"https:\/\/schema.org","@graph":[{"@type":"WebPage","@id":"https:\/\/patinexclusivo.com\/index.php\/product\/patines-en-linea-impala-lightspeed-rn\/","url":"https:\/\/patinexclusivo.com\/index.php\/product\/patines-en-linea-impala-lightspeed-rn\/","name":"Patines en l\u00ednea Impala Lightspeed Rn - Pat\u00edn Exclusivo","isPartOf":{"@id":"https:\/\/patinexclusivo.com\/#website"},"datePublished":"2024-09-21T04:16:47+00:00","dateModified":"2024-09-21T04:16:48+00:00","breadcrumb":{"@id":"https:\/\/patinexclusivo.com\/index.php\/product\/patines-en-linea-impala-lightspeed-rn\/#breadcrumb"},"inLanguage":"en-US","potentialAction":[{"@type":"ReadAction","target":["https:\/\/patinexclusivo.com\/index.php\/product\/patines-en-linea-impala-lightspeed-rn\/"]}]},{"@type":"BreadcrumbList","@id":"https:\/\/patinexclusivo.com\/index.php\/product\/patines-en-linea-impala-lightspeed-rn\/#breadcrumb","itemListElement":[{"@type":"ListItem","position":1,"name":"Inicio","item":"https:\/\/patinexclusivo.com\/"},{"@type":"ListItem","position":2,"name":"Shop","item":"https:\/\/patinexclusivo.com\/index.php\/shop\/"},{"@type":"ListItem","position":3,"name":"Patines en l\u00ednea Impala Lightspeed Rn"}]},{"@type":"WebSite","@id":"https:\/\/patinexclusivo.com\/#website","url":"https:\/\/patinexclusivo.com\/","name":"Pat\u00edn Exclusivo","description":"\ud83d\udefc Rollers SLP: Tu destino #1 para patines en San Luis Potos\u00ed! Encuentra los mejores estilos y marcas \ud83c\udf1f, consejos de expertos \ud83d\udcda y accesorios para patinaje. \u00a1Vis\u00edtanos y rueda con estilo! \ud83c\udf08\u2728","publisher":{"@id":"https:\/\/patinexclusivo.com\/#organization"},"potentialAction":[{"@type":"SearchAction","target":{"@type":"EntryPoint","urlTemplate":"https:\/\/patinexclusivo.com\/?s={search_term_string}"},"query-input":"required name=search_term_string"}],"inLanguage":"en-US"},{"@type":"Organization","@id":"https:\/\/patinexclusivo.com\/#organization","name":"Pat\u00edn Exclusivo","url":"https:\/\/patinexclusivo.com\/","logo":{"@type":"ImageObject","inLanguage":"en-US","@id":"https:\/\/patinexclusivo.com\/#\/schema\/logo\/image\/","url":"https:\/\/patinexclusivo.com\/wp-content\/uploads\/2025\/01\/cropped-cropped-WhatsApp-Image-2025-01-29-at-7.00.40-PM.jpeg","contentUrl":"https:\/\/patinexclusivo.com\/wp-content\/uploads\/2025\/01\/cropped-cropped-WhatsApp-Image-2025-01-29-at-7.00.40-PM.jpeg","width":583,"height":568,"caption":"Pat\u00edn Exclusivo"},"image":{"@id":"https:\/\/patinexclusivo.com\/#\/schema\/logo\/image\/"}}]}},"_links":{"self":[{"href":"https:\/\/patinexclusivo.com\/index.php\/wp-json\/wp\/v2\/product\/1735"}],"collection":[{"href":"https:\/\/patinexclusivo.com\/index.php\/wp-json\/wp\/v2\/product"}],"about":[{"href":"https:\/\/patinexclusivo.com\/index.php\/wp-json\/wp\/v2\/types\/product"}],"replies":[{"embeddable":true,"href":"https:\/\/patinexclusivo.com\/index.php\/wp-json\/wp\/v2\/comments?post=1735"}],"version-history":[{"count":1,"href":"https:\/\/patinexclusivo.com\/index.php\/wp-json\/wp\/v2\/product\/1735\/revisions"}],"predecessor-version":[{"id":1737,"href":"https:\/\/patinexclusivo.com\/index.php\/wp-json\/wp\/v2\/product\/1735\/revisions\/1737"}],"wp:featuredmedia":[{"embeddable":true,"href":"https:\/\/patinexclusivo.com\/index.php\/wp-json\/wp\/v2\/media\/1736"}],"wp:attachment":[{"href":"https:\/\/patinexclusivo.com\/index.php\/wp-json\/wp\/v2\/media?parent=1735"}],"wp:term":[{"taxonomy":"product_cat","embeddable":true,"href":"https:\/\/patinexclusivo.com\/index.php\/wp-json\/wp\/v2\/product_cat?post=1735"},{"taxonomy":"product_tag","embeddable":true,"href":"https:\/\/patinexclusivo.com\/index.php\/wp-json\/wp\/v2\/product_tag?post=1735"}],"curies":[{"name":"wp","href":"https:\/\/api.w.org\/{rel}","templated":true}]}}