{"id":1744,"date":"2024-09-21T04:57:28","date_gmt":"2024-09-21T04:57:28","guid":{"rendered":"https:\/\/patinexclusivo.com\/?post_type=product&#038;p=1744"},"modified":"2024-09-21T04:57:29","modified_gmt":"2024-09-21T04:57:29","slug":"patines-en-linea-powerslide-swell-navy-110-rn","status":"publish","type":"product","link":"https:\/\/patinexclusivo.com\/index.php\/product\/patines-en-linea-powerslide-swell-navy-110-rn\/","title":{"rendered":"Patines en l\u00ednea Powerslide Swell Navy 110 Rn"},"content":{"rendered":"<table class=\"feature-table\">\n<tbody>\n<tr>\n<td><span>Estilo de patinaje:<\/span><\/td>\n<td class=\"feature-table__value\"><span>Cruceros \/ Ocio, Fitness, Larga distancia<\/span><\/td>\n<\/tr>\n<tr>\n<td><span>Tipo de pat\u00edn:<\/span><\/td>\n<td class=\"feature-table__value\"><span>Patines de 3 ruedas, bota blanda<\/span><\/td>\n<\/tr>\n<tr>\n<td><span>Material de la bota:<\/span><\/td>\n<td class=\"feature-table__value\"><span>Parte superior textil<\/span><\/td>\n<\/tr>\n<tr>\n<td><span>Cordones:<\/span><\/td>\n<td class=\"feature-table__value\"><span>Est\u00e1ndar<\/span><\/td>\n<\/tr>\n<tr>\n<td><span>Transatl\u00e1ntico:<\/span><\/td>\n<td class=\"feature-table__value\"><span>Integrado<\/span><\/td>\n<\/tr>\n<tr>\n<td><span>Almohadilla amortiguadora:<\/span><\/td>\n<td class=\"feature-table__value\"><span>No<\/span><\/td>\n<\/tr>\n<tr>\n<td><span>Marca del marco:<\/span><\/td>\n<td class=\"feature-table__value\"><span>Deslizamiento de potencia<\/span><\/td>\n<\/tr>\n<tr>\n<td><span>Montaje del marco:<\/span><\/td>\n<td class=\"feature-table__value\"><span>Trinidad<\/span><\/td>\n<\/tr>\n<tr>\n<td><span>Material del marco:<\/span><\/td>\n<td class=\"feature-table__value\"><span>Aluminio<\/span><\/td>\n<\/tr>\n<tr>\n<td><span>Longitud del marco:<\/span><\/td>\n<td class=\"feature-table__value\"><span>243 mm, 270 mm<\/span><\/td>\n<\/tr>\n<tr>\n<td><span>Balanc\u00edn de cuadro:<\/span><\/td>\n<td class=\"feature-table__value\"><span>Plano (sin balanc\u00edn)<\/span><\/td>\n<\/tr>\n<tr>\n<td><span>Ejes:<\/span><\/td>\n<td class=\"feature-table__value\"><span>Velocidad de 8 mm (un eje que se atornilla a la pared del marco)<\/span><\/td>\n<\/tr>\n<tr>\n<td><span>Marca de la rueda:<\/span><\/td>\n<td class=\"feature-table__value\"><span>Clandestino<\/span><\/td>\n<\/tr>\n<tr>\n<td><span>Tama\u00f1o de la rueda:<\/span><\/td>\n<td class=\"feature-table__value\"><span>110 mm<\/span><\/td>\n<\/tr>\n<tr>\n<td><span>Dureza de la rueda:<\/span><\/td>\n<td class=\"feature-table__value\"><span>85a<\/span><\/td>\n<\/tr>\n<tr>\n<td><span>Perfil de la rueda:<\/span><\/td>\n<td class=\"feature-table__value\"><span>Redondo<\/span><\/td>\n<\/tr>\n<tr>\n<td><span>Marca de rodamientos:<\/span><\/td>\n<td class=\"feature-table__value\"><span>Malvado<\/span><\/td>\n<\/tr>\n<tr>\n<td><span>Clasificaci\u00f3n del rodamiento:<\/span><\/td>\n<td class=\"feature-table__value\"><span>Abec 9<\/span><\/td>\n<\/tr>\n<tr>\n<td><span>Freno incluido :<\/span><\/td>\n<td class=\"feature-table__value\"><span>No<\/span><\/td>\n<\/tr>\n<\/tbody>\n<\/table>\n<p>Talla 24cm, 25cm, 25.5cm, 26cm, 27cm, 28cm, 28.5cm, 30cm<\/p>\n","protected":false},"excerpt":{"rendered":"<p>SOLO SOBRE PEDIDO<\/p>\n<p><span>Con algunas mejoras bienvenidas, los usuarios deber\u00edan olvidarse de lo que saben sobre el pat\u00edn Swell, ya que su evoluci\u00f3n es notable. Los patines Powerslide Swell Navy 110 son uno de los mejores hasta la fecha.<\/span><\/p>\n<p><strong><em><span data-preserver-spaces=\"true\"><br \/>\nLa bota<br \/>\n<\/span><\/em><\/strong><span>Fabricada con el material Power-Knit de Powerslide, la parte superior incluye un envoltorio de cordones de 360\u00b0 que abraza el pie, lo que contribuye en gran medida a extender la comodidad y la sensaci\u00f3n de soporte del pat\u00edn. La espuma viscoel\u00e1stica hace que el pat\u00edn sea muy c\u00f3modo para sesiones cortas y largas.<\/span><\/p>\n<p><strong><em><span data-preserver-spaces=\"true\"><br \/>\nEl marco<br \/>\n<\/span><\/em><\/strong><span>Necesitamos agregar poco al sistema de montaje TRINITY X de Powerslide que no se sepa ya. Pero, si te lo perdiste, el revolucionario sistema de montaje de tres puntos baja el centro de gravedad, mejora la transferencia de potencia, reduce las vibraciones de la carretera, proporciona equilibrio y estabilidad y da m\u00e1s control sobre los bordes de las ruedas. Ideal en muchos escenarios. \u00a1Comb\u00ednalo con Elite Magnesium y tendr\u00e1s un marco serio para un rendimiento serio!<\/span><\/p>\n<p><span>La longitud del marco difiere en relaci\u00f3n con el tama\u00f1o del pat\u00edn. Los modelos EU38-EU41 utilizan una longitud de marco de 243 mm. Los modelos EU42-EU47 utilizan una longitud de marco de 270 mm.<\/span><\/p>\n<p><strong><em><span data-preserver-spaces=\"true\">Las ruedas y los rodamientos<br \/>\n<\/span><\/em><\/strong><span>Undercover RAW son algunas de las mejores ruedas del mercado y utilizan un uretano de rebote ultraalto. Si gastas m\u00e1s de 150 libras, no hay nada mejor para un uso regular y un rendimiento constante. El pat\u00edn est\u00e1 acabado con rodamientos Abec 9 para un deslizamiento suave y r\u00e1pido, y est\u00e1 muy bien equipado para ser un pat\u00edn de primera calidad con una conducci\u00f3n excepcional.<\/span><\/p>\n<p><strong><em><span data-preserver-spaces=\"true\">Tallas<br \/>\n<\/span><\/em><\/strong><span>Talla fiel<\/span><\/p>\n<p class=\"p1\"><span class=\"s1\"><strong><em><span>Peso<\/span><\/em><br \/>\n<\/strong><span>3380 g (basado en un modelo UK8)<\/span><\/span><\/p>\n<p><em><strong><span>Consejo de tama\u00f1o:<\/span><br \/>\n<\/strong><span>Estos vienen en tama\u00f1o regular, por lo que generalmente puedes comprar tu talla de calzado habitual.<\/span><\/em><\/p>\n","protected":false},"featured_media":1745,"comment_status":"open","ping_status":"closed","template":"","meta":{"rop_custom_images_group":[],"rop_custom_messages_group":[],"rop_publish_now":"initial","rop_publish_now_accounts":[],"rop_publish_now_history":[],"rop_publish_now_status":"pending"},"product_cat":[34,74],"product_tag":[],"class_list":{"0":"post-1744","1":"product","2":"type-product","3":"status-publish","4":"has-post-thumbnail","6":"product_cat-freeskate","7":"product_cat-freestyle","8":"post","10":"first","11":"instock","12":"shipping-taxable","13":"purchasable","14":"product-type-simple"},"yoast_head":"<!-- This site is optimized with the Yoast SEO plugin v21.9.1 - https:\/\/yoast.com\/wordpress\/plugins\/seo\/ -->\n<title>Patines en l\u00ednea Powerslide Swell Navy 110 Rn - Pat\u00edn Exclusivo<\/title>\n<meta name=\"robots\" content=\"index, follow, max-snippet:-1, max-image-preview:large, max-video-preview:-1\" \/>\n<link rel=\"canonical\" href=\"https:\/\/patinexclusivo.com\/index.php\/product\/patines-en-linea-powerslide-swell-navy-110-rn\/\" \/>\n<meta property=\"og:locale\" content=\"en_US\" \/>\n<meta property=\"og:type\" content=\"article\" \/>\n<meta property=\"og:title\" content=\"Patines en l\u00ednea Powerslide Swell Navy 110 Rn - Pat\u00edn Exclusivo\" \/>\n<meta property=\"og:description\" content=\"SOLO SOBRE PEDIDO  Con algunas mejoras bienvenidas, los usuarios deber\u00edan olvidarse de lo que saben sobre el pat\u00edn Swell, ya que su evoluci\u00f3n es notable. Los patines Powerslide Swell Navy 110 son uno de los mejores hasta la fecha.   La bota Fabricada con el material Power-Knit de Powerslide, la parte superior incluye un envoltorio de cordones de 360\u00b0 que abraza el pie, lo que contribuye en gran medida a extender la comodidad y la sensaci\u00f3n de soporte del pat\u00edn. La espuma viscoel\u00e1stica hace que el pat\u00edn sea muy c\u00f3modo para sesiones cortas y largas.   El marco Necesitamos agregar poco al sistema de montaje TRINITY X de Powerslide que no se sepa ya. Pero, si te lo perdiste, el revolucionario sistema de montaje de tres puntos baja el centro de gravedad, mejora la transferencia de potencia, reduce las vibraciones de la carretera, proporciona equilibrio y estabilidad y da m\u00e1s control sobre los bordes de las ruedas. Ideal en muchos escenarios. \u00a1Comb\u00ednalo con Elite Magnesium y tendr\u00e1s un marco serio para un rendimiento serio!  La longitud del marco difiere en relaci\u00f3n con el tama\u00f1o del pat\u00edn. Los modelos EU38-EU41 utilizan una longitud de marco de 243 mm. Los modelos EU42-EU47 utilizan una longitud de marco de 270 mm.   Las ruedas y los rodamientos Undercover RAW son algunas de las mejores ruedas del mercado y utilizan un uretano de rebote ultraalto. Si gastas m\u00e1s de 150 libras, no hay nada mejor para un uso regular y un rendimiento constante. El pat\u00edn est\u00e1 acabado con rodamientos Abec 9 para un deslizamiento suave y r\u00e1pido, y est\u00e1 muy bien equipado para ser un pat\u00edn de primera calidad con una conducci\u00f3n excepcional.   Tallas Talla fiel Peso 3380 g (basado en un modelo UK8) Consejo de tama\u00f1o: Estos vienen en tama\u00f1o regular, por lo que generalmente puedes comprar tu talla de calzado habitual.\" \/>\n<meta property=\"og:url\" content=\"https:\/\/patinexclusivo.com\/index.php\/product\/patines-en-linea-powerslide-swell-navy-110-rn\/\" \/>\n<meta property=\"og:site_name\" content=\"Pat\u00edn Exclusivo\" \/>\n<meta property=\"article:modified_time\" content=\"2024-09-21T04:57:29+00:00\" \/>\n<meta property=\"og:image\" content=\"https:\/\/patinexclusivo.com\/wp-content\/uploads\/2024\/09\/Powerslide-swll-navy-110-grey-test.webp\" \/>\n\t<meta property=\"og:image:width\" content=\"823\" \/>\n\t<meta property=\"og:image:height\" content=\"823\" \/>\n\t<meta property=\"og:image:type\" content=\"image\/webp\" \/>\n<meta name=\"twitter:card\" content=\"summary_large_image\" \/>\n<meta name=\"twitter:label1\" content=\"Est. reading time\" \/>\n\t<meta name=\"twitter:data1\" content=\"1 minute\" \/>\n<script type=\"application\/ld+json\" class=\"yoast-schema-graph\">{\"@context\":\"https:\/\/schema.org\",\"@graph\":[{\"@type\":\"WebPage\",\"@id\":\"https:\/\/patinexclusivo.com\/index.php\/product\/patines-en-linea-powerslide-swell-navy-110-rn\/\",\"url\":\"https:\/\/patinexclusivo.com\/index.php\/product\/patines-en-linea-powerslide-swell-navy-110-rn\/\",\"name\":\"Patines en l\u00ednea Powerslide Swell Navy 110 Rn - Pat\u00edn Exclusivo\",\"isPartOf\":{\"@id\":\"https:\/\/patinexclusivo.com\/#website\"},\"datePublished\":\"2024-09-21T04:57:28+00:00\",\"dateModified\":\"2024-09-21T04:57:29+00:00\",\"breadcrumb\":{\"@id\":\"https:\/\/patinexclusivo.com\/index.php\/product\/patines-en-linea-powerslide-swell-navy-110-rn\/#breadcrumb\"},\"inLanguage\":\"en-US\",\"potentialAction\":[{\"@type\":\"ReadAction\",\"target\":[\"https:\/\/patinexclusivo.com\/index.php\/product\/patines-en-linea-powerslide-swell-navy-110-rn\/\"]}]},{\"@type\":\"BreadcrumbList\",\"@id\":\"https:\/\/patinexclusivo.com\/index.php\/product\/patines-en-linea-powerslide-swell-navy-110-rn\/#breadcrumb\",\"itemListElement\":[{\"@type\":\"ListItem\",\"position\":1,\"name\":\"Inicio\",\"item\":\"https:\/\/patinexclusivo.com\/\"},{\"@type\":\"ListItem\",\"position\":2,\"name\":\"Shop\",\"item\":\"https:\/\/patinexclusivo.com\/index.php\/shop\/\"},{\"@type\":\"ListItem\",\"position\":3,\"name\":\"Patines en l\u00ednea Powerslide Swell Navy 110 Rn\"}]},{\"@type\":\"WebSite\",\"@id\":\"https:\/\/patinexclusivo.com\/#website\",\"url\":\"https:\/\/patinexclusivo.com\/\",\"name\":\"Pat\u00edn Exclusivo\",\"description\":\"\ud83d\udefc Rollers SLP: Tu destino #1 para patines en San Luis Potos\u00ed! Encuentra los mejores estilos y marcas \ud83c\udf1f, consejos de expertos \ud83d\udcda y accesorios para patinaje. \u00a1Vis\u00edtanos y rueda con estilo! \ud83c\udf08\u2728\",\"publisher\":{\"@id\":\"https:\/\/patinexclusivo.com\/#organization\"},\"potentialAction\":[{\"@type\":\"SearchAction\",\"target\":{\"@type\":\"EntryPoint\",\"urlTemplate\":\"https:\/\/patinexclusivo.com\/?s={search_term_string}\"},\"query-input\":\"required name=search_term_string\"}],\"inLanguage\":\"en-US\"},{\"@type\":\"Organization\",\"@id\":\"https:\/\/patinexclusivo.com\/#organization\",\"name\":\"Pat\u00edn Exclusivo\",\"url\":\"https:\/\/patinexclusivo.com\/\",\"logo\":{\"@type\":\"ImageObject\",\"inLanguage\":\"en-US\",\"@id\":\"https:\/\/patinexclusivo.com\/#\/schema\/logo\/image\/\",\"url\":\"https:\/\/patinexclusivo.com\/wp-content\/uploads\/2025\/01\/cropped-cropped-WhatsApp-Image-2025-01-29-at-7.00.40-PM.jpeg\",\"contentUrl\":\"https:\/\/patinexclusivo.com\/wp-content\/uploads\/2025\/01\/cropped-cropped-WhatsApp-Image-2025-01-29-at-7.00.40-PM.jpeg\",\"width\":583,\"height\":568,\"caption\":\"Pat\u00edn Exclusivo\"},\"image\":{\"@id\":\"https:\/\/patinexclusivo.com\/#\/schema\/logo\/image\/\"}}]}<\/script>\n<!-- \/ Yoast SEO plugin. -->","yoast_head_json":{"title":"Patines en l\u00ednea Powerslide Swell Navy 110 Rn - Pat\u00edn Exclusivo","robots":{"index":"index","follow":"follow","max-snippet":"max-snippet:-1","max-image-preview":"max-image-preview:large","max-video-preview":"max-video-preview:-1"},"canonical":"https:\/\/patinexclusivo.com\/index.php\/product\/patines-en-linea-powerslide-swell-navy-110-rn\/","og_locale":"en_US","og_type":"article","og_title":"Patines en l\u00ednea Powerslide Swell Navy 110 Rn - Pat\u00edn Exclusivo","og_description":"SOLO SOBRE PEDIDO  Con algunas mejoras bienvenidas, los usuarios deber\u00edan olvidarse de lo que saben sobre el pat\u00edn Swell, ya que su evoluci\u00f3n es notable. Los patines Powerslide Swell Navy 110 son uno de los mejores hasta la fecha.   La bota Fabricada con el material Power-Knit de Powerslide, la parte superior incluye un envoltorio de cordones de 360\u00b0 que abraza el pie, lo que contribuye en gran medida a extender la comodidad y la sensaci\u00f3n de soporte del pat\u00edn. La espuma viscoel\u00e1stica hace que el pat\u00edn sea muy c\u00f3modo para sesiones cortas y largas.   El marco Necesitamos agregar poco al sistema de montaje TRINITY X de Powerslide que no se sepa ya. Pero, si te lo perdiste, el revolucionario sistema de montaje de tres puntos baja el centro de gravedad, mejora la transferencia de potencia, reduce las vibraciones de la carretera, proporciona equilibrio y estabilidad y da m\u00e1s control sobre los bordes de las ruedas. Ideal en muchos escenarios. \u00a1Comb\u00ednalo con Elite Magnesium y tendr\u00e1s un marco serio para un rendimiento serio!  La longitud del marco difiere en relaci\u00f3n con el tama\u00f1o del pat\u00edn. Los modelos EU38-EU41 utilizan una longitud de marco de 243 mm. Los modelos EU42-EU47 utilizan una longitud de marco de 270 mm.   Las ruedas y los rodamientos Undercover RAW son algunas de las mejores ruedas del mercado y utilizan un uretano de rebote ultraalto. Si gastas m\u00e1s de 150 libras, no hay nada mejor para un uso regular y un rendimiento constante. El pat\u00edn est\u00e1 acabado con rodamientos Abec 9 para un deslizamiento suave y r\u00e1pido, y est\u00e1 muy bien equipado para ser un pat\u00edn de primera calidad con una conducci\u00f3n excepcional.   Tallas Talla fiel Peso 3380 g (basado en un modelo UK8) Consejo de tama\u00f1o: Estos vienen en tama\u00f1o regular, por lo que generalmente puedes comprar tu talla de calzado habitual.","og_url":"https:\/\/patinexclusivo.com\/index.php\/product\/patines-en-linea-powerslide-swell-navy-110-rn\/","og_site_name":"Pat\u00edn Exclusivo","article_modified_time":"2024-09-21T04:57:29+00:00","og_image":[{"width":823,"height":823,"url":"https:\/\/patinexclusivo.com\/wp-content\/uploads\/2024\/09\/Powerslide-swll-navy-110-grey-test.webp","type":"image\/webp"}],"twitter_card":"summary_large_image","twitter_misc":{"Est. reading time":"1 minute"},"schema":{"@context":"https:\/\/schema.org","@graph":[{"@type":"WebPage","@id":"https:\/\/patinexclusivo.com\/index.php\/product\/patines-en-linea-powerslide-swell-navy-110-rn\/","url":"https:\/\/patinexclusivo.com\/index.php\/product\/patines-en-linea-powerslide-swell-navy-110-rn\/","name":"Patines en l\u00ednea Powerslide Swell Navy 110 Rn - Pat\u00edn Exclusivo","isPartOf":{"@id":"https:\/\/patinexclusivo.com\/#website"},"datePublished":"2024-09-21T04:57:28+00:00","dateModified":"2024-09-21T04:57:29+00:00","breadcrumb":{"@id":"https:\/\/patinexclusivo.com\/index.php\/product\/patines-en-linea-powerslide-swell-navy-110-rn\/#breadcrumb"},"inLanguage":"en-US","potentialAction":[{"@type":"ReadAction","target":["https:\/\/patinexclusivo.com\/index.php\/product\/patines-en-linea-powerslide-swell-navy-110-rn\/"]}]},{"@type":"BreadcrumbList","@id":"https:\/\/patinexclusivo.com\/index.php\/product\/patines-en-linea-powerslide-swell-navy-110-rn\/#breadcrumb","itemListElement":[{"@type":"ListItem","position":1,"name":"Inicio","item":"https:\/\/patinexclusivo.com\/"},{"@type":"ListItem","position":2,"name":"Shop","item":"https:\/\/patinexclusivo.com\/index.php\/shop\/"},{"@type":"ListItem","position":3,"name":"Patines en l\u00ednea Powerslide Swell Navy 110 Rn"}]},{"@type":"WebSite","@id":"https:\/\/patinexclusivo.com\/#website","url":"https:\/\/patinexclusivo.com\/","name":"Pat\u00edn Exclusivo","description":"\ud83d\udefc Rollers SLP: Tu destino #1 para patines en San Luis Potos\u00ed! Encuentra los mejores estilos y marcas \ud83c\udf1f, consejos de expertos \ud83d\udcda y accesorios para patinaje. \u00a1Vis\u00edtanos y rueda con estilo! \ud83c\udf08\u2728","publisher":{"@id":"https:\/\/patinexclusivo.com\/#organization"},"potentialAction":[{"@type":"SearchAction","target":{"@type":"EntryPoint","urlTemplate":"https:\/\/patinexclusivo.com\/?s={search_term_string}"},"query-input":"required name=search_term_string"}],"inLanguage":"en-US"},{"@type":"Organization","@id":"https:\/\/patinexclusivo.com\/#organization","name":"Pat\u00edn Exclusivo","url":"https:\/\/patinexclusivo.com\/","logo":{"@type":"ImageObject","inLanguage":"en-US","@id":"https:\/\/patinexclusivo.com\/#\/schema\/logo\/image\/","url":"https:\/\/patinexclusivo.com\/wp-content\/uploads\/2025\/01\/cropped-cropped-WhatsApp-Image-2025-01-29-at-7.00.40-PM.jpeg","contentUrl":"https:\/\/patinexclusivo.com\/wp-content\/uploads\/2025\/01\/cropped-cropped-WhatsApp-Image-2025-01-29-at-7.00.40-PM.jpeg","width":583,"height":568,"caption":"Pat\u00edn Exclusivo"},"image":{"@id":"https:\/\/patinexclusivo.com\/#\/schema\/logo\/image\/"}}]}},"_links":{"self":[{"href":"https:\/\/patinexclusivo.com\/index.php\/wp-json\/wp\/v2\/product\/1744"}],"collection":[{"href":"https:\/\/patinexclusivo.com\/index.php\/wp-json\/wp\/v2\/product"}],"about":[{"href":"https:\/\/patinexclusivo.com\/index.php\/wp-json\/wp\/v2\/types\/product"}],"replies":[{"embeddable":true,"href":"https:\/\/patinexclusivo.com\/index.php\/wp-json\/wp\/v2\/comments?post=1744"}],"version-history":[{"count":1,"href":"https:\/\/patinexclusivo.com\/index.php\/wp-json\/wp\/v2\/product\/1744\/revisions"}],"predecessor-version":[{"id":1746,"href":"https:\/\/patinexclusivo.com\/index.php\/wp-json\/wp\/v2\/product\/1744\/revisions\/1746"}],"wp:featuredmedia":[{"embeddable":true,"href":"https:\/\/patinexclusivo.com\/index.php\/wp-json\/wp\/v2\/media\/1745"}],"wp:attachment":[{"href":"https:\/\/patinexclusivo.com\/index.php\/wp-json\/wp\/v2\/media?parent=1744"}],"wp:term":[{"taxonomy":"product_cat","embeddable":true,"href":"https:\/\/patinexclusivo.com\/index.php\/wp-json\/wp\/v2\/product_cat?post=1744"},{"taxonomy":"product_tag","embeddable":true,"href":"https:\/\/patinexclusivo.com\/index.php\/wp-json\/wp\/v2\/product_tag?post=1744"}],"curies":[{"name":"wp","href":"https:\/\/api.w.org\/{rel}","templated":true}]}}