{"id":1751,"date":"2024-09-21T06:55:36","date_gmt":"2024-09-21T06:55:36","guid":{"rendered":"https:\/\/patinexclusivo.com\/?post_type=product&#038;p=1751"},"modified":"2024-10-07T03:43:35","modified_gmt":"2024-10-07T03:43:35","slug":"patines-en-linea-powerslide-tau-90","status":"publish","type":"product","link":"https:\/\/patinexclusivo.com\/index.php\/product\/patines-en-linea-powerslide-tau-90\/","title":{"rendered":"Patines en l\u00ednea Powerslide TAU 90 Rn"},"content":{"rendered":"<table class=\"feature-table\">\n<tbody>\n<tr>\n<td><span>Estilo de patinaje:<\/span><\/td>\n<td class=\"feature-table__value\"><span>Urbano \/ Ciudad, Slalom<\/span><\/td>\n<\/tr>\n<tr>\n<td><span>Tipo de pat\u00edn:<\/span><\/td>\n<td class=\"feature-table__value\"><span>Patines de 3 ruedas, botas r\u00edgidas<\/span><\/td>\n<\/tr>\n<tr>\n<td><span>Material de la bota:<\/span><\/td>\n<td class=\"feature-table__value\"><span>Fibra de carbono<\/span><\/td>\n<\/tr>\n<tr>\n<td><span>Cordones:<\/span><\/td>\n<td class=\"feature-table__value\"><span>Encerado<\/span><\/td>\n<\/tr>\n<tr>\n<td><span>Transatl\u00e1ntico:<\/span><\/td>\n<td class=\"feature-table__value\"><span>Integrado<\/span><\/td>\n<\/tr>\n<tr>\n<td><span>Almohadilla amortiguadora:<\/span><\/td>\n<td class=\"feature-table__value\"><span>S\u00ed<\/span><\/td>\n<\/tr>\n<tr>\n<td><span>Marca del marco:<\/span><\/td>\n<td class=\"feature-table__value\"><span>Deslizamiento de potencia<\/span><\/td>\n<\/tr>\n<tr>\n<td><span>Montaje del marco:<\/span><\/td>\n<td class=\"feature-table__value\"><span>Trinidad<\/span><\/td>\n<\/tr>\n<tr>\n<td><span>Material del marco:<\/span><\/td>\n<td class=\"feature-table__value\"><span>Aluminio<\/span><\/td>\n<\/tr>\n<tr>\n<td><span>Longitud del marco:<\/span><\/td>\n<td class=\"feature-table__value\"><span>215 mm, 225 mm, 235 mm<\/span><\/td>\n<\/tr>\n<tr>\n<td><span>Balanc\u00edn de cuadro:<\/span><\/td>\n<td class=\"feature-table__value\"><span>Ejes oscilantes<\/span><\/td>\n<\/tr>\n<tr>\n<td><span>Ejes:<\/span><\/td>\n<td class=\"feature-table__value\"><span>8 mm basculante<\/span><\/td>\n<\/tr>\n<tr>\n<td><span>Marca de la rueda:<\/span><\/td>\n<td class=\"feature-table__value\"><span>Deslizamiento de potencia<\/span><\/td>\n<\/tr>\n<tr>\n<td><span>Tama\u00f1o de la rueda:<\/span><\/td>\n<td class=\"feature-table__value\"><span>90 mm<\/span><\/td>\n<\/tr>\n<tr>\n<td><span>Dureza de la rueda:<\/span><\/td>\n<td class=\"feature-table__value\"><span>88a<\/span><\/td>\n<\/tr>\n<tr>\n<td><span>Perfil de la rueda:<\/span><\/td>\n<td class=\"feature-table__value\"><span>Redondo<\/span><\/td>\n<\/tr>\n<tr>\n<td><span>Marca de rodamientos:<\/span><\/td>\n<td class=\"feature-table__value\"><span>Malvado<\/span><\/td>\n<\/tr>\n<tr>\n<td><span>Clasificaci\u00f3n del rodamiento:<\/span><\/td>\n<td class=\"feature-table__value\"><span>Abec 9<\/span><\/td>\n<\/tr>\n<\/tbody>\n<\/table>\n<p>Talla 23cm, 24cm, 25cm, 25.5cm, 28.5cm, 29.5cm<\/p>\n","protected":false},"excerpt":{"rendered":"<p>SOLO SOBRE PEDIDO<\/p>\n<p class=\"p1\"><span>El Powerslide TAU 90 es el primer pat\u00edn de carbono moldeado por compresi\u00f3n del mundo.<\/span><\/p>\n<p class=\"p1\"><span>Disfrute de un ajuste personalizado con moldeado por calor combinado con el revestimiento de espuma SPC multicapa de primera calidad de MyFit. Carcasa extremadamente liviana y reactiva que brinda soporte y transferencia de potencia inigualables. Marco oscilante Trinty Nexus que muestra una maniobrabilidad excepcional.<\/span><\/p>\n<p class=\"p1\"><span>Este es EL pat\u00edn de estilo libre preferido.<\/span><\/p>\n<p><strong>Consejo de talla: este pat\u00edn se ajusta al tama\u00f1o real.<\/strong><\/p>\n","protected":false},"featured_media":1752,"comment_status":"open","ping_status":"closed","template":"","meta":{"rop_custom_images_group":[],"rop_custom_messages_group":[],"rop_publish_now":"initial","rop_publish_now_accounts":[],"rop_publish_now_history":[],"rop_publish_now_status":"pending"},"product_cat":[34],"product_tag":[],"class_list":{"0":"post-1751","1":"product","2":"type-product","3":"status-publish","4":"has-post-thumbnail","6":"product_cat-freeskate","7":"post","9":"first","10":"instock","11":"sale","12":"shipping-taxable","13":"purchasable","14":"product-type-simple"},"yoast_head":"<!-- This site is optimized with the Yoast SEO plugin v21.9.1 - https:\/\/yoast.com\/wordpress\/plugins\/seo\/ -->\n<title>Patines en l\u00ednea Powerslide TAU 90 Rn - Pat\u00edn Exclusivo<\/title>\n<meta name=\"robots\" content=\"index, follow, max-snippet:-1, max-image-preview:large, max-video-preview:-1\" \/>\n<link rel=\"canonical\" href=\"https:\/\/patinexclusivo.com\/index.php\/product\/patines-en-linea-powerslide-tau-90\/\" \/>\n<meta property=\"og:locale\" content=\"en_US\" \/>\n<meta property=\"og:type\" content=\"article\" \/>\n<meta property=\"og:title\" content=\"Patines en l\u00ednea Powerslide TAU 90 Rn - Pat\u00edn Exclusivo\" \/>\n<meta property=\"og:description\" content=\"SOLO SOBRE PEDIDO El Powerslide TAU 90 es el primer pat\u00edn de carbono moldeado por compresi\u00f3n del mundo. Disfrute de un ajuste personalizado con moldeado por calor combinado con el revestimiento de espuma SPC multicapa de primera calidad de MyFit. Carcasa extremadamente liviana y reactiva que brinda soporte y transferencia de potencia inigualables. Marco oscilante Trinty Nexus que muestra una maniobrabilidad excepcional. Este es EL pat\u00edn de estilo libre preferido. Consejo de talla: este pat\u00edn se ajusta al tama\u00f1o real.\" \/>\n<meta property=\"og:url\" content=\"https:\/\/patinexclusivo.com\/index.php\/product\/patines-en-linea-powerslide-tau-90\/\" \/>\n<meta property=\"og:site_name\" content=\"Pat\u00edn Exclusivo\" \/>\n<meta property=\"article:modified_time\" content=\"2024-10-07T03:43:35+00:00\" \/>\n<meta property=\"og:image\" content=\"https:\/\/patinexclusivo.com\/wp-content\/uploads\/2024\/09\/Powerslide-TAU-90-Skates-2.webp\" \/>\n\t<meta property=\"og:image:width\" content=\"1100\" \/>\n\t<meta property=\"og:image:height\" content=\"1100\" \/>\n\t<meta property=\"og:image:type\" content=\"image\/webp\" \/>\n<meta name=\"twitter:card\" content=\"summary_large_image\" \/>\n<meta name=\"twitter:label1\" content=\"Est. reading time\" \/>\n\t<meta name=\"twitter:data1\" content=\"1 minute\" \/>\n<script type=\"application\/ld+json\" class=\"yoast-schema-graph\">{\"@context\":\"https:\/\/schema.org\",\"@graph\":[{\"@type\":\"WebPage\",\"@id\":\"https:\/\/patinexclusivo.com\/index.php\/product\/patines-en-linea-powerslide-tau-90\/\",\"url\":\"https:\/\/patinexclusivo.com\/index.php\/product\/patines-en-linea-powerslide-tau-90\/\",\"name\":\"Patines en l\u00ednea Powerslide TAU 90 Rn - Pat\u00edn Exclusivo\",\"isPartOf\":{\"@id\":\"https:\/\/patinexclusivo.com\/#website\"},\"datePublished\":\"2024-09-21T06:55:36+00:00\",\"dateModified\":\"2024-10-07T03:43:35+00:00\",\"breadcrumb\":{\"@id\":\"https:\/\/patinexclusivo.com\/index.php\/product\/patines-en-linea-powerslide-tau-90\/#breadcrumb\"},\"inLanguage\":\"en-US\",\"potentialAction\":[{\"@type\":\"ReadAction\",\"target\":[\"https:\/\/patinexclusivo.com\/index.php\/product\/patines-en-linea-powerslide-tau-90\/\"]}]},{\"@type\":\"BreadcrumbList\",\"@id\":\"https:\/\/patinexclusivo.com\/index.php\/product\/patines-en-linea-powerslide-tau-90\/#breadcrumb\",\"itemListElement\":[{\"@type\":\"ListItem\",\"position\":1,\"name\":\"Inicio\",\"item\":\"https:\/\/patinexclusivo.com\/\"},{\"@type\":\"ListItem\",\"position\":2,\"name\":\"Shop\",\"item\":\"https:\/\/patinexclusivo.com\/index.php\/shop\/\"},{\"@type\":\"ListItem\",\"position\":3,\"name\":\"Patines en l\u00ednea Powerslide TAU 90 Rn\"}]},{\"@type\":\"WebSite\",\"@id\":\"https:\/\/patinexclusivo.com\/#website\",\"url\":\"https:\/\/patinexclusivo.com\/\",\"name\":\"Pat\u00edn Exclusivo\",\"description\":\"\ud83d\udefc Rollers SLP: Tu destino #1 para patines en San Luis Potos\u00ed! Encuentra los mejores estilos y marcas \ud83c\udf1f, consejos de expertos \ud83d\udcda y accesorios para patinaje. \u00a1Vis\u00edtanos y rueda con estilo! \ud83c\udf08\u2728\",\"publisher\":{\"@id\":\"https:\/\/patinexclusivo.com\/#organization\"},\"potentialAction\":[{\"@type\":\"SearchAction\",\"target\":{\"@type\":\"EntryPoint\",\"urlTemplate\":\"https:\/\/patinexclusivo.com\/?s={search_term_string}\"},\"query-input\":\"required name=search_term_string\"}],\"inLanguage\":\"en-US\"},{\"@type\":\"Organization\",\"@id\":\"https:\/\/patinexclusivo.com\/#organization\",\"name\":\"Pat\u00edn Exclusivo\",\"url\":\"https:\/\/patinexclusivo.com\/\",\"logo\":{\"@type\":\"ImageObject\",\"inLanguage\":\"en-US\",\"@id\":\"https:\/\/patinexclusivo.com\/#\/schema\/logo\/image\/\",\"url\":\"https:\/\/patinexclusivo.com\/wp-content\/uploads\/2025\/01\/cropped-cropped-WhatsApp-Image-2025-01-29-at-7.00.40-PM.jpeg\",\"contentUrl\":\"https:\/\/patinexclusivo.com\/wp-content\/uploads\/2025\/01\/cropped-cropped-WhatsApp-Image-2025-01-29-at-7.00.40-PM.jpeg\",\"width\":583,\"height\":568,\"caption\":\"Pat\u00edn Exclusivo\"},\"image\":{\"@id\":\"https:\/\/patinexclusivo.com\/#\/schema\/logo\/image\/\"}}]}<\/script>\n<!-- \/ Yoast SEO plugin. -->","yoast_head_json":{"title":"Patines en l\u00ednea Powerslide TAU 90 Rn - Pat\u00edn Exclusivo","robots":{"index":"index","follow":"follow","max-snippet":"max-snippet:-1","max-image-preview":"max-image-preview:large","max-video-preview":"max-video-preview:-1"},"canonical":"https:\/\/patinexclusivo.com\/index.php\/product\/patines-en-linea-powerslide-tau-90\/","og_locale":"en_US","og_type":"article","og_title":"Patines en l\u00ednea Powerslide TAU 90 Rn - Pat\u00edn Exclusivo","og_description":"SOLO SOBRE PEDIDO El Powerslide TAU 90 es el primer pat\u00edn de carbono moldeado por compresi\u00f3n del mundo. Disfrute de un ajuste personalizado con moldeado por calor combinado con el revestimiento de espuma SPC multicapa de primera calidad de MyFit. Carcasa extremadamente liviana y reactiva que brinda soporte y transferencia de potencia inigualables. Marco oscilante Trinty Nexus que muestra una maniobrabilidad excepcional. Este es EL pat\u00edn de estilo libre preferido. Consejo de talla: este pat\u00edn se ajusta al tama\u00f1o real.","og_url":"https:\/\/patinexclusivo.com\/index.php\/product\/patines-en-linea-powerslide-tau-90\/","og_site_name":"Pat\u00edn Exclusivo","article_modified_time":"2024-10-07T03:43:35+00:00","og_image":[{"width":1100,"height":1100,"url":"https:\/\/patinexclusivo.com\/wp-content\/uploads\/2024\/09\/Powerslide-TAU-90-Skates-2.webp","type":"image\/webp"}],"twitter_card":"summary_large_image","twitter_misc":{"Est. reading time":"1 minute"},"schema":{"@context":"https:\/\/schema.org","@graph":[{"@type":"WebPage","@id":"https:\/\/patinexclusivo.com\/index.php\/product\/patines-en-linea-powerslide-tau-90\/","url":"https:\/\/patinexclusivo.com\/index.php\/product\/patines-en-linea-powerslide-tau-90\/","name":"Patines en l\u00ednea Powerslide TAU 90 Rn - Pat\u00edn Exclusivo","isPartOf":{"@id":"https:\/\/patinexclusivo.com\/#website"},"datePublished":"2024-09-21T06:55:36+00:00","dateModified":"2024-10-07T03:43:35+00:00","breadcrumb":{"@id":"https:\/\/patinexclusivo.com\/index.php\/product\/patines-en-linea-powerslide-tau-90\/#breadcrumb"},"inLanguage":"en-US","potentialAction":[{"@type":"ReadAction","target":["https:\/\/patinexclusivo.com\/index.php\/product\/patines-en-linea-powerslide-tau-90\/"]}]},{"@type":"BreadcrumbList","@id":"https:\/\/patinexclusivo.com\/index.php\/product\/patines-en-linea-powerslide-tau-90\/#breadcrumb","itemListElement":[{"@type":"ListItem","position":1,"name":"Inicio","item":"https:\/\/patinexclusivo.com\/"},{"@type":"ListItem","position":2,"name":"Shop","item":"https:\/\/patinexclusivo.com\/index.php\/shop\/"},{"@type":"ListItem","position":3,"name":"Patines en l\u00ednea Powerslide TAU 90 Rn"}]},{"@type":"WebSite","@id":"https:\/\/patinexclusivo.com\/#website","url":"https:\/\/patinexclusivo.com\/","name":"Pat\u00edn Exclusivo","description":"\ud83d\udefc Rollers SLP: Tu destino #1 para patines en San Luis Potos\u00ed! Encuentra los mejores estilos y marcas \ud83c\udf1f, consejos de expertos \ud83d\udcda y accesorios para patinaje. \u00a1Vis\u00edtanos y rueda con estilo! \ud83c\udf08\u2728","publisher":{"@id":"https:\/\/patinexclusivo.com\/#organization"},"potentialAction":[{"@type":"SearchAction","target":{"@type":"EntryPoint","urlTemplate":"https:\/\/patinexclusivo.com\/?s={search_term_string}"},"query-input":"required name=search_term_string"}],"inLanguage":"en-US"},{"@type":"Organization","@id":"https:\/\/patinexclusivo.com\/#organization","name":"Pat\u00edn Exclusivo","url":"https:\/\/patinexclusivo.com\/","logo":{"@type":"ImageObject","inLanguage":"en-US","@id":"https:\/\/patinexclusivo.com\/#\/schema\/logo\/image\/","url":"https:\/\/patinexclusivo.com\/wp-content\/uploads\/2025\/01\/cropped-cropped-WhatsApp-Image-2025-01-29-at-7.00.40-PM.jpeg","contentUrl":"https:\/\/patinexclusivo.com\/wp-content\/uploads\/2025\/01\/cropped-cropped-WhatsApp-Image-2025-01-29-at-7.00.40-PM.jpeg","width":583,"height":568,"caption":"Pat\u00edn Exclusivo"},"image":{"@id":"https:\/\/patinexclusivo.com\/#\/schema\/logo\/image\/"}}]}},"_links":{"self":[{"href":"https:\/\/patinexclusivo.com\/index.php\/wp-json\/wp\/v2\/product\/1751"}],"collection":[{"href":"https:\/\/patinexclusivo.com\/index.php\/wp-json\/wp\/v2\/product"}],"about":[{"href":"https:\/\/patinexclusivo.com\/index.php\/wp-json\/wp\/v2\/types\/product"}],"replies":[{"embeddable":true,"href":"https:\/\/patinexclusivo.com\/index.php\/wp-json\/wp\/v2\/comments?post=1751"}],"version-history":[{"count":2,"href":"https:\/\/patinexclusivo.com\/index.php\/wp-json\/wp\/v2\/product\/1751\/revisions"}],"predecessor-version":[{"id":1792,"href":"https:\/\/patinexclusivo.com\/index.php\/wp-json\/wp\/v2\/product\/1751\/revisions\/1792"}],"wp:featuredmedia":[{"embeddable":true,"href":"https:\/\/patinexclusivo.com\/index.php\/wp-json\/wp\/v2\/media\/1752"}],"wp:attachment":[{"href":"https:\/\/patinexclusivo.com\/index.php\/wp-json\/wp\/v2\/media?parent=1751"}],"wp:term":[{"taxonomy":"product_cat","embeddable":true,"href":"https:\/\/patinexclusivo.com\/index.php\/wp-json\/wp\/v2\/product_cat?post=1751"},{"taxonomy":"product_tag","embeddable":true,"href":"https:\/\/patinexclusivo.com\/index.php\/wp-json\/wp\/v2\/product_tag?post=1751"}],"curies":[{"name":"wp","href":"https:\/\/api.w.org\/{rel}","templated":true}]}}