{"id":1757,"date":"2024-09-21T07:56:34","date_gmt":"2024-09-21T07:56:34","guid":{"rendered":"https:\/\/patinexclusivo.com\/?post_type=product&#038;p=1757"},"modified":"2024-09-21T07:56:35","modified_gmt":"2024-09-21T07:56:35","slug":"patines-fr-fr3-310-rn","status":"publish","type":"product","link":"https:\/\/patinexclusivo.com\/index.php\/product\/patines-fr-fr3-310-rn\/","title":{"rendered":"Patines FR FR3 310 Rn"},"content":{"rendered":"<table class=\"feature-table\">\n<tbody>\n<tr>\n<td><span>Estilo de patinaje:<\/span><\/td>\n<td class=\"feature-table__value\"><span>Urbano\/Ciudad, Larga distancia<\/span><\/td>\n<\/tr>\n<tr>\n<td><span>Tipo de pat\u00edn:<\/span><\/td>\n<td class=\"feature-table__value\"><span>Patines de 3 ruedas, botas r\u00edgidas<\/span><\/td>\n<\/tr>\n<tr>\n<td><span>Material de la bota:<\/span><\/td>\n<td class=\"feature-table__value\"><span>Pl\u00e1stico<\/span><\/td>\n<\/tr>\n<tr>\n<td><span>Cordones:<\/span><\/td>\n<td class=\"feature-table__value\"><span>Est\u00e1ndar<\/span><\/td>\n<\/tr>\n<tr>\n<td><span>Transatl\u00e1ntico:<\/span><\/td>\n<td class=\"feature-table__value\"><span>Existencias<\/span><\/td>\n<\/tr>\n<tr>\n<td><span>Almohadilla amortiguadora:<\/span><\/td>\n<td class=\"feature-table__value\"><span>S\u00ed<\/span><\/td>\n<\/tr>\n<tr>\n<td><span>Marca del marco:<\/span><\/td>\n<td class=\"feature-table__value\"><span>Patines FR<\/span><\/td>\n<\/tr>\n<tr>\n<td><span>Montaje del marco:<\/span><\/td>\n<td class=\"feature-table__value\"><span>Cl\u00e1sico (montura 165)<\/span><\/td>\n<\/tr>\n<tr>\n<td><span>Material del marco:<\/span><\/td>\n<td class=\"feature-table__value\"><span>Aluminio<\/span><\/td>\n<\/tr>\n<tr>\n<td><span>Longitud del marco:<\/span><\/td>\n<td class=\"feature-table__value\"><span>232 mm<\/span><\/td>\n<\/tr>\n<tr>\n<td><span>Balanc\u00edn de cuadro:<\/span><\/td>\n<td class=\"feature-table__value\"><span>Plano (sin balanc\u00edn)<\/span><\/td>\n<\/tr>\n<tr>\n<td><span>Ejes:<\/span><\/td>\n<td class=\"feature-table__value\"><span>Velocidad de 8 mm (un eje que se atornilla a la pared del marco)<\/span><\/td>\n<\/tr>\n<tr>\n<td><span>Marca de la rueda:<\/span><\/td>\n<td class=\"feature-table__value\"><span>Reyes de la calle<\/span><\/td>\n<\/tr>\n<tr>\n<td><span>Tama\u00f1o de la rueda:<\/span><\/td>\n<td class=\"feature-table__value\"><span>110 mm<\/span><\/td>\n<\/tr>\n<tr>\n<td><span>Dureza de la rueda:<\/span><\/td>\n<td class=\"feature-table__value\"><span>88a<\/span><\/td>\n<\/tr>\n<tr>\n<td><span>Perfil de la rueda:<\/span><\/td>\n<td class=\"feature-table__value\"><span>Bala<\/span><\/td>\n<\/tr>\n<tr>\n<td><span>Marca de rodamientos:<\/span><\/td>\n<td class=\"feature-table__value\"><span>C\u00e1mara doble<\/span><\/td>\n<\/tr>\n<tr>\n<td><span>Clasificaci\u00f3n del rodamiento:<\/span><\/td>\n<td class=\"feature-table__value\"><span>MW7<\/span><\/td>\n<\/tr>\n<\/tbody>\n<\/table>\n<p>Talla 24cm, 25cm, 25.5cm, 26cm, 27cm, 29.5cm, 30.9cm<\/p>\n","protected":false},"excerpt":{"rendered":"<p>SOLO SOBRE PEDIDO<\/p>\n<p><strong><span>FR Skates<\/span><\/strong><span>\u00a0<\/span><span>es una marca propiedad de patinadores que viaja con sus equipos por todo el mundo para patinar e interactuar con sus seguidores. De esta manera, pueden tener en cuenta una gran cantidad de comentarios. Han notado que hay un aumento en la demanda de m\u00e1s velocidad y agilidad para sus patines de freeride y \u00a1ya est\u00e1n aqu\u00ed los nuevos patines\u00a0<strong>FR\u00a0<\/strong><em>3 310<\/em>\u00a0!<\/span><span><\/span><strong><span><\/span><\/strong><span><\/span><em><span><\/span><\/em><span><\/span><span><\/span><\/p>\n<p><span>Los nuevos patines\u00a0<strong>FR\u00a0<\/strong><em>3 310<\/em>\u00a0cuentan con un revestimiento\u00a0<strong>FR<\/strong>\u00a0con plantilla Orthomove y una abertura m\u00e1s amplia para garantizar que el pie se mantenga firmemente en su lugar mientras patinas. Los patines\u00a0<strong>FR\u00a0<\/strong><em>3 80<\/em>\u00a0vienen con cierres de hebilla de pl\u00e1stico en el tobillo y un cierre de doble correa en la parte superior del pie.<\/span><span><\/span><strong><span><\/span><\/strong><span><\/span><em><span><\/span><\/em><span><\/span><span><\/span><span><\/span><strong><span><\/span><\/strong><span><\/span><span><\/span><span><\/span><strong><span><\/span><\/strong><span><\/span><em><span><\/span><\/em><span><\/span><span><\/span><\/p>\n<p><span>Para obtener la mejor transferencia de energ\u00eda posible desde tu pie hasta el suelo,\u00a0<strong>FR<\/strong>\u00a0ha a\u00f1adido dos placas de metal de siete orificios en la parte inferior de sus patines, lo que te permite ajustar la configuraci\u00f3n de tus\u00a0X2 310\/232mm Frames\u00a0. Gracias a las placas integradas, ganar\u00e1s estabilidad, precisi\u00f3n y capacidad de respuesta. El\u00a0<strong>FR\u00a0<\/strong><em>3 310<\/em>\u00a0es un gran pat\u00edn para mejorar tus habilidades en todos los estilos de patinaje.<\/span><span><\/span><strong><span><\/span><\/strong><span><\/span><span><\/span><span><\/span><span><\/span><span><\/span><strong><span><\/span><\/strong><span><\/span><em><span><\/span><\/em><span><\/span><span><\/span><\/p>\n<p><span>Los FR Skates FR3 310 vienen con ruedas Street King de 110 mm 88a y rodamientos Twincam MW7 Freeride para que sigas rodando, el marco X2 y revestimientos c\u00f3modos (son ligeramente m\u00e1s suaves que los revestimientos FR Skates FR1 y FR2).<\/span><\/p>\n<p><strong>Consejo sobre talla: este pat\u00edn calza en una talla peque\u00f1a, por lo que es mejor comprar una talla M\u00c1S GRANDE que tu talla de calzado habitual.<\/strong><\/p>\n","protected":false},"featured_media":1758,"comment_status":"open","ping_status":"closed","template":"","meta":{"rop_custom_images_group":[],"rop_custom_messages_group":[],"rop_publish_now":"initial","rop_publish_now_accounts":[],"rop_publish_now_history":[],"rop_publish_now_status":"pending"},"product_cat":[34],"product_tag":[],"class_list":{"0":"post-1757","1":"product","2":"type-product","3":"status-publish","4":"has-post-thumbnail","6":"product_cat-freeskate","7":"post","9":"first","10":"instock","11":"shipping-taxable","12":"purchasable","13":"product-type-simple"},"yoast_head":"<!-- This site is optimized with the Yoast SEO plugin v21.9.1 - https:\/\/yoast.com\/wordpress\/plugins\/seo\/ -->\n<title>Patines FR FR3 310 Rn - Pat\u00edn Exclusivo<\/title>\n<meta name=\"robots\" content=\"index, follow, max-snippet:-1, max-image-preview:large, max-video-preview:-1\" \/>\n<link rel=\"canonical\" href=\"https:\/\/patinexclusivo.com\/index.php\/product\/patines-fr-fr3-310-rn\/\" \/>\n<meta property=\"og:locale\" content=\"en_US\" \/>\n<meta property=\"og:type\" content=\"article\" \/>\n<meta property=\"og:title\" content=\"Patines FR FR3 310 Rn - Pat\u00edn Exclusivo\" \/>\n<meta property=\"og:description\" content=\"SOLO SOBRE PEDIDO  FR Skates\u00a0es una marca propiedad de patinadores que viaja con sus equipos por todo el mundo para patinar e interactuar con sus seguidores. De esta manera, pueden tener en cuenta una gran cantidad de comentarios. Han notado que hay un aumento en la demanda de m\u00e1s velocidad y agilidad para sus patines de freeride y \u00a1ya est\u00e1n aqu\u00ed los nuevos patines\u00a0FR\u00a03 310\u00a0!  Los nuevos patines\u00a0FR\u00a03 310\u00a0cuentan con un revestimiento\u00a0FR\u00a0con plantilla Orthomove y una abertura m\u00e1s amplia para garantizar que el pie se mantenga firmemente en su lugar mientras patinas. Los patines\u00a0FR\u00a03 80\u00a0vienen con cierres de hebilla de pl\u00e1stico en el tobillo y un cierre de doble correa en la parte superior del pie.  Para obtener la mejor transferencia de energ\u00eda posible desde tu pie hasta el suelo,\u00a0FR\u00a0ha a\u00f1adido dos placas de metal de siete orificios en la parte inferior de sus patines, lo que te permite ajustar la configuraci\u00f3n de tus\u00a0X2 310\/232mm Frames\u00a0. Gracias a las placas integradas, ganar\u00e1s estabilidad, precisi\u00f3n y capacidad de respuesta. El\u00a0FR\u00a03 310\u00a0es un gran pat\u00edn para mejorar tus habilidades en todos los estilos de patinaje.  Los FR Skates FR3 310 vienen con ruedas Street King de 110 mm 88a y rodamientos Twincam MW7 Freeride para que sigas rodando, el marco X2 y revestimientos c\u00f3modos (son ligeramente m\u00e1s suaves que los revestimientos FR Skates FR1 y FR2).  Consejo sobre talla: este pat\u00edn calza en una talla peque\u00f1a, por lo que es mejor comprar una talla M\u00c1S GRANDE que tu talla de calzado habitual.\" \/>\n<meta property=\"og:url\" content=\"https:\/\/patinexclusivo.com\/index.php\/product\/patines-fr-fr3-310-rn\/\" \/>\n<meta property=\"og:site_name\" content=\"Pat\u00edn Exclusivo\" \/>\n<meta property=\"article:modified_time\" content=\"2024-09-21T07:56:35+00:00\" \/>\n<meta property=\"og:image\" content=\"https:\/\/patinexclusivo.com\/wp-content\/uploads\/2024\/09\/FR-Skates-FR3-310-2.webp\" \/>\n\t<meta property=\"og:image:width\" content=\"1100\" \/>\n\t<meta property=\"og:image:height\" content=\"1100\" \/>\n\t<meta property=\"og:image:type\" content=\"image\/webp\" \/>\n<meta name=\"twitter:card\" content=\"summary_large_image\" \/>\n<meta name=\"twitter:label1\" content=\"Est. reading time\" \/>\n\t<meta name=\"twitter:data1\" content=\"1 minute\" \/>\n<script type=\"application\/ld+json\" class=\"yoast-schema-graph\">{\"@context\":\"https:\/\/schema.org\",\"@graph\":[{\"@type\":\"WebPage\",\"@id\":\"https:\/\/patinexclusivo.com\/index.php\/product\/patines-fr-fr3-310-rn\/\",\"url\":\"https:\/\/patinexclusivo.com\/index.php\/product\/patines-fr-fr3-310-rn\/\",\"name\":\"Patines FR FR3 310 Rn - Pat\u00edn Exclusivo\",\"isPartOf\":{\"@id\":\"https:\/\/patinexclusivo.com\/#website\"},\"datePublished\":\"2024-09-21T07:56:34+00:00\",\"dateModified\":\"2024-09-21T07:56:35+00:00\",\"breadcrumb\":{\"@id\":\"https:\/\/patinexclusivo.com\/index.php\/product\/patines-fr-fr3-310-rn\/#breadcrumb\"},\"inLanguage\":\"en-US\",\"potentialAction\":[{\"@type\":\"ReadAction\",\"target\":[\"https:\/\/patinexclusivo.com\/index.php\/product\/patines-fr-fr3-310-rn\/\"]}]},{\"@type\":\"BreadcrumbList\",\"@id\":\"https:\/\/patinexclusivo.com\/index.php\/product\/patines-fr-fr3-310-rn\/#breadcrumb\",\"itemListElement\":[{\"@type\":\"ListItem\",\"position\":1,\"name\":\"Inicio\",\"item\":\"https:\/\/patinexclusivo.com\/\"},{\"@type\":\"ListItem\",\"position\":2,\"name\":\"Shop\",\"item\":\"https:\/\/patinexclusivo.com\/index.php\/shop\/\"},{\"@type\":\"ListItem\",\"position\":3,\"name\":\"Patines FR FR3 310 Rn\"}]},{\"@type\":\"WebSite\",\"@id\":\"https:\/\/patinexclusivo.com\/#website\",\"url\":\"https:\/\/patinexclusivo.com\/\",\"name\":\"Pat\u00edn Exclusivo\",\"description\":\"\ud83d\udefc Rollers SLP: Tu destino #1 para patines en San Luis Potos\u00ed! Encuentra los mejores estilos y marcas \ud83c\udf1f, consejos de expertos \ud83d\udcda y accesorios para patinaje. \u00a1Vis\u00edtanos y rueda con estilo! \ud83c\udf08\u2728\",\"publisher\":{\"@id\":\"https:\/\/patinexclusivo.com\/#organization\"},\"potentialAction\":[{\"@type\":\"SearchAction\",\"target\":{\"@type\":\"EntryPoint\",\"urlTemplate\":\"https:\/\/patinexclusivo.com\/?s={search_term_string}\"},\"query-input\":\"required name=search_term_string\"}],\"inLanguage\":\"en-US\"},{\"@type\":\"Organization\",\"@id\":\"https:\/\/patinexclusivo.com\/#organization\",\"name\":\"Pat\u00edn Exclusivo\",\"url\":\"https:\/\/patinexclusivo.com\/\",\"logo\":{\"@type\":\"ImageObject\",\"inLanguage\":\"en-US\",\"@id\":\"https:\/\/patinexclusivo.com\/#\/schema\/logo\/image\/\",\"url\":\"https:\/\/patinexclusivo.com\/wp-content\/uploads\/2025\/01\/cropped-cropped-WhatsApp-Image-2025-01-29-at-7.00.40-PM.jpeg\",\"contentUrl\":\"https:\/\/patinexclusivo.com\/wp-content\/uploads\/2025\/01\/cropped-cropped-WhatsApp-Image-2025-01-29-at-7.00.40-PM.jpeg\",\"width\":583,\"height\":568,\"caption\":\"Pat\u00edn Exclusivo\"},\"image\":{\"@id\":\"https:\/\/patinexclusivo.com\/#\/schema\/logo\/image\/\"}}]}<\/script>\n<!-- \/ Yoast SEO plugin. -->","yoast_head_json":{"title":"Patines FR FR3 310 Rn - Pat\u00edn Exclusivo","robots":{"index":"index","follow":"follow","max-snippet":"max-snippet:-1","max-image-preview":"max-image-preview:large","max-video-preview":"max-video-preview:-1"},"canonical":"https:\/\/patinexclusivo.com\/index.php\/product\/patines-fr-fr3-310-rn\/","og_locale":"en_US","og_type":"article","og_title":"Patines FR FR3 310 Rn - Pat\u00edn Exclusivo","og_description":"SOLO SOBRE PEDIDO  FR Skates\u00a0es una marca propiedad de patinadores que viaja con sus equipos por todo el mundo para patinar e interactuar con sus seguidores. De esta manera, pueden tener en cuenta una gran cantidad de comentarios. Han notado que hay un aumento en la demanda de m\u00e1s velocidad y agilidad para sus patines de freeride y \u00a1ya est\u00e1n aqu\u00ed los nuevos patines\u00a0FR\u00a03 310\u00a0!  Los nuevos patines\u00a0FR\u00a03 310\u00a0cuentan con un revestimiento\u00a0FR\u00a0con plantilla Orthomove y una abertura m\u00e1s amplia para garantizar que el pie se mantenga firmemente en su lugar mientras patinas. Los patines\u00a0FR\u00a03 80\u00a0vienen con cierres de hebilla de pl\u00e1stico en el tobillo y un cierre de doble correa en la parte superior del pie.  Para obtener la mejor transferencia de energ\u00eda posible desde tu pie hasta el suelo,\u00a0FR\u00a0ha a\u00f1adido dos placas de metal de siete orificios en la parte inferior de sus patines, lo que te permite ajustar la configuraci\u00f3n de tus\u00a0X2 310\/232mm Frames\u00a0. Gracias a las placas integradas, ganar\u00e1s estabilidad, precisi\u00f3n y capacidad de respuesta. El\u00a0FR\u00a03 310\u00a0es un gran pat\u00edn para mejorar tus habilidades en todos los estilos de patinaje.  Los FR Skates FR3 310 vienen con ruedas Street King de 110 mm 88a y rodamientos Twincam MW7 Freeride para que sigas rodando, el marco X2 y revestimientos c\u00f3modos (son ligeramente m\u00e1s suaves que los revestimientos FR Skates FR1 y FR2).  Consejo sobre talla: este pat\u00edn calza en una talla peque\u00f1a, por lo que es mejor comprar una talla M\u00c1S GRANDE que tu talla de calzado habitual.","og_url":"https:\/\/patinexclusivo.com\/index.php\/product\/patines-fr-fr3-310-rn\/","og_site_name":"Pat\u00edn Exclusivo","article_modified_time":"2024-09-21T07:56:35+00:00","og_image":[{"width":1100,"height":1100,"url":"https:\/\/patinexclusivo.com\/wp-content\/uploads\/2024\/09\/FR-Skates-FR3-310-2.webp","type":"image\/webp"}],"twitter_card":"summary_large_image","twitter_misc":{"Est. reading time":"1 minute"},"schema":{"@context":"https:\/\/schema.org","@graph":[{"@type":"WebPage","@id":"https:\/\/patinexclusivo.com\/index.php\/product\/patines-fr-fr3-310-rn\/","url":"https:\/\/patinexclusivo.com\/index.php\/product\/patines-fr-fr3-310-rn\/","name":"Patines FR FR3 310 Rn - Pat\u00edn Exclusivo","isPartOf":{"@id":"https:\/\/patinexclusivo.com\/#website"},"datePublished":"2024-09-21T07:56:34+00:00","dateModified":"2024-09-21T07:56:35+00:00","breadcrumb":{"@id":"https:\/\/patinexclusivo.com\/index.php\/product\/patines-fr-fr3-310-rn\/#breadcrumb"},"inLanguage":"en-US","potentialAction":[{"@type":"ReadAction","target":["https:\/\/patinexclusivo.com\/index.php\/product\/patines-fr-fr3-310-rn\/"]}]},{"@type":"BreadcrumbList","@id":"https:\/\/patinexclusivo.com\/index.php\/product\/patines-fr-fr3-310-rn\/#breadcrumb","itemListElement":[{"@type":"ListItem","position":1,"name":"Inicio","item":"https:\/\/patinexclusivo.com\/"},{"@type":"ListItem","position":2,"name":"Shop","item":"https:\/\/patinexclusivo.com\/index.php\/shop\/"},{"@type":"ListItem","position":3,"name":"Patines FR FR3 310 Rn"}]},{"@type":"WebSite","@id":"https:\/\/patinexclusivo.com\/#website","url":"https:\/\/patinexclusivo.com\/","name":"Pat\u00edn Exclusivo","description":"\ud83d\udefc Rollers SLP: Tu destino #1 para patines en San Luis Potos\u00ed! Encuentra los mejores estilos y marcas \ud83c\udf1f, consejos de expertos \ud83d\udcda y accesorios para patinaje. \u00a1Vis\u00edtanos y rueda con estilo! \ud83c\udf08\u2728","publisher":{"@id":"https:\/\/patinexclusivo.com\/#organization"},"potentialAction":[{"@type":"SearchAction","target":{"@type":"EntryPoint","urlTemplate":"https:\/\/patinexclusivo.com\/?s={search_term_string}"},"query-input":"required name=search_term_string"}],"inLanguage":"en-US"},{"@type":"Organization","@id":"https:\/\/patinexclusivo.com\/#organization","name":"Pat\u00edn Exclusivo","url":"https:\/\/patinexclusivo.com\/","logo":{"@type":"ImageObject","inLanguage":"en-US","@id":"https:\/\/patinexclusivo.com\/#\/schema\/logo\/image\/","url":"https:\/\/patinexclusivo.com\/wp-content\/uploads\/2025\/01\/cropped-cropped-WhatsApp-Image-2025-01-29-at-7.00.40-PM.jpeg","contentUrl":"https:\/\/patinexclusivo.com\/wp-content\/uploads\/2025\/01\/cropped-cropped-WhatsApp-Image-2025-01-29-at-7.00.40-PM.jpeg","width":583,"height":568,"caption":"Pat\u00edn Exclusivo"},"image":{"@id":"https:\/\/patinexclusivo.com\/#\/schema\/logo\/image\/"}}]}},"_links":{"self":[{"href":"https:\/\/patinexclusivo.com\/index.php\/wp-json\/wp\/v2\/product\/1757"}],"collection":[{"href":"https:\/\/patinexclusivo.com\/index.php\/wp-json\/wp\/v2\/product"}],"about":[{"href":"https:\/\/patinexclusivo.com\/index.php\/wp-json\/wp\/v2\/types\/product"}],"replies":[{"embeddable":true,"href":"https:\/\/patinexclusivo.com\/index.php\/wp-json\/wp\/v2\/comments?post=1757"}],"version-history":[{"count":1,"href":"https:\/\/patinexclusivo.com\/index.php\/wp-json\/wp\/v2\/product\/1757\/revisions"}],"predecessor-version":[{"id":1759,"href":"https:\/\/patinexclusivo.com\/index.php\/wp-json\/wp\/v2\/product\/1757\/revisions\/1759"}],"wp:featuredmedia":[{"embeddable":true,"href":"https:\/\/patinexclusivo.com\/index.php\/wp-json\/wp\/v2\/media\/1758"}],"wp:attachment":[{"href":"https:\/\/patinexclusivo.com\/index.php\/wp-json\/wp\/v2\/media?parent=1757"}],"wp:term":[{"taxonomy":"product_cat","embeddable":true,"href":"https:\/\/patinexclusivo.com\/index.php\/wp-json\/wp\/v2\/product_cat?post=1757"},{"taxonomy":"product_tag","embeddable":true,"href":"https:\/\/patinexclusivo.com\/index.php\/wp-json\/wp\/v2\/product_tag?post=1757"}],"curies":[{"name":"wp","href":"https:\/\/api.w.org\/{rel}","templated":true}]}}