{"id":1760,"date":"2024-10-02T20:23:57","date_gmt":"2024-10-02T20:23:57","guid":{"rendered":"https:\/\/patinexclusivo.com\/?post_type=product&#038;p=1760"},"modified":"2024-10-02T20:23:58","modified_gmt":"2024-10-02T20:23:58","slug":"patines-ventro-pro-version-loco-premium-rn","status":"publish","type":"product","link":"https:\/\/patinexclusivo.com\/index.php\/product\/patines-ventro-pro-version-loco-premium-rn\/","title":{"rendered":"Patines Ventro Pro &#8211; Versi\u00f3n LOCO PREMIUM &#8211; Rn"},"content":{"rendered":"<table class=\"feature-table\">\n<tbody>\n<tr>\n<td><span>Estilo de patinaje:<\/span><\/td>\n<td class=\"feature-table__value\"><span>Crucero \/ Ocio, Urbano \/ Ciudad, Baile<\/span><\/td>\n<\/tr>\n<tr>\n<td><span>Material de la bota:<\/span><\/td>\n<td class=\"feature-table__value\"><span>Pl\u00e1stico<\/span><\/td>\n<\/tr>\n<tr>\n<td><span>Cordones:<\/span><\/td>\n<td class=\"feature-table__value\"><span>Est\u00e1ndar<\/span><\/td>\n<\/tr>\n<tr>\n<td><span>Marca de la rueda:<\/span><\/td>\n<td class=\"feature-table__value\"><span>Ondas<\/span><\/td>\n<\/tr>\n<tr>\n<td><span>Tama\u00f1o de la rueda:<\/span><\/td>\n<td class=\"feature-table__value\"><span>65 mm<\/span><\/td>\n<\/tr>\n<tr>\n<td><span>Dureza de la rueda:<\/span><\/td>\n<td class=\"feature-table__value\"><span>78a<\/span><\/td>\n<\/tr>\n<tr>\n<td><span>Marca de rodamientos:<\/span><\/td>\n<td class=\"feature-table__value\"><span>Rev\u00f3lver<\/span><\/td>\n<\/tr>\n<tr>\n<td><span>Clasificaci\u00f3n del rodamiento:<\/span><\/td>\n<td class=\"feature-table__value\"><span>Abec 5<\/span><\/td>\n<\/tr>\n<tr>\n<td><span>Material del cami\u00f3n:<\/span><\/td>\n<td class=\"feature-table__value\"><span>Metal<\/span><\/td>\n<\/tr>\n<tr>\n<td><span>Tipo de tap\u00f3n:<\/span><\/td>\n<td class=\"feature-table__value\"><span>No ajustable<\/span><\/td>\n<\/tr>\n<tr>\n<td><span>Ancho de la rueda:<\/span><\/td>\n<td class=\"feature-table__value\"><span>31 mm<\/span><\/td>\n<\/tr>\n<\/tbody>\n<\/table>\n<p>Talla 23cm, 24cm, 25.5cm, 26cm, 26.5cm, 27.5cm, 28cm, 28.5cm<\/p>\n","protected":false},"excerpt":{"rendered":"<p>SOLO SOBRE PEDIDO<\/p>\n<p><span class=\"s1\"><span>Tomamos los patines en l\u00ednea Ventro Pro m\u00e1s vendidos y los mejoramos reemplazando los rodamientos de f\u00e1brica de baja calidad con rodamientos Revolver ABEC 5 de primera calidad. Luego, los ocultamos con algunos cordones negros largos y topes y pusimos algunos cordones de repuesto en la caja.<\/span><\/span><\/p>\n<p><span class=\"s1\"><span>Los patines Ventro Pro Loco Premium vienen equipados con ruedas PREMIUM Airwaves de 65 mm y una dureza de 78a, lo que los convierte en una excelente opci\u00f3n tanto para patinar en interiores como en exteriores. Vienen\u00a0<\/span><\/span><span class=\"s1\"><span>\u00a0en una gama de diferentes opciones de color para combinar con tu estilo personal.\u00a0Selecciona el tama\u00f1o y el color de las ruedas en los men\u00fas desplegables de la derecha. Puedes encontrar la referencia del color de las ruedas en el carrete de im\u00e1genes.<\/span><span><\/span><\/span><\/p>\n<p class=\"p2\"><span class=\"s1\"><span>Como pat\u00edn de cuatro ruedas con bota dura, el Ventro Pro ofrece un gran soporte para el tobillo.\u00a0\u00a0<\/span><\/span><span class=\"s1\"><span>El tope de poliuretano para la puntera es reemplazable. El ajuste y la forma de este pat\u00edn son unisex.<\/span><\/p>\n<p><\/span><\/p>\n<p class=\"p2\"><span class=\"s1\"><strong><span>Plantilla:<\/span><\/strong><span>\u00a0 el forro Ventro no tiene plantilla extra\u00edble. Si prefieres una amortiguaci\u00f3n adicional, soporte para el arco o te gustar\u00eda reducir el volumen dentro de tus patines, te recomendamos que coloques tu propia plantilla.<\/span><\/span><\/p>\n<p><strong>Consejo sobre talla: este pat\u00edn calza medio n\u00famero m\u00e1s grande, por lo que es mejor comprar medio n\u00famero M\u00c1S PEQUE\u00d1O que tu talla de calzado habitual.<\/strong><\/p>\n","protected":false},"featured_media":1761,"comment_status":"open","ping_status":"closed","template":"","meta":{"rop_custom_images_group":[],"rop_custom_messages_group":[],"rop_publish_now":"initial","rop_publish_now_accounts":[],"rop_publish_now_history":[],"rop_publish_now_status":"pending"},"product_cat":[62],"product_tag":[],"class_list":{"0":"post-1760","1":"product","2":"type-product","3":"status-publish","4":"has-post-thumbnail","6":"product_cat-quads","7":"post","9":"first","10":"instock","11":"shipping-taxable","12":"purchasable","13":"product-type-simple"},"yoast_head":"<!-- This site is optimized with the Yoast SEO plugin v21.9.1 - https:\/\/yoast.com\/wordpress\/plugins\/seo\/ -->\n<title>Patines Ventro Pro - Versi\u00f3n LOCO PREMIUM - Rn - Pat\u00edn Exclusivo<\/title>\n<meta name=\"robots\" content=\"index, follow, max-snippet:-1, max-image-preview:large, max-video-preview:-1\" \/>\n<link rel=\"canonical\" href=\"https:\/\/patinexclusivo.com\/index.php\/product\/patines-ventro-pro-version-loco-premium-rn\/\" \/>\n<meta property=\"og:locale\" content=\"en_US\" \/>\n<meta property=\"og:type\" content=\"article\" \/>\n<meta property=\"og:title\" content=\"Patines Ventro Pro - Versi\u00f3n LOCO PREMIUM - Rn - Pat\u00edn Exclusivo\" \/>\n<meta property=\"og:description\" content=\"SOLO SOBRE PEDIDO  Tomamos los patines en l\u00ednea Ventro Pro m\u00e1s vendidos y los mejoramos reemplazando los rodamientos de f\u00e1brica de baja calidad con rodamientos Revolver ABEC 5 de primera calidad. Luego, los ocultamos con algunos cordones negros largos y topes y pusimos algunos cordones de repuesto en la caja.  Los patines Ventro Pro Loco Premium vienen equipados con ruedas PREMIUM Airwaves de 65 mm y una dureza de 78a, lo que los convierte en una excelente opci\u00f3n tanto para patinar en interiores como en exteriores. Vienen\u00a0\u00a0en una gama de diferentes opciones de color para combinar con tu estilo personal.\u00a0Selecciona el tama\u00f1o y el color de las ruedas en los men\u00fas desplegables de la derecha. Puedes encontrar la referencia del color de las ruedas en el carrete de im\u00e1genes. Como pat\u00edn de cuatro ruedas con bota dura, el Ventro Pro ofrece un gran soporte para el tobillo.\u00a0\u00a0El tope de poliuretano para la puntera es reemplazable. El ajuste y la forma de este pat\u00edn son unisex.   Plantilla:\u00a0 el forro Ventro no tiene plantilla extra\u00edble. Si prefieres una amortiguaci\u00f3n adicional, soporte para el arco o te gustar\u00eda reducir el volumen dentro de tus patines, te recomendamos que coloques tu propia plantilla. Consejo sobre talla: este pat\u00edn calza medio n\u00famero m\u00e1s grande, por lo que es mejor comprar medio n\u00famero M\u00c1S PEQUE\u00d1O que tu talla de calzado habitual.\" \/>\n<meta property=\"og:url\" content=\"https:\/\/patinexclusivo.com\/index.php\/product\/patines-ventro-pro-version-loco-premium-rn\/\" \/>\n<meta property=\"og:site_name\" content=\"Pat\u00edn Exclusivo\" \/>\n<meta property=\"article:modified_time\" content=\"2024-10-02T20:23:58+00:00\" \/>\n<meta property=\"og:image\" content=\"https:\/\/patinexclusivo.com\/wp-content\/uploads\/2024\/10\/Airwaves-red-yellow-3.webp\" \/>\n\t<meta property=\"og:image:width\" content=\"1100\" \/>\n\t<meta property=\"og:image:height\" content=\"1100\" \/>\n\t<meta property=\"og:image:type\" content=\"image\/webp\" \/>\n<meta name=\"twitter:card\" content=\"summary_large_image\" \/>\n<meta name=\"twitter:label1\" content=\"Est. reading time\" \/>\n\t<meta name=\"twitter:data1\" content=\"1 minute\" \/>\n<script type=\"application\/ld+json\" class=\"yoast-schema-graph\">{\"@context\":\"https:\/\/schema.org\",\"@graph\":[{\"@type\":\"WebPage\",\"@id\":\"https:\/\/patinexclusivo.com\/index.php\/product\/patines-ventro-pro-version-loco-premium-rn\/\",\"url\":\"https:\/\/patinexclusivo.com\/index.php\/product\/patines-ventro-pro-version-loco-premium-rn\/\",\"name\":\"Patines Ventro Pro - Versi\u00f3n LOCO PREMIUM - Rn - Pat\u00edn Exclusivo\",\"isPartOf\":{\"@id\":\"https:\/\/patinexclusivo.com\/#website\"},\"datePublished\":\"2024-10-02T20:23:57+00:00\",\"dateModified\":\"2024-10-02T20:23:58+00:00\",\"breadcrumb\":{\"@id\":\"https:\/\/patinexclusivo.com\/index.php\/product\/patines-ventro-pro-version-loco-premium-rn\/#breadcrumb\"},\"inLanguage\":\"en-US\",\"potentialAction\":[{\"@type\":\"ReadAction\",\"target\":[\"https:\/\/patinexclusivo.com\/index.php\/product\/patines-ventro-pro-version-loco-premium-rn\/\"]}]},{\"@type\":\"BreadcrumbList\",\"@id\":\"https:\/\/patinexclusivo.com\/index.php\/product\/patines-ventro-pro-version-loco-premium-rn\/#breadcrumb\",\"itemListElement\":[{\"@type\":\"ListItem\",\"position\":1,\"name\":\"Inicio\",\"item\":\"https:\/\/patinexclusivo.com\/\"},{\"@type\":\"ListItem\",\"position\":2,\"name\":\"Shop\",\"item\":\"https:\/\/patinexclusivo.com\/index.php\/shop\/\"},{\"@type\":\"ListItem\",\"position\":3,\"name\":\"Patines Ventro Pro &#8211; Versi\u00f3n LOCO PREMIUM &#8211; Rn\"}]},{\"@type\":\"WebSite\",\"@id\":\"https:\/\/patinexclusivo.com\/#website\",\"url\":\"https:\/\/patinexclusivo.com\/\",\"name\":\"Pat\u00edn Exclusivo\",\"description\":\"\ud83d\udefc Rollers SLP: Tu destino #1 para patines en San Luis Potos\u00ed! Encuentra los mejores estilos y marcas \ud83c\udf1f, consejos de expertos \ud83d\udcda y accesorios para patinaje. \u00a1Vis\u00edtanos y rueda con estilo! \ud83c\udf08\u2728\",\"publisher\":{\"@id\":\"https:\/\/patinexclusivo.com\/#organization\"},\"potentialAction\":[{\"@type\":\"SearchAction\",\"target\":{\"@type\":\"EntryPoint\",\"urlTemplate\":\"https:\/\/patinexclusivo.com\/?s={search_term_string}\"},\"query-input\":\"required name=search_term_string\"}],\"inLanguage\":\"en-US\"},{\"@type\":\"Organization\",\"@id\":\"https:\/\/patinexclusivo.com\/#organization\",\"name\":\"Pat\u00edn Exclusivo\",\"url\":\"https:\/\/patinexclusivo.com\/\",\"logo\":{\"@type\":\"ImageObject\",\"inLanguage\":\"en-US\",\"@id\":\"https:\/\/patinexclusivo.com\/#\/schema\/logo\/image\/\",\"url\":\"https:\/\/patinexclusivo.com\/wp-content\/uploads\/2025\/01\/cropped-cropped-WhatsApp-Image-2025-01-29-at-7.00.40-PM.jpeg\",\"contentUrl\":\"https:\/\/patinexclusivo.com\/wp-content\/uploads\/2025\/01\/cropped-cropped-WhatsApp-Image-2025-01-29-at-7.00.40-PM.jpeg\",\"width\":583,\"height\":568,\"caption\":\"Pat\u00edn Exclusivo\"},\"image\":{\"@id\":\"https:\/\/patinexclusivo.com\/#\/schema\/logo\/image\/\"}}]}<\/script>\n<!-- \/ Yoast SEO plugin. -->","yoast_head_json":{"title":"Patines Ventro Pro - Versi\u00f3n LOCO PREMIUM - Rn - Pat\u00edn Exclusivo","robots":{"index":"index","follow":"follow","max-snippet":"max-snippet:-1","max-image-preview":"max-image-preview:large","max-video-preview":"max-video-preview:-1"},"canonical":"https:\/\/patinexclusivo.com\/index.php\/product\/patines-ventro-pro-version-loco-premium-rn\/","og_locale":"en_US","og_type":"article","og_title":"Patines Ventro Pro - Versi\u00f3n LOCO PREMIUM - Rn - Pat\u00edn Exclusivo","og_description":"SOLO SOBRE PEDIDO  Tomamos los patines en l\u00ednea Ventro Pro m\u00e1s vendidos y los mejoramos reemplazando los rodamientos de f\u00e1brica de baja calidad con rodamientos Revolver ABEC 5 de primera calidad. Luego, los ocultamos con algunos cordones negros largos y topes y pusimos algunos cordones de repuesto en la caja.  Los patines Ventro Pro Loco Premium vienen equipados con ruedas PREMIUM Airwaves de 65 mm y una dureza de 78a, lo que los convierte en una excelente opci\u00f3n tanto para patinar en interiores como en exteriores. Vienen\u00a0\u00a0en una gama de diferentes opciones de color para combinar con tu estilo personal.\u00a0Selecciona el tama\u00f1o y el color de las ruedas en los men\u00fas desplegables de la derecha. Puedes encontrar la referencia del color de las ruedas en el carrete de im\u00e1genes. Como pat\u00edn de cuatro ruedas con bota dura, el Ventro Pro ofrece un gran soporte para el tobillo.\u00a0\u00a0El tope de poliuretano para la puntera es reemplazable. El ajuste y la forma de este pat\u00edn son unisex.   Plantilla:\u00a0 el forro Ventro no tiene plantilla extra\u00edble. Si prefieres una amortiguaci\u00f3n adicional, soporte para el arco o te gustar\u00eda reducir el volumen dentro de tus patines, te recomendamos que coloques tu propia plantilla. Consejo sobre talla: este pat\u00edn calza medio n\u00famero m\u00e1s grande, por lo que es mejor comprar medio n\u00famero M\u00c1S PEQUE\u00d1O que tu talla de calzado habitual.","og_url":"https:\/\/patinexclusivo.com\/index.php\/product\/patines-ventro-pro-version-loco-premium-rn\/","og_site_name":"Pat\u00edn Exclusivo","article_modified_time":"2024-10-02T20:23:58+00:00","og_image":[{"width":1100,"height":1100,"url":"https:\/\/patinexclusivo.com\/wp-content\/uploads\/2024\/10\/Airwaves-red-yellow-3.webp","type":"image\/webp"}],"twitter_card":"summary_large_image","twitter_misc":{"Est. reading time":"1 minute"},"schema":{"@context":"https:\/\/schema.org","@graph":[{"@type":"WebPage","@id":"https:\/\/patinexclusivo.com\/index.php\/product\/patines-ventro-pro-version-loco-premium-rn\/","url":"https:\/\/patinexclusivo.com\/index.php\/product\/patines-ventro-pro-version-loco-premium-rn\/","name":"Patines Ventro Pro - Versi\u00f3n LOCO PREMIUM - Rn - Pat\u00edn Exclusivo","isPartOf":{"@id":"https:\/\/patinexclusivo.com\/#website"},"datePublished":"2024-10-02T20:23:57+00:00","dateModified":"2024-10-02T20:23:58+00:00","breadcrumb":{"@id":"https:\/\/patinexclusivo.com\/index.php\/product\/patines-ventro-pro-version-loco-premium-rn\/#breadcrumb"},"inLanguage":"en-US","potentialAction":[{"@type":"ReadAction","target":["https:\/\/patinexclusivo.com\/index.php\/product\/patines-ventro-pro-version-loco-premium-rn\/"]}]},{"@type":"BreadcrumbList","@id":"https:\/\/patinexclusivo.com\/index.php\/product\/patines-ventro-pro-version-loco-premium-rn\/#breadcrumb","itemListElement":[{"@type":"ListItem","position":1,"name":"Inicio","item":"https:\/\/patinexclusivo.com\/"},{"@type":"ListItem","position":2,"name":"Shop","item":"https:\/\/patinexclusivo.com\/index.php\/shop\/"},{"@type":"ListItem","position":3,"name":"Patines Ventro Pro &#8211; Versi\u00f3n LOCO PREMIUM &#8211; Rn"}]},{"@type":"WebSite","@id":"https:\/\/patinexclusivo.com\/#website","url":"https:\/\/patinexclusivo.com\/","name":"Pat\u00edn Exclusivo","description":"\ud83d\udefc Rollers SLP: Tu destino #1 para patines en San Luis Potos\u00ed! Encuentra los mejores estilos y marcas \ud83c\udf1f, consejos de expertos \ud83d\udcda y accesorios para patinaje. \u00a1Vis\u00edtanos y rueda con estilo! \ud83c\udf08\u2728","publisher":{"@id":"https:\/\/patinexclusivo.com\/#organization"},"potentialAction":[{"@type":"SearchAction","target":{"@type":"EntryPoint","urlTemplate":"https:\/\/patinexclusivo.com\/?s={search_term_string}"},"query-input":"required name=search_term_string"}],"inLanguage":"en-US"},{"@type":"Organization","@id":"https:\/\/patinexclusivo.com\/#organization","name":"Pat\u00edn Exclusivo","url":"https:\/\/patinexclusivo.com\/","logo":{"@type":"ImageObject","inLanguage":"en-US","@id":"https:\/\/patinexclusivo.com\/#\/schema\/logo\/image\/","url":"https:\/\/patinexclusivo.com\/wp-content\/uploads\/2025\/01\/cropped-cropped-WhatsApp-Image-2025-01-29-at-7.00.40-PM.jpeg","contentUrl":"https:\/\/patinexclusivo.com\/wp-content\/uploads\/2025\/01\/cropped-cropped-WhatsApp-Image-2025-01-29-at-7.00.40-PM.jpeg","width":583,"height":568,"caption":"Pat\u00edn Exclusivo"},"image":{"@id":"https:\/\/patinexclusivo.com\/#\/schema\/logo\/image\/"}}]}},"_links":{"self":[{"href":"https:\/\/patinexclusivo.com\/index.php\/wp-json\/wp\/v2\/product\/1760"}],"collection":[{"href":"https:\/\/patinexclusivo.com\/index.php\/wp-json\/wp\/v2\/product"}],"about":[{"href":"https:\/\/patinexclusivo.com\/index.php\/wp-json\/wp\/v2\/types\/product"}],"replies":[{"embeddable":true,"href":"https:\/\/patinexclusivo.com\/index.php\/wp-json\/wp\/v2\/comments?post=1760"}],"version-history":[{"count":1,"href":"https:\/\/patinexclusivo.com\/index.php\/wp-json\/wp\/v2\/product\/1760\/revisions"}],"predecessor-version":[{"id":1762,"href":"https:\/\/patinexclusivo.com\/index.php\/wp-json\/wp\/v2\/product\/1760\/revisions\/1762"}],"wp:featuredmedia":[{"embeddable":true,"href":"https:\/\/patinexclusivo.com\/index.php\/wp-json\/wp\/v2\/media\/1761"}],"wp:attachment":[{"href":"https:\/\/patinexclusivo.com\/index.php\/wp-json\/wp\/v2\/media?parent=1760"}],"wp:term":[{"taxonomy":"product_cat","embeddable":true,"href":"https:\/\/patinexclusivo.com\/index.php\/wp-json\/wp\/v2\/product_cat?post=1760"},{"taxonomy":"product_tag","embeddable":true,"href":"https:\/\/patinexclusivo.com\/index.php\/wp-json\/wp\/v2\/product_tag?post=1760"}],"curies":[{"name":"wp","href":"https:\/\/api.w.org\/{rel}","templated":true}]}}