{"id":1783,"date":"2024-10-07T03:41:42","date_gmt":"2024-10-07T03:41:42","guid":{"rendered":"https:\/\/patinexclusivo.com\/?post_type=product&#038;p=1783"},"modified":"2024-10-07T03:41:43","modified_gmt":"2024-10-07T03:41:43","slug":"patines-chaya-melrose-elite-el-amor-es-amor-rn","status":"publish","type":"product","link":"https:\/\/patinexclusivo.com\/index.php\/product\/patines-chaya-melrose-elite-el-amor-es-amor-rn\/","title":{"rendered":"Patines Chaya Melrose Elite &#8211; El amor es amor Rn"},"content":{"rendered":"<table class=\"feature-table\">\n<tbody>\n<tr>\n<td><span>Estilo de patinaje:<\/span><\/td>\n<td class=\"feature-table__value\"><span>Baile, Crucero \/ Ocio<\/span><\/td>\n<\/tr>\n<tr>\n<td><span>Material de la bota:<\/span><\/td>\n<td class=\"feature-table__value\"><span>Parte superior textil<\/span><\/td>\n<\/tr>\n<tr>\n<td><span>Cordones:<\/span><\/td>\n<td class=\"feature-table__value\"><span>Est\u00e1ndar<\/span><\/td>\n<\/tr>\n<tr>\n<td><span>Marca de la rueda:<\/span><\/td>\n<td class=\"feature-table__value\"><span>Chaya<\/span><\/td>\n<\/tr>\n<tr>\n<td><span>Tama\u00f1o de la rueda:<\/span><\/td>\n<td class=\"feature-table__value\"><span>62 mm<\/span><\/td>\n<\/tr>\n<tr>\n<td><span>Dureza de la rueda:<\/span><\/td>\n<td class=\"feature-table__value\"><span>78a<\/span><\/td>\n<\/tr>\n<tr>\n<td><span>Marca de rodamientos:<\/span><\/td>\n<td class=\"feature-table__value\"><span>No especificado<\/span><\/td>\n<\/tr>\n<tr>\n<td><span>Clasificaci\u00f3n del rodamiento:<\/span><\/td>\n<td class=\"feature-table__value\"><span>Abec 7<\/span><\/td>\n<\/tr>\n<tr>\n<td><span>Clasificaci\u00f3n del buje:<\/span><\/td>\n<td class=\"feature-table__value\"><span>92a<\/span><\/td>\n<\/tr>\n<tr>\n<td><span>Angulo del cami\u00f3n:<\/span><\/td>\n<td class=\"feature-table__value\"><span>20%<\/span><\/td>\n<\/tr>\n<tr>\n<td><span>Material del cami\u00f3n:<\/span><\/td>\n<td class=\"feature-table__value\"><span>Metal<\/span><\/td>\n<\/tr>\n<tr>\n<td><span>Tipo de tap\u00f3n:<\/span><\/td>\n<td class=\"feature-table__value\"><span>Ajustable<\/span><\/td>\n<\/tr>\n<tr>\n<td><span>Ancho de la rueda:<\/span><\/td>\n<td class=\"feature-table__value\"><span>38 mm<\/span><\/td>\n<\/tr>\n<\/tbody>\n<\/table>\n<p>Talla 23.5cm, 24cm, 25.5cm, 26cm<\/p>\n","protected":false},"excerpt":{"rendered":"<p>SOLO SOBRE PEDIDO<\/p>\n<p><span>Los patines Chaya Melrose Elite &#8211; Love is&#8230; son el modelo de \u00e9lite de Chaya para patinadores de nivel intermedio a avanzado. Con \u00e9nfasis en el estilo, los Melrose Elite evocan sentimientos del sue\u00f1o playero californiano de los a\u00f1os 70.<\/span><\/p>\n<p><span>Al igual que los hermanos Elite, compuestos de cuero PU vegano, la parte superior de la bota ofrece mucha estabilidad alrededor del tobillo mientras es suave en los paneles frontales. Esta mezcla le da a los Melrose Elite un rendimiento controlado y c\u00f3modo.<\/span><\/p>\n<p><span>El pl\u00e1stico reforzado con fibra de vidrio mantiene el pat\u00edn ligero y sensible, lo que hace que la maniobrabilidad sea sencilla. El atractivo para los patinadores avanzados y profesionales radica en el \u00e1ngulo del eje de 20\u00b0, acompa\u00f1ado de un ca\u00f1\u00f3n de 15 mm y bujes Jelly Interlock de cono de 12 mm. Perfecto para los estilos de patinaje Jam y Rhythmic, esta configuraci\u00f3n anima al usuario a realizar movimientos art\u00edsticos espec\u00edficos.<\/span><\/p>\n<p><span>El tope de abrazadera ajustable enfatiza esto a\u00fan m\u00e1s, asegurando que no interfiera mientras se realizan trucos, o para que los usuarios puedan ajustarlo a su gusto.<\/span><\/p>\n<p><span>Las ruedas de 62 mm y 78 A brindan suficiente agarre y durabilidad para adaptarse a la mayor\u00eda de los entornos y son ideales para patinar al aire libre, debido al agarre adicional (aunque tambi\u00e9n funcionan perfectamente en interiores). Los rodamientos ABEC 7 completan el pat\u00edn para una conducci\u00f3n m\u00e1s r\u00e1pida y una mejor aceleraci\u00f3n.<\/span><\/p>\n<p><span>El Chaya Melrose Elite Love is&#8230; es un pat\u00edn con una misi\u00f3n y un prop\u00f3sito: respetar a la comunidad LGBTQ+ y apoyar su movimiento. Te alegrar\u00e1 saber que con tu compra tambi\u00e9n est\u00e1s ayudando a apoyar la causa. Chaya colabora con una conocida organizaci\u00f3n sin \u00e1nimo de lucro que es un movimiento global por el amor y la igualdad, que moviliza a miles de personas para construir un mundo en el que ninguna persona tenga que sacrificar a su familia o su libertad, su seguridad o su dignidad por ser qui\u00e9n es y\/o a qui\u00e9n ama. Con este pat\u00edn apoyas dos movimientos al mismo tiempo: LGBTQ+ y PETA, \u00a1la organizaci\u00f3n de derechos de los animales m\u00e1s grande del mundo!<\/span><\/p>\n<p><strong>Consejo sobre talla: <span>este pat\u00edn se ajusta al tama\u00f1o real.<\/span><\/strong><\/p>\n","protected":false},"featured_media":1784,"comment_status":"open","ping_status":"closed","template":"","meta":{"rop_custom_images_group":[],"rop_custom_messages_group":[],"rop_publish_now":"initial","rop_publish_now_accounts":[],"rop_publish_now_history":[],"rop_publish_now_status":"pending"},"product_cat":[61,62],"product_tag":[],"class_list":{"0":"post-1783","1":"product","2":"type-product","3":"status-publish","4":"has-post-thumbnail","6":"product_cat-clasicos","7":"product_cat-quads","8":"post","10":"first","11":"instock","12":"shipping-taxable","13":"purchasable","14":"product-type-simple"},"yoast_head":"<!-- This site is optimized with the Yoast SEO plugin v21.9.1 - https:\/\/yoast.com\/wordpress\/plugins\/seo\/ -->\n<title>Patines Chaya Melrose Elite - El amor es amor Rn - Pat\u00edn Exclusivo<\/title>\n<meta name=\"robots\" content=\"index, follow, max-snippet:-1, max-image-preview:large, max-video-preview:-1\" \/>\n<link rel=\"canonical\" href=\"https:\/\/patinexclusivo.com\/index.php\/product\/patines-chaya-melrose-elite-el-amor-es-amor-rn\/\" \/>\n<meta property=\"og:locale\" content=\"en_US\" \/>\n<meta property=\"og:type\" content=\"article\" \/>\n<meta property=\"og:title\" content=\"Patines Chaya Melrose Elite - El amor es amor Rn - Pat\u00edn Exclusivo\" \/>\n<meta property=\"og:description\" content=\"SOLO SOBRE PEDIDO  Los patines Chaya Melrose Elite - Love is... son el modelo de \u00e9lite de Chaya para patinadores de nivel intermedio a avanzado. Con \u00e9nfasis en el estilo, los Melrose Elite evocan sentimientos del sue\u00f1o playero californiano de los a\u00f1os 70.  Al igual que los hermanos Elite, compuestos de cuero PU vegano, la parte superior de la bota ofrece mucha estabilidad alrededor del tobillo mientras es suave en los paneles frontales. Esta mezcla le da a los Melrose Elite un rendimiento controlado y c\u00f3modo.  El pl\u00e1stico reforzado con fibra de vidrio mantiene el pat\u00edn ligero y sensible, lo que hace que la maniobrabilidad sea sencilla. El atractivo para los patinadores avanzados y profesionales radica en el \u00e1ngulo del eje de 20\u00b0, acompa\u00f1ado de un ca\u00f1\u00f3n de 15 mm y bujes Jelly Interlock de cono de 12 mm. Perfecto para los estilos de patinaje Jam y Rhythmic, esta configuraci\u00f3n anima al usuario a realizar movimientos art\u00edsticos espec\u00edficos.  El tope de abrazadera ajustable enfatiza esto a\u00fan m\u00e1s, asegurando que no interfiera mientras se realizan trucos, o para que los usuarios puedan ajustarlo a su gusto.  Las ruedas de 62 mm y 78 A brindan suficiente agarre y durabilidad para adaptarse a la mayor\u00eda de los entornos y son ideales para patinar al aire libre, debido al agarre adicional (aunque tambi\u00e9n funcionan perfectamente en interiores). Los rodamientos ABEC 7 completan el pat\u00edn para una conducci\u00f3n m\u00e1s r\u00e1pida y una mejor aceleraci\u00f3n.  El Chaya Melrose Elite Love is... es un pat\u00edn con una misi\u00f3n y un prop\u00f3sito: respetar a la comunidad LGBTQ+ y apoyar su movimiento. Te alegrar\u00e1 saber que con tu compra tambi\u00e9n est\u00e1s ayudando a apoyar la causa. Chaya colabora con una conocida organizaci\u00f3n sin \u00e1nimo de lucro que es un movimiento global por el amor y la igualdad, que moviliza a miles de personas para construir un mundo en el que ninguna persona tenga que sacrificar a su familia o su libertad, su seguridad o su dignidad por ser qui\u00e9n es y\/o a qui\u00e9n ama. Con este pat\u00edn apoyas dos movimientos al mismo tiempo: LGBTQ+ y PETA, \u00a1la organizaci\u00f3n de derechos de los animales m\u00e1s grande del mundo!  Consejo sobre talla: este pat\u00edn se ajusta al tama\u00f1o real.\" \/>\n<meta property=\"og:url\" content=\"https:\/\/patinexclusivo.com\/index.php\/product\/patines-chaya-melrose-elite-el-amor-es-amor-rn\/\" \/>\n<meta property=\"og:site_name\" content=\"Pat\u00edn Exclusivo\" \/>\n<meta property=\"article:modified_time\" content=\"2024-10-07T03:41:43+00:00\" \/>\n<meta property=\"og:image\" content=\"https:\/\/patinexclusivo.com\/wp-content\/uploads\/2024\/10\/Chaya-Love-is-Love-1051.webp\" \/>\n\t<meta property=\"og:image:width\" content=\"823\" \/>\n\t<meta property=\"og:image:height\" content=\"823\" \/>\n\t<meta property=\"og:image:type\" content=\"image\/webp\" \/>\n<meta name=\"twitter:card\" content=\"summary_large_image\" \/>\n<meta name=\"twitter:label1\" content=\"Est. reading time\" \/>\n\t<meta name=\"twitter:data1\" content=\"1 minute\" \/>\n<script type=\"application\/ld+json\" class=\"yoast-schema-graph\">{\"@context\":\"https:\/\/schema.org\",\"@graph\":[{\"@type\":\"WebPage\",\"@id\":\"https:\/\/patinexclusivo.com\/index.php\/product\/patines-chaya-melrose-elite-el-amor-es-amor-rn\/\",\"url\":\"https:\/\/patinexclusivo.com\/index.php\/product\/patines-chaya-melrose-elite-el-amor-es-amor-rn\/\",\"name\":\"Patines Chaya Melrose Elite - El amor es amor Rn - Pat\u00edn Exclusivo\",\"isPartOf\":{\"@id\":\"https:\/\/patinexclusivo.com\/#website\"},\"datePublished\":\"2024-10-07T03:41:42+00:00\",\"dateModified\":\"2024-10-07T03:41:43+00:00\",\"breadcrumb\":{\"@id\":\"https:\/\/patinexclusivo.com\/index.php\/product\/patines-chaya-melrose-elite-el-amor-es-amor-rn\/#breadcrumb\"},\"inLanguage\":\"en-US\",\"potentialAction\":[{\"@type\":\"ReadAction\",\"target\":[\"https:\/\/patinexclusivo.com\/index.php\/product\/patines-chaya-melrose-elite-el-amor-es-amor-rn\/\"]}]},{\"@type\":\"BreadcrumbList\",\"@id\":\"https:\/\/patinexclusivo.com\/index.php\/product\/patines-chaya-melrose-elite-el-amor-es-amor-rn\/#breadcrumb\",\"itemListElement\":[{\"@type\":\"ListItem\",\"position\":1,\"name\":\"Inicio\",\"item\":\"https:\/\/patinexclusivo.com\/\"},{\"@type\":\"ListItem\",\"position\":2,\"name\":\"Shop\",\"item\":\"https:\/\/patinexclusivo.com\/index.php\/shop\/\"},{\"@type\":\"ListItem\",\"position\":3,\"name\":\"Patines Chaya Melrose Elite &#8211; El amor es amor Rn\"}]},{\"@type\":\"WebSite\",\"@id\":\"https:\/\/patinexclusivo.com\/#website\",\"url\":\"https:\/\/patinexclusivo.com\/\",\"name\":\"Pat\u00edn Exclusivo\",\"description\":\"\ud83d\udefc Rollers SLP: Tu destino #1 para patines en San Luis Potos\u00ed! Encuentra los mejores estilos y marcas \ud83c\udf1f, consejos de expertos \ud83d\udcda y accesorios para patinaje. \u00a1Vis\u00edtanos y rueda con estilo! \ud83c\udf08\u2728\",\"publisher\":{\"@id\":\"https:\/\/patinexclusivo.com\/#organization\"},\"potentialAction\":[{\"@type\":\"SearchAction\",\"target\":{\"@type\":\"EntryPoint\",\"urlTemplate\":\"https:\/\/patinexclusivo.com\/?s={search_term_string}\"},\"query-input\":\"required name=search_term_string\"}],\"inLanguage\":\"en-US\"},{\"@type\":\"Organization\",\"@id\":\"https:\/\/patinexclusivo.com\/#organization\",\"name\":\"Pat\u00edn Exclusivo\",\"url\":\"https:\/\/patinexclusivo.com\/\",\"logo\":{\"@type\":\"ImageObject\",\"inLanguage\":\"en-US\",\"@id\":\"https:\/\/patinexclusivo.com\/#\/schema\/logo\/image\/\",\"url\":\"https:\/\/patinexclusivo.com\/wp-content\/uploads\/2025\/01\/cropped-cropped-WhatsApp-Image-2025-01-29-at-7.00.40-PM.jpeg\",\"contentUrl\":\"https:\/\/patinexclusivo.com\/wp-content\/uploads\/2025\/01\/cropped-cropped-WhatsApp-Image-2025-01-29-at-7.00.40-PM.jpeg\",\"width\":583,\"height\":568,\"caption\":\"Pat\u00edn Exclusivo\"},\"image\":{\"@id\":\"https:\/\/patinexclusivo.com\/#\/schema\/logo\/image\/\"}}]}<\/script>\n<!-- \/ Yoast SEO plugin. -->","yoast_head_json":{"title":"Patines Chaya Melrose Elite - El amor es amor Rn - Pat\u00edn Exclusivo","robots":{"index":"index","follow":"follow","max-snippet":"max-snippet:-1","max-image-preview":"max-image-preview:large","max-video-preview":"max-video-preview:-1"},"canonical":"https:\/\/patinexclusivo.com\/index.php\/product\/patines-chaya-melrose-elite-el-amor-es-amor-rn\/","og_locale":"en_US","og_type":"article","og_title":"Patines Chaya Melrose Elite - El amor es amor Rn - Pat\u00edn Exclusivo","og_description":"SOLO SOBRE PEDIDO  Los patines Chaya Melrose Elite - Love is... son el modelo de \u00e9lite de Chaya para patinadores de nivel intermedio a avanzado. Con \u00e9nfasis en el estilo, los Melrose Elite evocan sentimientos del sue\u00f1o playero californiano de los a\u00f1os 70.  Al igual que los hermanos Elite, compuestos de cuero PU vegano, la parte superior de la bota ofrece mucha estabilidad alrededor del tobillo mientras es suave en los paneles frontales. Esta mezcla le da a los Melrose Elite un rendimiento controlado y c\u00f3modo.  El pl\u00e1stico reforzado con fibra de vidrio mantiene el pat\u00edn ligero y sensible, lo que hace que la maniobrabilidad sea sencilla. El atractivo para los patinadores avanzados y profesionales radica en el \u00e1ngulo del eje de 20\u00b0, acompa\u00f1ado de un ca\u00f1\u00f3n de 15 mm y bujes Jelly Interlock de cono de 12 mm. Perfecto para los estilos de patinaje Jam y Rhythmic, esta configuraci\u00f3n anima al usuario a realizar movimientos art\u00edsticos espec\u00edficos.  El tope de abrazadera ajustable enfatiza esto a\u00fan m\u00e1s, asegurando que no interfiera mientras se realizan trucos, o para que los usuarios puedan ajustarlo a su gusto.  Las ruedas de 62 mm y 78 A brindan suficiente agarre y durabilidad para adaptarse a la mayor\u00eda de los entornos y son ideales para patinar al aire libre, debido al agarre adicional (aunque tambi\u00e9n funcionan perfectamente en interiores). Los rodamientos ABEC 7 completan el pat\u00edn para una conducci\u00f3n m\u00e1s r\u00e1pida y una mejor aceleraci\u00f3n.  El Chaya Melrose Elite Love is... es un pat\u00edn con una misi\u00f3n y un prop\u00f3sito: respetar a la comunidad LGBTQ+ y apoyar su movimiento. Te alegrar\u00e1 saber que con tu compra tambi\u00e9n est\u00e1s ayudando a apoyar la causa. Chaya colabora con una conocida organizaci\u00f3n sin \u00e1nimo de lucro que es un movimiento global por el amor y la igualdad, que moviliza a miles de personas para construir un mundo en el que ninguna persona tenga que sacrificar a su familia o su libertad, su seguridad o su dignidad por ser qui\u00e9n es y\/o a qui\u00e9n ama. Con este pat\u00edn apoyas dos movimientos al mismo tiempo: LGBTQ+ y PETA, \u00a1la organizaci\u00f3n de derechos de los animales m\u00e1s grande del mundo!  Consejo sobre talla: este pat\u00edn se ajusta al tama\u00f1o real.","og_url":"https:\/\/patinexclusivo.com\/index.php\/product\/patines-chaya-melrose-elite-el-amor-es-amor-rn\/","og_site_name":"Pat\u00edn Exclusivo","article_modified_time":"2024-10-07T03:41:43+00:00","og_image":[{"width":823,"height":823,"url":"https:\/\/patinexclusivo.com\/wp-content\/uploads\/2024\/10\/Chaya-Love-is-Love-1051.webp","type":"image\/webp"}],"twitter_card":"summary_large_image","twitter_misc":{"Est. reading time":"1 minute"},"schema":{"@context":"https:\/\/schema.org","@graph":[{"@type":"WebPage","@id":"https:\/\/patinexclusivo.com\/index.php\/product\/patines-chaya-melrose-elite-el-amor-es-amor-rn\/","url":"https:\/\/patinexclusivo.com\/index.php\/product\/patines-chaya-melrose-elite-el-amor-es-amor-rn\/","name":"Patines Chaya Melrose Elite - El amor es amor Rn - Pat\u00edn Exclusivo","isPartOf":{"@id":"https:\/\/patinexclusivo.com\/#website"},"datePublished":"2024-10-07T03:41:42+00:00","dateModified":"2024-10-07T03:41:43+00:00","breadcrumb":{"@id":"https:\/\/patinexclusivo.com\/index.php\/product\/patines-chaya-melrose-elite-el-amor-es-amor-rn\/#breadcrumb"},"inLanguage":"en-US","potentialAction":[{"@type":"ReadAction","target":["https:\/\/patinexclusivo.com\/index.php\/product\/patines-chaya-melrose-elite-el-amor-es-amor-rn\/"]}]},{"@type":"BreadcrumbList","@id":"https:\/\/patinexclusivo.com\/index.php\/product\/patines-chaya-melrose-elite-el-amor-es-amor-rn\/#breadcrumb","itemListElement":[{"@type":"ListItem","position":1,"name":"Inicio","item":"https:\/\/patinexclusivo.com\/"},{"@type":"ListItem","position":2,"name":"Shop","item":"https:\/\/patinexclusivo.com\/index.php\/shop\/"},{"@type":"ListItem","position":3,"name":"Patines Chaya Melrose Elite &#8211; El amor es amor Rn"}]},{"@type":"WebSite","@id":"https:\/\/patinexclusivo.com\/#website","url":"https:\/\/patinexclusivo.com\/","name":"Pat\u00edn Exclusivo","description":"\ud83d\udefc Rollers SLP: Tu destino #1 para patines en San Luis Potos\u00ed! Encuentra los mejores estilos y marcas \ud83c\udf1f, consejos de expertos \ud83d\udcda y accesorios para patinaje. \u00a1Vis\u00edtanos y rueda con estilo! \ud83c\udf08\u2728","publisher":{"@id":"https:\/\/patinexclusivo.com\/#organization"},"potentialAction":[{"@type":"SearchAction","target":{"@type":"EntryPoint","urlTemplate":"https:\/\/patinexclusivo.com\/?s={search_term_string}"},"query-input":"required name=search_term_string"}],"inLanguage":"en-US"},{"@type":"Organization","@id":"https:\/\/patinexclusivo.com\/#organization","name":"Pat\u00edn Exclusivo","url":"https:\/\/patinexclusivo.com\/","logo":{"@type":"ImageObject","inLanguage":"en-US","@id":"https:\/\/patinexclusivo.com\/#\/schema\/logo\/image\/","url":"https:\/\/patinexclusivo.com\/wp-content\/uploads\/2025\/01\/cropped-cropped-WhatsApp-Image-2025-01-29-at-7.00.40-PM.jpeg","contentUrl":"https:\/\/patinexclusivo.com\/wp-content\/uploads\/2025\/01\/cropped-cropped-WhatsApp-Image-2025-01-29-at-7.00.40-PM.jpeg","width":583,"height":568,"caption":"Pat\u00edn Exclusivo"},"image":{"@id":"https:\/\/patinexclusivo.com\/#\/schema\/logo\/image\/"}}]}},"_links":{"self":[{"href":"https:\/\/patinexclusivo.com\/index.php\/wp-json\/wp\/v2\/product\/1783"}],"collection":[{"href":"https:\/\/patinexclusivo.com\/index.php\/wp-json\/wp\/v2\/product"}],"about":[{"href":"https:\/\/patinexclusivo.com\/index.php\/wp-json\/wp\/v2\/types\/product"}],"replies":[{"embeddable":true,"href":"https:\/\/patinexclusivo.com\/index.php\/wp-json\/wp\/v2\/comments?post=1783"}],"version-history":[{"count":1,"href":"https:\/\/patinexclusivo.com\/index.php\/wp-json\/wp\/v2\/product\/1783\/revisions"}],"predecessor-version":[{"id":1785,"href":"https:\/\/patinexclusivo.com\/index.php\/wp-json\/wp\/v2\/product\/1783\/revisions\/1785"}],"wp:featuredmedia":[{"embeddable":true,"href":"https:\/\/patinexclusivo.com\/index.php\/wp-json\/wp\/v2\/media\/1784"}],"wp:attachment":[{"href":"https:\/\/patinexclusivo.com\/index.php\/wp-json\/wp\/v2\/media?parent=1783"}],"wp:term":[{"taxonomy":"product_cat","embeddable":true,"href":"https:\/\/patinexclusivo.com\/index.php\/wp-json\/wp\/v2\/product_cat?post=1783"},{"taxonomy":"product_tag","embeddable":true,"href":"https:\/\/patinexclusivo.com\/index.php\/wp-json\/wp\/v2\/product_tag?post=1783"}],"curies":[{"name":"wp","href":"https:\/\/api.w.org\/{rel}","templated":true}]}}