{"id":1814,"date":"2024-10-07T20:24:32","date_gmt":"2024-10-07T20:24:32","guid":{"rendered":"https:\/\/patinexclusivo.com\/?post_type=product&#038;p=1814"},"modified":"2024-10-07T20:24:33","modified_gmt":"2024-10-07T20:24:33","slug":"patines-en-linea-moxi-lolly-pineapple-rn","status":"publish","type":"product","link":"https:\/\/patinexclusivo.com\/index.php\/product\/patines-en-linea-moxi-lolly-pineapple-rn\/","title":{"rendered":"Patines en l\u00ednea Moxi Lolly Pineapple Rn"},"content":{"rendered":"<section>\n<div class=\"sidebar active\" id=\"sidebar-\">\n<div class=\"sidebar-content\">\n<table class=\"feature-table\">\n<tbody>\n<tr>\n<td><span>Estilo de patinaje:<\/span><\/td>\n<td class=\"feature-table__value\"><span>Crucero \/ Ocio, Baile<\/span><\/td>\n<\/tr>\n<tr>\n<td><span>Material de la bota:<\/span><\/td>\n<td class=\"feature-table__value\"><span>Parte superior textil<\/span><\/td>\n<\/tr>\n<tr>\n<td><span>Cordones:<\/span><\/td>\n<td class=\"feature-table__value\"><span>Est\u00e1ndar<\/span><\/td>\n<\/tr>\n<tr>\n<td><span>Marca de la rueda:<\/span><\/td>\n<td class=\"feature-table__value\"><span>Moxi<\/span><\/td>\n<\/tr>\n<tr>\n<td><span>Tama\u00f1o de la rueda:<\/span><\/td>\n<td class=\"feature-table__value\"><span>65 mm<\/span><\/td>\n<\/tr>\n<tr>\n<td><span>Dureza de la rueda:<\/span><\/td>\n<td class=\"feature-table__value\"><span>78a<\/span><\/td>\n<\/tr>\n<tr>\n<td><span>Marca de rodamientos:<\/span><\/td>\n<td class=\"feature-table__value\"><span>Moxi<\/span><\/td>\n<\/tr>\n<tr>\n<td><span>Clasificaci\u00f3n del rodamiento:<\/span><\/td>\n<td class=\"feature-table__value\"><span>Abec 7<\/span><\/td>\n<\/tr>\n<tr>\n<td><span>Material del cami\u00f3n:<\/span><\/td>\n<td class=\"feature-table__value\"><span>Metal<\/span><\/td>\n<\/tr>\n<tr>\n<td><span>Tipo de tap\u00f3n:<\/span><\/td>\n<td class=\"feature-table__value\"><span>Ajustable<\/span><\/td>\n<\/tr>\n<tr>\n<td><span>Ancho de la rueda:<\/span><\/td>\n<td class=\"feature-table__value\"><span>35 mm<\/span><\/td>\n<\/tr>\n<\/tbody>\n<\/table>\n<\/div>\n<\/div>\n<\/section>\n<section>Talla 23cm, 24cm, 25cm, 26cm, 27cm<\/section>\n","protected":false},"excerpt":{"rendered":"<p>SOLO SOBRE PEDIDOS<\/p>\n<p><span>Los patines en l\u00ednea Moxi Lolly Pineapple son la cr\u00e8me de la cr\u00e8me del mundo del patinaje sobre ruedas. Moxi naci\u00f3 del entusiasmo de la famosa jugadora de roller derby de Los \u00c1ngeles Michelle Steilen (Estro Jen).\u00a0<\/span><span>Con el deseo de llevar el patinaje sobre ruedas a un lugar donde era genial, se puede decir con seguridad que la misi\u00f3n se cumpli\u00f3.<\/span><\/p>\n<p><span>En asociaci\u00f3n con el fabricante de patines en l\u00ednea m\u00e1s confiable, Riedell, los Moxi Lolly no solo son patines de aspecto lujoso, sino tambi\u00e9n de una calidad tremenda. Fabricados en EE. UU., los Moxi Lolly son incomparables.<\/span><\/p>\n<p><span>La bota est\u00e1 hecha de gamuza de cuero genuino suave. Junto con un forro estampado, la parte superior fue dise\u00f1ada expl\u00edcitamente para superar la mayor parte posible del per\u00edodo de adaptaci\u00f3n (que puede llevar m\u00e1s tiempo con patines sint\u00e9ticos). El cuero es piel de vaca genuina que se clasifica a mano y se controla la calidad de Moxi antes de la producci\u00f3n. El uso de cuero significa que los Moxi Lolly NO son aptos para veganos.<\/span><\/p>\n<p><span>Las placas de empuje de nailon Powerdyne con ejes de metal pulido son resistentes y livianas para un rendimiento distinguido. El nailon con soporte mantiene bajo el peso del pat\u00edn, mientras que un dise\u00f1o de pivote de 15 grados mejora la transferencia de potencia. Las placas le dan al pat\u00edn una sensaci\u00f3n general de capacidad de respuesta que ayuda con la posici\u00f3n del pie.<\/span><\/p>\n<p><span>Las ruedas Moxi Gummy tienen buen agarre y est\u00e1n acompa\u00f1adas de cojinetes de acero al carbono. El equilibrio entre agarre y velocidad le da al pat\u00edn fluidez, lo que hace que el Moxi Lolly sea adecuado tanto para patinar en interiores como en exteriores.\u00a0<\/span><\/p>\n<p><strong>Consejo sobre talla: este pat\u00edn se ajusta al tama\u00f1o real.<\/strong><\/p>\n","protected":false},"featured_media":1815,"comment_status":"open","ping_status":"closed","template":"","meta":{"rop_custom_images_group":[],"rop_custom_messages_group":[],"rop_publish_now":"initial","rop_publish_now_accounts":[],"rop_publish_now_history":[],"rop_publish_now_status":"pending"},"product_cat":[61,62],"product_tag":[],"class_list":{"0":"post-1814","1":"product","2":"type-product","3":"status-publish","4":"has-post-thumbnail","6":"product_cat-clasicos","7":"product_cat-quads","8":"post","10":"first","11":"instock","12":"shipping-taxable","13":"purchasable","14":"product-type-simple"},"yoast_head":"<!-- This site is optimized with the Yoast SEO plugin v21.9.1 - https:\/\/yoast.com\/wordpress\/plugins\/seo\/ -->\n<title>Patines en l\u00ednea Moxi Lolly Pineapple Rn - Pat\u00edn Exclusivo<\/title>\n<meta name=\"robots\" content=\"index, follow, max-snippet:-1, max-image-preview:large, max-video-preview:-1\" \/>\n<link rel=\"canonical\" href=\"https:\/\/patinexclusivo.com\/index.php\/product\/patines-en-linea-moxi-lolly-pineapple-rn\/\" \/>\n<meta property=\"og:locale\" content=\"en_US\" \/>\n<meta property=\"og:type\" content=\"article\" \/>\n<meta property=\"og:title\" content=\"Patines en l\u00ednea Moxi Lolly Pineapple Rn - Pat\u00edn Exclusivo\" \/>\n<meta property=\"og:description\" content=\"SOLO SOBRE PEDIDOS  Los patines en l\u00ednea Moxi Lolly Pineapple son la cr\u00e8me de la cr\u00e8me del mundo del patinaje sobre ruedas. Moxi naci\u00f3 del entusiasmo de la famosa jugadora de roller derby de Los \u00c1ngeles Michelle Steilen (Estro Jen).\u00a0Con el deseo de llevar el patinaje sobre ruedas a un lugar donde era genial, se puede decir con seguridad que la misi\u00f3n se cumpli\u00f3.   En asociaci\u00f3n con el fabricante de patines en l\u00ednea m\u00e1s confiable, Riedell, los Moxi Lolly no solo son patines de aspecto lujoso, sino tambi\u00e9n de una calidad tremenda. Fabricados en EE. UU., los Moxi Lolly son incomparables.  La bota est\u00e1 hecha de gamuza de cuero genuino suave. Junto con un forro estampado, la parte superior fue dise\u00f1ada expl\u00edcitamente para superar la mayor parte posible del per\u00edodo de adaptaci\u00f3n (que puede llevar m\u00e1s tiempo con patines sint\u00e9ticos). El cuero es piel de vaca genuina que se clasifica a mano y se controla la calidad de Moxi antes de la producci\u00f3n. El uso de cuero significa que los Moxi Lolly NO son aptos para veganos.  Las placas de empuje de nailon Powerdyne con ejes de metal pulido son resistentes y livianas para un rendimiento distinguido. El nailon con soporte mantiene bajo el peso del pat\u00edn, mientras que un dise\u00f1o de pivote de 15 grados mejora la transferencia de potencia. Las placas le dan al pat\u00edn una sensaci\u00f3n general de capacidad de respuesta que ayuda con la posici\u00f3n del pie.  Las ruedas Moxi Gummy tienen buen agarre y est\u00e1n acompa\u00f1adas de cojinetes de acero al carbono. El equilibrio entre agarre y velocidad le da al pat\u00edn fluidez, lo que hace que el Moxi Lolly sea adecuado tanto para patinar en interiores como en exteriores.\u00a0  Consejo sobre talla: este pat\u00edn se ajusta al tama\u00f1o real.\" \/>\n<meta property=\"og:url\" content=\"https:\/\/patinexclusivo.com\/index.php\/product\/patines-en-linea-moxi-lolly-pineapple-rn\/\" \/>\n<meta property=\"og:site_name\" content=\"Pat\u00edn Exclusivo\" \/>\n<meta property=\"article:modified_time\" content=\"2024-10-07T20:24:33+00:00\" \/>\n<meta property=\"og:image\" content=\"https:\/\/patinexclusivo.com\/wp-content\/uploads\/2024\/10\/Moxi-Lolly-Pineapple0272.webp\" \/>\n\t<meta property=\"og:image:width\" content=\"823\" \/>\n\t<meta property=\"og:image:height\" content=\"823\" \/>\n\t<meta property=\"og:image:type\" content=\"image\/webp\" \/>\n<meta name=\"twitter:card\" content=\"summary_large_image\" \/>\n<meta name=\"twitter:label1\" content=\"Est. reading time\" \/>\n\t<meta name=\"twitter:data1\" content=\"1 minute\" \/>\n<script type=\"application\/ld+json\" class=\"yoast-schema-graph\">{\"@context\":\"https:\/\/schema.org\",\"@graph\":[{\"@type\":\"WebPage\",\"@id\":\"https:\/\/patinexclusivo.com\/index.php\/product\/patines-en-linea-moxi-lolly-pineapple-rn\/\",\"url\":\"https:\/\/patinexclusivo.com\/index.php\/product\/patines-en-linea-moxi-lolly-pineapple-rn\/\",\"name\":\"Patines en l\u00ednea Moxi Lolly Pineapple Rn - Pat\u00edn Exclusivo\",\"isPartOf\":{\"@id\":\"https:\/\/patinexclusivo.com\/#website\"},\"datePublished\":\"2024-10-07T20:24:32+00:00\",\"dateModified\":\"2024-10-07T20:24:33+00:00\",\"breadcrumb\":{\"@id\":\"https:\/\/patinexclusivo.com\/index.php\/product\/patines-en-linea-moxi-lolly-pineapple-rn\/#breadcrumb\"},\"inLanguage\":\"en-US\",\"potentialAction\":[{\"@type\":\"ReadAction\",\"target\":[\"https:\/\/patinexclusivo.com\/index.php\/product\/patines-en-linea-moxi-lolly-pineapple-rn\/\"]}]},{\"@type\":\"BreadcrumbList\",\"@id\":\"https:\/\/patinexclusivo.com\/index.php\/product\/patines-en-linea-moxi-lolly-pineapple-rn\/#breadcrumb\",\"itemListElement\":[{\"@type\":\"ListItem\",\"position\":1,\"name\":\"Inicio\",\"item\":\"https:\/\/patinexclusivo.com\/\"},{\"@type\":\"ListItem\",\"position\":2,\"name\":\"Shop\",\"item\":\"https:\/\/patinexclusivo.com\/index.php\/shop\/\"},{\"@type\":\"ListItem\",\"position\":3,\"name\":\"Patines en l\u00ednea Moxi Lolly Pineapple Rn\"}]},{\"@type\":\"WebSite\",\"@id\":\"https:\/\/patinexclusivo.com\/#website\",\"url\":\"https:\/\/patinexclusivo.com\/\",\"name\":\"Pat\u00edn Exclusivo\",\"description\":\"\ud83d\udefc Rollers SLP: Tu destino #1 para patines en San Luis Potos\u00ed! Encuentra los mejores estilos y marcas \ud83c\udf1f, consejos de expertos \ud83d\udcda y accesorios para patinaje. \u00a1Vis\u00edtanos y rueda con estilo! \ud83c\udf08\u2728\",\"publisher\":{\"@id\":\"https:\/\/patinexclusivo.com\/#organization\"},\"potentialAction\":[{\"@type\":\"SearchAction\",\"target\":{\"@type\":\"EntryPoint\",\"urlTemplate\":\"https:\/\/patinexclusivo.com\/?s={search_term_string}\"},\"query-input\":\"required name=search_term_string\"}],\"inLanguage\":\"en-US\"},{\"@type\":\"Organization\",\"@id\":\"https:\/\/patinexclusivo.com\/#organization\",\"name\":\"Pat\u00edn Exclusivo\",\"url\":\"https:\/\/patinexclusivo.com\/\",\"logo\":{\"@type\":\"ImageObject\",\"inLanguage\":\"en-US\",\"@id\":\"https:\/\/patinexclusivo.com\/#\/schema\/logo\/image\/\",\"url\":\"https:\/\/patinexclusivo.com\/wp-content\/uploads\/2025\/01\/cropped-cropped-WhatsApp-Image-2025-01-29-at-7.00.40-PM.jpeg\",\"contentUrl\":\"https:\/\/patinexclusivo.com\/wp-content\/uploads\/2025\/01\/cropped-cropped-WhatsApp-Image-2025-01-29-at-7.00.40-PM.jpeg\",\"width\":583,\"height\":568,\"caption\":\"Pat\u00edn Exclusivo\"},\"image\":{\"@id\":\"https:\/\/patinexclusivo.com\/#\/schema\/logo\/image\/\"}}]}<\/script>\n<!-- \/ Yoast SEO plugin. -->","yoast_head_json":{"title":"Patines en l\u00ednea Moxi Lolly Pineapple Rn - Pat\u00edn Exclusivo","robots":{"index":"index","follow":"follow","max-snippet":"max-snippet:-1","max-image-preview":"max-image-preview:large","max-video-preview":"max-video-preview:-1"},"canonical":"https:\/\/patinexclusivo.com\/index.php\/product\/patines-en-linea-moxi-lolly-pineapple-rn\/","og_locale":"en_US","og_type":"article","og_title":"Patines en l\u00ednea Moxi Lolly Pineapple Rn - Pat\u00edn Exclusivo","og_description":"SOLO SOBRE PEDIDOS  Los patines en l\u00ednea Moxi Lolly Pineapple son la cr\u00e8me de la cr\u00e8me del mundo del patinaje sobre ruedas. Moxi naci\u00f3 del entusiasmo de la famosa jugadora de roller derby de Los \u00c1ngeles Michelle Steilen (Estro Jen).\u00a0Con el deseo de llevar el patinaje sobre ruedas a un lugar donde era genial, se puede decir con seguridad que la misi\u00f3n se cumpli\u00f3.   En asociaci\u00f3n con el fabricante de patines en l\u00ednea m\u00e1s confiable, Riedell, los Moxi Lolly no solo son patines de aspecto lujoso, sino tambi\u00e9n de una calidad tremenda. Fabricados en EE. UU., los Moxi Lolly son incomparables.  La bota est\u00e1 hecha de gamuza de cuero genuino suave. Junto con un forro estampado, la parte superior fue dise\u00f1ada expl\u00edcitamente para superar la mayor parte posible del per\u00edodo de adaptaci\u00f3n (que puede llevar m\u00e1s tiempo con patines sint\u00e9ticos). El cuero es piel de vaca genuina que se clasifica a mano y se controla la calidad de Moxi antes de la producci\u00f3n. El uso de cuero significa que los Moxi Lolly NO son aptos para veganos.  Las placas de empuje de nailon Powerdyne con ejes de metal pulido son resistentes y livianas para un rendimiento distinguido. El nailon con soporte mantiene bajo el peso del pat\u00edn, mientras que un dise\u00f1o de pivote de 15 grados mejora la transferencia de potencia. Las placas le dan al pat\u00edn una sensaci\u00f3n general de capacidad de respuesta que ayuda con la posici\u00f3n del pie.  Las ruedas Moxi Gummy tienen buen agarre y est\u00e1n acompa\u00f1adas de cojinetes de acero al carbono. El equilibrio entre agarre y velocidad le da al pat\u00edn fluidez, lo que hace que el Moxi Lolly sea adecuado tanto para patinar en interiores como en exteriores.\u00a0  Consejo sobre talla: este pat\u00edn se ajusta al tama\u00f1o real.","og_url":"https:\/\/patinexclusivo.com\/index.php\/product\/patines-en-linea-moxi-lolly-pineapple-rn\/","og_site_name":"Pat\u00edn Exclusivo","article_modified_time":"2024-10-07T20:24:33+00:00","og_image":[{"width":823,"height":823,"url":"https:\/\/patinexclusivo.com\/wp-content\/uploads\/2024\/10\/Moxi-Lolly-Pineapple0272.webp","type":"image\/webp"}],"twitter_card":"summary_large_image","twitter_misc":{"Est. reading time":"1 minute"},"schema":{"@context":"https:\/\/schema.org","@graph":[{"@type":"WebPage","@id":"https:\/\/patinexclusivo.com\/index.php\/product\/patines-en-linea-moxi-lolly-pineapple-rn\/","url":"https:\/\/patinexclusivo.com\/index.php\/product\/patines-en-linea-moxi-lolly-pineapple-rn\/","name":"Patines en l\u00ednea Moxi Lolly Pineapple Rn - Pat\u00edn Exclusivo","isPartOf":{"@id":"https:\/\/patinexclusivo.com\/#website"},"datePublished":"2024-10-07T20:24:32+00:00","dateModified":"2024-10-07T20:24:33+00:00","breadcrumb":{"@id":"https:\/\/patinexclusivo.com\/index.php\/product\/patines-en-linea-moxi-lolly-pineapple-rn\/#breadcrumb"},"inLanguage":"en-US","potentialAction":[{"@type":"ReadAction","target":["https:\/\/patinexclusivo.com\/index.php\/product\/patines-en-linea-moxi-lolly-pineapple-rn\/"]}]},{"@type":"BreadcrumbList","@id":"https:\/\/patinexclusivo.com\/index.php\/product\/patines-en-linea-moxi-lolly-pineapple-rn\/#breadcrumb","itemListElement":[{"@type":"ListItem","position":1,"name":"Inicio","item":"https:\/\/patinexclusivo.com\/"},{"@type":"ListItem","position":2,"name":"Shop","item":"https:\/\/patinexclusivo.com\/index.php\/shop\/"},{"@type":"ListItem","position":3,"name":"Patines en l\u00ednea Moxi Lolly Pineapple Rn"}]},{"@type":"WebSite","@id":"https:\/\/patinexclusivo.com\/#website","url":"https:\/\/patinexclusivo.com\/","name":"Pat\u00edn Exclusivo","description":"\ud83d\udefc Rollers SLP: Tu destino #1 para patines en San Luis Potos\u00ed! Encuentra los mejores estilos y marcas \ud83c\udf1f, consejos de expertos \ud83d\udcda y accesorios para patinaje. \u00a1Vis\u00edtanos y rueda con estilo! \ud83c\udf08\u2728","publisher":{"@id":"https:\/\/patinexclusivo.com\/#organization"},"potentialAction":[{"@type":"SearchAction","target":{"@type":"EntryPoint","urlTemplate":"https:\/\/patinexclusivo.com\/?s={search_term_string}"},"query-input":"required name=search_term_string"}],"inLanguage":"en-US"},{"@type":"Organization","@id":"https:\/\/patinexclusivo.com\/#organization","name":"Pat\u00edn Exclusivo","url":"https:\/\/patinexclusivo.com\/","logo":{"@type":"ImageObject","inLanguage":"en-US","@id":"https:\/\/patinexclusivo.com\/#\/schema\/logo\/image\/","url":"https:\/\/patinexclusivo.com\/wp-content\/uploads\/2025\/01\/cropped-cropped-WhatsApp-Image-2025-01-29-at-7.00.40-PM.jpeg","contentUrl":"https:\/\/patinexclusivo.com\/wp-content\/uploads\/2025\/01\/cropped-cropped-WhatsApp-Image-2025-01-29-at-7.00.40-PM.jpeg","width":583,"height":568,"caption":"Pat\u00edn Exclusivo"},"image":{"@id":"https:\/\/patinexclusivo.com\/#\/schema\/logo\/image\/"}}]}},"_links":{"self":[{"href":"https:\/\/patinexclusivo.com\/index.php\/wp-json\/wp\/v2\/product\/1814"}],"collection":[{"href":"https:\/\/patinexclusivo.com\/index.php\/wp-json\/wp\/v2\/product"}],"about":[{"href":"https:\/\/patinexclusivo.com\/index.php\/wp-json\/wp\/v2\/types\/product"}],"replies":[{"embeddable":true,"href":"https:\/\/patinexclusivo.com\/index.php\/wp-json\/wp\/v2\/comments?post=1814"}],"version-history":[{"count":1,"href":"https:\/\/patinexclusivo.com\/index.php\/wp-json\/wp\/v2\/product\/1814\/revisions"}],"predecessor-version":[{"id":1816,"href":"https:\/\/patinexclusivo.com\/index.php\/wp-json\/wp\/v2\/product\/1814\/revisions\/1816"}],"wp:featuredmedia":[{"embeddable":true,"href":"https:\/\/patinexclusivo.com\/index.php\/wp-json\/wp\/v2\/media\/1815"}],"wp:attachment":[{"href":"https:\/\/patinexclusivo.com\/index.php\/wp-json\/wp\/v2\/media?parent=1814"}],"wp:term":[{"taxonomy":"product_cat","embeddable":true,"href":"https:\/\/patinexclusivo.com\/index.php\/wp-json\/wp\/v2\/product_cat?post=1814"},{"taxonomy":"product_tag","embeddable":true,"href":"https:\/\/patinexclusivo.com\/index.php\/wp-json\/wp\/v2\/product_tag?post=1814"}],"curies":[{"name":"wp","href":"https:\/\/api.w.org\/{rel}","templated":true}]}}