{"id":1817,"date":"2024-10-07T22:35:16","date_gmt":"2024-10-07T22:35:16","guid":{"rendered":"https:\/\/patinexclusivo.com\/?post_type=product&#038;p=1817"},"modified":"2025-11-07T08:00:00","modified_gmt":"2025-11-07T08:00:00","slug":"patines-en-linea-chaya-melrose-elite-evil-purple-rn","status":"publish","type":"product","link":"https:\/\/patinexclusivo.com\/index.php\/product\/patines-en-linea-chaya-melrose-elite-evil-purple-rn\/","title":{"rendered":"Patines en l\u00ednea Chaya Melrose Elite &#8211; Evil Purple Rn"},"content":{"rendered":"<table class=\"feature-table\">\n<tbody>\n<tr>\n<td><span>Estilo de patinaje:<\/span><\/td>\n<td class=\"feature-table__value\"><span>Baile, Crucero \/ Ocio<\/span><\/td>\n<\/tr>\n<tr>\n<td><span>Material de la bota:<\/span><\/td>\n<td class=\"feature-table__value\"><span>Parte superior textil<\/span><\/td>\n<\/tr>\n<tr>\n<td><span>Cordones:<\/span><\/td>\n<td class=\"feature-table__value\"><span>Est\u00e1ndar<\/span><\/td>\n<\/tr>\n<tr>\n<td><span>Marca de la rueda:<\/span><\/td>\n<td class=\"feature-table__value\"><span>Chaya<\/span><\/td>\n<\/tr>\n<tr>\n<td><span>Tama\u00f1o de la rueda:<\/span><\/td>\n<td class=\"feature-table__value\"><span>62 mm<\/span><\/td>\n<\/tr>\n<tr>\n<td><span>Dureza de la rueda:<\/span><\/td>\n<td class=\"feature-table__value\"><span>78a<\/span><\/td>\n<\/tr>\n<tr>\n<td><span>Marca de rodamientos:<\/span><\/td>\n<td class=\"feature-table__value\"><span>Malvado<\/span><\/td>\n<\/tr>\n<tr>\n<td><span>Clasificaci\u00f3n del rodamiento:<\/span><\/td>\n<td class=\"feature-table__value\"><span>Abec 9<\/span><\/td>\n<\/tr>\n<tr>\n<td><span>Clasificaci\u00f3n del buje:<\/span><\/td>\n<td class=\"feature-table__value\"><span>92a<\/span><\/td>\n<\/tr>\n<tr>\n<td><span>Angulo del cami\u00f3n:<\/span><\/td>\n<td class=\"feature-table__value\"><span>20%<\/span><\/td>\n<\/tr>\n<tr>\n<td><span>Material del cami\u00f3n:<\/span><\/td>\n<td class=\"feature-table__value\"><span>Metal<\/span><\/td>\n<\/tr>\n<tr>\n<td><span>Tipo de tap\u00f3n:<\/span><\/td>\n<td class=\"feature-table__value\"><span>Ajustable<\/span><\/td>\n<\/tr>\n<tr>\n<td><span>Ancho de la rueda:<\/span><\/td>\n<td class=\"feature-table__value\"><span>38 mm<\/span><\/td>\n<\/tr>\n<\/tbody>\n<\/table>\n<p>Talla 23cm, 23.5cm,\u00a0 24cm, 25cm, 25.5cm, 26cm, 27cm<\/p>\n","protected":false},"excerpt":{"rendered":"<p>SOLO SOBRE PEDIDO<\/p>\n<p><span>Los patines Chaya Melrose Elite en color morado oscuro son el modelo de \u00e9lite de Chaya para patinadores de nivel intermedio a avanzado. Con \u00e9nfasis en el estilo, los Melrose Elite evocan sensaciones de un sue\u00f1o playero californiano de los a\u00f1os 70.<\/span><\/p>\n<p><span>Al igual que los hermanos del Elite, compuestos de un cuero vegano de PU, la bota superior ofrece mucha estabilidad alrededor del tobillo mientras es suave en los paneles frontales. Esta mezcla le da al Melrose Elite un rendimiento controlado y c\u00f3modo.<\/span><\/p>\n<p><span>El pl\u00e1stico reforzado con fibra de vidrio mantiene el pat\u00edn ligero y sensible, lo que hace que la maniobrabilidad sea sencilla. El atractivo para los patinadores avanzados y profesionales radica en el \u00e1ngulo de eje de 20\u00b0, acompa\u00f1ado de un barril de 15 mm y bujes Jelly Interlock de cono de 12 mm. Perfecto tanto para los estilos de patinaje Jam como Rhythmic, esta configuraci\u00f3n alienta al usuario a realizar movimientos art\u00edsticos espec\u00edficos.<\/span><\/p>\n<p><span>El tope de abrazadera ajustable enfatiza esto a\u00fan m\u00e1s, asegurando que no se interponga mientras se realizan trucos, o para que los usuarios puedan ajustarlo a su gusto.<\/span><\/p>\n<p><span>Las ruedas de 62 mm 78a brindan suficiente agarre y durabilidad para manejar la mayor\u00eda de los entornos, y son adecuadas para patinar al aire libre, debido al agarre adicional (aunque estar\u00e1n perfectamente bien en interiores). Los rodamientos Abec 7 terminan el pat\u00edn para una conducci\u00f3n m\u00e1s r\u00e1pida, con mejor aceleraci\u00f3n.<\/span><\/p>\n<p><strong>Consejo sobre talla: este pat\u00edn se ajusta al tama\u00f1o real.<\/strong><\/p>\n","protected":false},"featured_media":1818,"comment_status":"open","ping_status":"closed","template":"","meta":{"rop_custom_images_group":[],"rop_custom_messages_group":[],"rop_publish_now":"initial","rop_publish_now_accounts":[],"rop_publish_now_history":[],"rop_publish_now_status":"pending"},"product_cat":[61,62],"product_tag":[],"class_list":{"0":"post-1817","1":"product","2":"type-product","3":"status-publish","4":"has-post-thumbnail","6":"product_cat-clasicos","7":"product_cat-quads","8":"post","10":"first","11":"instock","12":"shipping-taxable","13":"purchasable","14":"product-type-simple"},"yoast_head":"<!-- This site is optimized with the Yoast SEO plugin v21.9.1 - https:\/\/yoast.com\/wordpress\/plugins\/seo\/ -->\n<title>Patines en l\u00ednea Chaya Melrose Elite - Evil Purple Rn - Pat\u00edn Exclusivo<\/title>\n<meta name=\"robots\" content=\"index, follow, max-snippet:-1, max-image-preview:large, max-video-preview:-1\" \/>\n<link rel=\"canonical\" href=\"https:\/\/patinexclusivo.com\/index.php\/product\/patines-en-linea-chaya-melrose-elite-evil-purple-rn\/\" \/>\n<meta property=\"og:locale\" content=\"en_US\" \/>\n<meta property=\"og:type\" content=\"article\" \/>\n<meta property=\"og:title\" content=\"Patines en l\u00ednea Chaya Melrose Elite - Evil Purple Rn - Pat\u00edn Exclusivo\" \/>\n<meta property=\"og:description\" content=\"SOLO SOBRE PEDIDO  Los patines Chaya Melrose Elite en color morado oscuro son el modelo de \u00e9lite de Chaya para patinadores de nivel intermedio a avanzado. Con \u00e9nfasis en el estilo, los Melrose Elite evocan sensaciones de un sue\u00f1o playero californiano de los a\u00f1os 70.  Al igual que los hermanos del Elite, compuestos de un cuero vegano de PU, la bota superior ofrece mucha estabilidad alrededor del tobillo mientras es suave en los paneles frontales. Esta mezcla le da al Melrose Elite un rendimiento controlado y c\u00f3modo.  El pl\u00e1stico reforzado con fibra de vidrio mantiene el pat\u00edn ligero y sensible, lo que hace que la maniobrabilidad sea sencilla. El atractivo para los patinadores avanzados y profesionales radica en el \u00e1ngulo de eje de 20\u00b0, acompa\u00f1ado de un barril de 15 mm y bujes Jelly Interlock de cono de 12 mm. Perfecto tanto para los estilos de patinaje Jam como Rhythmic, esta configuraci\u00f3n alienta al usuario a realizar movimientos art\u00edsticos espec\u00edficos.  El tope de abrazadera ajustable enfatiza esto a\u00fan m\u00e1s, asegurando que no se interponga mientras se realizan trucos, o para que los usuarios puedan ajustarlo a su gusto.  Las ruedas de 62 mm 78a brindan suficiente agarre y durabilidad para manejar la mayor\u00eda de los entornos, y son adecuadas para patinar al aire libre, debido al agarre adicional (aunque estar\u00e1n perfectamente bien en interiores). Los rodamientos Abec 7 terminan el pat\u00edn para una conducci\u00f3n m\u00e1s r\u00e1pida, con mejor aceleraci\u00f3n.  Consejo sobre talla: este pat\u00edn se ajusta al tama\u00f1o real.\" \/>\n<meta property=\"og:url\" content=\"https:\/\/patinexclusivo.com\/index.php\/product\/patines-en-linea-chaya-melrose-elite-evil-purple-rn\/\" \/>\n<meta property=\"og:site_name\" content=\"Pat\u00edn Exclusivo\" \/>\n<meta property=\"article:modified_time\" content=\"2025-11-07T08:00:00+00:00\" \/>\n<meta property=\"og:image\" content=\"https:\/\/patinexclusivo.com\/wp-content\/uploads\/2024\/10\/Chaya-Melrose-Elite-Rollerskates-Evil-Purple.webp\" \/>\n\t<meta property=\"og:image:width\" content=\"823\" \/>\n\t<meta property=\"og:image:height\" content=\"823\" \/>\n\t<meta property=\"og:image:type\" content=\"image\/webp\" \/>\n<meta name=\"twitter:card\" content=\"summary_large_image\" \/>\n<meta name=\"twitter:label1\" content=\"Est. reading time\" \/>\n\t<meta name=\"twitter:data1\" content=\"1 minute\" \/>\n<script type=\"application\/ld+json\" class=\"yoast-schema-graph\">{\"@context\":\"https:\/\/schema.org\",\"@graph\":[{\"@type\":\"WebPage\",\"@id\":\"https:\/\/patinexclusivo.com\/index.php\/product\/patines-en-linea-chaya-melrose-elite-evil-purple-rn\/\",\"url\":\"https:\/\/patinexclusivo.com\/index.php\/product\/patines-en-linea-chaya-melrose-elite-evil-purple-rn\/\",\"name\":\"Patines en l\u00ednea Chaya Melrose Elite - Evil Purple Rn - Pat\u00edn Exclusivo\",\"isPartOf\":{\"@id\":\"https:\/\/patinexclusivo.com\/#website\"},\"datePublished\":\"2024-10-07T22:35:16+00:00\",\"dateModified\":\"2025-11-07T08:00:00+00:00\",\"breadcrumb\":{\"@id\":\"https:\/\/patinexclusivo.com\/index.php\/product\/patines-en-linea-chaya-melrose-elite-evil-purple-rn\/#breadcrumb\"},\"inLanguage\":\"en-US\",\"potentialAction\":[{\"@type\":\"ReadAction\",\"target\":[\"https:\/\/patinexclusivo.com\/index.php\/product\/patines-en-linea-chaya-melrose-elite-evil-purple-rn\/\"]}]},{\"@type\":\"BreadcrumbList\",\"@id\":\"https:\/\/patinexclusivo.com\/index.php\/product\/patines-en-linea-chaya-melrose-elite-evil-purple-rn\/#breadcrumb\",\"itemListElement\":[{\"@type\":\"ListItem\",\"position\":1,\"name\":\"Inicio\",\"item\":\"https:\/\/patinexclusivo.com\/\"},{\"@type\":\"ListItem\",\"position\":2,\"name\":\"Shop\",\"item\":\"https:\/\/patinexclusivo.com\/index.php\/shop\/\"},{\"@type\":\"ListItem\",\"position\":3,\"name\":\"Patines en l\u00ednea Chaya Melrose Elite &#8211; Evil Purple Rn\"}]},{\"@type\":\"WebSite\",\"@id\":\"https:\/\/patinexclusivo.com\/#website\",\"url\":\"https:\/\/patinexclusivo.com\/\",\"name\":\"Pat\u00edn Exclusivo\",\"description\":\"\ud83d\udefc Rollers SLP: Tu destino #1 para patines en San Luis Potos\u00ed! Encuentra los mejores estilos y marcas \ud83c\udf1f, consejos de expertos \ud83d\udcda y accesorios para patinaje. \u00a1Vis\u00edtanos y rueda con estilo! \ud83c\udf08\u2728\",\"publisher\":{\"@id\":\"https:\/\/patinexclusivo.com\/#organization\"},\"potentialAction\":[{\"@type\":\"SearchAction\",\"target\":{\"@type\":\"EntryPoint\",\"urlTemplate\":\"https:\/\/patinexclusivo.com\/?s={search_term_string}\"},\"query-input\":\"required name=search_term_string\"}],\"inLanguage\":\"en-US\"},{\"@type\":\"Organization\",\"@id\":\"https:\/\/patinexclusivo.com\/#organization\",\"name\":\"Pat\u00edn Exclusivo\",\"url\":\"https:\/\/patinexclusivo.com\/\",\"logo\":{\"@type\":\"ImageObject\",\"inLanguage\":\"en-US\",\"@id\":\"https:\/\/patinexclusivo.com\/#\/schema\/logo\/image\/\",\"url\":\"https:\/\/patinexclusivo.com\/wp-content\/uploads\/2025\/01\/cropped-cropped-WhatsApp-Image-2025-01-29-at-7.00.40-PM.jpeg\",\"contentUrl\":\"https:\/\/patinexclusivo.com\/wp-content\/uploads\/2025\/01\/cropped-cropped-WhatsApp-Image-2025-01-29-at-7.00.40-PM.jpeg\",\"width\":583,\"height\":568,\"caption\":\"Pat\u00edn Exclusivo\"},\"image\":{\"@id\":\"https:\/\/patinexclusivo.com\/#\/schema\/logo\/image\/\"}}]}<\/script>\n<!-- \/ Yoast SEO plugin. -->","yoast_head_json":{"title":"Patines en l\u00ednea Chaya Melrose Elite - Evil Purple Rn - Pat\u00edn Exclusivo","robots":{"index":"index","follow":"follow","max-snippet":"max-snippet:-1","max-image-preview":"max-image-preview:large","max-video-preview":"max-video-preview:-1"},"canonical":"https:\/\/patinexclusivo.com\/index.php\/product\/patines-en-linea-chaya-melrose-elite-evil-purple-rn\/","og_locale":"en_US","og_type":"article","og_title":"Patines en l\u00ednea Chaya Melrose Elite - Evil Purple Rn - Pat\u00edn Exclusivo","og_description":"SOLO SOBRE PEDIDO  Los patines Chaya Melrose Elite en color morado oscuro son el modelo de \u00e9lite de Chaya para patinadores de nivel intermedio a avanzado. Con \u00e9nfasis en el estilo, los Melrose Elite evocan sensaciones de un sue\u00f1o playero californiano de los a\u00f1os 70.  Al igual que los hermanos del Elite, compuestos de un cuero vegano de PU, la bota superior ofrece mucha estabilidad alrededor del tobillo mientras es suave en los paneles frontales. Esta mezcla le da al Melrose Elite un rendimiento controlado y c\u00f3modo.  El pl\u00e1stico reforzado con fibra de vidrio mantiene el pat\u00edn ligero y sensible, lo que hace que la maniobrabilidad sea sencilla. El atractivo para los patinadores avanzados y profesionales radica en el \u00e1ngulo de eje de 20\u00b0, acompa\u00f1ado de un barril de 15 mm y bujes Jelly Interlock de cono de 12 mm. Perfecto tanto para los estilos de patinaje Jam como Rhythmic, esta configuraci\u00f3n alienta al usuario a realizar movimientos art\u00edsticos espec\u00edficos.  El tope de abrazadera ajustable enfatiza esto a\u00fan m\u00e1s, asegurando que no se interponga mientras se realizan trucos, o para que los usuarios puedan ajustarlo a su gusto.  Las ruedas de 62 mm 78a brindan suficiente agarre y durabilidad para manejar la mayor\u00eda de los entornos, y son adecuadas para patinar al aire libre, debido al agarre adicional (aunque estar\u00e1n perfectamente bien en interiores). Los rodamientos Abec 7 terminan el pat\u00edn para una conducci\u00f3n m\u00e1s r\u00e1pida, con mejor aceleraci\u00f3n.  Consejo sobre talla: este pat\u00edn se ajusta al tama\u00f1o real.","og_url":"https:\/\/patinexclusivo.com\/index.php\/product\/patines-en-linea-chaya-melrose-elite-evil-purple-rn\/","og_site_name":"Pat\u00edn Exclusivo","article_modified_time":"2025-11-07T08:00:00+00:00","og_image":[{"width":823,"height":823,"url":"https:\/\/patinexclusivo.com\/wp-content\/uploads\/2024\/10\/Chaya-Melrose-Elite-Rollerskates-Evil-Purple.webp","type":"image\/webp"}],"twitter_card":"summary_large_image","twitter_misc":{"Est. reading time":"1 minute"},"schema":{"@context":"https:\/\/schema.org","@graph":[{"@type":"WebPage","@id":"https:\/\/patinexclusivo.com\/index.php\/product\/patines-en-linea-chaya-melrose-elite-evil-purple-rn\/","url":"https:\/\/patinexclusivo.com\/index.php\/product\/patines-en-linea-chaya-melrose-elite-evil-purple-rn\/","name":"Patines en l\u00ednea Chaya Melrose Elite - Evil Purple Rn - Pat\u00edn Exclusivo","isPartOf":{"@id":"https:\/\/patinexclusivo.com\/#website"},"datePublished":"2024-10-07T22:35:16+00:00","dateModified":"2025-11-07T08:00:00+00:00","breadcrumb":{"@id":"https:\/\/patinexclusivo.com\/index.php\/product\/patines-en-linea-chaya-melrose-elite-evil-purple-rn\/#breadcrumb"},"inLanguage":"en-US","potentialAction":[{"@type":"ReadAction","target":["https:\/\/patinexclusivo.com\/index.php\/product\/patines-en-linea-chaya-melrose-elite-evil-purple-rn\/"]}]},{"@type":"BreadcrumbList","@id":"https:\/\/patinexclusivo.com\/index.php\/product\/patines-en-linea-chaya-melrose-elite-evil-purple-rn\/#breadcrumb","itemListElement":[{"@type":"ListItem","position":1,"name":"Inicio","item":"https:\/\/patinexclusivo.com\/"},{"@type":"ListItem","position":2,"name":"Shop","item":"https:\/\/patinexclusivo.com\/index.php\/shop\/"},{"@type":"ListItem","position":3,"name":"Patines en l\u00ednea Chaya Melrose Elite &#8211; Evil Purple Rn"}]},{"@type":"WebSite","@id":"https:\/\/patinexclusivo.com\/#website","url":"https:\/\/patinexclusivo.com\/","name":"Pat\u00edn Exclusivo","description":"\ud83d\udefc Rollers SLP: Tu destino #1 para patines en San Luis Potos\u00ed! Encuentra los mejores estilos y marcas \ud83c\udf1f, consejos de expertos \ud83d\udcda y accesorios para patinaje. \u00a1Vis\u00edtanos y rueda con estilo! \ud83c\udf08\u2728","publisher":{"@id":"https:\/\/patinexclusivo.com\/#organization"},"potentialAction":[{"@type":"SearchAction","target":{"@type":"EntryPoint","urlTemplate":"https:\/\/patinexclusivo.com\/?s={search_term_string}"},"query-input":"required name=search_term_string"}],"inLanguage":"en-US"},{"@type":"Organization","@id":"https:\/\/patinexclusivo.com\/#organization","name":"Pat\u00edn Exclusivo","url":"https:\/\/patinexclusivo.com\/","logo":{"@type":"ImageObject","inLanguage":"en-US","@id":"https:\/\/patinexclusivo.com\/#\/schema\/logo\/image\/","url":"https:\/\/patinexclusivo.com\/wp-content\/uploads\/2025\/01\/cropped-cropped-WhatsApp-Image-2025-01-29-at-7.00.40-PM.jpeg","contentUrl":"https:\/\/patinexclusivo.com\/wp-content\/uploads\/2025\/01\/cropped-cropped-WhatsApp-Image-2025-01-29-at-7.00.40-PM.jpeg","width":583,"height":568,"caption":"Pat\u00edn Exclusivo"},"image":{"@id":"https:\/\/patinexclusivo.com\/#\/schema\/logo\/image\/"}}]}},"_links":{"self":[{"href":"https:\/\/patinexclusivo.com\/index.php\/wp-json\/wp\/v2\/product\/1817"}],"collection":[{"href":"https:\/\/patinexclusivo.com\/index.php\/wp-json\/wp\/v2\/product"}],"about":[{"href":"https:\/\/patinexclusivo.com\/index.php\/wp-json\/wp\/v2\/types\/product"}],"replies":[{"embeddable":true,"href":"https:\/\/patinexclusivo.com\/index.php\/wp-json\/wp\/v2\/comments?post=1817"}],"version-history":[{"count":1,"href":"https:\/\/patinexclusivo.com\/index.php\/wp-json\/wp\/v2\/product\/1817\/revisions"}],"predecessor-version":[{"id":1819,"href":"https:\/\/patinexclusivo.com\/index.php\/wp-json\/wp\/v2\/product\/1817\/revisions\/1819"}],"wp:featuredmedia":[{"embeddable":true,"href":"https:\/\/patinexclusivo.com\/index.php\/wp-json\/wp\/v2\/media\/1818"}],"wp:attachment":[{"href":"https:\/\/patinexclusivo.com\/index.php\/wp-json\/wp\/v2\/media?parent=1817"}],"wp:term":[{"taxonomy":"product_cat","embeddable":true,"href":"https:\/\/patinexclusivo.com\/index.php\/wp-json\/wp\/v2\/product_cat?post=1817"},{"taxonomy":"product_tag","embeddable":true,"href":"https:\/\/patinexclusivo.com\/index.php\/wp-json\/wp\/v2\/product_tag?post=1817"}],"curies":[{"name":"wp","href":"https:\/\/api.w.org\/{rel}","templated":true}]}}