{"id":1833,"date":"2024-10-07T23:59:55","date_gmt":"2024-10-07T23:59:55","guid":{"rendered":"https:\/\/patinexclusivo.com\/?post_type=product&#038;p=1833"},"modified":"2024-10-07T23:59:56","modified_gmt":"2024-10-07T23:59:56","slug":"patines-en-linea-moxi-beach-bunny-peach-rn","status":"publish","type":"product","link":"https:\/\/patinexclusivo.com\/index.php\/product\/patines-en-linea-moxi-beach-bunny-peach-rn\/","title":{"rendered":"Patines en l\u00ednea Moxi Beach Bunny Peach Rn"},"content":{"rendered":"<table class=\"feature-table\">\n<tbody>\n<tr>\n<td><span>Estilo de patinaje:<\/span><\/td>\n<td class=\"feature-table__value\"><span>Crucero \/ Ocio, Baile<\/span><\/td>\n<\/tr>\n<tr>\n<td><span>Material de la bota:<\/span><\/td>\n<td class=\"feature-table__value\"><span>Parte superior textil<\/span><\/td>\n<\/tr>\n<tr>\n<td><span>Cordones:<\/span><\/td>\n<td class=\"feature-table__value\"><span>Est\u00e1ndar<\/span><\/td>\n<\/tr>\n<tr>\n<td><span>Marca de la rueda:<\/span><\/td>\n<td class=\"feature-table__value\"><span>Moxi<\/span><\/td>\n<\/tr>\n<tr>\n<td><span>Tama\u00f1o de la rueda:<\/span><\/td>\n<td class=\"feature-table__value\"><span>62 mm<\/span><\/td>\n<\/tr>\n<tr>\n<td><span>Dureza de la rueda:<\/span><\/td>\n<td class=\"feature-table__value\"><span>82a<\/span><\/td>\n<\/tr>\n<tr>\n<td><span>Marca de rodamientos:<\/span><\/td>\n<td class=\"feature-table__value\"><span>Moxi<\/span><\/td>\n<\/tr>\n<tr>\n<td><span>Clasificaci\u00f3n del rodamiento:<\/span><\/td>\n<td class=\"feature-table__value\"><span>Abec 5<\/span><\/td>\n<\/tr>\n<tr>\n<td><span>Material del cami\u00f3n:<\/span><\/td>\n<td class=\"feature-table__value\"><span>Metal<\/span><\/td>\n<\/tr>\n<tr>\n<td><span>Tipo de tap\u00f3n:<\/span><\/td>\n<td class=\"feature-table__value\"><span>Ajustable<\/span><\/td>\n<\/tr>\n<tr>\n<td><span>Ancho de la rueda:<\/span><\/td>\n<td class=\"feature-table__value\"><span>33 mm<\/span><\/td>\n<\/tr>\n<\/tbody>\n<\/table>\n<p>Talla 23cm, 24cm, 25cm, 26cm, 27cm, 27.5cm<\/p>\n","protected":false},"excerpt":{"rendered":"<p>SOLO SOBRE PEDIDO<\/p>\n<p><span>\u00a1Ya est\u00e1n aqu\u00ed los nuevos\u00a0patines en l\u00ednea\u00a0<\/span><strong><span>Moxi\u00a0<\/span><\/strong><em><span>Beach Bunny peach ! \u00a1Los patines Moxi Beach Bunny hacen que tener un par de\u00a0<\/span><\/em><span><\/span><strong><span>Moxi<\/span><\/strong><span>\u00a0sea m\u00e1s asequible que nunca!<\/span><\/p>\n<p><span>La buena noticia es que eso no significa que se haya comprometido la calidad y la artesan\u00eda: la placa de aluminio de Marvel proporciona la pieza central perfecta sobre la que montar la bota de vinilo de corte alto, que ha sido te\u00f1ida en tambor para garantizar un color perfecto. La bota\u00a0<\/span><em><span>Beach Bunny<\/span><\/em><span>\u00a0ofrece acolchado en el tobillo y un collar de dise\u00f1o ergon\u00f3mico para mayor comodidad, as\u00ed como un forro absorbente de humedad Dri-Lex con el lindo y divertido dise\u00f1o Moxi impreso en ellos, que es espec\u00edfico para el pat\u00edn Beach Bunny.<\/span><\/p>\n<p><span>Las ruedas para exteriores con brillo de 58 mm y 78a se han creado espec\u00edficamente para los patines\u00a0<\/span><strong><span>Moxi\u00a0<\/span><\/strong><em><span>Beach Bunny<\/span><\/em><span>\u00a0y est\u00e1n combinadas con cordones que reflejan el sol a juego para brindarles a los patines\u00a0<\/span><em><span>Beach Bunny<\/span><\/em><span>\u00a0una sensaci\u00f3n brillante y veraniega incluso cuando patinas en interiores.<\/span><\/p>\n<p><span>Para hacer que los nuevos patines\u00a0<\/span><strong><span>Moxi\u00a0<\/span><\/strong><em><span>Beach Bunny<\/span><\/em><span>\u00a0sean un poco m\u00e1s atractivos,\u00a0<\/span><strong><span>Moxi<\/span><\/strong><span>\u00a0ha dise\u00f1ado los\u00a0<\/span><em><span>Beach Bunny<\/span><\/em><span>\u00a0para que sean amigables con los animales y ha incluido un par de\u00a0<\/span><em><span>punteras<\/span><\/em><span>\u00a0a juego con cada compra de sus nuevos patines\u00a0<\/span><em><span>Beach Bunny<\/span><\/em><span>\u00a0, para que sus patines se vean frescos por m\u00e1s tiempo.<\/span><\/p>\n<p><strong>Consejo sobre talla: este pat\u00edn se ajusta al tama\u00f1o real.<\/strong><\/p>\n","protected":false},"featured_media":1834,"comment_status":"open","ping_status":"closed","template":"","meta":{"rop_custom_images_group":[],"rop_custom_messages_group":[],"rop_publish_now":"initial","rop_publish_now_accounts":[],"rop_publish_now_history":[],"rop_publish_now_status":"pending"},"product_cat":[61,62],"product_tag":[],"class_list":{"0":"post-1833","1":"product","2":"type-product","3":"status-publish","4":"has-post-thumbnail","6":"product_cat-clasicos","7":"product_cat-quads","8":"post","10":"first","11":"instock","12":"shipping-taxable","13":"purchasable","14":"product-type-simple"},"yoast_head":"<!-- This site is optimized with the Yoast SEO plugin v21.9.1 - https:\/\/yoast.com\/wordpress\/plugins\/seo\/ -->\n<title>Patines en l\u00ednea Moxi Beach Bunny Peach Rn - Pat\u00edn Exclusivo<\/title>\n<meta name=\"robots\" content=\"index, follow, max-snippet:-1, max-image-preview:large, max-video-preview:-1\" \/>\n<link rel=\"canonical\" href=\"https:\/\/patinexclusivo.com\/index.php\/product\/patines-en-linea-moxi-beach-bunny-peach-rn\/\" \/>\n<meta property=\"og:locale\" content=\"en_US\" \/>\n<meta property=\"og:type\" content=\"article\" \/>\n<meta property=\"og:title\" content=\"Patines en l\u00ednea Moxi Beach Bunny Peach Rn - Pat\u00edn Exclusivo\" \/>\n<meta property=\"og:description\" content=\"SOLO SOBRE PEDIDO  \u00a1Ya est\u00e1n aqu\u00ed los nuevos\u00a0patines en l\u00ednea\u00a0Moxi\u00a0Beach Bunny peach ! \u00a1Los patines Moxi Beach Bunny hacen que tener un par de\u00a0Moxi\u00a0sea m\u00e1s asequible que nunca!  La buena noticia es que eso no significa que se haya comprometido la calidad y la artesan\u00eda: la placa de aluminio de Marvel proporciona la pieza central perfecta sobre la que montar la bota de vinilo de corte alto, que ha sido te\u00f1ida en tambor para garantizar un color perfecto. La bota\u00a0Beach Bunny\u00a0ofrece acolchado en el tobillo y un collar de dise\u00f1o ergon\u00f3mico para mayor comodidad, as\u00ed como un forro absorbente de humedad Dri-Lex con el lindo y divertido dise\u00f1o Moxi impreso en ellos, que es espec\u00edfico para el pat\u00edn Beach Bunny.  Las ruedas para exteriores con brillo de 58 mm y 78a se han creado espec\u00edficamente para los patines\u00a0Moxi\u00a0Beach Bunny\u00a0y est\u00e1n combinadas con cordones que reflejan el sol a juego para brindarles a los patines\u00a0Beach Bunny\u00a0una sensaci\u00f3n brillante y veraniega incluso cuando patinas en interiores.  Para hacer que los nuevos patines\u00a0Moxi\u00a0Beach Bunny\u00a0sean un poco m\u00e1s atractivos,\u00a0Moxi\u00a0ha dise\u00f1ado los\u00a0Beach Bunny\u00a0para que sean amigables con los animales y ha incluido un par de\u00a0punteras\u00a0a juego con cada compra de sus nuevos patines\u00a0Beach Bunny\u00a0, para que sus patines se vean frescos por m\u00e1s tiempo.  Consejo sobre talla: este pat\u00edn se ajusta al tama\u00f1o real.\" \/>\n<meta property=\"og:url\" content=\"https:\/\/patinexclusivo.com\/index.php\/product\/patines-en-linea-moxi-beach-bunny-peach-rn\/\" \/>\n<meta property=\"og:site_name\" content=\"Pat\u00edn Exclusivo\" \/>\n<meta property=\"article:modified_time\" content=\"2024-10-07T23:59:56+00:00\" \/>\n<meta property=\"og:image\" content=\"https:\/\/patinexclusivo.com\/wp-content\/uploads\/2024\/10\/Moxi-peach5479.webp\" \/>\n\t<meta property=\"og:image:width\" content=\"823\" \/>\n\t<meta property=\"og:image:height\" content=\"823\" \/>\n\t<meta property=\"og:image:type\" content=\"image\/webp\" \/>\n<meta name=\"twitter:card\" content=\"summary_large_image\" \/>\n<meta name=\"twitter:label1\" content=\"Est. reading time\" \/>\n\t<meta name=\"twitter:data1\" content=\"1 minute\" \/>\n<script type=\"application\/ld+json\" class=\"yoast-schema-graph\">{\"@context\":\"https:\/\/schema.org\",\"@graph\":[{\"@type\":\"WebPage\",\"@id\":\"https:\/\/patinexclusivo.com\/index.php\/product\/patines-en-linea-moxi-beach-bunny-peach-rn\/\",\"url\":\"https:\/\/patinexclusivo.com\/index.php\/product\/patines-en-linea-moxi-beach-bunny-peach-rn\/\",\"name\":\"Patines en l\u00ednea Moxi Beach Bunny Peach Rn - Pat\u00edn Exclusivo\",\"isPartOf\":{\"@id\":\"https:\/\/patinexclusivo.com\/#website\"},\"datePublished\":\"2024-10-07T23:59:55+00:00\",\"dateModified\":\"2024-10-07T23:59:56+00:00\",\"breadcrumb\":{\"@id\":\"https:\/\/patinexclusivo.com\/index.php\/product\/patines-en-linea-moxi-beach-bunny-peach-rn\/#breadcrumb\"},\"inLanguage\":\"en-US\",\"potentialAction\":[{\"@type\":\"ReadAction\",\"target\":[\"https:\/\/patinexclusivo.com\/index.php\/product\/patines-en-linea-moxi-beach-bunny-peach-rn\/\"]}]},{\"@type\":\"BreadcrumbList\",\"@id\":\"https:\/\/patinexclusivo.com\/index.php\/product\/patines-en-linea-moxi-beach-bunny-peach-rn\/#breadcrumb\",\"itemListElement\":[{\"@type\":\"ListItem\",\"position\":1,\"name\":\"Inicio\",\"item\":\"https:\/\/patinexclusivo.com\/\"},{\"@type\":\"ListItem\",\"position\":2,\"name\":\"Shop\",\"item\":\"https:\/\/patinexclusivo.com\/index.php\/shop\/\"},{\"@type\":\"ListItem\",\"position\":3,\"name\":\"Patines en l\u00ednea Moxi Beach Bunny Peach Rn\"}]},{\"@type\":\"WebSite\",\"@id\":\"https:\/\/patinexclusivo.com\/#website\",\"url\":\"https:\/\/patinexclusivo.com\/\",\"name\":\"Pat\u00edn Exclusivo\",\"description\":\"\ud83d\udefc Rollers SLP: Tu destino #1 para patines en San Luis Potos\u00ed! Encuentra los mejores estilos y marcas \ud83c\udf1f, consejos de expertos \ud83d\udcda y accesorios para patinaje. \u00a1Vis\u00edtanos y rueda con estilo! \ud83c\udf08\u2728\",\"publisher\":{\"@id\":\"https:\/\/patinexclusivo.com\/#organization\"},\"potentialAction\":[{\"@type\":\"SearchAction\",\"target\":{\"@type\":\"EntryPoint\",\"urlTemplate\":\"https:\/\/patinexclusivo.com\/?s={search_term_string}\"},\"query-input\":\"required name=search_term_string\"}],\"inLanguage\":\"en-US\"},{\"@type\":\"Organization\",\"@id\":\"https:\/\/patinexclusivo.com\/#organization\",\"name\":\"Pat\u00edn Exclusivo\",\"url\":\"https:\/\/patinexclusivo.com\/\",\"logo\":{\"@type\":\"ImageObject\",\"inLanguage\":\"en-US\",\"@id\":\"https:\/\/patinexclusivo.com\/#\/schema\/logo\/image\/\",\"url\":\"https:\/\/patinexclusivo.com\/wp-content\/uploads\/2025\/01\/cropped-cropped-WhatsApp-Image-2025-01-29-at-7.00.40-PM.jpeg\",\"contentUrl\":\"https:\/\/patinexclusivo.com\/wp-content\/uploads\/2025\/01\/cropped-cropped-WhatsApp-Image-2025-01-29-at-7.00.40-PM.jpeg\",\"width\":583,\"height\":568,\"caption\":\"Pat\u00edn Exclusivo\"},\"image\":{\"@id\":\"https:\/\/patinexclusivo.com\/#\/schema\/logo\/image\/\"}}]}<\/script>\n<!-- \/ Yoast SEO plugin. -->","yoast_head_json":{"title":"Patines en l\u00ednea Moxi Beach Bunny Peach Rn - Pat\u00edn Exclusivo","robots":{"index":"index","follow":"follow","max-snippet":"max-snippet:-1","max-image-preview":"max-image-preview:large","max-video-preview":"max-video-preview:-1"},"canonical":"https:\/\/patinexclusivo.com\/index.php\/product\/patines-en-linea-moxi-beach-bunny-peach-rn\/","og_locale":"en_US","og_type":"article","og_title":"Patines en l\u00ednea Moxi Beach Bunny Peach Rn - Pat\u00edn Exclusivo","og_description":"SOLO SOBRE PEDIDO  \u00a1Ya est\u00e1n aqu\u00ed los nuevos\u00a0patines en l\u00ednea\u00a0Moxi\u00a0Beach Bunny peach ! \u00a1Los patines Moxi Beach Bunny hacen que tener un par de\u00a0Moxi\u00a0sea m\u00e1s asequible que nunca!  La buena noticia es que eso no significa que se haya comprometido la calidad y la artesan\u00eda: la placa de aluminio de Marvel proporciona la pieza central perfecta sobre la que montar la bota de vinilo de corte alto, que ha sido te\u00f1ida en tambor para garantizar un color perfecto. La bota\u00a0Beach Bunny\u00a0ofrece acolchado en el tobillo y un collar de dise\u00f1o ergon\u00f3mico para mayor comodidad, as\u00ed como un forro absorbente de humedad Dri-Lex con el lindo y divertido dise\u00f1o Moxi impreso en ellos, que es espec\u00edfico para el pat\u00edn Beach Bunny.  Las ruedas para exteriores con brillo de 58 mm y 78a se han creado espec\u00edficamente para los patines\u00a0Moxi\u00a0Beach Bunny\u00a0y est\u00e1n combinadas con cordones que reflejan el sol a juego para brindarles a los patines\u00a0Beach Bunny\u00a0una sensaci\u00f3n brillante y veraniega incluso cuando patinas en interiores.  Para hacer que los nuevos patines\u00a0Moxi\u00a0Beach Bunny\u00a0sean un poco m\u00e1s atractivos,\u00a0Moxi\u00a0ha dise\u00f1ado los\u00a0Beach Bunny\u00a0para que sean amigables con los animales y ha incluido un par de\u00a0punteras\u00a0a juego con cada compra de sus nuevos patines\u00a0Beach Bunny\u00a0, para que sus patines se vean frescos por m\u00e1s tiempo.  Consejo sobre talla: este pat\u00edn se ajusta al tama\u00f1o real.","og_url":"https:\/\/patinexclusivo.com\/index.php\/product\/patines-en-linea-moxi-beach-bunny-peach-rn\/","og_site_name":"Pat\u00edn Exclusivo","article_modified_time":"2024-10-07T23:59:56+00:00","og_image":[{"width":823,"height":823,"url":"https:\/\/patinexclusivo.com\/wp-content\/uploads\/2024\/10\/Moxi-peach5479.webp","type":"image\/webp"}],"twitter_card":"summary_large_image","twitter_misc":{"Est. reading time":"1 minute"},"schema":{"@context":"https:\/\/schema.org","@graph":[{"@type":"WebPage","@id":"https:\/\/patinexclusivo.com\/index.php\/product\/patines-en-linea-moxi-beach-bunny-peach-rn\/","url":"https:\/\/patinexclusivo.com\/index.php\/product\/patines-en-linea-moxi-beach-bunny-peach-rn\/","name":"Patines en l\u00ednea Moxi Beach Bunny Peach Rn - Pat\u00edn Exclusivo","isPartOf":{"@id":"https:\/\/patinexclusivo.com\/#website"},"datePublished":"2024-10-07T23:59:55+00:00","dateModified":"2024-10-07T23:59:56+00:00","breadcrumb":{"@id":"https:\/\/patinexclusivo.com\/index.php\/product\/patines-en-linea-moxi-beach-bunny-peach-rn\/#breadcrumb"},"inLanguage":"en-US","potentialAction":[{"@type":"ReadAction","target":["https:\/\/patinexclusivo.com\/index.php\/product\/patines-en-linea-moxi-beach-bunny-peach-rn\/"]}]},{"@type":"BreadcrumbList","@id":"https:\/\/patinexclusivo.com\/index.php\/product\/patines-en-linea-moxi-beach-bunny-peach-rn\/#breadcrumb","itemListElement":[{"@type":"ListItem","position":1,"name":"Inicio","item":"https:\/\/patinexclusivo.com\/"},{"@type":"ListItem","position":2,"name":"Shop","item":"https:\/\/patinexclusivo.com\/index.php\/shop\/"},{"@type":"ListItem","position":3,"name":"Patines en l\u00ednea Moxi Beach Bunny Peach Rn"}]},{"@type":"WebSite","@id":"https:\/\/patinexclusivo.com\/#website","url":"https:\/\/patinexclusivo.com\/","name":"Pat\u00edn Exclusivo","description":"\ud83d\udefc Rollers SLP: Tu destino #1 para patines en San Luis Potos\u00ed! Encuentra los mejores estilos y marcas \ud83c\udf1f, consejos de expertos \ud83d\udcda y accesorios para patinaje. \u00a1Vis\u00edtanos y rueda con estilo! \ud83c\udf08\u2728","publisher":{"@id":"https:\/\/patinexclusivo.com\/#organization"},"potentialAction":[{"@type":"SearchAction","target":{"@type":"EntryPoint","urlTemplate":"https:\/\/patinexclusivo.com\/?s={search_term_string}"},"query-input":"required name=search_term_string"}],"inLanguage":"en-US"},{"@type":"Organization","@id":"https:\/\/patinexclusivo.com\/#organization","name":"Pat\u00edn Exclusivo","url":"https:\/\/patinexclusivo.com\/","logo":{"@type":"ImageObject","inLanguage":"en-US","@id":"https:\/\/patinexclusivo.com\/#\/schema\/logo\/image\/","url":"https:\/\/patinexclusivo.com\/wp-content\/uploads\/2025\/01\/cropped-cropped-WhatsApp-Image-2025-01-29-at-7.00.40-PM.jpeg","contentUrl":"https:\/\/patinexclusivo.com\/wp-content\/uploads\/2025\/01\/cropped-cropped-WhatsApp-Image-2025-01-29-at-7.00.40-PM.jpeg","width":583,"height":568,"caption":"Pat\u00edn Exclusivo"},"image":{"@id":"https:\/\/patinexclusivo.com\/#\/schema\/logo\/image\/"}}]}},"_links":{"self":[{"href":"https:\/\/patinexclusivo.com\/index.php\/wp-json\/wp\/v2\/product\/1833"}],"collection":[{"href":"https:\/\/patinexclusivo.com\/index.php\/wp-json\/wp\/v2\/product"}],"about":[{"href":"https:\/\/patinexclusivo.com\/index.php\/wp-json\/wp\/v2\/types\/product"}],"replies":[{"embeddable":true,"href":"https:\/\/patinexclusivo.com\/index.php\/wp-json\/wp\/v2\/comments?post=1833"}],"version-history":[{"count":1,"href":"https:\/\/patinexclusivo.com\/index.php\/wp-json\/wp\/v2\/product\/1833\/revisions"}],"predecessor-version":[{"id":1835,"href":"https:\/\/patinexclusivo.com\/index.php\/wp-json\/wp\/v2\/product\/1833\/revisions\/1835"}],"wp:featuredmedia":[{"embeddable":true,"href":"https:\/\/patinexclusivo.com\/index.php\/wp-json\/wp\/v2\/media\/1834"}],"wp:attachment":[{"href":"https:\/\/patinexclusivo.com\/index.php\/wp-json\/wp\/v2\/media?parent=1833"}],"wp:term":[{"taxonomy":"product_cat","embeddable":true,"href":"https:\/\/patinexclusivo.com\/index.php\/wp-json\/wp\/v2\/product_cat?post=1833"},{"taxonomy":"product_tag","embeddable":true,"href":"https:\/\/patinexclusivo.com\/index.php\/wp-json\/wp\/v2\/product_tag?post=1833"}],"curies":[{"name":"wp","href":"https:\/\/api.w.org\/{rel}","templated":true}]}}