{"id":1848,"date":"2024-10-10T03:40:44","date_gmt":"2024-10-10T03:40:44","guid":{"rendered":"https:\/\/patinexclusivo.com\/?post_type=product&#038;p=1848"},"modified":"2024-10-10T03:40:45","modified_gmt":"2024-10-10T03:40:45","slug":"patines-en-linea-moxi-lolly-color-lila-rn","status":"publish","type":"product","link":"https:\/\/patinexclusivo.com\/index.php\/product\/patines-en-linea-moxi-lolly-color-lila-rn\/","title":{"rendered":"Patines en l\u00ednea Moxi Lolly color lila Rn"},"content":{"rendered":"<table class=\"feature-table\">\n<tbody>\n<tr>\n<td><span><span style=\"vertical-align: inherit;\"><span style=\"vertical-align: inherit;\">Estilo de patinaje:<\/span><\/span><\/span><\/td>\n<td class=\"feature-table__value\"><span><span style=\"vertical-align: inherit;\"><span style=\"vertical-align: inherit;\">Crucero \/ Ocio, Baile<\/span><\/span><\/span><\/td>\n<\/tr>\n<tr>\n<td><span><span style=\"vertical-align: inherit;\"><span style=\"vertical-align: inherit;\">Material de la bota:<\/span><\/span><\/span><\/td>\n<td class=\"feature-table__value\"><span><span style=\"vertical-align: inherit;\"><span style=\"vertical-align: inherit;\">Parte superior textil<\/span><\/span><\/span><\/td>\n<\/tr>\n<tr>\n<td><span><span style=\"vertical-align: inherit;\"><span style=\"vertical-align: inherit;\">Cordones:<\/span><\/span><\/span><\/td>\n<td class=\"feature-table__value\"><span><span style=\"vertical-align: inherit;\"><span style=\"vertical-align: inherit;\">Est\u00e1ndar<\/span><\/span><\/span><\/td>\n<\/tr>\n<tr>\n<td><span><span style=\"vertical-align: inherit;\"><span style=\"vertical-align: inherit;\">Marca de la rueda:<\/span><\/span><\/span><\/td>\n<td class=\"feature-table__value\"><span><span style=\"vertical-align: inherit;\"><span style=\"vertical-align: inherit;\">Moxi<\/span><\/span><\/span><\/td>\n<\/tr>\n<tr>\n<td><span><span style=\"vertical-align: inherit;\"><span style=\"vertical-align: inherit;\">Tama\u00f1o de la rueda:<\/span><\/span><\/span><\/td>\n<td class=\"feature-table__value\"><span><span style=\"vertical-align: inherit;\"><span style=\"vertical-align: inherit;\">65 mil\u00edmetros<\/span><\/span><\/span><\/td>\n<\/tr>\n<tr>\n<td><span><span style=\"vertical-align: inherit;\"><span style=\"vertical-align: inherit;\">Dureza de la rueda:<\/span><\/span><\/span><\/td>\n<td class=\"feature-table__value\"><span><span style=\"vertical-align: inherit;\"><span style=\"vertical-align: inherit;\">78a<\/span><\/span><\/span><\/td>\n<\/tr>\n<tr>\n<td><span><span style=\"vertical-align: inherit;\"><span style=\"vertical-align: inherit;\">Marca de rodamientos:<\/span><\/span><\/span><\/td>\n<td class=\"feature-table__value\"><span><span style=\"vertical-align: inherit;\"><span style=\"vertical-align: inherit;\">Moxi<\/span><\/span><\/span><\/td>\n<\/tr>\n<tr>\n<td><span><span style=\"vertical-align: inherit;\"><span style=\"vertical-align: inherit;\">Clasificaci\u00f3n del refrigerador:<\/span><\/span><\/span><\/td>\n<td class=\"feature-table__value\"><span><span style=\"vertical-align: inherit;\"><span style=\"vertical-align: inherit;\">Abec 7<\/span><\/span><\/span><\/td>\n<\/tr>\n<tr>\n<td><span><span style=\"vertical-align: inherit;\"><span style=\"vertical-align: inherit;\">Material del rembolso:<\/span><\/span><\/span><\/td>\n<td class=\"feature-table__value\"><span><span style=\"vertical-align: inherit;\"><span style=\"vertical-align: inherit;\">Metal<\/span><\/span><\/span><\/td>\n<\/tr>\n<tr>\n<td><span><span style=\"vertical-align: inherit;\"><span style=\"vertical-align: inherit;\">Tipo de tap\u00f3n:<\/span><\/span><\/span><\/td>\n<td class=\"feature-table__value\"><span><span style=\"vertical-align: inherit;\"><span style=\"vertical-align: inherit;\">Ajustable<\/span><\/span><\/span><\/td>\n<\/tr>\n<tr>\n<td><span><span style=\"vertical-align: inherit;\"><span style=\"vertical-align: inherit;\">Ancho de la rueda:<\/span><\/span><\/span><\/td>\n<td class=\"feature-table__value\"><span><span style=\"vertical-align: inherit;\"><span style=\"vertical-align: inherit;\">35 mil\u00edmetros<\/span><\/span><\/span><\/td>\n<\/tr>\n<\/tbody>\n<\/table>\n<p><span style=\"vertical-align: inherit;\"><span style=\"vertical-align: inherit;\">Tama\u00f1o 23cm, 24cm, 25cm, 26cm, 27cm<\/span><\/span><\/p>\n","protected":false},"excerpt":{"rendered":"<p><span style=\"vertical-align: inherit;\"><span style=\"vertical-align: inherit;\">SOLO SOBRE PEDIDO<\/span><\/span><\/p>\n<p><span data-preserver-spaces=\"true\"><span style=\"vertical-align: inherit;\"><span style=\"vertical-align: inherit;\">Los patines en l\u00ednea Moxi Lolly Lilac son los mejores que puedes comprar. Moxi se form\u00f3 como resultado del creciente inter\u00e9s de la famosa jugadora de roller derby de Los \u00c1ngeles, Michelle Steilen (Estro Jen). Con el deseo de llevar el patinaje sobre ruedas a un lugar donde era genial, podemos decir con seguridad que la misi\u00f3n se cumpli\u00f3.<\/span><\/span><\/span><\/p>\n<p><strong><em><span data-preserver-spaces=\"true\"><span style=\"vertical-align: inherit;\"><span style=\"vertical-align: inherit;\">\u00bfQU\u00c9 HACE UN MOXI TAN ESPECIAL?<\/span><\/span><\/span><\/em><\/strong><\/p>\n<p><span data-preserver-spaces=\"true\"><span style=\"vertical-align: inherit;\"><span style=\"vertical-align: inherit;\">En colaboraci\u00f3n con el experimentado fabricante de patines Riedell, el Moxi Lolly no solo es el pat\u00edn m\u00e1s atractivo, sino tambi\u00e9n uno de los de mayor calidad. Fabricado en EE.UU. UU., el Moxi Lolly es \u00fanico en su clase.\u00a0<\/span><\/span><\/span><\/p>\n<p><span data-preserver-spaces=\"true\"><span style=\"vertical-align: inherit;\"><span style=\"vertical-align: inherit;\">La gama de cuero genuino suave forma los elementos principales de la bota. Combinada con un forro estampado, la parte superior fue dise\u00f1ada espec\u00edficamente para eliminar la mayor parte posible del per\u00edodo de adaptaci\u00f3n (que puede llevar m\u00e1s tiempo con patines sint\u00e9ticos). El cuero es piel de vac\u00edo genuina que se selecciona a mano y se controla con Moxi antes de un solo corte. El uso de cuero significa que Moxi Lolly NO es apto para veganos.\u00a0<\/span><\/span><\/span><\/p>\n<p><strong><em><span data-preserver-spaces=\"true\"><span style=\"vertical-align: inherit;\"><span style=\"vertical-align: inherit;\">\u00bfPOR QU\u00c9 LOS PATINES MOXI SON TAN SUAVES PARA RODAR?<\/span><\/span><\/span><\/em><\/strong><\/p>\n<p><span data-preserver-spaces=\"true\"><span style=\"vertical-align: inherit;\"><span style=\"vertical-align: inherit;\">Las placas de empuje de nailon Powerdyne con ejes de metal pulido son duraderas y ligeras para ofrecer un rendimiento de primera clase. El nailon reforzado se mantiene bajo el peso del pat\u00edn, mientras que el dise\u00f1o de pivote central de 15 grados mejora la transferencia de potencia. Las placas brindan una sensaci\u00f3n de capacidad de respuesta que ayuda con la posici\u00f3n del pie tanto para los estilos de patinaje r\u00edtmico como de trucos.\u00a0<\/span><\/span><\/span><\/p>\n<p><span data-preserver-spaces=\"true\"><span style=\"vertical-align: inherit;\"><span style=\"vertical-align: inherit;\">Las ruedas Moxi Gummy proporcionan un agarre decente, junto con cojinetes de acero al carbono. El equilibrio de agarre y velocidad le da fluidez al pat\u00edn, lo que hace que el Moxi Lolly sea adecuado tanto para patinar en interiores como en exteriores.<\/span><\/span><\/span><\/p>\n<p><strong><span style=\"vertical-align: inherit;\"><span style=\"vertical-align: inherit;\">Consejo sobre talla: este pat\u00edn se ajusta al tama\u00f1o real.<\/span><\/span><\/strong><\/p>\n","protected":false},"featured_media":1849,"comment_status":"open","ping_status":"closed","template":"","meta":{"rop_custom_images_group":[],"rop_custom_messages_group":[],"rop_publish_now":"initial","rop_publish_now_accounts":[],"rop_publish_now_history":[],"rop_publish_now_status":"pending"},"product_cat":[61,62],"product_tag":[],"class_list":{"0":"post-1848","1":"product","2":"type-product","3":"status-publish","4":"has-post-thumbnail","6":"product_cat-clasicos","7":"product_cat-quads","8":"post","10":"first","11":"instock","12":"shipping-taxable","13":"purchasable","14":"product-type-simple"},"yoast_head":"<!-- This site is optimized with the Yoast SEO plugin v21.9.1 - https:\/\/yoast.com\/wordpress\/plugins\/seo\/ -->\n<title>Patines en l\u00ednea Moxi Lolly color lila Rn - Pat\u00edn Exclusivo<\/title>\n<meta name=\"description\" content=\"Los patines en l\u00ednea Moxi Lolly Lilac son los mejores que puedes comprar. Moxi se form\u00f3 como resultado del creciente inter\u00e9s de la famosa jugadora de derby.\" \/>\n<meta name=\"robots\" content=\"index, follow, max-snippet:-1, max-image-preview:large, max-video-preview:-1\" \/>\n<link rel=\"canonical\" href=\"https:\/\/patinexclusivo.com\/index.php\/product\/patines-en-linea-moxi-lolly-color-lila-rn\/\" \/>\n<meta property=\"og:locale\" content=\"en_US\" \/>\n<meta property=\"og:type\" content=\"article\" \/>\n<meta property=\"og:title\" content=\"Patines en l\u00ednea Moxi Lolly color lila Rn - Pat\u00edn Exclusivo\" \/>\n<meta property=\"og:description\" content=\"Los patines en l\u00ednea Moxi Lolly Lilac son los mejores que puedes comprar. Moxi se form\u00f3 como resultado del creciente inter\u00e9s de la famosa jugadora de derby.\" \/>\n<meta property=\"og:url\" content=\"https:\/\/patinexclusivo.com\/index.php\/product\/patines-en-linea-moxi-lolly-color-lila-rn\/\" \/>\n<meta property=\"og:site_name\" content=\"Pat\u00edn Exclusivo\" \/>\n<meta property=\"article:modified_time\" content=\"2024-10-10T03:40:45+00:00\" \/>\n<meta property=\"og:image\" content=\"https:\/\/patinexclusivo.com\/wp-content\/uploads\/2024\/10\/Moxi-Lolly-Lilac-Rollerskates-1_61584c36-0e69-4a59-b12a-1ea0adca9b73.webp\" \/>\n\t<meta property=\"og:image:width\" content=\"823\" \/>\n\t<meta property=\"og:image:height\" content=\"823\" \/>\n\t<meta property=\"og:image:type\" content=\"image\/webp\" \/>\n<meta name=\"twitter:card\" content=\"summary_large_image\" \/>\n<meta name=\"twitter:label1\" content=\"Est. reading time\" \/>\n\t<meta name=\"twitter:data1\" content=\"1 minute\" \/>\n<script type=\"application\/ld+json\" class=\"yoast-schema-graph\">{\"@context\":\"https:\/\/schema.org\",\"@graph\":[{\"@type\":\"WebPage\",\"@id\":\"https:\/\/patinexclusivo.com\/index.php\/product\/patines-en-linea-moxi-lolly-color-lila-rn\/\",\"url\":\"https:\/\/patinexclusivo.com\/index.php\/product\/patines-en-linea-moxi-lolly-color-lila-rn\/\",\"name\":\"Patines en l\u00ednea Moxi Lolly color lila Rn - Pat\u00edn Exclusivo\",\"isPartOf\":{\"@id\":\"https:\/\/patinexclusivo.com\/#website\"},\"datePublished\":\"2024-10-10T03:40:44+00:00\",\"dateModified\":\"2024-10-10T03:40:45+00:00\",\"description\":\"Los patines en l\u00ednea Moxi Lolly Lilac son los mejores que puedes comprar. Moxi se form\u00f3 como resultado del creciente inter\u00e9s de la famosa jugadora de derby.\",\"breadcrumb\":{\"@id\":\"https:\/\/patinexclusivo.com\/index.php\/product\/patines-en-linea-moxi-lolly-color-lila-rn\/#breadcrumb\"},\"inLanguage\":\"en-US\",\"potentialAction\":[{\"@type\":\"ReadAction\",\"target\":[\"https:\/\/patinexclusivo.com\/index.php\/product\/patines-en-linea-moxi-lolly-color-lila-rn\/\"]}]},{\"@type\":\"BreadcrumbList\",\"@id\":\"https:\/\/patinexclusivo.com\/index.php\/product\/patines-en-linea-moxi-lolly-color-lila-rn\/#breadcrumb\",\"itemListElement\":[{\"@type\":\"ListItem\",\"position\":1,\"name\":\"Inicio\",\"item\":\"https:\/\/patinexclusivo.com\/\"},{\"@type\":\"ListItem\",\"position\":2,\"name\":\"Shop\",\"item\":\"https:\/\/patinexclusivo.com\/index.php\/shop\/\"},{\"@type\":\"ListItem\",\"position\":3,\"name\":\"Patines en l\u00ednea Moxi Lolly color lila Rn\"}]},{\"@type\":\"WebSite\",\"@id\":\"https:\/\/patinexclusivo.com\/#website\",\"url\":\"https:\/\/patinexclusivo.com\/\",\"name\":\"Pat\u00edn Exclusivo\",\"description\":\"\ud83d\udefc Rollers SLP: Tu destino #1 para patines en San Luis Potos\u00ed! Encuentra los mejores estilos y marcas \ud83c\udf1f, consejos de expertos \ud83d\udcda y accesorios para patinaje. \u00a1Vis\u00edtanos y rueda con estilo! \ud83c\udf08\u2728\",\"publisher\":{\"@id\":\"https:\/\/patinexclusivo.com\/#organization\"},\"potentialAction\":[{\"@type\":\"SearchAction\",\"target\":{\"@type\":\"EntryPoint\",\"urlTemplate\":\"https:\/\/patinexclusivo.com\/?s={search_term_string}\"},\"query-input\":\"required name=search_term_string\"}],\"inLanguage\":\"en-US\"},{\"@type\":\"Organization\",\"@id\":\"https:\/\/patinexclusivo.com\/#organization\",\"name\":\"Pat\u00edn Exclusivo\",\"url\":\"https:\/\/patinexclusivo.com\/\",\"logo\":{\"@type\":\"ImageObject\",\"inLanguage\":\"en-US\",\"@id\":\"https:\/\/patinexclusivo.com\/#\/schema\/logo\/image\/\",\"url\":\"https:\/\/patinexclusivo.com\/wp-content\/uploads\/2025\/01\/cropped-cropped-WhatsApp-Image-2025-01-29-at-7.00.40-PM.jpeg\",\"contentUrl\":\"https:\/\/patinexclusivo.com\/wp-content\/uploads\/2025\/01\/cropped-cropped-WhatsApp-Image-2025-01-29-at-7.00.40-PM.jpeg\",\"width\":583,\"height\":568,\"caption\":\"Pat\u00edn Exclusivo\"},\"image\":{\"@id\":\"https:\/\/patinexclusivo.com\/#\/schema\/logo\/image\/\"}}]}<\/script>\n<!-- \/ Yoast SEO plugin. -->","yoast_head_json":{"title":"Patines en l\u00ednea Moxi Lolly color lila Rn - Pat\u00edn Exclusivo","description":"Los patines en l\u00ednea Moxi Lolly Lilac son los mejores que puedes comprar. Moxi se form\u00f3 como resultado del creciente inter\u00e9s de la famosa jugadora de derby.","robots":{"index":"index","follow":"follow","max-snippet":"max-snippet:-1","max-image-preview":"max-image-preview:large","max-video-preview":"max-video-preview:-1"},"canonical":"https:\/\/patinexclusivo.com\/index.php\/product\/patines-en-linea-moxi-lolly-color-lila-rn\/","og_locale":"en_US","og_type":"article","og_title":"Patines en l\u00ednea Moxi Lolly color lila Rn - Pat\u00edn Exclusivo","og_description":"Los patines en l\u00ednea Moxi Lolly Lilac son los mejores que puedes comprar. Moxi se form\u00f3 como resultado del creciente inter\u00e9s de la famosa jugadora de derby.","og_url":"https:\/\/patinexclusivo.com\/index.php\/product\/patines-en-linea-moxi-lolly-color-lila-rn\/","og_site_name":"Pat\u00edn Exclusivo","article_modified_time":"2024-10-10T03:40:45+00:00","og_image":[{"width":823,"height":823,"url":"https:\/\/patinexclusivo.com\/wp-content\/uploads\/2024\/10\/Moxi-Lolly-Lilac-Rollerskates-1_61584c36-0e69-4a59-b12a-1ea0adca9b73.webp","type":"image\/webp"}],"twitter_card":"summary_large_image","twitter_misc":{"Est. reading time":"1 minute"},"schema":{"@context":"https:\/\/schema.org","@graph":[{"@type":"WebPage","@id":"https:\/\/patinexclusivo.com\/index.php\/product\/patines-en-linea-moxi-lolly-color-lila-rn\/","url":"https:\/\/patinexclusivo.com\/index.php\/product\/patines-en-linea-moxi-lolly-color-lila-rn\/","name":"Patines en l\u00ednea Moxi Lolly color lila Rn - Pat\u00edn Exclusivo","isPartOf":{"@id":"https:\/\/patinexclusivo.com\/#website"},"datePublished":"2024-10-10T03:40:44+00:00","dateModified":"2024-10-10T03:40:45+00:00","description":"Los patines en l\u00ednea Moxi Lolly Lilac son los mejores que puedes comprar. Moxi se form\u00f3 como resultado del creciente inter\u00e9s de la famosa jugadora de derby.","breadcrumb":{"@id":"https:\/\/patinexclusivo.com\/index.php\/product\/patines-en-linea-moxi-lolly-color-lila-rn\/#breadcrumb"},"inLanguage":"en-US","potentialAction":[{"@type":"ReadAction","target":["https:\/\/patinexclusivo.com\/index.php\/product\/patines-en-linea-moxi-lolly-color-lila-rn\/"]}]},{"@type":"BreadcrumbList","@id":"https:\/\/patinexclusivo.com\/index.php\/product\/patines-en-linea-moxi-lolly-color-lila-rn\/#breadcrumb","itemListElement":[{"@type":"ListItem","position":1,"name":"Inicio","item":"https:\/\/patinexclusivo.com\/"},{"@type":"ListItem","position":2,"name":"Shop","item":"https:\/\/patinexclusivo.com\/index.php\/shop\/"},{"@type":"ListItem","position":3,"name":"Patines en l\u00ednea Moxi Lolly color lila Rn"}]},{"@type":"WebSite","@id":"https:\/\/patinexclusivo.com\/#website","url":"https:\/\/patinexclusivo.com\/","name":"Pat\u00edn Exclusivo","description":"\ud83d\udefc Rollers SLP: Tu destino #1 para patines en San Luis Potos\u00ed! Encuentra los mejores estilos y marcas \ud83c\udf1f, consejos de expertos \ud83d\udcda y accesorios para patinaje. \u00a1Vis\u00edtanos y rueda con estilo! \ud83c\udf08\u2728","publisher":{"@id":"https:\/\/patinexclusivo.com\/#organization"},"potentialAction":[{"@type":"SearchAction","target":{"@type":"EntryPoint","urlTemplate":"https:\/\/patinexclusivo.com\/?s={search_term_string}"},"query-input":"required name=search_term_string"}],"inLanguage":"en-US"},{"@type":"Organization","@id":"https:\/\/patinexclusivo.com\/#organization","name":"Pat\u00edn Exclusivo","url":"https:\/\/patinexclusivo.com\/","logo":{"@type":"ImageObject","inLanguage":"en-US","@id":"https:\/\/patinexclusivo.com\/#\/schema\/logo\/image\/","url":"https:\/\/patinexclusivo.com\/wp-content\/uploads\/2025\/01\/cropped-cropped-WhatsApp-Image-2025-01-29-at-7.00.40-PM.jpeg","contentUrl":"https:\/\/patinexclusivo.com\/wp-content\/uploads\/2025\/01\/cropped-cropped-WhatsApp-Image-2025-01-29-at-7.00.40-PM.jpeg","width":583,"height":568,"caption":"Pat\u00edn Exclusivo"},"image":{"@id":"https:\/\/patinexclusivo.com\/#\/schema\/logo\/image\/"}}]}},"_links":{"self":[{"href":"https:\/\/patinexclusivo.com\/index.php\/wp-json\/wp\/v2\/product\/1848"}],"collection":[{"href":"https:\/\/patinexclusivo.com\/index.php\/wp-json\/wp\/v2\/product"}],"about":[{"href":"https:\/\/patinexclusivo.com\/index.php\/wp-json\/wp\/v2\/types\/product"}],"replies":[{"embeddable":true,"href":"https:\/\/patinexclusivo.com\/index.php\/wp-json\/wp\/v2\/comments?post=1848"}],"version-history":[{"count":2,"href":"https:\/\/patinexclusivo.com\/index.php\/wp-json\/wp\/v2\/product\/1848\/revisions"}],"predecessor-version":[{"id":1858,"href":"https:\/\/patinexclusivo.com\/index.php\/wp-json\/wp\/v2\/product\/1848\/revisions\/1858"}],"wp:featuredmedia":[{"embeddable":true,"href":"https:\/\/patinexclusivo.com\/index.php\/wp-json\/wp\/v2\/media\/1849"}],"wp:attachment":[{"href":"https:\/\/patinexclusivo.com\/index.php\/wp-json\/wp\/v2\/media?parent=1848"}],"wp:term":[{"taxonomy":"product_cat","embeddable":true,"href":"https:\/\/patinexclusivo.com\/index.php\/wp-json\/wp\/v2\/product_cat?post=1848"},{"taxonomy":"product_tag","embeddable":true,"href":"https:\/\/patinexclusivo.com\/index.php\/wp-json\/wp\/v2\/product_tag?post=1848"}],"curies":[{"name":"wp","href":"https:\/\/api.w.org\/{rel}","templated":true}]}}