{"id":1880,"date":"2024-10-21T02:54:32","date_gmt":"2024-10-21T02:54:32","guid":{"rendered":"https:\/\/patinexclusivo.com\/?post_type=product&#038;p=1880"},"modified":"2024-10-21T05:02:48","modified_gmt":"2024-10-21T05:02:48","slug":"patines-impala-negro","status":"publish","type":"product","link":"https:\/\/patinexclusivo.com\/index.php\/product\/patines-impala-negro\/","title":{"rendered":"Patines Impala &#8211; Negro Rn"},"content":{"rendered":"<table class=\"feature-table\">\n<tbody>\n<tr>\n<td><span>Estilo de patinaje:<\/span><\/td>\n<td class=\"feature-table__value\"><span>Baile, Crucero \/ Ocio<\/span><\/td>\n<\/tr>\n<tr>\n<td><span>Material de la bota:<\/span><\/td>\n<td class=\"feature-table__value\"><span>Parte superior textil<\/span><\/td>\n<\/tr>\n<tr>\n<td><span>Cordones:<\/span><\/td>\n<td class=\"feature-table__value\"><span>Est\u00e1ndar<\/span><\/td>\n<\/tr>\n<tr>\n<td><span>Marca de la rueda:<\/span><\/td>\n<td class=\"feature-table__value\"><span>Impala<\/span><\/td>\n<\/tr>\n<tr>\n<td><span>Tama\u00f1o de la rueda:<\/span><\/td>\n<td class=\"feature-table__value\"><span>58 mm<\/span><\/td>\n<\/tr>\n<tr>\n<td><span>Dureza de la rueda:<\/span><\/td>\n<td class=\"feature-table__value\"><span>82a<\/span><\/td>\n<\/tr>\n<tr>\n<td><span>Marca de rodamientos:<\/span><\/td>\n<td class=\"feature-table__value\"><span>No especificado<\/span><\/td>\n<\/tr>\n<tr>\n<td><span>Clasificaci\u00f3n del rodamiento:<\/span><\/td>\n<td class=\"feature-table__value\"><span>Abec 7<\/span><\/td>\n<\/tr>\n<tr>\n<td><span>Material del cami\u00f3n:<\/span><\/td>\n<td class=\"feature-table__value\"><span>Metal<\/span><\/td>\n<\/tr>\n<tr>\n<td><span>Tipo de tap\u00f3n:<\/span><\/td>\n<td class=\"feature-table__value\"><span>No ajustable<\/span><\/td>\n<\/tr>\n<tr>\n<td><span>Ancho de la rueda:<\/span><\/td>\n<td class=\"feature-table__value\"><span>33 mm<\/span><\/td>\n<\/tr>\n<\/tbody>\n<\/table>\n<p>Talla 23cm, 25cm, 26cm<\/p>\n","protected":false},"excerpt":{"rendered":"<p>SOLO SOBRE PEDIDO<\/p>\n<p><span data-preserver-spaces=\"true\">La l\u00ednea de patines inspirados en los a\u00f1os 70 de Impala est\u00e1 lista para Instagram y cuenta con la aprobaci\u00f3n de PETA. \u00a1Es apta para veganos! La marca ha sacudido el mundo del patinaje sobre ruedas con sus estilos y colores que marcan tendencia, y los\u00a0\u00a0<\/span><strong><em><span data-preserver-spaces=\"true\">patines Impala Quad Skates &#8211; Black<\/span><\/em><\/strong><span data-preserver-spaces=\"true\">\u00a0\u00a0no son diferentes.<\/p>\n<p><\/span><span>La parte superior de PVC brinda un soporte \u00f3ptimo alrededor del tobillo, brindando una sensaci\u00f3n de equilibrio general. Impala logr\u00f3 un ajuste sin esfuerzo con una amplia abertura para el pie de la bota para adaptarse a m\u00faltiples formas y tama\u00f1os de pie. La leng\u00fceta de espuma de esponja mantiene el pie agradable y c\u00f3modo y brinda mayor comodidad. El tope de PU de larga duraci\u00f3n permite frenar sin agarre.\u00a0<\/span><\/p>\n<p><span>Las ruedas de 58 mm 82a y los cojinetes Abec 7 brindan una conducci\u00f3n suave, mientras que el tama\u00f1o de rueda ligeramente m\u00e1s peque\u00f1o mantiene el centro de gravedad bajo, lo que es m\u00e1s controlable. La dureza de la rueda es perfecta para uso en interiores y exteriores.\u00a0<\/span><\/p>\n<p><span>La placa de aluminio fundido hueco se asienta debajo de la bota, brinda estabilidad con giros sensibles. Los bujes se pueden apretar o aflojar al gusto, lo que hace que el pat\u00edn sea m\u00e1s o menos maniobrable. Recomendamos mantenerlos apretados para principiantes.<\/span><\/p>\n<p><strong>Consejo sobre talla: este pat\u00edn se ajusta al tama\u00f1o real.<\/strong><\/p>\n","protected":false},"featured_media":1882,"comment_status":"open","ping_status":"closed","template":"","meta":{"rop_custom_images_group":[],"rop_custom_messages_group":[],"rop_publish_now":"initial","rop_publish_now_accounts":[],"rop_publish_now_history":[],"rop_publish_now_status":"pending"},"product_cat":[61,63,62],"product_tag":[],"class_list":{"0":"post-1880","1":"product","2":"type-product","3":"status-publish","4":"has-post-thumbnail","6":"product_cat-clasicos","7":"product_cat-quad-roller-derby","8":"product_cat-quads","9":"post","11":"first","12":"instock","13":"shipping-taxable","14":"purchasable","15":"product-type-simple"},"yoast_head":"<!-- This site is optimized with the Yoast SEO plugin v21.9.1 - https:\/\/yoast.com\/wordpress\/plugins\/seo\/ -->\n<title>Patines Impala - Negro Rn - Pat\u00edn Exclusivo<\/title>\n<meta name=\"robots\" content=\"index, follow, max-snippet:-1, max-image-preview:large, max-video-preview:-1\" \/>\n<link rel=\"canonical\" href=\"https:\/\/patinexclusivo.com\/index.php\/product\/patines-impala-negro\/\" \/>\n<meta property=\"og:locale\" content=\"en_US\" \/>\n<meta property=\"og:type\" content=\"article\" \/>\n<meta property=\"og:title\" content=\"Patines Impala - Negro Rn - Pat\u00edn Exclusivo\" \/>\n<meta property=\"og:description\" content=\"SOLO SOBRE PEDIDO  La l\u00ednea de patines inspirados en los a\u00f1os 70 de Impala est\u00e1 lista para Instagram y cuenta con la aprobaci\u00f3n de PETA. \u00a1Es apta para veganos! La marca ha sacudido el mundo del patinaje sobre ruedas con sus estilos y colores que marcan tendencia, y los\u00a0\u00a0patines Impala Quad Skates - Black\u00a0\u00a0no son diferentes.  La parte superior de PVC brinda un soporte \u00f3ptimo alrededor del tobillo, brindando una sensaci\u00f3n de equilibrio general. Impala logr\u00f3 un ajuste sin esfuerzo con una amplia abertura para el pie de la bota para adaptarse a m\u00faltiples formas y tama\u00f1os de pie. La leng\u00fceta de espuma de esponja mantiene el pie agradable y c\u00f3modo y brinda mayor comodidad. El tope de PU de larga duraci\u00f3n permite frenar sin agarre.\u00a0  Las ruedas de 58 mm 82a y los cojinetes Abec 7 brindan una conducci\u00f3n suave, mientras que el tama\u00f1o de rueda ligeramente m\u00e1s peque\u00f1o mantiene el centro de gravedad bajo, lo que es m\u00e1s controlable. La dureza de la rueda es perfecta para uso en interiores y exteriores.\u00a0  La placa de aluminio fundido hueco se asienta debajo de la bota, brinda estabilidad con giros sensibles. Los bujes se pueden apretar o aflojar al gusto, lo que hace que el pat\u00edn sea m\u00e1s o menos maniobrable. Recomendamos mantenerlos apretados para principiantes.  Consejo sobre talla: este pat\u00edn se ajusta al tama\u00f1o real.\" \/>\n<meta property=\"og:url\" content=\"https:\/\/patinexclusivo.com\/index.php\/product\/patines-impala-negro\/\" \/>\n<meta property=\"og:site_name\" content=\"Pat\u00edn Exclusivo\" \/>\n<meta property=\"article:modified_time\" content=\"2024-10-21T05:02:48+00:00\" \/>\n<meta property=\"og:image\" content=\"https:\/\/patinexclusivo.com\/wp-content\/uploads\/2024\/10\/Impala-Black1328-1.webp\" \/>\n\t<meta property=\"og:image:width\" content=\"823\" \/>\n\t<meta property=\"og:image:height\" content=\"823\" \/>\n\t<meta property=\"og:image:type\" content=\"image\/webp\" \/>\n<meta name=\"twitter:card\" content=\"summary_large_image\" \/>\n<meta name=\"twitter:label1\" content=\"Est. reading time\" \/>\n\t<meta name=\"twitter:data1\" content=\"1 minute\" \/>\n<script type=\"application\/ld+json\" class=\"yoast-schema-graph\">{\"@context\":\"https:\/\/schema.org\",\"@graph\":[{\"@type\":\"WebPage\",\"@id\":\"https:\/\/patinexclusivo.com\/index.php\/product\/patines-impala-negro\/\",\"url\":\"https:\/\/patinexclusivo.com\/index.php\/product\/patines-impala-negro\/\",\"name\":\"Patines Impala - Negro Rn - Pat\u00edn Exclusivo\",\"isPartOf\":{\"@id\":\"https:\/\/patinexclusivo.com\/#website\"},\"datePublished\":\"2024-10-21T02:54:32+00:00\",\"dateModified\":\"2024-10-21T05:02:48+00:00\",\"breadcrumb\":{\"@id\":\"https:\/\/patinexclusivo.com\/index.php\/product\/patines-impala-negro\/#breadcrumb\"},\"inLanguage\":\"en-US\",\"potentialAction\":[{\"@type\":\"ReadAction\",\"target\":[\"https:\/\/patinexclusivo.com\/index.php\/product\/patines-impala-negro\/\"]}]},{\"@type\":\"BreadcrumbList\",\"@id\":\"https:\/\/patinexclusivo.com\/index.php\/product\/patines-impala-negro\/#breadcrumb\",\"itemListElement\":[{\"@type\":\"ListItem\",\"position\":1,\"name\":\"Inicio\",\"item\":\"https:\/\/patinexclusivo.com\/\"},{\"@type\":\"ListItem\",\"position\":2,\"name\":\"Shop\",\"item\":\"https:\/\/patinexclusivo.com\/index.php\/shop\/\"},{\"@type\":\"ListItem\",\"position\":3,\"name\":\"Patines Impala &#8211; Negro Rn\"}]},{\"@type\":\"WebSite\",\"@id\":\"https:\/\/patinexclusivo.com\/#website\",\"url\":\"https:\/\/patinexclusivo.com\/\",\"name\":\"Pat\u00edn Exclusivo\",\"description\":\"\ud83d\udefc Rollers SLP: Tu destino #1 para patines en San Luis Potos\u00ed! Encuentra los mejores estilos y marcas \ud83c\udf1f, consejos de expertos \ud83d\udcda y accesorios para patinaje. \u00a1Vis\u00edtanos y rueda con estilo! \ud83c\udf08\u2728\",\"publisher\":{\"@id\":\"https:\/\/patinexclusivo.com\/#organization\"},\"potentialAction\":[{\"@type\":\"SearchAction\",\"target\":{\"@type\":\"EntryPoint\",\"urlTemplate\":\"https:\/\/patinexclusivo.com\/?s={search_term_string}\"},\"query-input\":\"required name=search_term_string\"}],\"inLanguage\":\"en-US\"},{\"@type\":\"Organization\",\"@id\":\"https:\/\/patinexclusivo.com\/#organization\",\"name\":\"Pat\u00edn Exclusivo\",\"url\":\"https:\/\/patinexclusivo.com\/\",\"logo\":{\"@type\":\"ImageObject\",\"inLanguage\":\"en-US\",\"@id\":\"https:\/\/patinexclusivo.com\/#\/schema\/logo\/image\/\",\"url\":\"https:\/\/patinexclusivo.com\/wp-content\/uploads\/2025\/01\/cropped-cropped-WhatsApp-Image-2025-01-29-at-7.00.40-PM.jpeg\",\"contentUrl\":\"https:\/\/patinexclusivo.com\/wp-content\/uploads\/2025\/01\/cropped-cropped-WhatsApp-Image-2025-01-29-at-7.00.40-PM.jpeg\",\"width\":583,\"height\":568,\"caption\":\"Pat\u00edn Exclusivo\"},\"image\":{\"@id\":\"https:\/\/patinexclusivo.com\/#\/schema\/logo\/image\/\"}}]}<\/script>\n<!-- \/ Yoast SEO plugin. -->","yoast_head_json":{"title":"Patines Impala - Negro Rn - Pat\u00edn Exclusivo","robots":{"index":"index","follow":"follow","max-snippet":"max-snippet:-1","max-image-preview":"max-image-preview:large","max-video-preview":"max-video-preview:-1"},"canonical":"https:\/\/patinexclusivo.com\/index.php\/product\/patines-impala-negro\/","og_locale":"en_US","og_type":"article","og_title":"Patines Impala - Negro Rn - Pat\u00edn Exclusivo","og_description":"SOLO SOBRE PEDIDO  La l\u00ednea de patines inspirados en los a\u00f1os 70 de Impala est\u00e1 lista para Instagram y cuenta con la aprobaci\u00f3n de PETA. \u00a1Es apta para veganos! La marca ha sacudido el mundo del patinaje sobre ruedas con sus estilos y colores que marcan tendencia, y los\u00a0\u00a0patines Impala Quad Skates - Black\u00a0\u00a0no son diferentes.  La parte superior de PVC brinda un soporte \u00f3ptimo alrededor del tobillo, brindando una sensaci\u00f3n de equilibrio general. Impala logr\u00f3 un ajuste sin esfuerzo con una amplia abertura para el pie de la bota para adaptarse a m\u00faltiples formas y tama\u00f1os de pie. La leng\u00fceta de espuma de esponja mantiene el pie agradable y c\u00f3modo y brinda mayor comodidad. El tope de PU de larga duraci\u00f3n permite frenar sin agarre.\u00a0  Las ruedas de 58 mm 82a y los cojinetes Abec 7 brindan una conducci\u00f3n suave, mientras que el tama\u00f1o de rueda ligeramente m\u00e1s peque\u00f1o mantiene el centro de gravedad bajo, lo que es m\u00e1s controlable. La dureza de la rueda es perfecta para uso en interiores y exteriores.\u00a0  La placa de aluminio fundido hueco se asienta debajo de la bota, brinda estabilidad con giros sensibles. Los bujes se pueden apretar o aflojar al gusto, lo que hace que el pat\u00edn sea m\u00e1s o menos maniobrable. Recomendamos mantenerlos apretados para principiantes.  Consejo sobre talla: este pat\u00edn se ajusta al tama\u00f1o real.","og_url":"https:\/\/patinexclusivo.com\/index.php\/product\/patines-impala-negro\/","og_site_name":"Pat\u00edn Exclusivo","article_modified_time":"2024-10-21T05:02:48+00:00","og_image":[{"width":823,"height":823,"url":"https:\/\/patinexclusivo.com\/wp-content\/uploads\/2024\/10\/Impala-Black1328-1.webp","type":"image\/webp"}],"twitter_card":"summary_large_image","twitter_misc":{"Est. reading time":"1 minute"},"schema":{"@context":"https:\/\/schema.org","@graph":[{"@type":"WebPage","@id":"https:\/\/patinexclusivo.com\/index.php\/product\/patines-impala-negro\/","url":"https:\/\/patinexclusivo.com\/index.php\/product\/patines-impala-negro\/","name":"Patines Impala - Negro Rn - Pat\u00edn Exclusivo","isPartOf":{"@id":"https:\/\/patinexclusivo.com\/#website"},"datePublished":"2024-10-21T02:54:32+00:00","dateModified":"2024-10-21T05:02:48+00:00","breadcrumb":{"@id":"https:\/\/patinexclusivo.com\/index.php\/product\/patines-impala-negro\/#breadcrumb"},"inLanguage":"en-US","potentialAction":[{"@type":"ReadAction","target":["https:\/\/patinexclusivo.com\/index.php\/product\/patines-impala-negro\/"]}]},{"@type":"BreadcrumbList","@id":"https:\/\/patinexclusivo.com\/index.php\/product\/patines-impala-negro\/#breadcrumb","itemListElement":[{"@type":"ListItem","position":1,"name":"Inicio","item":"https:\/\/patinexclusivo.com\/"},{"@type":"ListItem","position":2,"name":"Shop","item":"https:\/\/patinexclusivo.com\/index.php\/shop\/"},{"@type":"ListItem","position":3,"name":"Patines Impala &#8211; Negro Rn"}]},{"@type":"WebSite","@id":"https:\/\/patinexclusivo.com\/#website","url":"https:\/\/patinexclusivo.com\/","name":"Pat\u00edn Exclusivo","description":"\ud83d\udefc Rollers SLP: Tu destino #1 para patines en San Luis Potos\u00ed! Encuentra los mejores estilos y marcas \ud83c\udf1f, consejos de expertos \ud83d\udcda y accesorios para patinaje. \u00a1Vis\u00edtanos y rueda con estilo! \ud83c\udf08\u2728","publisher":{"@id":"https:\/\/patinexclusivo.com\/#organization"},"potentialAction":[{"@type":"SearchAction","target":{"@type":"EntryPoint","urlTemplate":"https:\/\/patinexclusivo.com\/?s={search_term_string}"},"query-input":"required name=search_term_string"}],"inLanguage":"en-US"},{"@type":"Organization","@id":"https:\/\/patinexclusivo.com\/#organization","name":"Pat\u00edn Exclusivo","url":"https:\/\/patinexclusivo.com\/","logo":{"@type":"ImageObject","inLanguage":"en-US","@id":"https:\/\/patinexclusivo.com\/#\/schema\/logo\/image\/","url":"https:\/\/patinexclusivo.com\/wp-content\/uploads\/2025\/01\/cropped-cropped-WhatsApp-Image-2025-01-29-at-7.00.40-PM.jpeg","contentUrl":"https:\/\/patinexclusivo.com\/wp-content\/uploads\/2025\/01\/cropped-cropped-WhatsApp-Image-2025-01-29-at-7.00.40-PM.jpeg","width":583,"height":568,"caption":"Pat\u00edn Exclusivo"},"image":{"@id":"https:\/\/patinexclusivo.com\/#\/schema\/logo\/image\/"}}]}},"_links":{"self":[{"href":"https:\/\/patinexclusivo.com\/index.php\/wp-json\/wp\/v2\/product\/1880"}],"collection":[{"href":"https:\/\/patinexclusivo.com\/index.php\/wp-json\/wp\/v2\/product"}],"about":[{"href":"https:\/\/patinexclusivo.com\/index.php\/wp-json\/wp\/v2\/types\/product"}],"replies":[{"embeddable":true,"href":"https:\/\/patinexclusivo.com\/index.php\/wp-json\/wp\/v2\/comments?post=1880"}],"version-history":[{"count":2,"href":"https:\/\/patinexclusivo.com\/index.php\/wp-json\/wp\/v2\/product\/1880\/revisions"}],"predecessor-version":[{"id":1891,"href":"https:\/\/patinexclusivo.com\/index.php\/wp-json\/wp\/v2\/product\/1880\/revisions\/1891"}],"wp:featuredmedia":[{"embeddable":true,"href":"https:\/\/patinexclusivo.com\/index.php\/wp-json\/wp\/v2\/media\/1882"}],"wp:attachment":[{"href":"https:\/\/patinexclusivo.com\/index.php\/wp-json\/wp\/v2\/media?parent=1880"}],"wp:term":[{"taxonomy":"product_cat","embeddable":true,"href":"https:\/\/patinexclusivo.com\/index.php\/wp-json\/wp\/v2\/product_cat?post=1880"},{"taxonomy":"product_tag","embeddable":true,"href":"https:\/\/patinexclusivo.com\/index.php\/wp-json\/wp\/v2\/product_tag?post=1880"}],"curies":[{"name":"wp","href":"https:\/\/api.w.org\/{rel}","templated":true}]}}