{"id":1898,"date":"2024-11-08T22:17:51","date_gmt":"2024-11-08T22:17:51","guid":{"rendered":"https:\/\/patinexclusivo.com\/?post_type=product&#038;p=1898"},"modified":"2024-11-08T22:17:52","modified_gmt":"2024-11-08T22:17:52","slug":"patines-en-linea-moxi-rainbow-rider-negro-rn","status":"publish","type":"product","link":"https:\/\/patinexclusivo.com\/index.php\/product\/patines-en-linea-moxi-rainbow-rider-negro-rn\/","title":{"rendered":"Patines en l\u00ednea Moxi Rainbow Rider &#8211; Negro Rn"},"content":{"rendered":"<table class=\"feature-table\">\n<tbody>\n<tr>\n<td><span>Estilo de patinaje:<\/span><\/td>\n<td class=\"feature-table__value\"><span>Crucero \/ Ocio, Baile<\/span><\/td>\n<\/tr>\n<tr>\n<td><span>Material de la bota:<\/span><\/td>\n<td class=\"feature-table__value\"><span>Parte superior textil<\/span><\/td>\n<\/tr>\n<tr>\n<td><span>Cordones:<\/span><\/td>\n<td class=\"feature-table__value\"><span>Est\u00e1ndar<\/span><\/td>\n<\/tr>\n<tr>\n<td><span>Marca de la rueda:<\/span><\/td>\n<td class=\"feature-table__value\"><span>Moxi<\/span><\/td>\n<\/tr>\n<tr>\n<td><span>Tama\u00f1o de la rueda:<\/span><\/td>\n<td class=\"feature-table__value\"><span>62 mm<\/span><\/td>\n<\/tr>\n<tr>\n<td><span>Dureza de la rueda:<\/span><\/td>\n<td class=\"feature-table__value\"><span>78a<\/span><\/td>\n<\/tr>\n<tr>\n<td><span>Marca de rodamientos:<\/span><\/td>\n<td class=\"feature-table__value\"><span>Moxi<\/span><\/td>\n<\/tr>\n<tr>\n<td><span>Clasificaci\u00f3n del rodamiento:<\/span><\/td>\n<td class=\"feature-table__value\"><span>Abec 5<\/span><\/td>\n<\/tr>\n<tr>\n<td><span>Material del cami\u00f3n:<\/span><\/td>\n<td class=\"feature-table__value\"><span>Metal<\/span><\/td>\n<\/tr>\n<tr>\n<td><span>Tipo de tap\u00f3n:<\/span><\/td>\n<td class=\"feature-table__value\"><span>Ajustable<\/span><\/td>\n<\/tr>\n<tr>\n<td><span>Ancho de la rueda:<\/span><\/td>\n<td class=\"feature-table__value\"><span>33 mm<\/span><\/td>\n<\/tr>\n<\/tbody>\n<\/table>\n<p>Talla 22.5cm, 23cm, 26cm, 27cm<\/p>\n","protected":false},"excerpt":{"rendered":"<p>SOLO SOBRE PEDIDO<\/p>\n<p><span>os patines en l\u00ednea Moxi Rainbow Rider Bubblegum Pink son los patines m\u00e1s modernos del mundo del patinaje sobre ruedas. Moxi naci\u00f3 de la pasi\u00f3n de la famosa jugadora de roller derby de Los \u00c1ngeles Michelle Steilen (Estro Jen). Quer\u00eda llevar el patinaje sobre ruedas a un lugar donde fuera entretenido y l\u00fadico. Podemos decir con seguridad que lo ha logrado.\u00a0Dise\u00f1ados pensando en los principiantes, los Rainbow Rider ofrecen toda la calidad que esperar\u00edas de Moxi a un precio asequible. Formados por un vinilo de PVC apto para veganos, la parte superior de la bota mantiene el pie seguro y sujeto. La bota se ajusta sin esfuerzo y sigue siendo c\u00f3moda gracias al suave forro interior.\u00a0La placa de aluminio se encuentra debajo de la bota, lo que le da al pat\u00edn rigidez y precisi\u00f3n al girar o aprender maniobras.\u00a0Las ruedas para exteriores de 58 mm y las ruedas con cinco rodamientos Abec brindan una conducci\u00f3n estable, mientras que el tama\u00f1o ligeramente m\u00e1s peque\u00f1o mantiene el centro de gravedad bajo, lo que es m\u00e1s controlable.\u00a0La atenci\u00f3n de Moxi no es una sorpresa, \u00a1aunque el precio bajo s\u00ed lo es! El Rainbow Rider es un pat\u00edn fant\u00e1stico para quienes reci\u00e9n comienzan su aventura en el patinaje sobre ruedas y para quienes buscan la excelencia a un precio econ\u00f3mico. Ideal para desarrollar estilos de patinaje r\u00edtmico, improvisado y de trucos.<\/span><\/p>\n<p><strong> Consejo sobre talla: Este pat\u00edn se ajusta al tama\u00f1o real.<\/strong><\/p>\n","protected":false},"featured_media":1899,"comment_status":"open","ping_status":"closed","template":"","meta":{"rop_custom_images_group":[],"rop_custom_messages_group":[],"rop_publish_now":"initial","rop_publish_now_accounts":[],"rop_publish_now_history":[],"rop_publish_now_status":"pending"},"product_cat":[61,63,62],"product_tag":[],"class_list":{"0":"post-1898","1":"product","2":"type-product","3":"status-publish","4":"has-post-thumbnail","6":"product_cat-clasicos","7":"product_cat-quad-roller-derby","8":"product_cat-quads","9":"post","11":"first","12":"instock","13":"shipping-taxable","14":"purchasable","15":"product-type-simple"},"yoast_head":"<!-- This site is optimized with the Yoast SEO plugin v21.9.1 - https:\/\/yoast.com\/wordpress\/plugins\/seo\/ -->\n<title>Patines en l\u00ednea Moxi Rainbow Rider - Negro Rn - Pat\u00edn Exclusivo<\/title>\n<meta name=\"robots\" content=\"index, follow, max-snippet:-1, max-image-preview:large, max-video-preview:-1\" \/>\n<link rel=\"canonical\" href=\"https:\/\/patinexclusivo.com\/index.php\/product\/patines-en-linea-moxi-rainbow-rider-negro-rn\/\" \/>\n<meta property=\"og:locale\" content=\"en_US\" \/>\n<meta property=\"og:type\" content=\"article\" \/>\n<meta property=\"og:title\" content=\"Patines en l\u00ednea Moxi Rainbow Rider - Negro Rn - Pat\u00edn Exclusivo\" \/>\n<meta property=\"og:description\" content=\"SOLO SOBRE PEDIDO  os patines en l\u00ednea Moxi Rainbow Rider Bubblegum Pink son los patines m\u00e1s modernos del mundo del patinaje sobre ruedas. Moxi naci\u00f3 de la pasi\u00f3n de la famosa jugadora de roller derby de Los \u00c1ngeles Michelle Steilen (Estro Jen). Quer\u00eda llevar el patinaje sobre ruedas a un lugar donde fuera entretenido y l\u00fadico. Podemos decir con seguridad que lo ha logrado.\u00a0Dise\u00f1ados pensando en los principiantes, los Rainbow Rider ofrecen toda la calidad que esperar\u00edas de Moxi a un precio asequible. Formados por un vinilo de PVC apto para veganos, la parte superior de la bota mantiene el pie seguro y sujeto. La bota se ajusta sin esfuerzo y sigue siendo c\u00f3moda gracias al suave forro interior.\u00a0La placa de aluminio se encuentra debajo de la bota, lo que le da al pat\u00edn rigidez y precisi\u00f3n al girar o aprender maniobras.\u00a0Las ruedas para exteriores de 58 mm y las ruedas con cinco rodamientos Abec brindan una conducci\u00f3n estable, mientras que el tama\u00f1o ligeramente m\u00e1s peque\u00f1o mantiene el centro de gravedad bajo, lo que es m\u00e1s controlable.\u00a0La atenci\u00f3n de Moxi no es una sorpresa, \u00a1aunque el precio bajo s\u00ed lo es! El Rainbow Rider es un pat\u00edn fant\u00e1stico para quienes reci\u00e9n comienzan su aventura en el patinaje sobre ruedas y para quienes buscan la excelencia a un precio econ\u00f3mico. Ideal para desarrollar estilos de patinaje r\u00edtmico, improvisado y de trucos.   Consejo sobre talla: Este pat\u00edn se ajusta al tama\u00f1o real.\" \/>\n<meta property=\"og:url\" content=\"https:\/\/patinexclusivo.com\/index.php\/product\/patines-en-linea-moxi-rainbow-rider-negro-rn\/\" \/>\n<meta property=\"og:site_name\" content=\"Pat\u00edn Exclusivo\" \/>\n<meta property=\"article:modified_time\" content=\"2024-11-08T22:17:52+00:00\" \/>\n<meta property=\"og:image\" content=\"https:\/\/patinexclusivo.com\/wp-content\/uploads\/2024\/11\/Moxi-Rainbow-black5745.webp\" \/>\n\t<meta property=\"og:image:width\" content=\"823\" \/>\n\t<meta property=\"og:image:height\" content=\"823\" \/>\n\t<meta property=\"og:image:type\" content=\"image\/webp\" \/>\n<meta name=\"twitter:card\" content=\"summary_large_image\" \/>\n<meta name=\"twitter:label1\" content=\"Est. reading time\" \/>\n\t<meta name=\"twitter:data1\" content=\"1 minute\" \/>\n<script type=\"application\/ld+json\" class=\"yoast-schema-graph\">{\"@context\":\"https:\/\/schema.org\",\"@graph\":[{\"@type\":\"WebPage\",\"@id\":\"https:\/\/patinexclusivo.com\/index.php\/product\/patines-en-linea-moxi-rainbow-rider-negro-rn\/\",\"url\":\"https:\/\/patinexclusivo.com\/index.php\/product\/patines-en-linea-moxi-rainbow-rider-negro-rn\/\",\"name\":\"Patines en l\u00ednea Moxi Rainbow Rider - Negro Rn - Pat\u00edn Exclusivo\",\"isPartOf\":{\"@id\":\"https:\/\/patinexclusivo.com\/#website\"},\"datePublished\":\"2024-11-08T22:17:51+00:00\",\"dateModified\":\"2024-11-08T22:17:52+00:00\",\"breadcrumb\":{\"@id\":\"https:\/\/patinexclusivo.com\/index.php\/product\/patines-en-linea-moxi-rainbow-rider-negro-rn\/#breadcrumb\"},\"inLanguage\":\"en-US\",\"potentialAction\":[{\"@type\":\"ReadAction\",\"target\":[\"https:\/\/patinexclusivo.com\/index.php\/product\/patines-en-linea-moxi-rainbow-rider-negro-rn\/\"]}]},{\"@type\":\"BreadcrumbList\",\"@id\":\"https:\/\/patinexclusivo.com\/index.php\/product\/patines-en-linea-moxi-rainbow-rider-negro-rn\/#breadcrumb\",\"itemListElement\":[{\"@type\":\"ListItem\",\"position\":1,\"name\":\"Inicio\",\"item\":\"https:\/\/patinexclusivo.com\/\"},{\"@type\":\"ListItem\",\"position\":2,\"name\":\"Shop\",\"item\":\"https:\/\/patinexclusivo.com\/index.php\/shop\/\"},{\"@type\":\"ListItem\",\"position\":3,\"name\":\"Patines en l\u00ednea Moxi Rainbow Rider &#8211; Negro Rn\"}]},{\"@type\":\"WebSite\",\"@id\":\"https:\/\/patinexclusivo.com\/#website\",\"url\":\"https:\/\/patinexclusivo.com\/\",\"name\":\"Pat\u00edn Exclusivo\",\"description\":\"\ud83d\udefc Rollers SLP: Tu destino #1 para patines en San Luis Potos\u00ed! Encuentra los mejores estilos y marcas \ud83c\udf1f, consejos de expertos \ud83d\udcda y accesorios para patinaje. \u00a1Vis\u00edtanos y rueda con estilo! \ud83c\udf08\u2728\",\"publisher\":{\"@id\":\"https:\/\/patinexclusivo.com\/#organization\"},\"potentialAction\":[{\"@type\":\"SearchAction\",\"target\":{\"@type\":\"EntryPoint\",\"urlTemplate\":\"https:\/\/patinexclusivo.com\/?s={search_term_string}\"},\"query-input\":\"required name=search_term_string\"}],\"inLanguage\":\"en-US\"},{\"@type\":\"Organization\",\"@id\":\"https:\/\/patinexclusivo.com\/#organization\",\"name\":\"Pat\u00edn Exclusivo\",\"url\":\"https:\/\/patinexclusivo.com\/\",\"logo\":{\"@type\":\"ImageObject\",\"inLanguage\":\"en-US\",\"@id\":\"https:\/\/patinexclusivo.com\/#\/schema\/logo\/image\/\",\"url\":\"https:\/\/patinexclusivo.com\/wp-content\/uploads\/2025\/01\/cropped-cropped-WhatsApp-Image-2025-01-29-at-7.00.40-PM.jpeg\",\"contentUrl\":\"https:\/\/patinexclusivo.com\/wp-content\/uploads\/2025\/01\/cropped-cropped-WhatsApp-Image-2025-01-29-at-7.00.40-PM.jpeg\",\"width\":583,\"height\":568,\"caption\":\"Pat\u00edn Exclusivo\"},\"image\":{\"@id\":\"https:\/\/patinexclusivo.com\/#\/schema\/logo\/image\/\"}}]}<\/script>\n<!-- \/ Yoast SEO plugin. -->","yoast_head_json":{"title":"Patines en l\u00ednea Moxi Rainbow Rider - Negro Rn - Pat\u00edn Exclusivo","robots":{"index":"index","follow":"follow","max-snippet":"max-snippet:-1","max-image-preview":"max-image-preview:large","max-video-preview":"max-video-preview:-1"},"canonical":"https:\/\/patinexclusivo.com\/index.php\/product\/patines-en-linea-moxi-rainbow-rider-negro-rn\/","og_locale":"en_US","og_type":"article","og_title":"Patines en l\u00ednea Moxi Rainbow Rider - Negro Rn - Pat\u00edn Exclusivo","og_description":"SOLO SOBRE PEDIDO  os patines en l\u00ednea Moxi Rainbow Rider Bubblegum Pink son los patines m\u00e1s modernos del mundo del patinaje sobre ruedas. Moxi naci\u00f3 de la pasi\u00f3n de la famosa jugadora de roller derby de Los \u00c1ngeles Michelle Steilen (Estro Jen). Quer\u00eda llevar el patinaje sobre ruedas a un lugar donde fuera entretenido y l\u00fadico. Podemos decir con seguridad que lo ha logrado.\u00a0Dise\u00f1ados pensando en los principiantes, los Rainbow Rider ofrecen toda la calidad que esperar\u00edas de Moxi a un precio asequible. Formados por un vinilo de PVC apto para veganos, la parte superior de la bota mantiene el pie seguro y sujeto. La bota se ajusta sin esfuerzo y sigue siendo c\u00f3moda gracias al suave forro interior.\u00a0La placa de aluminio se encuentra debajo de la bota, lo que le da al pat\u00edn rigidez y precisi\u00f3n al girar o aprender maniobras.\u00a0Las ruedas para exteriores de 58 mm y las ruedas con cinco rodamientos Abec brindan una conducci\u00f3n estable, mientras que el tama\u00f1o ligeramente m\u00e1s peque\u00f1o mantiene el centro de gravedad bajo, lo que es m\u00e1s controlable.\u00a0La atenci\u00f3n de Moxi no es una sorpresa, \u00a1aunque el precio bajo s\u00ed lo es! El Rainbow Rider es un pat\u00edn fant\u00e1stico para quienes reci\u00e9n comienzan su aventura en el patinaje sobre ruedas y para quienes buscan la excelencia a un precio econ\u00f3mico. Ideal para desarrollar estilos de patinaje r\u00edtmico, improvisado y de trucos.   Consejo sobre talla: Este pat\u00edn se ajusta al tama\u00f1o real.","og_url":"https:\/\/patinexclusivo.com\/index.php\/product\/patines-en-linea-moxi-rainbow-rider-negro-rn\/","og_site_name":"Pat\u00edn Exclusivo","article_modified_time":"2024-11-08T22:17:52+00:00","og_image":[{"width":823,"height":823,"url":"https:\/\/patinexclusivo.com\/wp-content\/uploads\/2024\/11\/Moxi-Rainbow-black5745.webp","type":"image\/webp"}],"twitter_card":"summary_large_image","twitter_misc":{"Est. reading time":"1 minute"},"schema":{"@context":"https:\/\/schema.org","@graph":[{"@type":"WebPage","@id":"https:\/\/patinexclusivo.com\/index.php\/product\/patines-en-linea-moxi-rainbow-rider-negro-rn\/","url":"https:\/\/patinexclusivo.com\/index.php\/product\/patines-en-linea-moxi-rainbow-rider-negro-rn\/","name":"Patines en l\u00ednea Moxi Rainbow Rider - Negro Rn - Pat\u00edn Exclusivo","isPartOf":{"@id":"https:\/\/patinexclusivo.com\/#website"},"datePublished":"2024-11-08T22:17:51+00:00","dateModified":"2024-11-08T22:17:52+00:00","breadcrumb":{"@id":"https:\/\/patinexclusivo.com\/index.php\/product\/patines-en-linea-moxi-rainbow-rider-negro-rn\/#breadcrumb"},"inLanguage":"en-US","potentialAction":[{"@type":"ReadAction","target":["https:\/\/patinexclusivo.com\/index.php\/product\/patines-en-linea-moxi-rainbow-rider-negro-rn\/"]}]},{"@type":"BreadcrumbList","@id":"https:\/\/patinexclusivo.com\/index.php\/product\/patines-en-linea-moxi-rainbow-rider-negro-rn\/#breadcrumb","itemListElement":[{"@type":"ListItem","position":1,"name":"Inicio","item":"https:\/\/patinexclusivo.com\/"},{"@type":"ListItem","position":2,"name":"Shop","item":"https:\/\/patinexclusivo.com\/index.php\/shop\/"},{"@type":"ListItem","position":3,"name":"Patines en l\u00ednea Moxi Rainbow Rider &#8211; Negro Rn"}]},{"@type":"WebSite","@id":"https:\/\/patinexclusivo.com\/#website","url":"https:\/\/patinexclusivo.com\/","name":"Pat\u00edn Exclusivo","description":"\ud83d\udefc Rollers SLP: Tu destino #1 para patines en San Luis Potos\u00ed! Encuentra los mejores estilos y marcas \ud83c\udf1f, consejos de expertos \ud83d\udcda y accesorios para patinaje. \u00a1Vis\u00edtanos y rueda con estilo! \ud83c\udf08\u2728","publisher":{"@id":"https:\/\/patinexclusivo.com\/#organization"},"potentialAction":[{"@type":"SearchAction","target":{"@type":"EntryPoint","urlTemplate":"https:\/\/patinexclusivo.com\/?s={search_term_string}"},"query-input":"required name=search_term_string"}],"inLanguage":"en-US"},{"@type":"Organization","@id":"https:\/\/patinexclusivo.com\/#organization","name":"Pat\u00edn Exclusivo","url":"https:\/\/patinexclusivo.com\/","logo":{"@type":"ImageObject","inLanguage":"en-US","@id":"https:\/\/patinexclusivo.com\/#\/schema\/logo\/image\/","url":"https:\/\/patinexclusivo.com\/wp-content\/uploads\/2025\/01\/cropped-cropped-WhatsApp-Image-2025-01-29-at-7.00.40-PM.jpeg","contentUrl":"https:\/\/patinexclusivo.com\/wp-content\/uploads\/2025\/01\/cropped-cropped-WhatsApp-Image-2025-01-29-at-7.00.40-PM.jpeg","width":583,"height":568,"caption":"Pat\u00edn Exclusivo"},"image":{"@id":"https:\/\/patinexclusivo.com\/#\/schema\/logo\/image\/"}}]}},"_links":{"self":[{"href":"https:\/\/patinexclusivo.com\/index.php\/wp-json\/wp\/v2\/product\/1898"}],"collection":[{"href":"https:\/\/patinexclusivo.com\/index.php\/wp-json\/wp\/v2\/product"}],"about":[{"href":"https:\/\/patinexclusivo.com\/index.php\/wp-json\/wp\/v2\/types\/product"}],"replies":[{"embeddable":true,"href":"https:\/\/patinexclusivo.com\/index.php\/wp-json\/wp\/v2\/comments?post=1898"}],"version-history":[{"count":1,"href":"https:\/\/patinexclusivo.com\/index.php\/wp-json\/wp\/v2\/product\/1898\/revisions"}],"predecessor-version":[{"id":1900,"href":"https:\/\/patinexclusivo.com\/index.php\/wp-json\/wp\/v2\/product\/1898\/revisions\/1900"}],"wp:featuredmedia":[{"embeddable":true,"href":"https:\/\/patinexclusivo.com\/index.php\/wp-json\/wp\/v2\/media\/1899"}],"wp:attachment":[{"href":"https:\/\/patinexclusivo.com\/index.php\/wp-json\/wp\/v2\/media?parent=1898"}],"wp:term":[{"taxonomy":"product_cat","embeddable":true,"href":"https:\/\/patinexclusivo.com\/index.php\/wp-json\/wp\/v2\/product_cat?post=1898"},{"taxonomy":"product_tag","embeddable":true,"href":"https:\/\/patinexclusivo.com\/index.php\/wp-json\/wp\/v2\/product_tag?post=1898"}],"curies":[{"name":"wp","href":"https:\/\/api.w.org\/{rel}","templated":true}]}}