{"id":1906,"date":"2024-11-21T02:26:29","date_gmt":"2024-11-21T02:26:29","guid":{"rendered":"https:\/\/patinexclusivo.com\/?post_type=product&#038;p=1906"},"modified":"2024-11-21T02:26:30","modified_gmt":"2024-11-21T02:26:30","slug":"patines-en-linea-rio-roller-script-rn","status":"publish","type":"product","link":"https:\/\/patinexclusivo.com\/index.php\/product\/patines-en-linea-rio-roller-script-rn\/","title":{"rendered":"Patines en l\u00ednea Rio Roller Script Rn"},"content":{"rendered":"<table class=\"feature-table\">\n<tbody>\n<tr>\n<td><span>Estilo de patinaje:<\/span><\/td>\n<td class=\"feature-table__value\"><span>Crucero \/ Ocio, Baile<\/span><\/td>\n<\/tr>\n<tr>\n<td><span>Material de la bota:<\/span><\/td>\n<td class=\"feature-table__value\"><span>Parte superior textil<\/span><\/td>\n<\/tr>\n<tr>\n<td><span>Cordones:<\/span><\/td>\n<td class=\"feature-table__value\"><span>Est\u00e1ndar<\/span><\/td>\n<\/tr>\n<tr>\n<td><span>Marca de la rueda:<\/span><\/td>\n<td class=\"feature-table__value\"><span>R\u00edo<\/span><\/td>\n<\/tr>\n<tr>\n<td><span>Tama\u00f1o de la rueda:<\/span><\/td>\n<td class=\"feature-table__value\"><span>58 mm, 62 mm<\/span><\/td>\n<\/tr>\n<tr>\n<td><span>Dureza de la rueda:<\/span><\/td>\n<td class=\"feature-table__value\"><span>82a<\/span><\/td>\n<\/tr>\n<tr>\n<td><span>Marca de rodamientos:<\/span><\/td>\n<td class=\"feature-table__value\"><span>No especificado<\/span><\/td>\n<\/tr>\n<tr>\n<td><span>Clasificaci\u00f3n del rodamiento:<\/span><\/td>\n<td class=\"feature-table__value\"><span>Abec 7<\/span><\/td>\n<\/tr>\n<tr>\n<td><span>Clasificaci\u00f3n del buje:<\/span><\/td>\n<td class=\"feature-table__value\"><span>94a<\/span><\/td>\n<\/tr>\n<tr>\n<td><span>Material del cami\u00f3n:<\/span><\/td>\n<td class=\"feature-table__value\"><span>Metal<\/span><\/td>\n<\/tr>\n<tr>\n<td><span>Tipo de tap\u00f3n:<\/span><\/td>\n<td class=\"feature-table__value\"><span>No ajustable<\/span><\/td>\n<\/tr>\n<\/tbody>\n<\/table>\n<p>Talla 23cm, 25cm, 26cm, 27cm<\/p>\n","protected":false},"excerpt":{"rendered":"<p>SOLO SOBRE PEDIDO<\/p>\n<p><span>Los\u00a0<\/span><em><strong><span>patines en l\u00ednea Rio Roller Script en verde azulado y coral<\/span><\/strong><\/em><span>\u00a0ofrecen un equilibrio excepcional entre estilo, calidad y asequibilidad. El Rio Roller Script, que se encuentra tranquilamente debajo de la superficie de marcas m\u00e1s ruidosas, ha estado escribiendo su propia historia humilde.<\/span><\/p>\n<p><span>Como una de las botas m\u00e1s lujosas que hemos probado, el soporte avanzado del tal\u00f3n y la plantilla suave dejan el pie c\u00f3modo y ajustado. La capa exterior de PVC apto para veganos los protege a\u00fan m\u00e1s.<\/span><\/p>\n<p><span>Rio utiliza un sistema exclusivo de placa de fibra de nailon y ejes de aluminio, lo que mantiene el pat\u00edn liviano y sensible.<\/span><\/p>\n<p><span>El buje ofrece estabilidad para principiantes. Mientras que ajustar los ejes con experiencia proporcionar\u00e1 m\u00e1s fluidez, \u00a1perfecto para pasar a estilos r\u00edtmicos de baile!<\/span><\/p>\n<p><span>Las ruedas logran un equilibrio excepcional entre agarre, velocidad y durabilidad adecuado tanto para patinaje en interiores como en exteriores.<\/span><\/p>\n<p><span>Oye, \u00bfya mencionamos lo bien que se ven los colores? \u00a1Los tonos pastel de Script evocan sentimientos de sue\u00f1os de playa de los a\u00f1os 70 y tenerlos en tus pies puede convertir esos sue\u00f1os en realidad!<\/span><\/p>\n<p><em><strong><span>Caracter\u00edsticas<\/span><\/strong><\/em><\/p>\n<ul>\n<li><span>Patines de estilo art\u00edstico aptos para veganos con construcci\u00f3n de cuero de\u00a0<\/span><strong><span>PVC<\/span><\/strong><span>\u00a0.<\/span><\/li>\n<li><span>Soporte de tal\u00f3n y plantillas de alta calidad.<\/span><\/li>\n<li><span>Chasis de fibra de nailon<\/span><\/li>\n<li><span>Bastidor y ejes exclusivos de Rio Roller sobre bujes de PU fundidos con forma personalizada<\/span><\/li>\n<li><span>Ruedas Rio Coaster 82A de PU fundido con dise\u00f1o exclusivo de Rio para evitar que los ejes sobresalgan y da\u00f1en el piso<\/span><\/li>\n<li><span>Rodamientos ABEC 7<\/span><\/li>\n<\/ul>\n<p><em><strong><span>Consejo sobre la talla:<\/span><\/strong><span>\u00a0estos patines calzan a la perfecci\u00f3n. Compra tu talla habitual de zapatillas o, en caso de duda, elige entre 0,5 y 1 talla m\u00e1s.<\/span><\/em><\/p>\n","protected":false},"featured_media":1907,"comment_status":"open","ping_status":"closed","template":"","meta":{"rop_custom_images_group":[],"rop_custom_messages_group":[],"rop_publish_now":"initial","rop_publish_now_accounts":[],"rop_publish_now_history":[],"rop_publish_now_status":"pending"},"product_cat":[63,62],"product_tag":[],"class_list":{"0":"post-1906","1":"product","2":"type-product","3":"status-publish","4":"has-post-thumbnail","6":"product_cat-quad-roller-derby","7":"product_cat-quads","8":"post","10":"first","11":"instock","12":"shipping-taxable","13":"purchasable","14":"product-type-simple"},"yoast_head":"<!-- This site is optimized with the Yoast SEO plugin v21.9.1 - https:\/\/yoast.com\/wordpress\/plugins\/seo\/ -->\n<title>Patines en l\u00ednea Rio Roller Script Rn - Pat\u00edn Exclusivo<\/title>\n<meta name=\"robots\" content=\"index, follow, max-snippet:-1, max-image-preview:large, max-video-preview:-1\" \/>\n<link rel=\"canonical\" href=\"https:\/\/patinexclusivo.com\/index.php\/product\/patines-en-linea-rio-roller-script-rn\/\" \/>\n<meta property=\"og:locale\" content=\"en_US\" \/>\n<meta property=\"og:type\" content=\"article\" \/>\n<meta property=\"og:title\" content=\"Patines en l\u00ednea Rio Roller Script Rn - Pat\u00edn Exclusivo\" \/>\n<meta property=\"og:description\" content=\"SOLO SOBRE PEDIDO  Los\u00a0patines en l\u00ednea Rio Roller Script en verde azulado y coral\u00a0ofrecen un equilibrio excepcional entre estilo, calidad y asequibilidad. El Rio Roller Script, que se encuentra tranquilamente debajo de la superficie de marcas m\u00e1s ruidosas, ha estado escribiendo su propia historia humilde.  Como una de las botas m\u00e1s lujosas que hemos probado, el soporte avanzado del tal\u00f3n y la plantilla suave dejan el pie c\u00f3modo y ajustado. La capa exterior de PVC apto para veganos los protege a\u00fan m\u00e1s.  Rio utiliza un sistema exclusivo de placa de fibra de nailon y ejes de aluminio, lo que mantiene el pat\u00edn liviano y sensible.  El buje ofrece estabilidad para principiantes. Mientras que ajustar los ejes con experiencia proporcionar\u00e1 m\u00e1s fluidez, \u00a1perfecto para pasar a estilos r\u00edtmicos de baile!  Las ruedas logran un equilibrio excepcional entre agarre, velocidad y durabilidad adecuado tanto para patinaje en interiores como en exteriores.  Oye, \u00bfya mencionamos lo bien que se ven los colores? \u00a1Los tonos pastel de Script evocan sentimientos de sue\u00f1os de playa de los a\u00f1os 70 y tenerlos en tus pies puede convertir esos sue\u00f1os en realidad!  Caracter\u00edsticas   Patines de estilo art\u00edstico aptos para veganos con construcci\u00f3n de cuero de\u00a0PVC\u00a0.  Soporte de tal\u00f3n y plantillas de alta calidad.  Chasis de fibra de nailon  Bastidor y ejes exclusivos de Rio Roller sobre bujes de PU fundidos con forma personalizada  Ruedas Rio Coaster 82A de PU fundido con dise\u00f1o exclusivo de Rio para evitar que los ejes sobresalgan y da\u00f1en el piso  Rodamientos ABEC 7  Consejo sobre la talla:\u00a0estos patines calzan a la perfecci\u00f3n. Compra tu talla habitual de zapatillas o, en caso de duda, elige entre 0,5 y 1 talla m\u00e1s.\" \/>\n<meta property=\"og:url\" content=\"https:\/\/patinexclusivo.com\/index.php\/product\/patines-en-linea-rio-roller-script-rn\/\" \/>\n<meta property=\"og:site_name\" content=\"Pat\u00edn Exclusivo\" \/>\n<meta property=\"article:modified_time\" content=\"2024-11-21T02:26:30+00:00\" \/>\n<meta property=\"og:image\" content=\"https:\/\/patinexclusivo.com\/wp-content\/uploads\/2024\/11\/Rio-roller-script-coral-3641.webp\" \/>\n\t<meta property=\"og:image:width\" content=\"1100\" \/>\n\t<meta property=\"og:image:height\" content=\"1100\" \/>\n\t<meta property=\"og:image:type\" content=\"image\/webp\" \/>\n<meta name=\"twitter:card\" content=\"summary_large_image\" \/>\n<meta name=\"twitter:label1\" content=\"Est. reading time\" \/>\n\t<meta name=\"twitter:data1\" content=\"1 minute\" \/>\n<script type=\"application\/ld+json\" class=\"yoast-schema-graph\">{\"@context\":\"https:\/\/schema.org\",\"@graph\":[{\"@type\":\"WebPage\",\"@id\":\"https:\/\/patinexclusivo.com\/index.php\/product\/patines-en-linea-rio-roller-script-rn\/\",\"url\":\"https:\/\/patinexclusivo.com\/index.php\/product\/patines-en-linea-rio-roller-script-rn\/\",\"name\":\"Patines en l\u00ednea Rio Roller Script Rn - Pat\u00edn Exclusivo\",\"isPartOf\":{\"@id\":\"https:\/\/patinexclusivo.com\/#website\"},\"datePublished\":\"2024-11-21T02:26:29+00:00\",\"dateModified\":\"2024-11-21T02:26:30+00:00\",\"breadcrumb\":{\"@id\":\"https:\/\/patinexclusivo.com\/index.php\/product\/patines-en-linea-rio-roller-script-rn\/#breadcrumb\"},\"inLanguage\":\"en-US\",\"potentialAction\":[{\"@type\":\"ReadAction\",\"target\":[\"https:\/\/patinexclusivo.com\/index.php\/product\/patines-en-linea-rio-roller-script-rn\/\"]}]},{\"@type\":\"BreadcrumbList\",\"@id\":\"https:\/\/patinexclusivo.com\/index.php\/product\/patines-en-linea-rio-roller-script-rn\/#breadcrumb\",\"itemListElement\":[{\"@type\":\"ListItem\",\"position\":1,\"name\":\"Inicio\",\"item\":\"https:\/\/patinexclusivo.com\/\"},{\"@type\":\"ListItem\",\"position\":2,\"name\":\"Shop\",\"item\":\"https:\/\/patinexclusivo.com\/index.php\/shop\/\"},{\"@type\":\"ListItem\",\"position\":3,\"name\":\"Patines en l\u00ednea Rio Roller Script Rn\"}]},{\"@type\":\"WebSite\",\"@id\":\"https:\/\/patinexclusivo.com\/#website\",\"url\":\"https:\/\/patinexclusivo.com\/\",\"name\":\"Pat\u00edn Exclusivo\",\"description\":\"\ud83d\udefc Rollers SLP: Tu destino #1 para patines en San Luis Potos\u00ed! Encuentra los mejores estilos y marcas \ud83c\udf1f, consejos de expertos \ud83d\udcda y accesorios para patinaje. \u00a1Vis\u00edtanos y rueda con estilo! \ud83c\udf08\u2728\",\"publisher\":{\"@id\":\"https:\/\/patinexclusivo.com\/#organization\"},\"potentialAction\":[{\"@type\":\"SearchAction\",\"target\":{\"@type\":\"EntryPoint\",\"urlTemplate\":\"https:\/\/patinexclusivo.com\/?s={search_term_string}\"},\"query-input\":\"required name=search_term_string\"}],\"inLanguage\":\"en-US\"},{\"@type\":\"Organization\",\"@id\":\"https:\/\/patinexclusivo.com\/#organization\",\"name\":\"Pat\u00edn Exclusivo\",\"url\":\"https:\/\/patinexclusivo.com\/\",\"logo\":{\"@type\":\"ImageObject\",\"inLanguage\":\"en-US\",\"@id\":\"https:\/\/patinexclusivo.com\/#\/schema\/logo\/image\/\",\"url\":\"https:\/\/patinexclusivo.com\/wp-content\/uploads\/2025\/01\/cropped-cropped-WhatsApp-Image-2025-01-29-at-7.00.40-PM.jpeg\",\"contentUrl\":\"https:\/\/patinexclusivo.com\/wp-content\/uploads\/2025\/01\/cropped-cropped-WhatsApp-Image-2025-01-29-at-7.00.40-PM.jpeg\",\"width\":583,\"height\":568,\"caption\":\"Pat\u00edn Exclusivo\"},\"image\":{\"@id\":\"https:\/\/patinexclusivo.com\/#\/schema\/logo\/image\/\"}}]}<\/script>\n<!-- \/ Yoast SEO plugin. -->","yoast_head_json":{"title":"Patines en l\u00ednea Rio Roller Script Rn - Pat\u00edn Exclusivo","robots":{"index":"index","follow":"follow","max-snippet":"max-snippet:-1","max-image-preview":"max-image-preview:large","max-video-preview":"max-video-preview:-1"},"canonical":"https:\/\/patinexclusivo.com\/index.php\/product\/patines-en-linea-rio-roller-script-rn\/","og_locale":"en_US","og_type":"article","og_title":"Patines en l\u00ednea Rio Roller Script Rn - Pat\u00edn Exclusivo","og_description":"SOLO SOBRE PEDIDO  Los\u00a0patines en l\u00ednea Rio Roller Script en verde azulado y coral\u00a0ofrecen un equilibrio excepcional entre estilo, calidad y asequibilidad. El Rio Roller Script, que se encuentra tranquilamente debajo de la superficie de marcas m\u00e1s ruidosas, ha estado escribiendo su propia historia humilde.  Como una de las botas m\u00e1s lujosas que hemos probado, el soporte avanzado del tal\u00f3n y la plantilla suave dejan el pie c\u00f3modo y ajustado. La capa exterior de PVC apto para veganos los protege a\u00fan m\u00e1s.  Rio utiliza un sistema exclusivo de placa de fibra de nailon y ejes de aluminio, lo que mantiene el pat\u00edn liviano y sensible.  El buje ofrece estabilidad para principiantes. Mientras que ajustar los ejes con experiencia proporcionar\u00e1 m\u00e1s fluidez, \u00a1perfecto para pasar a estilos r\u00edtmicos de baile!  Las ruedas logran un equilibrio excepcional entre agarre, velocidad y durabilidad adecuado tanto para patinaje en interiores como en exteriores.  Oye, \u00bfya mencionamos lo bien que se ven los colores? \u00a1Los tonos pastel de Script evocan sentimientos de sue\u00f1os de playa de los a\u00f1os 70 y tenerlos en tus pies puede convertir esos sue\u00f1os en realidad!  Caracter\u00edsticas   Patines de estilo art\u00edstico aptos para veganos con construcci\u00f3n de cuero de\u00a0PVC\u00a0.  Soporte de tal\u00f3n y plantillas de alta calidad.  Chasis de fibra de nailon  Bastidor y ejes exclusivos de Rio Roller sobre bujes de PU fundidos con forma personalizada  Ruedas Rio Coaster 82A de PU fundido con dise\u00f1o exclusivo de Rio para evitar que los ejes sobresalgan y da\u00f1en el piso  Rodamientos ABEC 7  Consejo sobre la talla:\u00a0estos patines calzan a la perfecci\u00f3n. Compra tu talla habitual de zapatillas o, en caso de duda, elige entre 0,5 y 1 talla m\u00e1s.","og_url":"https:\/\/patinexclusivo.com\/index.php\/product\/patines-en-linea-rio-roller-script-rn\/","og_site_name":"Pat\u00edn Exclusivo","article_modified_time":"2024-11-21T02:26:30+00:00","og_image":[{"width":1100,"height":1100,"url":"https:\/\/patinexclusivo.com\/wp-content\/uploads\/2024\/11\/Rio-roller-script-coral-3641.webp","type":"image\/webp"}],"twitter_card":"summary_large_image","twitter_misc":{"Est. reading time":"1 minute"},"schema":{"@context":"https:\/\/schema.org","@graph":[{"@type":"WebPage","@id":"https:\/\/patinexclusivo.com\/index.php\/product\/patines-en-linea-rio-roller-script-rn\/","url":"https:\/\/patinexclusivo.com\/index.php\/product\/patines-en-linea-rio-roller-script-rn\/","name":"Patines en l\u00ednea Rio Roller Script Rn - Pat\u00edn Exclusivo","isPartOf":{"@id":"https:\/\/patinexclusivo.com\/#website"},"datePublished":"2024-11-21T02:26:29+00:00","dateModified":"2024-11-21T02:26:30+00:00","breadcrumb":{"@id":"https:\/\/patinexclusivo.com\/index.php\/product\/patines-en-linea-rio-roller-script-rn\/#breadcrumb"},"inLanguage":"en-US","potentialAction":[{"@type":"ReadAction","target":["https:\/\/patinexclusivo.com\/index.php\/product\/patines-en-linea-rio-roller-script-rn\/"]}]},{"@type":"BreadcrumbList","@id":"https:\/\/patinexclusivo.com\/index.php\/product\/patines-en-linea-rio-roller-script-rn\/#breadcrumb","itemListElement":[{"@type":"ListItem","position":1,"name":"Inicio","item":"https:\/\/patinexclusivo.com\/"},{"@type":"ListItem","position":2,"name":"Shop","item":"https:\/\/patinexclusivo.com\/index.php\/shop\/"},{"@type":"ListItem","position":3,"name":"Patines en l\u00ednea Rio Roller Script Rn"}]},{"@type":"WebSite","@id":"https:\/\/patinexclusivo.com\/#website","url":"https:\/\/patinexclusivo.com\/","name":"Pat\u00edn Exclusivo","description":"\ud83d\udefc Rollers SLP: Tu destino #1 para patines en San Luis Potos\u00ed! Encuentra los mejores estilos y marcas \ud83c\udf1f, consejos de expertos \ud83d\udcda y accesorios para patinaje. \u00a1Vis\u00edtanos y rueda con estilo! \ud83c\udf08\u2728","publisher":{"@id":"https:\/\/patinexclusivo.com\/#organization"},"potentialAction":[{"@type":"SearchAction","target":{"@type":"EntryPoint","urlTemplate":"https:\/\/patinexclusivo.com\/?s={search_term_string}"},"query-input":"required name=search_term_string"}],"inLanguage":"en-US"},{"@type":"Organization","@id":"https:\/\/patinexclusivo.com\/#organization","name":"Pat\u00edn Exclusivo","url":"https:\/\/patinexclusivo.com\/","logo":{"@type":"ImageObject","inLanguage":"en-US","@id":"https:\/\/patinexclusivo.com\/#\/schema\/logo\/image\/","url":"https:\/\/patinexclusivo.com\/wp-content\/uploads\/2025\/01\/cropped-cropped-WhatsApp-Image-2025-01-29-at-7.00.40-PM.jpeg","contentUrl":"https:\/\/patinexclusivo.com\/wp-content\/uploads\/2025\/01\/cropped-cropped-WhatsApp-Image-2025-01-29-at-7.00.40-PM.jpeg","width":583,"height":568,"caption":"Pat\u00edn Exclusivo"},"image":{"@id":"https:\/\/patinexclusivo.com\/#\/schema\/logo\/image\/"}}]}},"_links":{"self":[{"href":"https:\/\/patinexclusivo.com\/index.php\/wp-json\/wp\/v2\/product\/1906"}],"collection":[{"href":"https:\/\/patinexclusivo.com\/index.php\/wp-json\/wp\/v2\/product"}],"about":[{"href":"https:\/\/patinexclusivo.com\/index.php\/wp-json\/wp\/v2\/types\/product"}],"replies":[{"embeddable":true,"href":"https:\/\/patinexclusivo.com\/index.php\/wp-json\/wp\/v2\/comments?post=1906"}],"version-history":[{"count":1,"href":"https:\/\/patinexclusivo.com\/index.php\/wp-json\/wp\/v2\/product\/1906\/revisions"}],"predecessor-version":[{"id":1908,"href":"https:\/\/patinexclusivo.com\/index.php\/wp-json\/wp\/v2\/product\/1906\/revisions\/1908"}],"wp:featuredmedia":[{"embeddable":true,"href":"https:\/\/patinexclusivo.com\/index.php\/wp-json\/wp\/v2\/media\/1907"}],"wp:attachment":[{"href":"https:\/\/patinexclusivo.com\/index.php\/wp-json\/wp\/v2\/media?parent=1906"}],"wp:term":[{"taxonomy":"product_cat","embeddable":true,"href":"https:\/\/patinexclusivo.com\/index.php\/wp-json\/wp\/v2\/product_cat?post=1906"},{"taxonomy":"product_tag","embeddable":true,"href":"https:\/\/patinexclusivo.com\/index.php\/wp-json\/wp\/v2\/product_tag?post=1906"}],"curies":[{"name":"wp","href":"https:\/\/api.w.org\/{rel}","templated":true}]}}