{"id":1917,"date":"2024-11-21T02:52:28","date_gmt":"2024-11-21T02:52:28","guid":{"rendered":"https:\/\/patinexclusivo.com\/?post_type=product&#038;p=1917"},"modified":"2024-11-21T02:52:28","modified_gmt":"2024-11-21T02:52:28","slug":"patines-cuadruples-ajustables-para-ninos-sfr-storm-v-ninja-rn","status":"publish","type":"product","link":"https:\/\/patinexclusivo.com\/index.php\/product\/patines-cuadruples-ajustables-para-ninos-sfr-storm-v-ninja-rn\/","title":{"rendered":"Patines cu\u00e1druples ajustables para ni\u00f1os SFR Storm V Ninja Rn"},"content":{"rendered":"<table class=\"feature-table\">\n<tbody>\n<tr>\n<td><span>Estilo de patinaje:<\/span><\/td>\n<td class=\"feature-table__value\"><span>Crucero \/ Ocio<\/span><\/td>\n<\/tr>\n<tr>\n<td><span>Material de la bota:<\/span><\/td>\n<td class=\"feature-table__value\"><span>Pl\u00e1stico<\/span><\/td>\n<\/tr>\n<tr>\n<td><span>Cordones:<\/span><\/td>\n<td class=\"feature-table__value\"><span>Sin cordones<\/span><\/td>\n<\/tr>\n<tr>\n<td><span>Marca de la rueda:<\/span><\/td>\n<td class=\"feature-table__value\"><span>SFR<\/span><\/td>\n<\/tr>\n<tr>\n<td><span>Tama\u00f1o de la rueda:<\/span><\/td>\n<td class=\"feature-table__value\"><span>54 mm<\/span><\/td>\n<\/tr>\n<tr>\n<td><span>Dureza de la rueda:<\/span><\/td>\n<td class=\"feature-table__value\"><span>82a<\/span><\/td>\n<\/tr>\n<tr>\n<td><span>Marca de rodamientos:<\/span><\/td>\n<td class=\"feature-table__value\"><span>SFR<\/span><\/td>\n<\/tr>\n<tr>\n<td><span>Clasificaci\u00f3n del rodamiento:<\/span><\/td>\n<td class=\"feature-table__value\"><span>Abec 7<\/span><\/td>\n<\/tr>\n<tr>\n<td><span>Material del cami\u00f3n:<\/span><\/td>\n<td class=\"feature-table__value\"><span>Pl\u00e1stico<\/span><\/td>\n<\/tr>\n<tr>\n<td><span>Tipo de tap\u00f3n:<\/span><\/td>\n<td class=\"feature-table__value\"><span>No ajustable<\/span><\/td>\n<\/tr>\n<tr>\n<td><span>Ancho de la rueda:<\/span><\/td>\n<td class=\"feature-table__value\"><span>32 mm<\/span><\/td>\n<\/tr>\n<\/tbody>\n<\/table>\n<p>Talla 15.5 &#8211; 19cm, 19.5 &#8211; 23cm, 23.5 &#8211; 24.5cm<\/p>\n","protected":false},"excerpt":{"rendered":"<p>SOLO SOBRE PEDIDO<\/p>\n<p><span>SFR se destaca por encima de cualquier otra marca con sus patines de cuatro ruedas de tama\u00f1o ajustable. Los SFR Storm V Ninja Quad lucen geniales con un acabado en la combinaci\u00f3n de colores plata y rojo con 2 hebillas que hacen que sea muy f\u00e1cil para los ni\u00f1os pon\u00e9rselos y quit\u00e1rselos ellos mismos. Los materiales utilizados son de alta calidad por el precio y est\u00e1n dise\u00f1ados para que tu hijo dure hasta 4 tallas de calzado (\u00a1solo presiona el bot\u00f3n en el costado y tira de la puntera para extenderlos!). Las ruedas utilizadas est\u00e1n hechas de poliuretano para que puedan rodar de manera agradable y suave en superficies interiores o exteriores en un tama\u00f1o de 62 mm. Dentro de las ruedas encontrar\u00e1s un buen juego de rodamientos ABEC 5 para mantenerlos a toda velocidad. Cuando tus peque\u00f1os aparezcan con estos patines de gran apariencia, ser\u00e1n la envidia de la calle y tendr\u00e1s la tranquilidad de saber que son de buena calidad.<\/span><\/p>\n<p>&nbsp;<\/p>\n<ul>\n<li><span>Patines de bota r\u00edgida ajustables para ni\u00f1os<\/span><\/li>\n<li><span>Forro ultra c\u00f3modo y ajustado con gr\u00e1ficos impresos<\/span><\/li>\n<li><span>Chasis de nailon de alto impacto con ejes de nailon<\/span><\/li>\n<li><span>Ruedas de PU de 62 mm<\/span><\/li>\n<li><span>Rodamientos ABEC-5<\/span><\/li>\n<\/ul>\n<p><strong>Consejo sobre talla: \u00a0este pat\u00edn se ajusta al tama\u00f1o real.<\/strong><\/p>\n<p>&nbsp;<\/p>\n","protected":false},"featured_media":1918,"comment_status":"open","ping_status":"closed","template":"","meta":{"rop_custom_images_group":[],"rop_custom_messages_group":[],"rop_publish_now":"initial","rop_publish_now_accounts":[],"rop_publish_now_history":[],"rop_publish_now_status":"pending"},"product_cat":[62],"product_tag":[],"class_list":{"0":"post-1917","1":"product","2":"type-product","3":"status-publish","4":"has-post-thumbnail","6":"product_cat-quads","7":"post","9":"first","10":"instock","11":"shipping-taxable","12":"purchasable","13":"product-type-simple"},"yoast_head":"<!-- This site is optimized with the Yoast SEO plugin v21.9.1 - https:\/\/yoast.com\/wordpress\/plugins\/seo\/ -->\n<title>Patines cu\u00e1druples ajustables para ni\u00f1os SFR Storm V Ninja Rn - Pat\u00edn Exclusivo<\/title>\n<meta name=\"robots\" content=\"index, follow, max-snippet:-1, max-image-preview:large, max-video-preview:-1\" \/>\n<link rel=\"canonical\" href=\"https:\/\/patinexclusivo.com\/index.php\/product\/patines-cuadruples-ajustables-para-ninos-sfr-storm-v-ninja-rn\/\" \/>\n<meta property=\"og:locale\" content=\"en_US\" \/>\n<meta property=\"og:type\" content=\"article\" \/>\n<meta property=\"og:title\" content=\"Patines cu\u00e1druples ajustables para ni\u00f1os SFR Storm V Ninja Rn - Pat\u00edn Exclusivo\" \/>\n<meta property=\"og:description\" content=\"SOLO SOBRE PEDIDO  SFR se destaca por encima de cualquier otra marca con sus patines de cuatro ruedas de tama\u00f1o ajustable. Los SFR Storm V Ninja Quad lucen geniales con un acabado en la combinaci\u00f3n de colores plata y rojo con 2 hebillas que hacen que sea muy f\u00e1cil para los ni\u00f1os pon\u00e9rselos y quit\u00e1rselos ellos mismos. Los materiales utilizados son de alta calidad por el precio y est\u00e1n dise\u00f1ados para que tu hijo dure hasta 4 tallas de calzado (\u00a1solo presiona el bot\u00f3n en el costado y tira de la puntera para extenderlos!). Las ruedas utilizadas est\u00e1n hechas de poliuretano para que puedan rodar de manera agradable y suave en superficies interiores o exteriores en un tama\u00f1o de 62 mm. Dentro de las ruedas encontrar\u00e1s un buen juego de rodamientos ABEC 5 para mantenerlos a toda velocidad. Cuando tus peque\u00f1os aparezcan con estos patines de gran apariencia, ser\u00e1n la envidia de la calle y tendr\u00e1s la tranquilidad de saber que son de buena calidad.  &nbsp;   Patines de bota r\u00edgida ajustables para ni\u00f1os  Forro ultra c\u00f3modo y ajustado con gr\u00e1ficos impresos  Chasis de nailon de alto impacto con ejes de nailon  Ruedas de PU de 62 mm  Rodamientos ABEC-5  Consejo sobre talla: \u00a0este pat\u00edn se ajusta al tama\u00f1o real.  &nbsp;\" \/>\n<meta property=\"og:url\" content=\"https:\/\/patinexclusivo.com\/index.php\/product\/patines-cuadruples-ajustables-para-ninos-sfr-storm-v-ninja-rn\/\" \/>\n<meta property=\"og:site_name\" content=\"Pat\u00edn Exclusivo\" \/>\n<meta property=\"og:image\" content=\"https:\/\/patinexclusivo.com\/wp-content\/uploads\/2024\/11\/SFR-STROM-V-NINJA0001.webp\" \/>\n\t<meta property=\"og:image:width\" content=\"1100\" \/>\n\t<meta property=\"og:image:height\" content=\"1100\" \/>\n\t<meta property=\"og:image:type\" content=\"image\/webp\" \/>\n<meta name=\"twitter:card\" content=\"summary_large_image\" \/>\n<meta name=\"twitter:label1\" content=\"Est. reading time\" \/>\n\t<meta name=\"twitter:data1\" content=\"1 minute\" \/>\n<script type=\"application\/ld+json\" class=\"yoast-schema-graph\">{\"@context\":\"https:\/\/schema.org\",\"@graph\":[{\"@type\":\"WebPage\",\"@id\":\"https:\/\/patinexclusivo.com\/index.php\/product\/patines-cuadruples-ajustables-para-ninos-sfr-storm-v-ninja-rn\/\",\"url\":\"https:\/\/patinexclusivo.com\/index.php\/product\/patines-cuadruples-ajustables-para-ninos-sfr-storm-v-ninja-rn\/\",\"name\":\"Patines cu\u00e1druples ajustables para ni\u00f1os SFR Storm V Ninja Rn - Pat\u00edn Exclusivo\",\"isPartOf\":{\"@id\":\"https:\/\/patinexclusivo.com\/#website\"},\"datePublished\":\"2024-11-21T02:52:28+00:00\",\"dateModified\":\"2024-11-21T02:52:28+00:00\",\"breadcrumb\":{\"@id\":\"https:\/\/patinexclusivo.com\/index.php\/product\/patines-cuadruples-ajustables-para-ninos-sfr-storm-v-ninja-rn\/#breadcrumb\"},\"inLanguage\":\"en-US\",\"potentialAction\":[{\"@type\":\"ReadAction\",\"target\":[\"https:\/\/patinexclusivo.com\/index.php\/product\/patines-cuadruples-ajustables-para-ninos-sfr-storm-v-ninja-rn\/\"]}]},{\"@type\":\"BreadcrumbList\",\"@id\":\"https:\/\/patinexclusivo.com\/index.php\/product\/patines-cuadruples-ajustables-para-ninos-sfr-storm-v-ninja-rn\/#breadcrumb\",\"itemListElement\":[{\"@type\":\"ListItem\",\"position\":1,\"name\":\"Inicio\",\"item\":\"https:\/\/patinexclusivo.com\/\"},{\"@type\":\"ListItem\",\"position\":2,\"name\":\"Shop\",\"item\":\"https:\/\/patinexclusivo.com\/index.php\/shop\/\"},{\"@type\":\"ListItem\",\"position\":3,\"name\":\"Patines cu\u00e1druples ajustables para ni\u00f1os SFR Storm V Ninja Rn\"}]},{\"@type\":\"WebSite\",\"@id\":\"https:\/\/patinexclusivo.com\/#website\",\"url\":\"https:\/\/patinexclusivo.com\/\",\"name\":\"Pat\u00edn Exclusivo\",\"description\":\"\ud83d\udefc Rollers SLP: Tu destino #1 para patines en San Luis Potos\u00ed! Encuentra los mejores estilos y marcas \ud83c\udf1f, consejos de expertos \ud83d\udcda y accesorios para patinaje. \u00a1Vis\u00edtanos y rueda con estilo! \ud83c\udf08\u2728\",\"publisher\":{\"@id\":\"https:\/\/patinexclusivo.com\/#organization\"},\"potentialAction\":[{\"@type\":\"SearchAction\",\"target\":{\"@type\":\"EntryPoint\",\"urlTemplate\":\"https:\/\/patinexclusivo.com\/?s={search_term_string}\"},\"query-input\":\"required name=search_term_string\"}],\"inLanguage\":\"en-US\"},{\"@type\":\"Organization\",\"@id\":\"https:\/\/patinexclusivo.com\/#organization\",\"name\":\"Pat\u00edn Exclusivo\",\"url\":\"https:\/\/patinexclusivo.com\/\",\"logo\":{\"@type\":\"ImageObject\",\"inLanguage\":\"en-US\",\"@id\":\"https:\/\/patinexclusivo.com\/#\/schema\/logo\/image\/\",\"url\":\"https:\/\/patinexclusivo.com\/wp-content\/uploads\/2025\/01\/cropped-cropped-WhatsApp-Image-2025-01-29-at-7.00.40-PM.jpeg\",\"contentUrl\":\"https:\/\/patinexclusivo.com\/wp-content\/uploads\/2025\/01\/cropped-cropped-WhatsApp-Image-2025-01-29-at-7.00.40-PM.jpeg\",\"width\":583,\"height\":568,\"caption\":\"Pat\u00edn Exclusivo\"},\"image\":{\"@id\":\"https:\/\/patinexclusivo.com\/#\/schema\/logo\/image\/\"}}]}<\/script>\n<!-- \/ Yoast SEO plugin. -->","yoast_head_json":{"title":"Patines cu\u00e1druples ajustables para ni\u00f1os SFR Storm V Ninja Rn - Pat\u00edn Exclusivo","robots":{"index":"index","follow":"follow","max-snippet":"max-snippet:-1","max-image-preview":"max-image-preview:large","max-video-preview":"max-video-preview:-1"},"canonical":"https:\/\/patinexclusivo.com\/index.php\/product\/patines-cuadruples-ajustables-para-ninos-sfr-storm-v-ninja-rn\/","og_locale":"en_US","og_type":"article","og_title":"Patines cu\u00e1druples ajustables para ni\u00f1os SFR Storm V Ninja Rn - Pat\u00edn Exclusivo","og_description":"SOLO SOBRE PEDIDO  SFR se destaca por encima de cualquier otra marca con sus patines de cuatro ruedas de tama\u00f1o ajustable. Los SFR Storm V Ninja Quad lucen geniales con un acabado en la combinaci\u00f3n de colores plata y rojo con 2 hebillas que hacen que sea muy f\u00e1cil para los ni\u00f1os pon\u00e9rselos y quit\u00e1rselos ellos mismos. Los materiales utilizados son de alta calidad por el precio y est\u00e1n dise\u00f1ados para que tu hijo dure hasta 4 tallas de calzado (\u00a1solo presiona el bot\u00f3n en el costado y tira de la puntera para extenderlos!). Las ruedas utilizadas est\u00e1n hechas de poliuretano para que puedan rodar de manera agradable y suave en superficies interiores o exteriores en un tama\u00f1o de 62 mm. Dentro de las ruedas encontrar\u00e1s un buen juego de rodamientos ABEC 5 para mantenerlos a toda velocidad. Cuando tus peque\u00f1os aparezcan con estos patines de gran apariencia, ser\u00e1n la envidia de la calle y tendr\u00e1s la tranquilidad de saber que son de buena calidad.  &nbsp;   Patines de bota r\u00edgida ajustables para ni\u00f1os  Forro ultra c\u00f3modo y ajustado con gr\u00e1ficos impresos  Chasis de nailon de alto impacto con ejes de nailon  Ruedas de PU de 62 mm  Rodamientos ABEC-5  Consejo sobre talla: \u00a0este pat\u00edn se ajusta al tama\u00f1o real.  &nbsp;","og_url":"https:\/\/patinexclusivo.com\/index.php\/product\/patines-cuadruples-ajustables-para-ninos-sfr-storm-v-ninja-rn\/","og_site_name":"Pat\u00edn Exclusivo","og_image":[{"width":1100,"height":1100,"url":"https:\/\/patinexclusivo.com\/wp-content\/uploads\/2024\/11\/SFR-STROM-V-NINJA0001.webp","type":"image\/webp"}],"twitter_card":"summary_large_image","twitter_misc":{"Est. reading time":"1 minute"},"schema":{"@context":"https:\/\/schema.org","@graph":[{"@type":"WebPage","@id":"https:\/\/patinexclusivo.com\/index.php\/product\/patines-cuadruples-ajustables-para-ninos-sfr-storm-v-ninja-rn\/","url":"https:\/\/patinexclusivo.com\/index.php\/product\/patines-cuadruples-ajustables-para-ninos-sfr-storm-v-ninja-rn\/","name":"Patines cu\u00e1druples ajustables para ni\u00f1os SFR Storm V Ninja Rn - Pat\u00edn Exclusivo","isPartOf":{"@id":"https:\/\/patinexclusivo.com\/#website"},"datePublished":"2024-11-21T02:52:28+00:00","dateModified":"2024-11-21T02:52:28+00:00","breadcrumb":{"@id":"https:\/\/patinexclusivo.com\/index.php\/product\/patines-cuadruples-ajustables-para-ninos-sfr-storm-v-ninja-rn\/#breadcrumb"},"inLanguage":"en-US","potentialAction":[{"@type":"ReadAction","target":["https:\/\/patinexclusivo.com\/index.php\/product\/patines-cuadruples-ajustables-para-ninos-sfr-storm-v-ninja-rn\/"]}]},{"@type":"BreadcrumbList","@id":"https:\/\/patinexclusivo.com\/index.php\/product\/patines-cuadruples-ajustables-para-ninos-sfr-storm-v-ninja-rn\/#breadcrumb","itemListElement":[{"@type":"ListItem","position":1,"name":"Inicio","item":"https:\/\/patinexclusivo.com\/"},{"@type":"ListItem","position":2,"name":"Shop","item":"https:\/\/patinexclusivo.com\/index.php\/shop\/"},{"@type":"ListItem","position":3,"name":"Patines cu\u00e1druples ajustables para ni\u00f1os SFR Storm V Ninja Rn"}]},{"@type":"WebSite","@id":"https:\/\/patinexclusivo.com\/#website","url":"https:\/\/patinexclusivo.com\/","name":"Pat\u00edn Exclusivo","description":"\ud83d\udefc Rollers SLP: Tu destino #1 para patines en San Luis Potos\u00ed! Encuentra los mejores estilos y marcas \ud83c\udf1f, consejos de expertos \ud83d\udcda y accesorios para patinaje. \u00a1Vis\u00edtanos y rueda con estilo! \ud83c\udf08\u2728","publisher":{"@id":"https:\/\/patinexclusivo.com\/#organization"},"potentialAction":[{"@type":"SearchAction","target":{"@type":"EntryPoint","urlTemplate":"https:\/\/patinexclusivo.com\/?s={search_term_string}"},"query-input":"required name=search_term_string"}],"inLanguage":"en-US"},{"@type":"Organization","@id":"https:\/\/patinexclusivo.com\/#organization","name":"Pat\u00edn Exclusivo","url":"https:\/\/patinexclusivo.com\/","logo":{"@type":"ImageObject","inLanguage":"en-US","@id":"https:\/\/patinexclusivo.com\/#\/schema\/logo\/image\/","url":"https:\/\/patinexclusivo.com\/wp-content\/uploads\/2025\/01\/cropped-cropped-WhatsApp-Image-2025-01-29-at-7.00.40-PM.jpeg","contentUrl":"https:\/\/patinexclusivo.com\/wp-content\/uploads\/2025\/01\/cropped-cropped-WhatsApp-Image-2025-01-29-at-7.00.40-PM.jpeg","width":583,"height":568,"caption":"Pat\u00edn Exclusivo"},"image":{"@id":"https:\/\/patinexclusivo.com\/#\/schema\/logo\/image\/"}}]}},"_links":{"self":[{"href":"https:\/\/patinexclusivo.com\/index.php\/wp-json\/wp\/v2\/product\/1917"}],"collection":[{"href":"https:\/\/patinexclusivo.com\/index.php\/wp-json\/wp\/v2\/product"}],"about":[{"href":"https:\/\/patinexclusivo.com\/index.php\/wp-json\/wp\/v2\/types\/product"}],"replies":[{"embeddable":true,"href":"https:\/\/patinexclusivo.com\/index.php\/wp-json\/wp\/v2\/comments?post=1917"}],"version-history":[{"count":1,"href":"https:\/\/patinexclusivo.com\/index.php\/wp-json\/wp\/v2\/product\/1917\/revisions"}],"predecessor-version":[{"id":1919,"href":"https:\/\/patinexclusivo.com\/index.php\/wp-json\/wp\/v2\/product\/1917\/revisions\/1919"}],"wp:featuredmedia":[{"embeddable":true,"href":"https:\/\/patinexclusivo.com\/index.php\/wp-json\/wp\/v2\/media\/1918"}],"wp:attachment":[{"href":"https:\/\/patinexclusivo.com\/index.php\/wp-json\/wp\/v2\/media?parent=1917"}],"wp:term":[{"taxonomy":"product_cat","embeddable":true,"href":"https:\/\/patinexclusivo.com\/index.php\/wp-json\/wp\/v2\/product_cat?post=1917"},{"taxonomy":"product_tag","embeddable":true,"href":"https:\/\/patinexclusivo.com\/index.php\/wp-json\/wp\/v2\/product_tag?post=1917"}],"curies":[{"name":"wp","href":"https:\/\/api.w.org\/{rel}","templated":true}]}}