{"id":1923,"date":"2024-12-06T23:32:59","date_gmt":"2024-12-06T23:32:59","guid":{"rendered":"https:\/\/patinexclusivo.com\/?post_type=product&#038;p=1923"},"modified":"2024-12-06T23:33:00","modified_gmt":"2024-12-06T23:33:00","slug":"patines-chaya-deluxe-rubi-rn","status":"publish","type":"product","link":"https:\/\/patinexclusivo.com\/index.php\/product\/patines-chaya-deluxe-rubi-rn\/","title":{"rendered":"Patines Chaya Deluxe &#8211; Rub\u00ed Rn"},"content":{"rendered":"<table class=\"feature-table\">\n<tbody>\n<tr>\n<td><span>Estilo de patinaje:<\/span><\/td>\n<td class=\"feature-table__value\"><span>Baile, Crucero \/ Ocio<\/span><\/td>\n<\/tr>\n<tr>\n<td><span>Material de la bota:<\/span><\/td>\n<td class=\"feature-table__value\"><span>Parte superior textil<\/span><\/td>\n<\/tr>\n<tr>\n<td><span>Cordones:<\/span><\/td>\n<td class=\"feature-table__value\"><span>Est\u00e1ndar<\/span><\/td>\n<\/tr>\n<tr>\n<td><span>Marca de la rueda:<\/span><\/td>\n<td class=\"feature-table__value\"><span>Chaya<\/span><\/td>\n<\/tr>\n<tr>\n<td><span>Tama\u00f1o de la rueda:<\/span><\/td>\n<td class=\"feature-table__value\"><span>62 mm<\/span><\/td>\n<\/tr>\n<tr>\n<td><span>Dureza de la rueda:<\/span><\/td>\n<td class=\"feature-table__value\"><span>92a<\/span><\/td>\n<\/tr>\n<tr>\n<td><span>Marca de rodamientos:<\/span><\/td>\n<td class=\"feature-table__value\"><span>Malvado<\/span><\/td>\n<\/tr>\n<tr>\n<td><span>Clasificaci\u00f3n del rodamiento:<\/span><\/td>\n<td class=\"feature-table__value\"><span>Abec 7<\/span><\/td>\n<\/tr>\n<tr>\n<td><span>Clasificaci\u00f3n del buje:<\/span><\/td>\n<td class=\"feature-table__value\"><span>88a<\/span><\/td>\n<\/tr>\n<tr>\n<td><span>Angulo del cami\u00f3n:<\/span><\/td>\n<td class=\"feature-table__value\"><span>15%<\/span><\/td>\n<\/tr>\n<tr>\n<td><span>Material del cami\u00f3n:<\/span><\/td>\n<td class=\"feature-table__value\"><span>Metal<\/span><\/td>\n<\/tr>\n<tr>\n<td><span>Tipo de tap\u00f3n:<\/span><\/td>\n<td class=\"feature-table__value\"><span>Ajustable<\/span><\/td>\n<\/tr>\n<tr>\n<td><span>Ancho de la rueda:<\/span><\/td>\n<td class=\"feature-table__value\"><span>38 mm<\/span><\/td>\n<\/tr>\n<\/tbody>\n<\/table>\n<p>Talla 23cm, 23.5cm, 25.5cm<\/p>\n","protected":false},"excerpt":{"rendered":"<p>SOLO SOBRE PEDIDO<\/p>\n<p><span>Los patines Chaya Deluxe &#8211; Ruby son los patines de gama media de Chaya. Dise\u00f1ados a la perfecci\u00f3n para patinadores de nivel intermedio y avanzado, o principiantes que buscan dar el siguiente paso, los Melrose Deluxe son extraordinarios en todas las condiciones.<\/span><\/p>\n<p><span>Como pat\u00edn de estilo de vida, Chaya equip\u00f3 los Melrose Deluxe para lograr la m\u00e1xima comodidad y soporte. La robusta carcasa exterior apta para veganos se combina con un lujoso interior textil. El tal\u00f3n utiliza materiales m\u00e1s r\u00edgidos para minimizar las lesiones, mientras que la carcasa delantera es m\u00e1s refinada, para un ajuste placentero. La abertura de la bota es de tama\u00f1o moderado, ni ancha ni estrecha y se adapta bien a la mayor\u00eda de las formas de pie con una plantilla suave para una mayor absorci\u00f3n de impactos.<\/span><\/p>\n<p><span>La placa de aluminio fundido de grado 6064 es reactiva y robusta, lo que le da al pat\u00edn una excelente estabilidad y una mayor transferencia de energ\u00eda. Los ejes en \u00e1ngulo de 15\u00b0 son el equilibrio perfecto entre control y maniobrabilidad. Los bujes 92a ligeramente m\u00e1s altos enfatizan este equilibrio.<\/span><\/p>\n<p><span>Las ruedas Sugar Rush de 62 mm y 78 A brindan suficiente agarre y durabilidad para adaptarse a la mayor\u00eda de los entornos y son ideales para patinar al aire libre, debido al agarre adicional (aunque tambi\u00e9n funcionan perfectamente en interiores). Los rodamientos ABEC 7 completan el pat\u00edn para una conducci\u00f3n m\u00e1s r\u00e1pida y una mejor aceleraci\u00f3n.<\/span><\/p>\n<p><strong>Consejo sobre talla: \u00a0este pat\u00edn se ajusta al tama\u00f1o real.<\/strong><\/p>\n","protected":false},"featured_media":1924,"comment_status":"open","ping_status":"closed","template":"","meta":{"rop_custom_images_group":[],"rop_custom_messages_group":[],"rop_publish_now":"initial","rop_publish_now_accounts":[],"rop_publish_now_history":[],"rop_publish_now_status":"pending"},"product_cat":[63,62],"product_tag":[],"class_list":{"0":"post-1923","1":"product","2":"type-product","3":"status-publish","4":"has-post-thumbnail","6":"product_cat-quad-roller-derby","7":"product_cat-quads","8":"post","10":"first","11":"instock","12":"shipping-taxable","13":"purchasable","14":"product-type-simple"},"yoast_head":"<!-- This site is optimized with the Yoast SEO plugin v21.9.1 - https:\/\/yoast.com\/wordpress\/plugins\/seo\/ -->\n<title>Patines Chaya Deluxe - Rub\u00ed Rn - Pat\u00edn Exclusivo<\/title>\n<meta name=\"robots\" content=\"index, follow, max-snippet:-1, max-image-preview:large, max-video-preview:-1\" \/>\n<link rel=\"canonical\" href=\"https:\/\/patinexclusivo.com\/index.php\/product\/patines-chaya-deluxe-rubi-rn\/\" \/>\n<meta property=\"og:locale\" content=\"en_US\" \/>\n<meta property=\"og:type\" content=\"article\" \/>\n<meta property=\"og:title\" content=\"Patines Chaya Deluxe - Rub\u00ed Rn - Pat\u00edn Exclusivo\" \/>\n<meta property=\"og:description\" content=\"SOLO SOBRE PEDIDO  Los patines Chaya Deluxe - Ruby son los patines de gama media de Chaya. Dise\u00f1ados a la perfecci\u00f3n para patinadores de nivel intermedio y avanzado, o principiantes que buscan dar el siguiente paso, los Melrose Deluxe son extraordinarios en todas las condiciones.  Como pat\u00edn de estilo de vida, Chaya equip\u00f3 los Melrose Deluxe para lograr la m\u00e1xima comodidad y soporte. La robusta carcasa exterior apta para veganos se combina con un lujoso interior textil. El tal\u00f3n utiliza materiales m\u00e1s r\u00edgidos para minimizar las lesiones, mientras que la carcasa delantera es m\u00e1s refinada, para un ajuste placentero. La abertura de la bota es de tama\u00f1o moderado, ni ancha ni estrecha y se adapta bien a la mayor\u00eda de las formas de pie con una plantilla suave para una mayor absorci\u00f3n de impactos.  La placa de aluminio fundido de grado 6064 es reactiva y robusta, lo que le da al pat\u00edn una excelente estabilidad y una mayor transferencia de energ\u00eda. Los ejes en \u00e1ngulo de 15\u00b0 son el equilibrio perfecto entre control y maniobrabilidad. Los bujes 92a ligeramente m\u00e1s altos enfatizan este equilibrio.  Las ruedas Sugar Rush de 62 mm y 78 A brindan suficiente agarre y durabilidad para adaptarse a la mayor\u00eda de los entornos y son ideales para patinar al aire libre, debido al agarre adicional (aunque tambi\u00e9n funcionan perfectamente en interiores). Los rodamientos ABEC 7 completan el pat\u00edn para una conducci\u00f3n m\u00e1s r\u00e1pida y una mejor aceleraci\u00f3n.  Consejo sobre talla: \u00a0este pat\u00edn se ajusta al tama\u00f1o real.\" \/>\n<meta property=\"og:url\" content=\"https:\/\/patinexclusivo.com\/index.php\/product\/patines-chaya-deluxe-rubi-rn\/\" \/>\n<meta property=\"og:site_name\" content=\"Pat\u00edn Exclusivo\" \/>\n<meta property=\"article:modified_time\" content=\"2024-12-06T23:33:00+00:00\" \/>\n<meta property=\"og:image\" content=\"https:\/\/patinexclusivo.com\/wp-content\/uploads\/2024\/12\/Chaya-deluxe-ruby3907.webp\" \/>\n\t<meta property=\"og:image:width\" content=\"823\" \/>\n\t<meta property=\"og:image:height\" content=\"823\" \/>\n\t<meta property=\"og:image:type\" content=\"image\/webp\" \/>\n<meta name=\"twitter:card\" content=\"summary_large_image\" \/>\n<meta name=\"twitter:label1\" content=\"Est. reading time\" \/>\n\t<meta name=\"twitter:data1\" content=\"1 minute\" \/>\n<script type=\"application\/ld+json\" class=\"yoast-schema-graph\">{\"@context\":\"https:\/\/schema.org\",\"@graph\":[{\"@type\":\"WebPage\",\"@id\":\"https:\/\/patinexclusivo.com\/index.php\/product\/patines-chaya-deluxe-rubi-rn\/\",\"url\":\"https:\/\/patinexclusivo.com\/index.php\/product\/patines-chaya-deluxe-rubi-rn\/\",\"name\":\"Patines Chaya Deluxe - Rub\u00ed Rn - Pat\u00edn Exclusivo\",\"isPartOf\":{\"@id\":\"https:\/\/patinexclusivo.com\/#website\"},\"datePublished\":\"2024-12-06T23:32:59+00:00\",\"dateModified\":\"2024-12-06T23:33:00+00:00\",\"breadcrumb\":{\"@id\":\"https:\/\/patinexclusivo.com\/index.php\/product\/patines-chaya-deluxe-rubi-rn\/#breadcrumb\"},\"inLanguage\":\"en-US\",\"potentialAction\":[{\"@type\":\"ReadAction\",\"target\":[\"https:\/\/patinexclusivo.com\/index.php\/product\/patines-chaya-deluxe-rubi-rn\/\"]}]},{\"@type\":\"BreadcrumbList\",\"@id\":\"https:\/\/patinexclusivo.com\/index.php\/product\/patines-chaya-deluxe-rubi-rn\/#breadcrumb\",\"itemListElement\":[{\"@type\":\"ListItem\",\"position\":1,\"name\":\"Inicio\",\"item\":\"https:\/\/patinexclusivo.com\/\"},{\"@type\":\"ListItem\",\"position\":2,\"name\":\"Shop\",\"item\":\"https:\/\/patinexclusivo.com\/index.php\/shop\/\"},{\"@type\":\"ListItem\",\"position\":3,\"name\":\"Patines Chaya Deluxe &#8211; Rub\u00ed Rn\"}]},{\"@type\":\"WebSite\",\"@id\":\"https:\/\/patinexclusivo.com\/#website\",\"url\":\"https:\/\/patinexclusivo.com\/\",\"name\":\"Pat\u00edn Exclusivo\",\"description\":\"\ud83d\udefc Rollers SLP: Tu destino #1 para patines en San Luis Potos\u00ed! Encuentra los mejores estilos y marcas \ud83c\udf1f, consejos de expertos \ud83d\udcda y accesorios para patinaje. \u00a1Vis\u00edtanos y rueda con estilo! \ud83c\udf08\u2728\",\"publisher\":{\"@id\":\"https:\/\/patinexclusivo.com\/#organization\"},\"potentialAction\":[{\"@type\":\"SearchAction\",\"target\":{\"@type\":\"EntryPoint\",\"urlTemplate\":\"https:\/\/patinexclusivo.com\/?s={search_term_string}\"},\"query-input\":\"required name=search_term_string\"}],\"inLanguage\":\"en-US\"},{\"@type\":\"Organization\",\"@id\":\"https:\/\/patinexclusivo.com\/#organization\",\"name\":\"Pat\u00edn Exclusivo\",\"url\":\"https:\/\/patinexclusivo.com\/\",\"logo\":{\"@type\":\"ImageObject\",\"inLanguage\":\"en-US\",\"@id\":\"https:\/\/patinexclusivo.com\/#\/schema\/logo\/image\/\",\"url\":\"https:\/\/patinexclusivo.com\/wp-content\/uploads\/2025\/01\/cropped-cropped-WhatsApp-Image-2025-01-29-at-7.00.40-PM.jpeg\",\"contentUrl\":\"https:\/\/patinexclusivo.com\/wp-content\/uploads\/2025\/01\/cropped-cropped-WhatsApp-Image-2025-01-29-at-7.00.40-PM.jpeg\",\"width\":583,\"height\":568,\"caption\":\"Pat\u00edn Exclusivo\"},\"image\":{\"@id\":\"https:\/\/patinexclusivo.com\/#\/schema\/logo\/image\/\"}}]}<\/script>\n<!-- \/ Yoast SEO plugin. -->","yoast_head_json":{"title":"Patines Chaya Deluxe - Rub\u00ed Rn - Pat\u00edn Exclusivo","robots":{"index":"index","follow":"follow","max-snippet":"max-snippet:-1","max-image-preview":"max-image-preview:large","max-video-preview":"max-video-preview:-1"},"canonical":"https:\/\/patinexclusivo.com\/index.php\/product\/patines-chaya-deluxe-rubi-rn\/","og_locale":"en_US","og_type":"article","og_title":"Patines Chaya Deluxe - Rub\u00ed Rn - Pat\u00edn Exclusivo","og_description":"SOLO SOBRE PEDIDO  Los patines Chaya Deluxe - Ruby son los patines de gama media de Chaya. Dise\u00f1ados a la perfecci\u00f3n para patinadores de nivel intermedio y avanzado, o principiantes que buscan dar el siguiente paso, los Melrose Deluxe son extraordinarios en todas las condiciones.  Como pat\u00edn de estilo de vida, Chaya equip\u00f3 los Melrose Deluxe para lograr la m\u00e1xima comodidad y soporte. La robusta carcasa exterior apta para veganos se combina con un lujoso interior textil. El tal\u00f3n utiliza materiales m\u00e1s r\u00edgidos para minimizar las lesiones, mientras que la carcasa delantera es m\u00e1s refinada, para un ajuste placentero. La abertura de la bota es de tama\u00f1o moderado, ni ancha ni estrecha y se adapta bien a la mayor\u00eda de las formas de pie con una plantilla suave para una mayor absorci\u00f3n de impactos.  La placa de aluminio fundido de grado 6064 es reactiva y robusta, lo que le da al pat\u00edn una excelente estabilidad y una mayor transferencia de energ\u00eda. Los ejes en \u00e1ngulo de 15\u00b0 son el equilibrio perfecto entre control y maniobrabilidad. Los bujes 92a ligeramente m\u00e1s altos enfatizan este equilibrio.  Las ruedas Sugar Rush de 62 mm y 78 A brindan suficiente agarre y durabilidad para adaptarse a la mayor\u00eda de los entornos y son ideales para patinar al aire libre, debido al agarre adicional (aunque tambi\u00e9n funcionan perfectamente en interiores). Los rodamientos ABEC 7 completan el pat\u00edn para una conducci\u00f3n m\u00e1s r\u00e1pida y una mejor aceleraci\u00f3n.  Consejo sobre talla: \u00a0este pat\u00edn se ajusta al tama\u00f1o real.","og_url":"https:\/\/patinexclusivo.com\/index.php\/product\/patines-chaya-deluxe-rubi-rn\/","og_site_name":"Pat\u00edn Exclusivo","article_modified_time":"2024-12-06T23:33:00+00:00","og_image":[{"width":823,"height":823,"url":"https:\/\/patinexclusivo.com\/wp-content\/uploads\/2024\/12\/Chaya-deluxe-ruby3907.webp","type":"image\/webp"}],"twitter_card":"summary_large_image","twitter_misc":{"Est. reading time":"1 minute"},"schema":{"@context":"https:\/\/schema.org","@graph":[{"@type":"WebPage","@id":"https:\/\/patinexclusivo.com\/index.php\/product\/patines-chaya-deluxe-rubi-rn\/","url":"https:\/\/patinexclusivo.com\/index.php\/product\/patines-chaya-deluxe-rubi-rn\/","name":"Patines Chaya Deluxe - Rub\u00ed Rn - Pat\u00edn Exclusivo","isPartOf":{"@id":"https:\/\/patinexclusivo.com\/#website"},"datePublished":"2024-12-06T23:32:59+00:00","dateModified":"2024-12-06T23:33:00+00:00","breadcrumb":{"@id":"https:\/\/patinexclusivo.com\/index.php\/product\/patines-chaya-deluxe-rubi-rn\/#breadcrumb"},"inLanguage":"en-US","potentialAction":[{"@type":"ReadAction","target":["https:\/\/patinexclusivo.com\/index.php\/product\/patines-chaya-deluxe-rubi-rn\/"]}]},{"@type":"BreadcrumbList","@id":"https:\/\/patinexclusivo.com\/index.php\/product\/patines-chaya-deluxe-rubi-rn\/#breadcrumb","itemListElement":[{"@type":"ListItem","position":1,"name":"Inicio","item":"https:\/\/patinexclusivo.com\/"},{"@type":"ListItem","position":2,"name":"Shop","item":"https:\/\/patinexclusivo.com\/index.php\/shop\/"},{"@type":"ListItem","position":3,"name":"Patines Chaya Deluxe &#8211; Rub\u00ed Rn"}]},{"@type":"WebSite","@id":"https:\/\/patinexclusivo.com\/#website","url":"https:\/\/patinexclusivo.com\/","name":"Pat\u00edn Exclusivo","description":"\ud83d\udefc Rollers SLP: Tu destino #1 para patines en San Luis Potos\u00ed! Encuentra los mejores estilos y marcas \ud83c\udf1f, consejos de expertos \ud83d\udcda y accesorios para patinaje. \u00a1Vis\u00edtanos y rueda con estilo! \ud83c\udf08\u2728","publisher":{"@id":"https:\/\/patinexclusivo.com\/#organization"},"potentialAction":[{"@type":"SearchAction","target":{"@type":"EntryPoint","urlTemplate":"https:\/\/patinexclusivo.com\/?s={search_term_string}"},"query-input":"required name=search_term_string"}],"inLanguage":"en-US"},{"@type":"Organization","@id":"https:\/\/patinexclusivo.com\/#organization","name":"Pat\u00edn Exclusivo","url":"https:\/\/patinexclusivo.com\/","logo":{"@type":"ImageObject","inLanguage":"en-US","@id":"https:\/\/patinexclusivo.com\/#\/schema\/logo\/image\/","url":"https:\/\/patinexclusivo.com\/wp-content\/uploads\/2025\/01\/cropped-cropped-WhatsApp-Image-2025-01-29-at-7.00.40-PM.jpeg","contentUrl":"https:\/\/patinexclusivo.com\/wp-content\/uploads\/2025\/01\/cropped-cropped-WhatsApp-Image-2025-01-29-at-7.00.40-PM.jpeg","width":583,"height":568,"caption":"Pat\u00edn Exclusivo"},"image":{"@id":"https:\/\/patinexclusivo.com\/#\/schema\/logo\/image\/"}}]}},"_links":{"self":[{"href":"https:\/\/patinexclusivo.com\/index.php\/wp-json\/wp\/v2\/product\/1923"}],"collection":[{"href":"https:\/\/patinexclusivo.com\/index.php\/wp-json\/wp\/v2\/product"}],"about":[{"href":"https:\/\/patinexclusivo.com\/index.php\/wp-json\/wp\/v2\/types\/product"}],"replies":[{"embeddable":true,"href":"https:\/\/patinexclusivo.com\/index.php\/wp-json\/wp\/v2\/comments?post=1923"}],"version-history":[{"count":1,"href":"https:\/\/patinexclusivo.com\/index.php\/wp-json\/wp\/v2\/product\/1923\/revisions"}],"predecessor-version":[{"id":1925,"href":"https:\/\/patinexclusivo.com\/index.php\/wp-json\/wp\/v2\/product\/1923\/revisions\/1925"}],"wp:featuredmedia":[{"embeddable":true,"href":"https:\/\/patinexclusivo.com\/index.php\/wp-json\/wp\/v2\/media\/1924"}],"wp:attachment":[{"href":"https:\/\/patinexclusivo.com\/index.php\/wp-json\/wp\/v2\/media?parent=1923"}],"wp:term":[{"taxonomy":"product_cat","embeddable":true,"href":"https:\/\/patinexclusivo.com\/index.php\/wp-json\/wp\/v2\/product_cat?post=1923"},{"taxonomy":"product_tag","embeddable":true,"href":"https:\/\/patinexclusivo.com\/index.php\/wp-json\/wp\/v2\/product_tag?post=1923"}],"curies":[{"name":"wp","href":"https:\/\/api.w.org\/{rel}","templated":true}]}}